{"id":80754,"date":"2025-06-03T05:53:22","date_gmt":"2025-06-03T05:53:22","guid":{"rendered":"https:\/\/boostedhost.com\/rechtliches\/"},"modified":"2025-08-11T18:49:58","modified_gmt":"2025-08-11T18:49:58","slug":"rechtliches","status":"publish","type":"page","link":"https:\/\/boostedhost.com\/de-ch\/rechtliches\/","title":{"rendered":"Rechtliches"},"content":{"rendered":"\t\t<div data-elementor-type=\"wp-page\" data-elementor-id=\"80754\" class=\"elementor elementor-80754 elementor-4005\" data-elementor-post-type=\"page\">\n\t\t\t\t<div class=\"elementor-element elementor-element-a31e98e e-flex e-con-boxed wpr-particle-no wpr-jarallax-no wpr-parallax-no wpr-sticky-section-no e-con e-parent\" data-id=\"a31e98e\" data-element_type=\"container\" data-settings=\"{&quot;background_background&quot;:&quot;classic&quot;}\">\n\t\t\t\t\t<div class=\"e-con-inner\">\n\t\t<div class=\"elementor-element elementor-element-a57e124 e-con-full e-flex wpr-particle-no wpr-jarallax-no wpr-parallax-no wpr-sticky-section-no e-con e-child\" data-id=\"a57e124\" data-element_type=\"container\">\n\t\t\t\t<div class=\"elementor-element elementor-element-2122225 elementor-position-left elementor-mobile-position-left dot-icon elementor-view-default elementor-widget elementor-widget-icon-box\" data-id=\"2122225\" data-element_type=\"widget\" data-widget_type=\"icon-box.default\">\n\t\t\t\t\t\t\t<div class=\"elementor-icon-box-wrapper\">\n\n\t\t\t\t\t\t<div class=\"elementor-icon-box-icon\">\n\t\t\t\t<span  class=\"elementor-icon\">\n\t\t\t\t<svg xmlns=\"http:\/\/www.w3.org\/2000\/svg\" width=\"11\" height=\"10\" viewBox=\"0 0 11 10\" fill=\"none\"><path d=\"M5.5 0C6.82608 0 8.09785 0.526784 9.03553 1.46447C9.97322 2.40215 10.5 3.67392 10.5 5C10.5 6.32608 9.97322 7.59785 9.03553 8.53553C8.09785 9.47322 6.82608 10 5.5 10C4.17392 10 2.90215 9.47322 1.96447 8.53553C1.02678 7.59785 0.5 6.32608 0.5 5C0.5 3.67392 1.02678 2.40215 1.96447 1.46447C2.90215 0.526784 4.17392 0 5.5 0ZM6.24995 3.06978C6.62135 3.06978 6.92276 2.81194 6.92276 2.42983C6.92276 2.04771 6.62063 1.78987 6.24995 1.78987C5.87854 1.78987 5.57857 2.04771 5.57857 2.42983C5.57857 2.81194 5.87854 3.06978 6.24995 3.06978ZM6.38065 7.08878C6.38065 7.01236 6.40708 6.8138 6.39208 6.70095L5.80498 7.37662C5.68356 7.50446 5.53143 7.59303 5.46 7.56946C5.4276 7.55754 5.40051 7.53444 5.38362 7.50432C5.36673 7.47421 5.36114 7.43905 5.36787 7.40518L6.34637 4.31398C6.42636 3.92186 6.20638 3.56403 5.73998 3.51832C5.24788 3.51832 4.52364 4.01757 4.08296 4.6511C4.08296 4.72681 4.06867 4.91536 4.08367 5.02821L4.67006 4.35183C4.79148 4.22541 4.9329 4.13613 5.00432 4.16042C5.03951 4.17305 5.06835 4.19897 5.08464 4.23262C5.10093 4.26627 5.10338 4.30497 5.09146 4.3404L4.12153 7.41661C4.00939 7.77659 4.22152 8.12942 4.73577 8.20941C5.49286 8.20941 5.93997 7.72231 6.38137 7.08878H6.38065Z\" fill=\"#FF6022\"><\/path><\/svg>\t\t\t\t<\/span>\n\t\t\t<\/div>\n\t\t\t\n\t\t\t\t\t\t<div class=\"elementor-icon-box-content\">\n\n\t\t\t\t\n\t\t\t\t\t\t\t\t\t<p class=\"elementor-icon-box-description\">\n\t\t\t\t\t\tAllgemeine Gesch\u00e4ftsbedingungen und rechtliche Vereinbarung, die f\u00fcr Seelenfrieden sorgt!\t\t\t\t\t<\/p>\n\t\t\t\t\n\t\t\t<\/div>\n\t\t\t\n\t\t<\/div>\n\t\t\t\t\t\t<\/div>\n\t\t\t\t<div class=\"elementor-element elementor-element-bb71c17 elementor-widget elementor-widget-heading\" data-id=\"bb71c17\" data-element_type=\"widget\" data-widget_type=\"heading.default\">\n\t\t\t\t\t<h1 class=\"elementor-heading-title elementor-size-default\">Nutzungsbedingungen<\/h1>\t\t\t\t<\/div>\n\t\t<div class=\"elementor-element elementor-element-4bd5be2 e-con-full e-flex wpr-particle-no wpr-jarallax-no wpr-parallax-no wpr-sticky-section-no e-con e-child\" data-id=\"4bd5be2\" data-element_type=\"container\">\n\t\t\t\t<div class=\"elementor-element elementor-element-323bb7d elementor-widget elementor-widget-text-editor\" data-id=\"323bb7d\" data-element_type=\"widget\" data-widget_type=\"text-editor.default\">\n\t\t\t\t\t\t\t\t\tBitte lesen Sie sorgf\u00e4ltig alle wichtigen Informationen, rechtlichen Bestimmungen und andere n\u00fctzliche Informationen zu unserem schnellen, sicheren und stabilen Webhosting-Service!\t\t\t\t\t\t\t\t<\/div>\n\t\t\t\t<\/div>\n\t\t\t\t<\/div>\n\t\t\t\t\t<\/div>\n\t\t\t\t<\/div>\n\t\t<div class=\"elementor-element elementor-element-a466c92 e-flex e-con-boxed wpr-particle-no wpr-jarallax-no wpr-parallax-no wpr-sticky-section-no e-con e-parent\" data-id=\"a466c92\" data-element_type=\"container\" data-settings=\"{&quot;background_background&quot;:&quot;classic&quot;}\">\n\t\t\t\t\t<div class=\"e-con-inner\">\n\t\t<div class=\"elementor-element elementor-element-da46cf1 e-con-full e-flex wpr-particle-no wpr-jarallax-no wpr-parallax-no wpr-sticky-section-no e-con e-child\" data-id=\"da46cf1\" data-element_type=\"container\">\n\t\t<div class=\"elementor-element elementor-element-60728be e-con-full e-flex wpr-particle-no wpr-jarallax-no wpr-parallax-no wpr-sticky-section-no e-con e-child\" data-id=\"60728be\" data-element_type=\"container\">\n\t\t\t\t<div class=\"elementor-element elementor-element-025dab1 nav-menu-sidebar elementor-widget elementor-widget-wp-widget-nav_menu\" data-id=\"025dab1\" data-element_type=\"widget\" data-widget_type=\"wp-widget-nav_menu.default\">\n\t\t\t\t<div class=\"elementor-widget-container\">\n\t\t\t\t\t<nav class=\"menu-terms-of-services-container\" aria-label=\"Men\u00fc\"><ul id=\"menu-terms-of-services\" class=\"menu\"><li id=\"menu-item-4091\" class=\"menu-item menu-item-type-post_type menu-item-object-page menu-item-4091\"><a href=\"https:\/\/boostedhost.com\/legal\/\" class=\"menu-link\">Rechtliches<\/a><\/li>\n<li id=\"menu-item-4232\" class=\"menu-item menu-item-type-post_type menu-item-object-page menu-item-4232\"><a href=\"https:\/\/boostedhost.com\/service-level-agreement\/\" class=\"menu-link\">Service Level Agreement<\/a><\/li>\n<li id=\"menu-item-4495\" class=\"menu-item menu-item-type-post_type menu-item-object-page menu-item-4495\"><a href=\"https:\/\/boostedhost.com\/website-terms-of-service\/\" class=\"menu-link\">Nutzungsbedingungen der Website<\/a><\/li>\n<li id=\"menu-item-4494\" class=\"menu-item menu-item-type-post_type menu-item-object-page menu-item-4494\"><a href=\"https:\/\/boostedhost.com\/resource-usage\/\" class=\"menu-link\">Nutzung der Ressourcen<\/a><\/li>\n<li id=\"menu-item-4630\" class=\"menu-item menu-item-type-post_type menu-item-object-page menu-item-4630\"><a href=\"https:\/\/boostedhost.com\/third-party-services\/\" class=\"menu-link\">Dienstleistungen von Drittanbietern<\/a><\/li>\n<li id=\"menu-item-4629\" class=\"menu-item menu-item-type-post_type menu-item-object-page menu-item-4629\"><a href=\"https:\/\/boostedhost.com\/domain-names-agreement\/\" class=\"menu-link\">Abkommen \u00fcber Dom\u00e4nennamen<\/a><\/li>\n<li id=\"menu-item-4673\" class=\"menu-item menu-item-type-post_type menu-item-object-page menu-item-4673\"><a href=\"https:\/\/boostedhost.com\/copyright-and-dmca\/\" class=\"menu-link\">Urheberrecht und DMCA<\/a><\/li>\n<li id=\"menu-item-4992\" class=\"menu-item menu-item-type-post_type menu-item-object-page menu-item-4992\"><a href=\"https:\/\/boostedhost.com\/cancellations-and-refunds\/\" class=\"menu-link\">Stornierungen und Erstattungen<\/a><\/li>\n<li id=\"menu-item-4991\" class=\"menu-item menu-item-type-post_type menu-item-object-page menu-item-4991\"><a href=\"https:\/\/boostedhost.com\/promotions-agreement\/\" class=\"menu-link\">Promotionsabkommen<\/a><\/li>\n<li id=\"menu-item-4990\" class=\"menu-item menu-item-type-post_type menu-item-object-page menu-item-4990\"><a href=\"https:\/\/boostedhost.com\/cookies-policy\/\" class=\"menu-link\">Cookies-Politik<\/a><\/li>\n<li id=\"menu-item-4989\" class=\"menu-item menu-item-type-post_type menu-item-object-page menu-item-4989\"><a href=\"https:\/\/boostedhost.com\/privacy-policy\/\" class=\"menu-link\">Datenschutzbestimmungen<\/a><\/li>\n<li id=\"menu-item-4988\" class=\"menu-item menu-item-type-post_type menu-item-object-page menu-item-4988\"><a href=\"https:\/\/boostedhost.com\/affiliate-program\/\" class=\"menu-link\">Partnerprogramm<\/a><\/li>\n<li id=\"menu-item-4987\" class=\"menu-item menu-item-type-post_type menu-item-object-page menu-item-4987\"><a href=\"https:\/\/boostedhost.com\/imprint\/\" class=\"menu-link\">Impressum<\/a><\/li>\n<\/ul><\/nav>\t\t\t\t<\/div>\n\t\t\t\t<\/div>\n\t\t\t\t<\/div>\n\t\t<div class=\"elementor-element elementor-element-4d8afb4 e-con-full e-flex wpr-particle-no wpr-jarallax-no wpr-parallax-no wpr-sticky-section-no e-con e-child\" data-id=\"4d8afb4\" data-element_type=\"container\">\n\t\t\t\t<div class=\"elementor-element elementor-element-8f81186 elementor-widget elementor-widget-heading\" data-id=\"8f81186\" data-element_type=\"widget\" data-widget_type=\"heading.default\">\n\t\t\t\t\t<h5 class=\"elementor-heading-title elementor-size-default\">Allgemeine Gesch\u00e4ftsbedingungen<\/h5>\t\t\t\t<\/div>\n\t\t\t\t<div class=\"elementor-element elementor-element-f5665ba elementor-widget elementor-widget-text-editor\" data-id=\"f5665ba\" data-element_type=\"widget\" data-widget_type=\"text-editor.default\">\n\t\t\t\t\t\t\t\t\tDie BoostedHost-Nutzungsbedingungen wurden zuletzt am 30. November 2019 ge\u00e4ndert.\n<br><br>Die folgenden Nutzungsbedingungen, zusammen mit allen zus\u00e4tzlichen Bedingungen und Richtlinien (zusammen \"AGB\", \"Bedingungen\", \"Vereinbarung\"), bilden die gesamte rechtliche Vereinbarung zwischen Ihnen und BoostedHost in Bezug auf Ihre Nutzung unserer Website<a href=\"https:\/\/www.boostedhost.com\">(https:\/\/www.boostedhost.com,<\/a> alle seine Subdomains, zus\u00e4tzliche Top-Level-Domains und mobile Apps) und alle Produkte, Dienstleistungen und Informationen, die von BoostedHost (\"wir\", \"uns\", \"unser\").\n<br><br>Bevor Sie einen Dienst von uns erwerben, m\u00fcssen Sie sicherstellen und erkl\u00e4ren, dass Sie unsere Nutzungsbedingungen gelesen und verstanden haben und ihnen zustimmen, indem Sie das entsprechende Kontrollk\u00e4stchen aktivieren.\n<br><br>Die folgende Liste enth\u00e4lt unsere zus\u00e4tzlichen Bedingungen und Richtlinien, die zusammen mit diesen Allgemeinen Gesch\u00e4ftsbedingungen gelten:\t\t\t\t\t\t\t\t<\/div>\n\t\t\t\t<div class=\"elementor-element elementor-element-de1ecdb unorder-list-margin0 elementor-widget elementor-widget-text-editor\" data-id=\"de1ecdb\" data-element_type=\"widget\" data-widget_type=\"text-editor.default\">\n\t\t\t\t\t\t\t\t\t<ul><li>Dienstleistungsvertrag<\/li><li>Website-Nutzungsbedingungen<\/li><li>Ressourcennutzungsvereinbarung<\/li><li>Dienstleistungen von Dritten<\/li><li>Extra Services Allgemeine Gesch\u00e4ftsbedingungen<\/li><li>Allgemeine Gesch\u00e4ftsbedingungen f\u00fcr die Domainregistrierung<\/li><li>Urheberrecht und DMCA-Bedingungen<\/li><li>Stornierungen und Erstattungen<\/li><li>Aktionen<\/li><li>Cookie-Richtlinie<\/li><li>Datenschutzbestimmungen<\/li><\/ul>\t\t\t\t\t\t\t\t<\/div>\n\t\t\t\t<div class=\"elementor-element elementor-element-0387774 elementor-widget elementor-widget-text-editor\" data-id=\"0387774\" data-element_type=\"widget\" data-widget_type=\"text-editor.default\">\n\t\t\t\t\t\t\t\t\tDiese Vereinbarung ersetzt alle anderen Vereinbarungen in Bezug auf den Vertragsgegenstand. Alle derartigen anderen Vereinbarungen haben keine weitere Kraft oder Wirkung. \t\t\t\t\t\t\t\t<\/div>\n\t\t\t\t<div class=\"elementor-element elementor-element-005ad8b elementor-widget-divider--view-line elementor-widget elementor-widget-divider\" data-id=\"005ad8b\" data-element_type=\"widget\" data-widget_type=\"divider.default\">\n\t\t\t\t\t\t\t<div class=\"elementor-divider\">\n\t\t\t<span class=\"elementor-divider-separator\">\n\t\t\t\t\t\t<\/span>\n\t\t<\/div>\n\t\t\t\t\t\t<\/div>\n\t\t\t\t<div class=\"elementor-element elementor-element-2260581 elementor-widget elementor-widget-heading\" data-id=\"2260581\" data-element_type=\"widget\" data-widget_type=\"heading.default\">\n\t\t\t\t\t<h5 class=\"elementor-heading-title elementor-size-default\">Verbotene Kunden (L\u00e4nder, Regionen, K\u00f6rperschaften und Einzelpersonen)<\/h5>\t\t\t\t<\/div>\n\t\t\t\t<div class=\"elementor-element elementor-element-2fb119b elementor-widget elementor-widget-text-editor\" data-id=\"2fb119b\" data-element_type=\"widget\" data-widget_type=\"text-editor.default\">\n\t\t\t\t\t\t\t\t\tDer Erwerb von Dienstleistungen, die Einrichtung von Kundenkonten, Supportleistungen, Partnerdienste und Chat-Dienste werden verbotenen Kunden nicht angeboten. Solche Kunden sind definiert als Unternehmen, die mit bestimmten L\u00e4ndern, Regionen oder Personen verbunden sind, die durch bestimmte Regierungen und deren Handels-, Gesetzes- oder Wirtschaftssanktionen verboten sind. <br><br>Sofern nicht anders mit ausdr\u00fccklicher schriftlicher Genehmigung zur Verf\u00fcgung gestellt, BoostedHost auch nicht registrieren und verbietet die Verwendung eines unserer Dienstleistungen in Verbindung mit, jeder Country-Code Top Level Domain Name (\"ccTLD\") f\u00fcr jede Sanktion Land \/ Region.\t\t\t\t\t\t\t\t<\/div>\n\t\t\t\t<div class=\"elementor-element elementor-element-7cc7571 elementor-widget-divider--view-line elementor-widget elementor-widget-divider\" data-id=\"7cc7571\" data-element_type=\"widget\" data-widget_type=\"divider.default\">\n\t\t\t\t\t\t\t<div class=\"elementor-divider\">\n\t\t\t<span class=\"elementor-divider-separator\">\n\t\t\t\t\t\t<\/span>\n\t\t<\/div>\n\t\t\t\t\t\t<\/div>\n\t\t\t\t<div class=\"elementor-element elementor-element-dd7f67a elementor-widget elementor-widget-heading\" data-id=\"dd7f67a\" data-element_type=\"widget\" data-widget_type=\"heading.default\">\n\t\t\t\t\t<h5 class=\"elementor-heading-title elementor-size-default\">Nichteinhaltung unserer Allgemeinen Gesch\u00e4ftsbedingungen oder Richtlinien<\/h5>\t\t\t\t<\/div>\n\t\t\t\t<div class=\"elementor-element elementor-element-729e962 elementor-widget elementor-widget-text-editor\" data-id=\"729e962\" data-element_type=\"widget\" data-widget_type=\"text-editor.default\">\n\t\t\t\t\t\t\t\t\t<p>F\u00fcr den Fall, dass eine der in diesem Dokument genannten Bedingungen oder Richtlinien verletzt werden, beh\u00e4lt sich BoostedHost das Recht vor, vor\u00fcbergehend oder dauerhaft die Web-Hosting-Konto des Kunden oder Client-Bereich Zugang auszusetzen. Dar\u00fcber hinaus, wenn eine solche Verletzung festgestellt wird, beh\u00e4lt sich BoostedHost das Recht vor, dauerhaft zu entfernen Web-Hosting-Konto dauerhaft mit oder ohne Aussetzung der Client-Bereich Zugang des Kunden kombiniert. <br><br>F\u00fcr den Fall, dass nicht zugelassene Inhalte auf einer der Websites im globalen BoostedHost-Netzwerk gehostet werden, behalten wir uns das Recht vor, den Zugang zu sperren, auszusetzen und den Inhalt ohne vorherige Ank\u00fcndigung dauerhaft zu l\u00f6schen.<\/p>\t\t\t\t\t\t\t\t<\/div>\n\t\t\t\t<div class=\"elementor-element elementor-element-7bf1935 elementor-widget-divider--view-line elementor-widget elementor-widget-divider\" data-id=\"7bf1935\" data-element_type=\"widget\" data-widget_type=\"divider.default\">\n\t\t\t\t\t\t\t<div class=\"elementor-divider\">\n\t\t\t<span class=\"elementor-divider-separator\">\n\t\t\t\t\t\t<\/span>\n\t\t<\/div>\n\t\t\t\t\t\t<\/div>\n\t\t\t\t<div class=\"elementor-element elementor-element-98882f8 elementor-widget elementor-widget-heading\" data-id=\"98882f8\" data-element_type=\"widget\" data-widget_type=\"heading.default\">\n\t\t\t\t\t<h5 class=\"elementor-heading-title elementor-size-default\">Definition der Begriffe, die Sie in unseren Allgemeinen Gesch\u00e4ftsbedingungen erwarten k\u00f6nnen<\/h5>\t\t\t\t<\/div>\n\t\t\t\t<div class=\"elementor-element elementor-element-ab2a8a1 elementor-widget elementor-widget-text-editor\" data-id=\"ab2a8a1\" data-element_type=\"widget\" data-widget_type=\"text-editor.default\">\n\t\t\t\t\t\t\t\t\tDie folgenden Bedingungen finden Sie, wenn Sie unsere Allgemeinen Gesch\u00e4ftsbedingungen, zus\u00e4tzliche Vereinbarungen und Richtlinien sowie unsere Website lesen:\t\t\t\t\t\t\t\t<\/div>\n\t\t\t\t<div class=\"elementor-element elementor-element-877ced1 unorder-list-margin0 elementor-widget elementor-widget-text-editor\" data-id=\"877ced1\" data-element_type=\"widget\" data-widget_type=\"text-editor.default\">\n\t\t\t\t\t\t\t\t\t<ul>\n \t<li>\"uns\", \"wir\", \"unser\", \"BoostedHost\", \"BoostedHost\" oder \"das Unternehmen\" werden anstelle von BoostedHost &#8211; dem Eigent\u00fcmer dieser Website und der darin angebotenen Dienstleistungen &#8211; verwendet.<\/li>\n \t<li>\"Besucher\" &#8211; ist eine Person oder ein Roboter, der unsere Website durchsucht, ohne als offizieller \"Kunde\" unserer Dienste registriert zu sein.<\/li>\n \t<li>\"Mitglied\", \"Kunde\" &#8211; eine Person, die sich auf unserer Website registriert hat bzw. unseren \"Service\" nutzt oder in Anspruch nimmt.<\/li>\n \t<li>\"Nutzer\" &#8211; Sammelbegriff f\u00fcr einen Besucher unserer Website oder ein Mitglied unserer Dienste.<\/li>\n \t<li>\"Service\" &#8211; Funktionalit\u00e4t, Webhosting-Produkt oder eine zus\u00e4tzliche Dienstleistung, die dem Zweck der Webhosting- und Domainhosting-Technologie dient.<\/li>\n \t<li>\"Inhalt\" &#8211; Der Begriff kann verwendet werden, um eine statische Ressource zu beschreiben, wie z. B. Text, Informationen, Grafiken, Audio, Video, KI, Software und jegliche Form von Daten.<\/li>\n<\/ul>\t\t\t\t\t\t\t\t<\/div>\n\t\t\t\t<\/div>\n\t\t\t\t<\/div>\n\t\t\t\t\t<\/div>\n\t\t\t\t<\/div>\n\t\t\t\t<\/div>\n\t\t","protected":false},"excerpt":{"rendered":"<p>Allgemeine Gesch\u00e4ftsbedingungen und rechtliche Vereinbarung, die f\u00fcr Seelenfrieden sorgt! Nutzungsbedingungen Bitte lesen Sie sorgf\u00e4ltig alle wichtigen Informationen, rechtlichen Bestimmungen und andere n\u00fctzliche Informationen zu unserem schnellen, sicheren und stabilen Webhosting-Service! Allgemeine Gesch\u00e4ftsbedingungen Die BoostedHost-Nutzungsbedingungen wurden zuletzt am 30. November 2019 ge\u00e4ndert. Die folgenden Nutzungsbedingungen, zusammen mit allen zus\u00e4tzlichen Bedingungen und Richtlinien (zusammen \"AGB\", \"Bedingungen\", \"Vereinbarung\"), bilden die gesamte rechtliche Vereinbarung zwischen Ihnen und BoostedHost in Bezug auf Ihre Nutzung unserer Website(https:\/\/www.boostedhost.com, alle seine Subdomains, zus\u00e4tzliche Top-Level-Domains und mobile Apps) und alle Produkte, Dienstleistungen und Informationen, die von BoostedHost (\"wir\", \"uns\", \"unser\"). Bevor Sie einen Dienst von uns erwerben, m\u00fcssen Sie sicherstellen und erkl\u00e4ren, dass Sie unsere Nutzungsbedingungen gelesen und verstanden haben und ihnen zustimmen, indem Sie das entsprechende Kontrollk\u00e4stchen aktivieren. Die folgende Liste enth\u00e4lt unsere zus\u00e4tzlichen Bedingungen und Richtlinien, die zusammen mit diesen Allgemeinen Gesch\u00e4ftsbedingungen gelten: Dienstleistungsvertrag Website-Nutzungsbedingungen Ressourcennutzungsvereinbarung Dienstleistungen von Dritten Extra Services Allgemeine Gesch\u00e4ftsbedingungen Allgemeine Gesch\u00e4ftsbedingungen f\u00fcr die Domainregistrierung Urheberrecht und DMCA-Bedingungen Stornierungen und Erstattungen Aktionen Cookie-Richtlinie Datenschutzbestimmungen Diese Vereinbarung ersetzt alle anderen Vereinbarungen in Bezug auf den Vertragsgegenstand. Alle derartigen anderen Vereinbarungen haben keine weitere Kraft oder Wirkung. Verbotene Kunden (L\u00e4nder, Regionen, K\u00f6rperschaften und Einzelpersonen) Der Erwerb von Dienstleistungen, die Einrichtung von Kundenkonten, Supportleistungen, Partnerdienste und Chat-Dienste werden verbotenen Kunden nicht angeboten. Solche Kunden sind definiert als Unternehmen, die mit bestimmten L\u00e4ndern, Regionen oder Personen verbunden sind, die durch bestimmte Regierungen und deren Handels-, Gesetzes- oder Wirtschaftssanktionen verboten sind. Sofern nicht anders mit ausdr\u00fccklicher schriftlicher Genehmigung zur Verf\u00fcgung gestellt, BoostedHost auch nicht registrieren und verbietet die Verwendung eines unserer Dienstleistungen in Verbindung mit, jeder Country-Code Top Level Domain Name (\"ccTLD\") f\u00fcr jede Sanktion Land \/ Region. Nichteinhaltung unserer Allgemeinen Gesch\u00e4ftsbedingungen oder Richtlinien F\u00fcr den Fall, dass eine der in diesem Dokument genannten Bedingungen oder Richtlinien verletzt werden, beh\u00e4lt sich BoostedHost das Recht vor, vor\u00fcbergehend oder dauerhaft die Web-Hosting-Konto des Kunden oder Client-Bereich Zugang auszusetzen. Dar\u00fcber hinaus, wenn eine solche Verletzung festgestellt wird, beh\u00e4lt sich BoostedHost das Recht vor, dauerhaft zu entfernen Web-Hosting-Konto dauerhaft mit oder ohne Aussetzung der Client-Bereich Zugang des Kunden kombiniert. F\u00fcr den Fall, dass nicht zugelassene Inhalte auf einer der Websites im globalen BoostedHost-Netzwerk gehostet werden, behalten wir uns das Recht vor, den Zugang zu sperren, auszusetzen und den Inhalt ohne vorherige Ank\u00fcndigung dauerhaft zu l\u00f6schen. Definition der Begriffe, die Sie in unseren Allgemeinen Gesch\u00e4ftsbedingungen erwarten k\u00f6nnen Die folgenden Bedingungen finden Sie, wenn Sie unsere Allgemeinen Gesch\u00e4ftsbedingungen, zus\u00e4tzliche Vereinbarungen und Richtlinien sowie unsere Website lesen: \"uns\", \"wir\", \"unser\", \"BoostedHost\", \"BoostedHost\" oder \"das Unternehmen\" werden anstelle von BoostedHost &#8211; dem Eigent\u00fcmer dieser Website und der darin angebotenen Dienstleistungen &#8211; verwendet. \"Besucher\" &#8211; ist eine Person oder ein Roboter, der unsere Website durchsucht, ohne als offizieller \"Kunde\" unserer Dienste registriert zu sein. \"Mitglied\", \"Kunde\" &#8211; eine Person, die sich auf unserer Website registriert hat bzw. unseren \"Service\" nutzt oder in Anspruch nimmt. \"Nutzer\" &#8211; Sammelbegriff f\u00fcr einen Besucher unserer Website oder ein Mitglied unserer Dienste. \"Service\" &#8211; Funktionalit\u00e4t, Webhosting-Produkt oder eine zus\u00e4tzliche Dienstleistung, die dem Zweck der Webhosting- und Domainhosting-Technologie dient. \"Inhalt\" &#8211; Der Begriff kann verwendet werden, um eine statische Ressource zu beschreiben, wie z. B. Text, Informationen, Grafiken, Audio, Video, KI, Software und jegliche Form von Daten.<\/p>\n","protected":false},"author":1,"featured_media":0,"parent":0,"menu_order":0,"comment_status":"closed","ping_status":"closed","template":"","meta":{"site-sidebar-layout":"no-sidebar","site-content-layout":"page-builder","ast-site-content-layout":"full-width-container","site-content-style":"default","site-sidebar-style":"default","ast-global-header-display":"","ast-banner-title-visibility":"","ast-main-header-display":"","ast-hfb-above-header-display":"","ast-hfb-below-header-display":"","ast-hfb-mobile-header-display":"","site-post-title":"disabled","ast-breadcrumbs-content":"disabled","ast-featured-img":"disabled","footer-sml-layout":"","theme-transparent-header-meta":"default","adv-header-id-meta":"","stick-header-meta":"","header-above-stick-meta":"","header-main-stick-meta":"","header-below-stick-meta":"","astra-migrate-meta-layouts":"default","ast-page-background-enabled":"default","ast-page-background-meta":{"desktop":{"background-color":"","background-image":"","background-repeat":"repeat","background-position":"center center","background-size":"auto","background-attachment":"scroll","background-type":"","background-media":"","overlay-type":"","overlay-color":"","overlay-opacity":"","overlay-gradient":""},"tablet":{"background-color":"","background-image":"","background-repeat":"repeat","background-position":"center center","background-size":"auto","background-attachment":"scroll","background-type":"","background-media":"","overlay-type":"","overlay-color":"","overlay-opacity":"","overlay-gradient":""},"mobile":{"background-color":"","background-image":"","background-repeat":"repeat","background-position":"center center","background-size":"auto","background-attachment":"scroll","background-type":"","background-media":"","overlay-type":"","overlay-color":"","overlay-opacity":"","overlay-gradient":""}},"ast-content-background-meta":{"desktop":{"background-color":"var(--ast-global-color-5)","background-image":"","background-repeat":"repeat","background-position":"center center","background-size":"auto","background-attachment":"scroll","background-type":"","background-media":"","overlay-type":"","overlay-color":"","overlay-opacity":"","overlay-gradient":""},"tablet":{"background-color":"var(--ast-global-color-5)","background-image":"","background-repeat":"repeat","background-position":"center center","background-size":"auto","background-attachment":"scroll","background-type":"","background-media":"","overlay-type":"","overlay-color":"","overlay-opacity":"","overlay-gradient":""},"mobile":{"background-color":"var(--ast-global-color-5)","background-image":"","background-repeat":"repeat","background-position":"center center","background-size":"auto","background-attachment":"scroll","background-type":"","background-media":"","overlay-type":"","overlay-color":"","overlay-opacity":"","overlay-gradient":""}},"footnotes":""},"class_list":["post-80754","page","type-page","status-publish","hentry"],"_links":{"self":[{"href":"https:\/\/boostedhost.com\/de-ch\/wp-json\/wp\/v2\/pages\/80754","targetHints":{"allow":["GET"]}}],"collection":[{"href":"https:\/\/boostedhost.com\/de-ch\/wp-json\/wp\/v2\/pages"}],"about":[{"href":"https:\/\/boostedhost.com\/de-ch\/wp-json\/wp\/v2\/types\/page"}],"author":[{"embeddable":true,"href":"https:\/\/boostedhost.com\/de-ch\/wp-json\/wp\/v2\/users\/1"}],"replies":[{"embeddable":true,"href":"https:\/\/boostedhost.com\/de-ch\/wp-json\/wp\/v2\/comments?post=80754"}],"version-history":[{"count":0,"href":"https:\/\/boostedhost.com\/de-ch\/wp-json\/wp\/v2\/pages\/80754\/revisions"}],"wp:attachment":[{"href":"https:\/\/boostedhost.com\/de-ch\/wp-json\/wp\/v2\/media?parent=80754"}],"curies":[{"name":"wp","href":"https:\/\/api.w.org\/{rel}","templated":true}]}}