{"id":80837,"date":"2025-06-03T12:15:30","date_gmt":"2025-06-03T12:15:30","guid":{"rendered":"https:\/\/boostedhost.com\/promotionsabkommen\/"},"modified":"2026-02-08T14:22:22","modified_gmt":"2026-02-08T14:22:22","slug":"promotionsabkommen","status":"publish","type":"page","link":"https:\/\/boostedhost.com\/de-ch\/promotionsabkommen\/","title":{"rendered":"Promotionsabkommen"},"content":{"rendered":"\t\t<div data-elementor-type=\"wp-page\" data-elementor-id=\"80837\" class=\"elementor elementor-80837 elementor-4738\" data-elementor-post-type=\"page\">\n\t\t\t\t<div class=\"elementor-element elementor-element-723d13e e-flex e-con-boxed wpr-particle-no wpr-jarallax-no wpr-parallax-no wpr-sticky-section-no e-con e-parent\" data-id=\"723d13e\" data-element_type=\"container\" data-settings=\"{&quot;background_background&quot;:&quot;classic&quot;}\">\n\t\t\t\t\t<div class=\"e-con-inner\">\n\t\t<div class=\"elementor-element elementor-element-ce33b3c e-con-full e-flex wpr-particle-no wpr-jarallax-no wpr-parallax-no wpr-sticky-section-no e-con e-child\" data-id=\"ce33b3c\" data-element_type=\"container\">\n\t\t\t\t<div class=\"elementor-element elementor-element-d43336d elementor-position-left elementor-mobile-position-left dot-icon elementor-view-default elementor-widget elementor-widget-icon-box\" data-id=\"d43336d\" data-element_type=\"widget\" data-widget_type=\"icon-box.default\">\n\t\t\t\t\t\t\t<div class=\"elementor-icon-box-wrapper\">\n\n\t\t\t\t\t\t<div class=\"elementor-icon-box-icon\">\n\t\t\t\t<span  class=\"elementor-icon\">\n\t\t\t\t<svg xmlns=\"http:\/\/www.w3.org\/2000\/svg\" width=\"11\" height=\"10\" viewBox=\"0 0 11 10\" fill=\"none\"><path d=\"M5.5 0C6.82608 0 8.09785 0.526784 9.03553 1.46447C9.97322 2.40215 10.5 3.67392 10.5 5C10.5 6.32608 9.97322 7.59785 9.03553 8.53553C8.09785 9.47322 6.82608 10 5.5 10C4.17392 10 2.90215 9.47322 1.96447 8.53553C1.02678 7.59785 0.5 6.32608 0.5 5C0.5 3.67392 1.02678 2.40215 1.96447 1.46447C2.90215 0.526784 4.17392 0 5.5 0ZM6.24995 3.06978C6.62135 3.06978 6.92276 2.81194 6.92276 2.42983C6.92276 2.04771 6.62063 1.78987 6.24995 1.78987C5.87854 1.78987 5.57857 2.04771 5.57857 2.42983C5.57857 2.81194 5.87854 3.06978 6.24995 3.06978ZM6.38065 7.08878C6.38065 7.01236 6.40708 6.8138 6.39208 6.70095L5.80498 7.37662C5.68356 7.50446 5.53143 7.59303 5.46 7.56946C5.4276 7.55754 5.40051 7.53444 5.38362 7.50432C5.36673 7.47421 5.36114 7.43905 5.36787 7.40518L6.34637 4.31398C6.42636 3.92186 6.20638 3.56403 5.73998 3.51832C5.24788 3.51832 4.52364 4.01757 4.08296 4.6511C4.08296 4.72681 4.06867 4.91536 4.08367 5.02821L4.67006 4.35183C4.79148 4.22541 4.9329 4.13613 5.00432 4.16042C5.03951 4.17305 5.06835 4.19897 5.08464 4.23262C5.10093 4.26627 5.10338 4.30497 5.09146 4.3404L4.12153 7.41661C4.00939 7.77659 4.22152 8.12942 4.73577 8.20941C5.49286 8.20941 5.93997 7.72231 6.38137 7.08878H6.38065Z\" fill=\"#FF6022\"><\/path><\/svg>\t\t\t\t<\/span>\n\t\t\t<\/div>\n\t\t\t\n\t\t\t\t\t\t<div class=\"elementor-icon-box-content\">\n\n\t\t\t\t\n\t\t\t\t\t\t\t\t\t<p class=\"elementor-icon-box-description\">\n\t\t\t\t\t\tAllgemeine Gesch\u00e4ftsbedingungen und rechtliche Vereinbarung, die f\u00fcr Seelenfrieden sorgt!\t\t\t\t\t<\/p>\n\t\t\t\t\n\t\t\t<\/div>\n\t\t\t\n\t\t<\/div>\n\t\t\t\t\t\t<\/div>\n\t\t\t\t<div class=\"elementor-element elementor-element-6ba60ce elementor-widget elementor-widget-heading\" data-id=\"6ba60ce\" data-element_type=\"widget\" data-widget_type=\"heading.default\">\n\t\t\t\t\t<h1 class=\"elementor-heading-title elementor-size-default\">Nutzungsbedingungen<\/h1>\t\t\t\t<\/div>\n\t\t<div class=\"elementor-element elementor-element-ec6bd0a e-con-full e-flex wpr-particle-no wpr-jarallax-no wpr-parallax-no wpr-sticky-section-no e-con e-child\" data-id=\"ec6bd0a\" data-element_type=\"container\">\n\t\t\t\t<div class=\"elementor-element elementor-element-afa1b25 elementor-widget elementor-widget-text-editor\" data-id=\"afa1b25\" data-element_type=\"widget\" data-widget_type=\"text-editor.default\">\n\t\t\t\t\t\t\t\t\tBitte lesen Sie sorgf\u00e4ltig alle wichtigen Informationen, rechtlichen Bestimmungen und andere n\u00fctzliche Informationen zu unserem schnellen, sicheren und stabilen Webhosting-Service!\t\t\t\t\t\t\t\t<\/div>\n\t\t\t\t<\/div>\n\t\t\t\t<\/div>\n\t\t\t\t\t<\/div>\n\t\t\t\t<\/div>\n\t\t<div class=\"elementor-element elementor-element-b2c1093 e-flex e-con-boxed wpr-particle-no wpr-jarallax-no wpr-parallax-no wpr-sticky-section-no e-con e-parent\" data-id=\"b2c1093\" data-element_type=\"container\" data-settings=\"{&quot;background_background&quot;:&quot;classic&quot;}\">\n\t\t\t\t\t<div class=\"e-con-inner\">\n\t\t<div class=\"elementor-element elementor-element-53cd26c e-con-full e-flex wpr-particle-no wpr-jarallax-no wpr-parallax-no wpr-sticky-section-no e-con e-child\" data-id=\"53cd26c\" data-element_type=\"container\">\n\t\t<div class=\"elementor-element elementor-element-6ebc3b1 e-con-full e-flex wpr-particle-no wpr-jarallax-no wpr-parallax-no wpr-sticky-section-no e-con e-child\" data-id=\"6ebc3b1\" data-element_type=\"container\">\n\t\t\t\t<div class=\"elementor-element elementor-element-5a66eac nav-menu-sidebar elementor-widget elementor-widget-wp-widget-nav_menu\" data-id=\"5a66eac\" data-element_type=\"widget\" data-widget_type=\"wp-widget-nav_menu.default\">\n\t\t\t\t<div class=\"elementor-widget-container\">\n\t\t\t\t\t<nav class=\"menu-terms-of-services-container\" aria-label=\"Men\u00fc\"><ul id=\"menu-terms-of-services\" class=\"menu\"><li id=\"menu-item-4091\" class=\"menu-item menu-item-type-post_type menu-item-object-page menu-item-4091\"><a href=\"https:\/\/boostedhost.com\/legal\/\" class=\"menu-link\">Rechtliches<\/a><\/li>\n<li id=\"menu-item-4232\" class=\"menu-item menu-item-type-post_type menu-item-object-page menu-item-4232\"><a href=\"https:\/\/boostedhost.com\/service-level-agreement\/\" class=\"menu-link\">Service Level Agreement<\/a><\/li>\n<li id=\"menu-item-4495\" class=\"menu-item menu-item-type-post_type menu-item-object-page menu-item-4495\"><a href=\"https:\/\/boostedhost.com\/website-terms-of-service\/\" class=\"menu-link\">Nutzungsbedingungen der Website<\/a><\/li>\n<li id=\"menu-item-4494\" class=\"menu-item menu-item-type-post_type menu-item-object-page menu-item-4494\"><a href=\"https:\/\/boostedhost.com\/resource-usage\/\" class=\"menu-link\">Nutzung der Ressourcen<\/a><\/li>\n<li id=\"menu-item-4630\" class=\"menu-item menu-item-type-post_type menu-item-object-page menu-item-4630\"><a href=\"https:\/\/boostedhost.com\/third-party-services\/\" class=\"menu-link\">Dienstleistungen von Drittanbietern<\/a><\/li>\n<li id=\"menu-item-4629\" class=\"menu-item menu-item-type-post_type menu-item-object-page menu-item-4629\"><a href=\"https:\/\/boostedhost.com\/domain-names-agreement\/\" class=\"menu-link\">Abkommen \u00fcber Dom\u00e4nennamen<\/a><\/li>\n<li id=\"menu-item-4673\" class=\"menu-item menu-item-type-post_type menu-item-object-page menu-item-4673\"><a href=\"https:\/\/boostedhost.com\/copyright-and-dmca\/\" class=\"menu-link\">Urheberrecht und DMCA<\/a><\/li>\n<li id=\"menu-item-4992\" class=\"menu-item menu-item-type-post_type menu-item-object-page menu-item-4992\"><a href=\"https:\/\/boostedhost.com\/cancellations-and-refunds\/\" class=\"menu-link\">Stornierungen und Erstattungen<\/a><\/li>\n<li id=\"menu-item-4991\" class=\"menu-item menu-item-type-post_type menu-item-object-page menu-item-4991\"><a href=\"https:\/\/boostedhost.com\/promotions-agreement\/\" class=\"menu-link\">Promotionsabkommen<\/a><\/li>\n<li id=\"menu-item-4990\" class=\"menu-item menu-item-type-post_type menu-item-object-page menu-item-4990\"><a href=\"https:\/\/boostedhost.com\/cookies-policy\/\" class=\"menu-link\">Cookies-Politik<\/a><\/li>\n<li id=\"menu-item-4989\" class=\"menu-item menu-item-type-post_type menu-item-object-page menu-item-4989\"><a href=\"https:\/\/boostedhost.com\/privacy-policy\/\" class=\"menu-link\">Datenschutzbestimmungen<\/a><\/li>\n<li id=\"menu-item-4988\" class=\"menu-item menu-item-type-post_type menu-item-object-page menu-item-4988\"><a href=\"https:\/\/boostedhost.com\/affiliate-program\/\" class=\"menu-link\">Partnerprogramm<\/a><\/li>\n<li id=\"menu-item-4987\" class=\"menu-item menu-item-type-post_type menu-item-object-page menu-item-4987\"><a href=\"https:\/\/boostedhost.com\/imprint\/\" class=\"menu-link\">Impressum<\/a><\/li>\n<\/ul><\/nav>\t\t\t\t<\/div>\n\t\t\t\t<\/div>\n\t\t\t\t<\/div>\n\t\t<div class=\"elementor-element elementor-element-f8be319 e-con-full e-flex wpr-particle-no wpr-jarallax-no wpr-parallax-no wpr-sticky-section-no e-con e-child\" data-id=\"f8be319\" data-element_type=\"container\">\n\t\t\t\t<div class=\"elementor-element elementor-element-e8b99e9 elementor-widget elementor-widget-heading\" data-id=\"e8b99e9\" data-element_type=\"widget\" data-widget_type=\"heading.default\">\n\t\t\t\t\t<h3 class=\"elementor-heading-title elementor-size-default\">Aktionen<\/h3>\t\t\t\t<\/div>\n\t\t\t\t<div class=\"elementor-element elementor-element-8c6eb73 elementor-widget elementor-widget-text-editor\" data-id=\"8c6eb73\" data-element_type=\"widget\" data-widget_type=\"text-editor.default\">\n\t\t\t\t\t\t\t\t\tIn diesem Dokument finden unsere Kunden die Bedingungen und Konditionen hinter allen unseren Aktionen. Bei der Anmeldung f\u00fcr eine Promotion-Service oder Produkt, stimmen die Kunden mit den in diesem Dokument skizzierten Bedingungen, BoostedHost Gesch\u00e4ftsbedingungen und alle zus\u00e4tzlichen Dokumente im Zusammenhang mit unseren Dienstleistungen und speziell in unseren Allgemeinen Gesch\u00e4ftsbedingungen Seiten skizziert. \t\t\t\t\t\t\t\t<\/div>\n\t\t\t\t<div class=\"elementor-element elementor-element-428a3ec elementor-widget-divider--view-line elementor-widget elementor-widget-divider\" data-id=\"428a3ec\" data-element_type=\"widget\" data-widget_type=\"divider.default\">\n\t\t\t\t\t\t\t<div class=\"elementor-divider\">\n\t\t\t<span class=\"elementor-divider-separator\">\n\t\t\t\t\t\t<\/span>\n\t\t<\/div>\n\t\t\t\t\t\t<\/div>\n\t\t\t\t<div class=\"elementor-element elementor-element-7c24838 elementor-widget elementor-widget-heading\" data-id=\"7c24838\" data-element_type=\"widget\" data-widget_type=\"heading.default\">\n\t\t\t\t\t<h5 class=\"elementor-heading-title elementor-size-default\">Kostenlose Registrierung\/\u00dcbertragung von Dom\u00e4nennamen<\/h5>\t\t\t\t<\/div>\n\t\t\t\t<div class=\"elementor-element elementor-element-b9e6321 elementor-widget elementor-widget-text-editor\" data-id=\"b9e6321\" data-element_type=\"widget\" data-widget_type=\"text-editor.default\">\n\t\t\t\t\t\t\t\t\tDie kostenlose Domain-Namen-Registrierung\/\u00dcbertragung Aktion kann als Teil der Produkte auf <a href=\"https:\/\/www.BoostedHost.com\" rel=\"nofollow noopener\">https:\/\/www.BoostedHost.com<\/a> Website angeboten werden. Die Bedingung f\u00fcr die Registrierung\/den Transfer eines kostenlosen Domainnamens zu BoostedHost sind wie folgt. Der Kunde stimmt zu, dass eine kostenlose Domain-Registrierung\/\u00dcbertragung nur f\u00fcr die freien Domain-Namen-Erweiterungen (\"Top-Level-Domains\") g\u00fcltig ist, die speziell in unserem Domain-Namen-Portal beschrieben sind. Zum Zeitpunkt der Erstellung dieses Dokuments sind die folgenden Domain-Namenserweiterungen f\u00fcr die kostenlose Domain-Registrierung\/\u00dcbertragung Promotion berechtigt:   \t\t\t\t\t\t\t\t<\/div>\n\t\t\t\t<div class=\"elementor-element elementor-element-3b66b0b unorder-list-margin0 elementor-widget elementor-widget-text-editor\" data-id=\"3b66b0b\" data-element_type=\"widget\" data-widget_type=\"text-editor.default\">\n\t\t\t\t\t\t\t\t\t<ul>\n \t<li>.com<\/li>\n \t<li>.net<\/li>\n \t<li>.de<\/li>\n \t<li>.eu<\/li>\n \t<li>.link<\/li>\n \t<li>.ru<\/li>\n \t<li>.fr<\/li>\n \t<li>.de<\/li>\n \t<li>.cn<\/li>\n \t<li>.top<\/li>\n \t<li>.us<\/li>\n \t<li>.arbeiten<\/li>\n \t<li>.name<\/li>\n \t<li>.klicken<\/li>\n<\/ul>\t\t\t\t\t\t\t\t<\/div>\n\t\t\t\t<div class=\"elementor-element elementor-element-04bae2f elementor-widget elementor-widget-text-editor\" data-id=\"04bae2f\" data-element_type=\"widget\" data-widget_type=\"text-editor.default\">\n\t\t\t\t\t\t\t\t\tWenn die gew\u00fcnschte Domain-Namen-Erweiterung in unserem Domain-Portal fehlt, sollte der Kunde entweder mit unserem Sales-Team \u00fcber Live-Chat oder mit unserer Billing-Abteilung durch Einreichen eines Support-Tickets \u00fcberpr\u00fcfen, ob die gew\u00fcnschte Erweiterung als freie Domain-Namen-Erweiterung unterst\u00fctzt wird. Der Kunde stimmt zu, dass BoostedHost kostenlose Domain-Namen-Registrierung f\u00fcr einige oder alle der angebotenen Web-Hosting-Services unter den folgenden Bedingungen bieten kann: \t\t\t\t\t\t\t\t<\/div>\n\t\t\t\t<div class=\"elementor-element elementor-element-3e15248 unorder-list-margin0 elementor-widget elementor-widget-text-editor\" data-id=\"3e15248\" data-element_type=\"widget\" data-widget_type=\"text-editor.default\">\n\t\t\t\t\t\t\t\t\t<ul>\n \t<li>F\u00fcr Shared Webhosting-Pakete, die f\u00fcr mindestens 1 Jahr (12 Monate) erworben werden, ist eine kostenlose Registrierung\/\u00dcbertragung des Domainnamens m\u00f6glich.<\/li>\n \t<li>Eine kostenlose Domain-Registrierung\/\u00dcbertragung ist f\u00fcr VPS- und Dedicated Server-Pakete f\u00fcr einen Zeitraum des Kaufs von mindestens 3 Monaten verf\u00fcgbar.<\/li>\n \t<li>Ein kostenloser Domain-Name kann nur in den ersten 7 Tagen des Prepaid-Abrechnungszeitraums registriert\/\u00fcbertragen werden. Nach Ablauf dieses Zeitraums sollte der Kunde mit unseren Verkaufs-\/Supportabteilungen abkl\u00e4ren, ob die Aktion ausdr\u00fccklich angeboten werden kann. \n<\/li>\n<\/ul>\t\t\t\t\t\t\t\t<\/div>\n\t\t\t\t<div class=\"elementor-element elementor-element-ea0579b elementor-widget elementor-widget-text-editor\" data-id=\"ea0579b\" data-element_type=\"widget\" data-widget_type=\"text-editor.default\">\n\t\t\t\t\t\t\t\t\tDer Kunde stimmt zu, dass die Free Domain-Registrierung\/\u00dcbertragung Aktion nur f\u00fcr die erste Laufzeit eine Domain mit BoostedHost registriert\/\u00fcbertragen wurde g\u00fcltig ist. Wenn die Aktion nicht beworben wird\/existiert, wenn ein Domain-Name erneuert werden sollte, wird BoostedHost den Domain-Namen nicht kostenlos erneuern und eine Erneuerungsgeb\u00fchr wird dem Kunden pr\u00e4sentiert werden. Der Kunde stimmt zu und erkennt an, dass im Falle einer K\u00fcndigung des Dienstes, der eine kostenlose Domain-Namen-Registrierung \/ Transfer-Promotion verwendet wird, eine Registrierungsgeb\u00fchr von dem erstattungsf\u00e4higen Betrag einbehalten wird. Die Registrierungsgeb\u00fchr f\u00fcr die meisten Domain-Namen-Erweiterungen betr\u00e4gt $13,95USD, aber nur f\u00fcr .co.uk und .org.uk betr\u00e4gt die Geb\u00fchr $19,95USD. Die Registrierungsgeb\u00fchr kann je nach den von unserer Registrierstelle angegebenen Preisen variieren oder auch nicht. Sobald die Geb\u00fchr einbehalten und die K\u00fcndigung des Dienstes abgeschlossen ist, wird der Kunde der alleinige Eigent\u00fcmer des Domainnamens f\u00fcr den verbleibenden Zeitraum bis zum Ablauf der Domain. Die Dom\u00e4ne kann dann sein:\t\t\t\t\t\t\t\t<\/div>\n\t\t\t\t<div class=\"elementor-element elementor-element-336b1ec unorder-list-margin0 elementor-widget elementor-widget-text-editor\" data-id=\"336b1ec\" data-element_type=\"widget\" data-widget_type=\"text-editor.default\">\n\t\t\t\t\t\t\t\t\t<ul>\n \t<li>Verl\u00e4ngert mit uns, wobei nur die Domain als aktives Produkt\/Dienstleistung verbleibt.<\/li>\n \t<li>Zu einer anderen Registrierungsstelle f\u00fcr Dom\u00e4nennamen transferiert.<\/li>\n \t<li>Verfallen lassen f\u00fcr den Fall, dass der Kunde sie nicht ben\u00f6tigt.<\/li>\n<\/ul>\t\t\t\t\t\t\t\t<\/div>\n\t\t\t\t<div class=\"elementor-element elementor-element-b1c8605 elementor-widget elementor-widget-text-editor\" data-id=\"b1c8605\" data-element_type=\"widget\" data-widget_type=\"text-editor.default\">\n\t\t\t\t\t\t\t\t\tWenn ein Free Domain-Name registriert ist, wird er in der Regel mit einem Webhosting-Paket als prim\u00e4re Domain verbunden. Der Domainname kann nicht f\u00fcr andere Zwecke in Bezug auf BoostedHost verwendet werden und kann nicht als freier Domainname ohne ein entsprechendes Webhosting-Paket existieren. BoostedHost beh\u00e4lt sich das Recht vor, die Free Domain-Registrierung \/ Transfer-Promotion jederzeit ohne vorherige Ank\u00fcndigung f\u00fcr die Kunden einzustellen. Wenn und falls die Promotion beendet wird, werden alle Domainnamen, die unter die Regeln der Promotion fallen, zu regul\u00e4ren Domainnamen, die zu einem festen Tarif abgerechnet werden. Der Kunde erkl\u00e4rt sich damit einverstanden, dass ein Domain-Name, egal ob kostenlos oder regul\u00e4r, nur dann gek\u00fcndigt werden kann, wenn die Erneuerung des Domain-Namens \u00fcber die im Kunden-Dashboard zur Verf\u00fcgung gestellten Optionen deaktiviert wird, oder indem ein Ticket an unsere Rechnungsabteilung geschickt wird, um die K\u00fcndigung der Domain zu beantragen, was dasselbe Verfahren ausl\u00f6st. Ein Domainname, der im Rahmen unserer Free Domain-Registrierung\/\u00dcbertragungsaktion kostenlos registriert wurde, wird nicht kostenlos verl\u00e4ngert. BoostedHost beh\u00e4lt sich das Recht vor, die oben genannten Aktionsbedingungen zu \u00e4ndern, zu aktualisieren oder zu entfernen.      \t\t\t\t\t\t\t\t<\/div>\n\t\t\t\t<\/div>\n\t\t\t\t<\/div>\n\t\t\t\t\t<\/div>\n\t\t\t\t<\/div>\n\t\t\t\t<\/div>\n\t\t","protected":false},"excerpt":{"rendered":"<p>Allgemeine Gesch\u00e4ftsbedingungen und rechtliche Vereinbarung, die f\u00fcr Seelenfrieden sorgt! Nutzungsbedingungen Bitte lesen Sie sorgf\u00e4ltig alle wichtigen Informationen, rechtlichen Bestimmungen und andere n\u00fctzliche Informationen zu unserem schnellen, sicheren und stabilen Webhosting-Service! Aktionen In diesem Dokument finden unsere Kunden die Bedingungen und Konditionen hinter allen unseren Aktionen. Bei der Anmeldung f\u00fcr eine Promotion-Service oder Produkt, stimmen die Kunden mit den in diesem Dokument skizzierten Bedingungen, BoostedHost Gesch\u00e4ftsbedingungen und alle zus\u00e4tzlichen Dokumente im Zusammenhang mit unseren Dienstleistungen und speziell in unseren Allgemeinen Gesch\u00e4ftsbedingungen Seiten skizziert. Kostenlose Registrierung\/\u00dcbertragung von Dom\u00e4nennamen Die kostenlose Domain-Namen-Registrierung\/\u00dcbertragung Aktion kann als Teil der Produkte auf https:\/\/www.BoostedHost.com Website angeboten werden. Die Bedingung f\u00fcr die Registrierung\/den Transfer eines kostenlosen Domainnamens zu BoostedHost sind wie folgt. Der Kunde stimmt zu, dass eine kostenlose Domain-Registrierung\/\u00dcbertragung nur f\u00fcr die freien Domain-Namen-Erweiterungen (\"Top-Level-Domains\") g\u00fcltig ist, die speziell in unserem Domain-Namen-Portal beschrieben sind. Zum Zeitpunkt der Erstellung dieses Dokuments sind die folgenden Domain-Namenserweiterungen f\u00fcr die kostenlose Domain-Registrierung\/\u00dcbertragung Promotion berechtigt: .com .net .de .eu .link .ru .fr .de .cn .top .us .arbeiten .name .klicken Wenn die gew\u00fcnschte Domain-Namen-Erweiterung in unserem Domain-Portal fehlt, sollte der Kunde entweder mit unserem Sales-Team \u00fcber Live-Chat oder mit unserer Billing-Abteilung durch Einreichen eines Support-Tickets \u00fcberpr\u00fcfen, ob die gew\u00fcnschte Erweiterung als freie Domain-Namen-Erweiterung unterst\u00fctzt wird. Der Kunde stimmt zu, dass BoostedHost kostenlose Domain-Namen-Registrierung f\u00fcr einige oder alle der angebotenen Web-Hosting-Services unter den folgenden Bedingungen bieten kann: F\u00fcr Shared Webhosting-Pakete, die f\u00fcr mindestens 1 Jahr (12 Monate) erworben werden, ist eine kostenlose Registrierung\/\u00dcbertragung des Domainnamens m\u00f6glich. Eine kostenlose Domain-Registrierung\/\u00dcbertragung ist f\u00fcr VPS- und Dedicated Server-Pakete f\u00fcr einen Zeitraum des Kaufs von mindestens 3 Monaten verf\u00fcgbar. Ein kostenloser Domain-Name kann nur in den ersten 7 Tagen des Prepaid-Abrechnungszeitraums registriert\/\u00fcbertragen werden. Nach Ablauf dieses Zeitraums sollte der Kunde mit unseren Verkaufs-\/Supportabteilungen abkl\u00e4ren, ob die Aktion ausdr\u00fccklich angeboten werden kann. Der Kunde stimmt zu, dass die Free Domain-Registrierung\/\u00dcbertragung Aktion nur f\u00fcr die erste Laufzeit eine Domain mit BoostedHost registriert\/\u00fcbertragen wurde g\u00fcltig ist. Wenn die Aktion nicht beworben wird\/existiert, wenn ein Domain-Name erneuert werden sollte, wird BoostedHost den Domain-Namen nicht kostenlos erneuern und eine Erneuerungsgeb\u00fchr wird dem Kunden pr\u00e4sentiert werden. Der Kunde stimmt zu und erkennt an, dass im Falle einer K\u00fcndigung des Dienstes, der eine kostenlose Domain-Namen-Registrierung \/ Transfer-Promotion verwendet wird, eine Registrierungsgeb\u00fchr von dem erstattungsf\u00e4higen Betrag einbehalten wird. Die Registrierungsgeb\u00fchr f\u00fcr die meisten Domain-Namen-Erweiterungen betr\u00e4gt $13,95USD, aber nur f\u00fcr .co.uk und .org.uk betr\u00e4gt die Geb\u00fchr $19,95USD. Die Registrierungsgeb\u00fchr kann je nach den von unserer Registrierstelle angegebenen Preisen variieren oder auch nicht. Sobald die Geb\u00fchr einbehalten und die K\u00fcndigung des Dienstes abgeschlossen ist, wird der Kunde der alleinige Eigent\u00fcmer des Domainnamens f\u00fcr den verbleibenden Zeitraum bis zum Ablauf der Domain. Die Dom\u00e4ne kann dann sein: Verl\u00e4ngert mit uns, wobei nur die Domain als aktives Produkt\/Dienstleistung verbleibt. Zu einer anderen Registrierungsstelle f\u00fcr Dom\u00e4nennamen transferiert. Verfallen lassen f\u00fcr den Fall, dass der Kunde sie nicht ben\u00f6tigt. Wenn ein Free Domain-Name registriert ist, wird er in der Regel mit einem Webhosting-Paket als prim\u00e4re Domain verbunden. Der Domainname kann nicht f\u00fcr andere Zwecke in Bezug auf BoostedHost verwendet werden und kann nicht als freier Domainname ohne ein entsprechendes Webhosting-Paket existieren. BoostedHost beh\u00e4lt sich das Recht vor, die Free Domain-Registrierung \/ Transfer-Promotion jederzeit ohne vorherige Ank\u00fcndigung f\u00fcr die Kunden einzustellen. Wenn und falls die Promotion beendet wird, werden alle Domainnamen, die unter die Regeln der Promotion fallen, zu regul\u00e4ren Domainnamen, die zu einem festen Tarif abgerechnet werden. Der Kunde erkl\u00e4rt sich damit einverstanden, dass ein Domain-Name, egal ob kostenlos oder regul\u00e4r, nur dann gek\u00fcndigt werden kann, wenn die Erneuerung des Domain-Namens \u00fcber die im Kunden-Dashboard zur Verf\u00fcgung gestellten Optionen deaktiviert wird, oder indem ein Ticket an unsere Rechnungsabteilung geschickt wird, um die K\u00fcndigung der Domain zu beantragen, was dasselbe Verfahren ausl\u00f6st. Ein Domainname, der im Rahmen unserer Free Domain-Registrierung\/\u00dcbertragungsaktion kostenlos registriert wurde, wird nicht kostenlos verl\u00e4ngert. BoostedHost beh\u00e4lt sich das Recht vor, die oben genannten Aktionsbedingungen zu \u00e4ndern, zu aktualisieren oder zu entfernen.<\/p>\n","protected":false},"author":1,"featured_media":0,"parent":0,"menu_order":0,"comment_status":"closed","ping_status":"closed","template":"","meta":{"site-sidebar-layout":"no-sidebar","site-content-layout":"page-builder","ast-site-content-layout":"full-width-container","site-content-style":"default","site-sidebar-style":"default","ast-global-header-display":"","ast-banner-title-visibility":"","ast-main-header-display":"","ast-hfb-above-header-display":"","ast-hfb-below-header-display":"","ast-hfb-mobile-header-display":"","site-post-title":"disabled","ast-breadcrumbs-content":"disabled","ast-featured-img":"disabled","footer-sml-layout":"","theme-transparent-header-meta":"default","adv-header-id-meta":"","stick-header-meta":"","header-above-stick-meta":"","header-main-stick-meta":"","header-below-stick-meta":"","astra-migrate-meta-layouts":"default","ast-page-background-enabled":"default","ast-page-background-meta":{"desktop":{"background-color":"","background-image":"","background-repeat":"repeat","background-position":"center center","background-size":"auto","background-attachment":"scroll","background-type":"","background-media":"","overlay-type":"","overlay-color":"","overlay-opacity":"","overlay-gradient":""},"tablet":{"background-color":"","background-image":"","background-repeat":"repeat","background-position":"center center","background-size":"auto","background-attachment":"scroll","background-type":"","background-media":"","overlay-type":"","overlay-color":"","overlay-opacity":"","overlay-gradient":""},"mobile":{"background-color":"","background-image":"","background-repeat":"repeat","background-position":"center center","background-size":"auto","background-attachment":"scroll","background-type":"","background-media":"","overlay-type":"","overlay-color":"","overlay-opacity":"","overlay-gradient":""}},"ast-content-background-meta":{"desktop":{"background-color":"var(--ast-global-color-5)","background-image":"","background-repeat":"repeat","background-position":"center center","background-size":"auto","background-attachment":"scroll","background-type":"","background-media":"","overlay-type":"","overlay-color":"","overlay-opacity":"","overlay-gradient":""},"tablet":{"background-color":"var(--ast-global-color-5)","background-image":"","background-repeat":"repeat","background-position":"center center","background-size":"auto","background-attachment":"scroll","background-type":"","background-media":"","overlay-type":"","overlay-color":"","overlay-opacity":"","overlay-gradient":""},"mobile":{"background-color":"var(--ast-global-color-5)","background-image":"","background-repeat":"repeat","background-position":"center center","background-size":"auto","background-attachment":"scroll","background-type":"","background-media":"","overlay-type":"","overlay-color":"","overlay-opacity":"","overlay-gradient":""}},"footnotes":""},"class_list":["post-80837","page","type-page","status-publish","hentry"],"_links":{"self":[{"href":"https:\/\/boostedhost.com\/de-ch\/wp-json\/wp\/v2\/pages\/80837","targetHints":{"allow":["GET"]}}],"collection":[{"href":"https:\/\/boostedhost.com\/de-ch\/wp-json\/wp\/v2\/pages"}],"about":[{"href":"https:\/\/boostedhost.com\/de-ch\/wp-json\/wp\/v2\/types\/page"}],"author":[{"embeddable":true,"href":"https:\/\/boostedhost.com\/de-ch\/wp-json\/wp\/v2\/users\/1"}],"replies":[{"embeddable":true,"href":"https:\/\/boostedhost.com\/de-ch\/wp-json\/wp\/v2\/comments?post=80837"}],"version-history":[{"count":4,"href":"https:\/\/boostedhost.com\/de-ch\/wp-json\/wp\/v2\/pages\/80837\/revisions"}],"predecessor-version":[{"id":86286,"href":"https:\/\/boostedhost.com\/de-ch\/wp-json\/wp\/v2\/pages\/80837\/revisions\/86286"}],"wp:attachment":[{"href":"https:\/\/boostedhost.com\/de-ch\/wp-json\/wp\/v2\/media?parent=80837"}],"curies":[{"name":"wp","href":"https:\/\/api.w.org\/{rel}","templated":true}]}}