{"id":81231,"date":"2025-06-02T12:41:31","date_gmt":"2025-06-02T12:41:31","guid":{"rendered":"https:\/\/boostedhost.com\/leistungstest\/"},"modified":"2025-08-11T18:52:51","modified_gmt":"2025-08-11T18:52:51","slug":"leistungstest","status":"publish","type":"page","link":"https:\/\/boostedhost.com\/de-ch\/leistungstest\/","title":{"rendered":"Leistungstest"},"content":{"rendered":"\t\t<div data-elementor-type=\"wp-page\" data-elementor-id=\"81231\" class=\"elementor elementor-81231 elementor-3574\" data-elementor-post-type=\"page\">\n\t\t\t\t<div class=\"elementor-element elementor-element-1b6d8e0 e-flex e-con-boxed wpr-particle-no wpr-jarallax-no wpr-parallax-no wpr-sticky-section-no e-con e-parent\" data-id=\"1b6d8e0\" data-element_type=\"container\" data-settings=\"{&quot;background_background&quot;:&quot;classic&quot;}\">\n\t\t\t\t\t<div class=\"e-con-inner\">\n\t\t<div class=\"elementor-element elementor-element-b6daaeb e-con-full e-flex wpr-particle-no wpr-jarallax-no wpr-parallax-no wpr-sticky-section-no e-con e-child\" data-id=\"b6daaeb\" data-element_type=\"container\">\n\t\t<div class=\"elementor-element elementor-element-e2e23a9 e-con-full e-flex wpr-particle-no wpr-jarallax-no wpr-parallax-no wpr-sticky-section-no e-con e-child\" data-id=\"e2e23a9\" data-element_type=\"container\">\n\t\t\t\t<div class=\"elementor-element elementor-element-18cdd29 elementor-position-left elementor-mobile-position-left dot-icon elementor-view-default elementor-widget elementor-widget-icon-box\" data-id=\"18cdd29\" data-element_type=\"widget\" data-widget_type=\"icon-box.default\">\n\t\t\t\t\t\t\t<div class=\"elementor-icon-box-wrapper\">\n\n\t\t\t\t\t\t<div class=\"elementor-icon-box-icon\">\n\t\t\t\t<span  class=\"elementor-icon\">\n\t\t\t\t<svg xmlns=\"http:\/\/www.w3.org\/2000\/svg\" width=\"5\" height=\"5\" viewBox=\"0 0 5 5\" fill=\"none\"><circle cx=\"2.5\" cy=\"2.5\" r=\"2.5\" fill=\"#FC6130\"><\/circle><\/svg>\t\t\t\t<\/span>\n\t\t\t<\/div>\n\t\t\t\n\t\t\t\t\t\t<div class=\"elementor-icon-box-content\">\n\n\t\t\t\t\t\t\t\t\t<h5 class=\"elementor-icon-box-title\">\n\t\t\t\t\t\t<span  >\n\t\t\t\t\t\t\tSofort geliefert\t\t\t\t\t\t<\/span>\n\t\t\t\t\t<\/h5>\n\t\t\t\t\n\t\t\t\t\n\t\t\t<\/div>\n\t\t\t\n\t\t<\/div>\n\t\t\t\t\t\t<\/div>\n\t\t\t\t<div class=\"elementor-element elementor-element-abf20aa elementor-widget elementor-widget-heading\" data-id=\"abf20aa\" data-element_type=\"widget\" data-widget_type=\"heading.default\">\n\t\t\t\t\t<h1 class=\"elementor-heading-title elementor-size-default\">Erhalten Sie einen kostenlosen <strong class=\"gradient-text\">Leistungs- und Geschwindigkeitstest<\/strong> f\u00fcr Ihre Website <\/h1>\t\t\t\t<\/div>\n\t\t\t\t<div class=\"elementor-element elementor-element-a328902 elementor-widget elementor-widget-text-editor\" data-id=\"a328902\" data-element_type=\"widget\" data-widget_type=\"text-editor.default\">\n\t\t\t\t\t\t\t\t\tTesten Sie die Leistung und Geschwindigkeit Ihrer Website kostenlos.\t\t\t\t\t\t\t\t<\/div>\n\t\t\t\t<\/div>\n\t\t<div class=\"elementor-element elementor-element-7cf784f e-con-full perfor-test e-flex wpr-particle-no wpr-jarallax-no wpr-parallax-no wpr-sticky-section-no e-con e-child\" data-id=\"7cf784f\" data-element_type=\"container\" data-settings=\"{&quot;background_background&quot;:&quot;classic&quot;}\">\n\t\t\t\t<div class=\"elementor-element elementor-element-abf27c9 elementor-widget elementor-widget-html\" data-id=\"abf27c9\" data-element_type=\"widget\" data-widget_type=\"html.default\">\n\t\t\t\t\t\n<div class=\"wpcf7 no-js\" id=\"wpcf7-f81352-o1\" lang=\"de-CH\" dir=\"ltr\" data-wpcf7-id=\"81352\">\n<div class=\"screen-reader-response\"><p role=\"status\" aria-live=\"polite\" aria-atomic=\"true\"><\/p> <ul><\/ul><\/div>\n<form action=\"\/de-ch\/wp-json\/wp\/v2\/pages\/81231#wpcf7-f81352-o1\" method=\"post\" class=\"wpcf7-form init\" aria-label=\"Contact form\" novalidate=\"novalidate\" data-status=\"init\">\n<fieldset class=\"hidden-fields-container\"><input type=\"hidden\" name=\"_wpcf7\" value=\"81352\" \/><input type=\"hidden\" name=\"_wpcf7_version\" value=\"6.1.3\" \/><input type=\"hidden\" name=\"_wpcf7_locale\" value=\"de_CH\" \/><input type=\"hidden\" name=\"_wpcf7_unit_tag\" value=\"wpcf7-f81352-o1\" \/><input type=\"hidden\" name=\"_wpcf7_container_post\" value=\"0\" \/><input type=\"hidden\" name=\"_wpcf7_posted_data_hash\" value=\"\" \/>\n<\/fieldset>\n<p><span class=\"wpcf7-form-control-wrap\" data-name=\"full-name\"><input size=\"40\" maxlength=\"400\" class=\"wpcf7-form-control wpcf7-text wpcf7-validates-as-required\" autocomplete=\"name\" aria-required=\"true\" aria-invalid=\"false\" placeholder=\"Full Name\" value=\"\" type=\"text\" name=\"full-name\" \/><\/span>\n<\/p>\n<p><span class=\"wpcf7-form-control-wrap\" data-name=\"email-address\"><input size=\"40\" maxlength=\"400\" class=\"wpcf7-form-control wpcf7-email wpcf7-validates-as-required wpcf7-text wpcf7-validates-as-email\" autocomplete=\"email\" aria-required=\"true\" aria-invalid=\"false\" placeholder=\"Email Address\" value=\"\" type=\"email\" name=\"email-address\" \/><\/span>\n<\/p>\n<p><span class=\"wpcf7-form-control-wrap\" data-name=\"website\"><input size=\"40\" maxlength=\"400\" class=\"wpcf7-form-control wpcf7-url wpcf7-validates-as-required wpcf7-text wpcf7-validates-as-url\" aria-required=\"true\" aria-invalid=\"false\" placeholder=\"WWW.\" value=\"\" type=\"url\" name=\"website\" \/><\/span>\n<\/p>\n<p><input class=\"wpcf7-form-control wpcf7-submit has-spinner\" type=\"submit\" value=\"Send\" \/>\n<\/p><input type='hidden' class='wpcf7-pum' value='{\"closepopup\":false,\"closedelay\":0,\"openpopup\":false,\"openpopup_id\":0}' \/><div class=\"wpcf7-response-output\" aria-hidden=\"true\"><\/div>\n<\/form>\n<\/div>\n\t\t\t\t<\/div>\n\t\t\t\t<\/div>\n\t\t\t\t<\/div>\n\t\t\t\t\t<\/div>\n\t\t\t\t<\/div>\n\t\t<div class=\"elementor-element elementor-element-04f6d2f e-con-full e-flex wpr-particle-no wpr-jarallax-no wpr-parallax-no wpr-sticky-section-no e-con e-parent\" data-id=\"04f6d2f\" data-element_type=\"container\">\n\t\t<div class=\"elementor-element elementor-element-ef257fa e-con-full e-flex wpr-particle-no wpr-jarallax-no wpr-parallax-no wpr-sticky-section-no e-con e-child\" data-id=\"ef257fa\" data-element_type=\"container\">\n\t\t\t\t<div class=\"elementor-element elementor-element-a92bc68 elementor-widget elementor-widget-html\" data-id=\"a92bc68\" data-element_type=\"widget\" data-widget_type=\"html.default\">\n\t\t\t\t\t<div class=\"custom-marquee\">\r\n  <div class=\"marquee-content\">\r\n    <span><img decoding=\"async\" src=\"https:\/\/boostedhost.com\/wp-content\/uploads\/2025\/05\/452-021.png\">  Kostenlose Migration<\/span>\r\n    <span><img decoding=\"async\" src=\"https:\/\/boostedhost.com\/wp-content\/uploads\/2025\/05\/452-022.png\">  Kostenloses SSL-Zertifikat<\/span>\r\n    <span><img decoding=\"async\" src=\"https:\/\/boostedhost.com\/wp-content\/uploads\/2025\/05\/452-023.png\">  Wir verwenden cPanel<\/span>\r\n    <span><img decoding=\"async\" src=\"https:\/\/boostedhost.com\/wp-content\/uploads\/2025\/05\/452-024.png\">  24\/7-Support<\/span>\r\n    <span><img decoding=\"async\" src=\"https:\/\/boostedhost.com\/wp-content\/uploads\/2025\/05\/452-025.png\">  Kostenlose Domain<\/span>\r\n\t<span><img decoding=\"async\" src=\"https:\/\/boostedhost.com\/wp-content\/uploads\/2025\/05\/452-021.png\">  Kostenlose Migration<\/span>\r\n    <span><img decoding=\"async\" src=\"https:\/\/boostedhost.com\/wp-content\/uploads\/2025\/05\/452-022.png\">  Kostenloses SSL-Zertifikat<\/span>\r\n    <span><img decoding=\"async\" src=\"https:\/\/boostedhost.com\/wp-content\/uploads\/2025\/05\/452-023.png\">  Wir verwenden cPanel<\/span>\r\n    <span><img decoding=\"async\" src=\"https:\/\/boostedhost.com\/wp-content\/uploads\/2025\/05\/452-024.png\">  24\/7-Support<\/span>\r\n    <span><img decoding=\"async\" src=\"https:\/\/boostedhost.com\/wp-content\/uploads\/2025\/05\/452-025.png\">  Kostenlose Domain<\/span>\r\n\t<span><img decoding=\"async\" src=\"https:\/\/boostedhost.com\/wp-content\/uploads\/2025\/05\/452-021.png\">  Kostenlose Migration<\/span>\r\n    <span><img decoding=\"async\" src=\"https:\/\/boostedhost.com\/wp-content\/uploads\/2025\/05\/452-022.png\">  Kostenloses SSL-Zertifikat<\/span>\r\n    <span><img decoding=\"async\" src=\"https:\/\/boostedhost.com\/wp-content\/uploads\/2025\/05\/452-023.png\">  Wir verwenden cPanel<\/span>\r\n    <span><img decoding=\"async\" src=\"https:\/\/boostedhost.com\/wp-content\/uploads\/2025\/05\/452-024.png\">  24\/7-Support<\/span>\r\n    <span><img decoding=\"async\" src=\"https:\/\/boostedhost.com\/wp-content\/uploads\/2025\/05\/452-025.png\">  Kostenlose Domain<\/span>\r\n\t<span><img decoding=\"async\" src=\"https:\/\/boostedhost.com\/wp-content\/uploads\/2025\/05\/452-021.png\">  Kostenlose Migration<\/span>\r\n    <span><img decoding=\"async\" src=\"https:\/\/boostedhost.com\/wp-content\/uploads\/2025\/05\/452-022.png\">  Kostenloses SSL-Zertifikat<\/span>\r\n    <span><img decoding=\"async\" src=\"https:\/\/boostedhost.com\/wp-content\/uploads\/2025\/05\/452-023.png\">  Wir verwenden cPanel<\/span>\r\n    <span><img decoding=\"async\" src=\"https:\/\/boostedhost.com\/wp-content\/uploads\/2025\/05\/452-024.png\">  24\/7-Support<\/span>\r\n    <span><img decoding=\"async\" src=\"https:\/\/boostedhost.com\/wp-content\/uploads\/2025\/05\/452-025.png\">  Kostenlose Domain<\/span>\r\n  <\/div>\r\n<\/div>\r\n\r\n<style>\r\n@keyframes marquee {\r\n\t0% {\r\n\t\ttransform: translateX(0);\r\n\t}\r\n\t100% {\r\n\t\ttransform: translateX(-50%);\r\n\t}\r\n}\r\n.custom-marquee {\r\n\tdisplay: flex;\r\n\toverflow: hidden;\r\n\tpadding-top: 25px;\r\n\tpadding-bottom: 25px;\r\n}\r\n.marquee-content {\r\n\tdisplay: flex;\r\n\tanimation: marquee 20s linear infinite;\r\n\tgap: 50px;\r\n}\r\n.marquee-content span {\r\n\tdisplay: flex;\r\n\talign-items: center;\r\n\tgap: 8px;\r\n\twhite-space: nowrap;\r\n\tfont-size: 12px;\r\n\tfont-family: \"inter\";\r\n\tfont-weight: 400;\r\n\tcolor: #FFF2EE;\r\n}\r\n.marquee-content img {\r\n\twidth: 20px;\r\n}\r\n\r\n@media only screen and (max-width: 767px) {\r\n  .custom-marquee {\r\n    padding-top: 15px;\r\n    padding-bottom: 15px;\r\n  }\r\n\r\n  .marquee-content span {\r\n    font-size: 13px;\r\n  }\r\n\r\n  .marquee-content img {\r\n    width: 15px;\r\n  }\r\n}\r\n<\/style>\t\t\t\t<\/div>\n\t\t\t\t<\/div>\n\t\t\t\t<\/div>\n\t\t<div class=\"elementor-element elementor-element-6c8cbba1 e-flex e-con-boxed wpr-particle-no wpr-jarallax-no wpr-parallax-no wpr-sticky-section-no e-con e-parent\" data-id=\"6c8cbba1\" data-element_type=\"container\">\n\t\t\t\t\t<div class=\"e-con-inner\">\n\t\t<div class=\"elementor-element elementor-element-6321dc6e e-con-full e-flex wpr-particle-no wpr-jarallax-no wpr-parallax-no wpr-sticky-section-no e-con e-child\" data-id=\"6321dc6e\" data-element_type=\"container\">\n\t\t\t\t<div class=\"elementor-element elementor-element-1ed36b3e elementor-widget elementor-widget-heading\" data-id=\"1ed36b3e\" data-element_type=\"widget\" data-widget_type=\"heading.default\">\n\t\t\t\t\t<h2 class=\"elementor-heading-title elementor-size-default\">Wie testen Sie die Geschwindigkeit und Leistung Ihrer Website?<\/h2>\t\t\t\t<\/div>\n\t\t\t\t<\/div>\n\t\t<div class=\"elementor-element elementor-element-2c4efe58 e-con-full e-flex wpr-particle-no wpr-jarallax-no wpr-parallax-no wpr-sticky-section-no e-con e-child\" data-id=\"2c4efe58\" data-element_type=\"container\">\n\t\t<div class=\"elementor-element elementor-element-c393e1e e-con-full e-flex wpr-particle-no wpr-jarallax-no wpr-parallax-no wpr-sticky-section-no e-con e-child\" data-id=\"c393e1e\" data-element_type=\"container\">\n\t\t\t\t<div class=\"elementor-element elementor-element-5d51ba6b elementor-widget elementor-widget-image\" data-id=\"5d51ba6b\" data-element_type=\"widget\" data-widget_type=\"image.default\">\n\t\t\t\t\t\t\t\t\t\t\t\t\t\t\t<img fetchpriority=\"high\" decoding=\"async\" width=\"938\" height=\"494\" src=\"https:\/\/boostedhost.com\/wp-content\/uploads\/2025\/06\/362-022.png\" class=\"attachment-full size-full wp-image-81233\" alt=\"\" srcset=\"https:\/\/boostedhost.com\/wp-content\/uploads\/2025\/06\/362-022.png 938w, https:\/\/boostedhost.com\/wp-content\/uploads\/2025\/06\/362-022-300x158.png 300w, https:\/\/boostedhost.com\/wp-content\/uploads\/2025\/06\/362-022-768x404.png 768w\" sizes=\"(max-width: 938px) 100vw, 938px\" \/>\t\t\t\t\t\t\t\t\t\t\t\t\t\t\t<\/div>\n\t\t\t\t<\/div>\n\t\t<div class=\"elementor-element elementor-element-4367a03c e-con-full e-flex wpr-particle-no wpr-jarallax-no wpr-parallax-no wpr-sticky-section-no e-con e-child\" data-id=\"4367a03c\" data-element_type=\"container\">\n\t\t\t\t<div class=\"elementor-element elementor-element-527504d1 elementor-widget elementor-widget-text-editor\" data-id=\"527504d1\" data-element_type=\"widget\" data-widget_type=\"text-editor.default\">\n\t\t\t\t\t\t\t\t\tWebsitegeschwindigkeit und -leistung sind entscheidende Faktoren f\u00fcr die Online-Leadgenerierung. Eine langsame oder schlecht funktionierende Website kann Besucher frustrieren, Konversionen senken und Ihre SEO-Rankings beeintr\u00e4chtigen. \t\t\t\t\t\t\t\t<\/div>\n\t\t\t\t<div class=\"elementor-element elementor-element-ee62deb elementor-widget elementor-widget-text-editor\" data-id=\"ee62deb\" data-element_type=\"widget\" data-widget_type=\"text-editor.default\">\n\t\t\t\t\t\t\t\t\t<p>Daher ist es erforderlich, die Geschwindigkeit und Leistung Ihrer Website regelm\u00e4\u00dfig zu testen und zu \u00fcberwachen sowie Verbesserungsbereiche zu identifizieren. Hier sind einige Schritte, die Sie befolgen k\u00f6nnen, um die Geschwindigkeit und Leistung Ihrer Website zu optimieren. <\/p>\t\t\t\t\t\t\t\t<\/div>\n\t\t\t\t<\/div>\n\t\t\t\t<\/div>\n\t\t\t\t\t<\/div>\n\t\t\t\t<\/div>\n\t\t<div class=\"elementor-element elementor-element-4409dcd8 e-flex e-con-boxed wpr-particle-no wpr-jarallax-no wpr-parallax-no wpr-sticky-section-no e-con e-parent\" data-id=\"4409dcd8\" data-element_type=\"container\">\n\t\t\t\t\t<div class=\"e-con-inner\">\n\t\t<div class=\"elementor-element elementor-element-142640b3 e-con-full e-flex wpr-particle-no wpr-jarallax-no wpr-parallax-no wpr-sticky-section-no e-con e-child\" data-id=\"142640b3\" data-element_type=\"container\">\n\t\t\t\t<div class=\"elementor-element elementor-element-402ada3c elementor-widget elementor-widget-heading\" data-id=\"402ada3c\" data-element_type=\"widget\" data-widget_type=\"heading.default\">\n\t\t\t\t\t<h2 class=\"elementor-heading-title elementor-size-default\">Unsere Leistungsleitf\u00e4den<\/h2>\t\t\t\t<\/div>\n\t\t\t\t<\/div>\n\t\t<div class=\"elementor-element elementor-element-12a05470 e-con-full e-flex wpr-particle-no wpr-jarallax-no wpr-parallax-no wpr-sticky-section-no e-con e-child\" data-id=\"12a05470\" data-element_type=\"container\">\n\t\t<div class=\"elementor-element elementor-element-781498e e-con-full e-flex wpr-particle-no wpr-jarallax-no wpr-parallax-no wpr-sticky-section-no e-con e-child\" data-id=\"781498e\" data-element_type=\"container\" data-settings=\"{&quot;background_background&quot;:&quot;classic&quot;}\">\n\t\t\t\t<div class=\"elementor-element elementor-element-a909100 elementor-widget elementor-widget-image\" data-id=\"a909100\" data-element_type=\"widget\" data-widget_type=\"image.default\">\n\t\t\t\t\t\t\t\t\t\t\t\t\t\t\t<img decoding=\"async\" width=\"700\" height=\"415\" src=\"https:\/\/boostedhost.com\/wp-content\/uploads\/2025\/06\/580-001.png\" class=\"attachment-full size-full wp-image-81234\" alt=\"\" srcset=\"https:\/\/boostedhost.com\/wp-content\/uploads\/2025\/06\/580-001.png 700w, https:\/\/boostedhost.com\/wp-content\/uploads\/2025\/06\/580-001-300x178.png 300w\" sizes=\"(max-width: 700px) 100vw, 700px\" \/>\t\t\t\t\t\t\t\t\t\t\t\t\t\t\t<\/div>\n\t\t<div class=\"elementor-element elementor-element-118cc786 e-con-full e-flex wpr-particle-no wpr-jarallax-no wpr-parallax-no wpr-sticky-section-no e-con e-child\" data-id=\"118cc786\" data-element_type=\"container\">\n\t\t\t\t<div class=\"elementor-element elementor-element-76176067 elementor-widget elementor-widget-heading\" data-id=\"76176067\" data-element_type=\"widget\" data-widget_type=\"heading.default\">\n\t\t\t\t\t<h5 class=\"elementor-heading-title elementor-size-default\">Die Rolle der k\u00fcnstlichen Intelligenz bei der Websiteerstellung<\/h5>\t\t\t\t<\/div>\n\t\t\t\t<div class=\"elementor-element elementor-element-6fe151db elementor-widget elementor-widget-text-editor\" data-id=\"6fe151db\" data-element_type=\"widget\" data-widget_type=\"text-editor.default\">\n\t\t\t\t\t\t\t\t\tDie Rolle der k\u00fcnstlichen Intelligenz bei der Websiteerstellung Autor: Admin&#8230; <a style=\"text-decoration: underline; color: #fc6130;\" href=\"https:\/\/boostedhost.com\/blog\/the-role-of-artificial-intelligence-in-website-creation\/\">Weiterlesen<\/a>\t\t\t\t\t\t\t\t<\/div>\n\t\t\t\t<\/div>\n\t\t\t\t<\/div>\n\t\t<div class=\"elementor-element elementor-element-26419dfc e-con-full e-flex wpr-particle-no wpr-jarallax-no wpr-parallax-no wpr-sticky-section-no e-con e-child\" data-id=\"26419dfc\" data-element_type=\"container\" data-settings=\"{&quot;background_background&quot;:&quot;classic&quot;}\">\n\t\t\t\t<div class=\"elementor-element elementor-element-3d3f6e37 elementor-widget elementor-widget-image\" data-id=\"3d3f6e37\" data-element_type=\"widget\" data-widget_type=\"image.default\">\n\t\t\t\t\t\t\t\t\t\t\t\t\t\t\t<img decoding=\"async\" width=\"698\" height=\"414\" src=\"https:\/\/boostedhost.com\/wp-content\/uploads\/2025\/06\/582-001.png\" class=\"attachment-full size-full wp-image-81235\" alt=\"\" srcset=\"https:\/\/boostedhost.com\/wp-content\/uploads\/2025\/06\/582-001.png 698w, https:\/\/boostedhost.com\/wp-content\/uploads\/2025\/06\/582-001-300x178.png 300w\" sizes=\"(max-width: 698px) 100vw, 698px\" \/>\t\t\t\t\t\t\t\t\t\t\t\t\t\t\t<\/div>\n\t\t<div class=\"elementor-element elementor-element-2686f239 e-con-full e-flex wpr-particle-no wpr-jarallax-no wpr-parallax-no wpr-sticky-section-no e-con e-child\" data-id=\"2686f239\" data-element_type=\"container\">\n\t\t\t\t<div class=\"elementor-element elementor-element-113fcb44 elementor-widget elementor-widget-heading\" data-id=\"113fcb44\" data-element_type=\"widget\" data-widget_type=\"heading.default\">\n\t\t\t\t\t<h5 class=\"elementor-heading-title elementor-size-default\">Wie man eine ansprechende '\u00dcber uns'-Seite f\u00fcr Ihre Website erstellt<\/h5>\t\t\t\t<\/div>\n\t\t\t\t<div class=\"elementor-element elementor-element-6e017673 elementor-widget elementor-widget-text-editor\" data-id=\"6e017673\" data-element_type=\"widget\" data-widget_type=\"text-editor.default\">\n\t\t\t\t\t\t\t\t\tWie man eine ansprechende &#8218;\u00dcber uns&#8216;-Seite f\u00fcr Ihre&#8230; <a style=\"text-decoration: underline; color: #fc6130;\" href=\"https:\/\/boostedhost.com\/blog\/how-to-create-an-engaging-about-us-page-for-your-website\/\">Weiterlesen<\/a>\t\t\t\t\t\t\t\t<\/div>\n\t\t\t\t<\/div>\n\t\t\t\t<\/div>\n\t\t<div class=\"elementor-element elementor-element-468da22a e-con-full e-flex wpr-particle-no wpr-jarallax-no wpr-parallax-no wpr-sticky-section-no e-con e-child\" data-id=\"468da22a\" data-element_type=\"container\" data-settings=\"{&quot;background_background&quot;:&quot;classic&quot;}\">\n\t\t\t\t<div class=\"elementor-element elementor-element-58b79547 elementor-widget elementor-widget-image\" data-id=\"58b79547\" data-element_type=\"widget\" data-widget_type=\"image.default\">\n\t\t\t\t\t\t\t\t\t\t\t\t\t\t\t<img loading=\"lazy\" decoding=\"async\" width=\"698\" height=\"414\" src=\"https:\/\/boostedhost.com\/wp-content\/uploads\/2025\/06\/582-002.png\" class=\"attachment-full size-full wp-image-81236\" alt=\"\" srcset=\"https:\/\/boostedhost.com\/wp-content\/uploads\/2025\/06\/582-002.png 698w, https:\/\/boostedhost.com\/wp-content\/uploads\/2025\/06\/582-002-300x178.png 300w\" sizes=\"auto, (max-width: 698px) 100vw, 698px\" \/>\t\t\t\t\t\t\t\t\t\t\t\t\t\t\t<\/div>\n\t\t<div class=\"elementor-element elementor-element-6faf2fa3 e-con-full e-flex wpr-particle-no wpr-jarallax-no wpr-parallax-no wpr-sticky-section-no e-con e-child\" data-id=\"6faf2fa3\" data-element_type=\"container\">\n\t\t\t\t<div class=\"elementor-element elementor-element-44fb5cc5 elementor-widget elementor-widget-heading\" data-id=\"44fb5cc5\" data-element_type=\"widget\" data-widget_type=\"heading.default\">\n\t\t\t\t\t<h5 class=\"elementor-heading-title elementor-size-default\">Erstellung einer benutzerdefinierten 404-Seite zur Verbesserung der Benutzererfahrung<\/h5>\t\t\t\t<\/div>\n\t\t\t\t<div class=\"elementor-element elementor-element-6bb4123 elementor-widget elementor-widget-text-editor\" data-id=\"6bb4123\" data-element_type=\"widget\" data-widget_type=\"text-editor.default\">\n\t\t\t\t\t\t\t\t\tErstellung einer benutzerdefinierten 404-Seite zur Verbesserung der Benutzererfahrung Autor:&#8230; <a style=\"text-decoration: underline; color: #fc6130;\" href=\"https:\/\/boostedhost.com\/blog\/creating-a-custom-404-page-to-enhance-user-experience\/\">Weiterlesen<\/a>\t\t\t\t\t\t\t\t<\/div>\n\t\t\t\t<\/div>\n\t\t\t\t<\/div>\n\t\t\t\t<\/div>\n\t\t\t\t\t<\/div>\n\t\t\t\t<\/div>\n\t\t\t\t<\/div>\n\t\t","protected":false},"excerpt":{"rendered":"<p>Sofort geliefert Erhalten Sie einen kostenlosen Leistungs- und Geschwindigkeitstest f\u00fcr Ihre Website Testen Sie die Leistung und Geschwindigkeit Ihrer Website kostenlos. Kostenlose Migration Kostenloses SSL-Zertifikat Wir verwenden cPanel 24\/7-Support Kostenlose Domain Kostenlose Migration Kostenloses SSL-Zertifikat Wir verwenden cPanel 24\/7-Support Kostenlose Domain Kostenlose Migration Kostenloses SSL-Zertifikat Wir verwenden cPanel 24\/7-Support Kostenlose Domain Kostenlose Migration Kostenloses SSL-Zertifikat Wir verwenden cPanel 24\/7-Support Kostenlose Domain Wie testen Sie die Geschwindigkeit und Leistung Ihrer Website? Websitegeschwindigkeit und -leistung sind entscheidende Faktoren f\u00fcr die Online-Leadgenerierung. Eine langsame oder schlecht funktionierende Website kann Besucher frustrieren, Konversionen senken und Ihre SEO-Rankings beeintr\u00e4chtigen. Daher ist es erforderlich, die Geschwindigkeit und Leistung Ihrer Website regelm\u00e4\u00dfig zu testen und zu \u00fcberwachen sowie Verbesserungsbereiche zu identifizieren. Hier sind einige Schritte, die Sie befolgen k\u00f6nnen, um die Geschwindigkeit und Leistung Ihrer Website zu optimieren. Unsere Leistungsleitf\u00e4den Die Rolle der k\u00fcnstlichen Intelligenz bei der Websiteerstellung Die Rolle der k\u00fcnstlichen Intelligenz bei der Websiteerstellung Autor: Admin&#8230; Weiterlesen Wie man eine ansprechende &#8218;\u00dcber uns&#8216;-Seite f\u00fcr Ihre Website erstellt Wie man eine ansprechende &#8218;\u00dcber uns&#8216;-Seite f\u00fcr Ihre&#8230; Weiterlesen Erstellung einer benutzerdefinierten 404-Seite zur Verbesserung der Benutzererfahrung Erstellung einer benutzerdefinierten 404-Seite zur Verbesserung der Benutzererfahrung Autor:&#8230; Weiterlesen<\/p>\n","protected":false},"author":1,"featured_media":0,"parent":0,"menu_order":0,"comment_status":"closed","ping_status":"closed","template":"","meta":{"site-sidebar-layout":"no-sidebar","site-content-layout":"page-builder","ast-site-content-layout":"full-width-container","site-content-style":"default","site-sidebar-style":"default","ast-global-header-display":"","ast-banner-title-visibility":"","ast-main-header-display":"","ast-hfb-above-header-display":"","ast-hfb-below-header-display":"","ast-hfb-mobile-header-display":"","site-post-title":"disabled","ast-breadcrumbs-content":"disabled","ast-featured-img":"disabled","footer-sml-layout":"","theme-transparent-header-meta":"default","adv-header-id-meta":"","stick-header-meta":"","header-above-stick-meta":"","header-main-stick-meta":"","header-below-stick-meta":"","astra-migrate-meta-layouts":"default","ast-page-background-enabled":"default","ast-page-background-meta":{"desktop":{"background-color":"","background-image":"","background-repeat":"repeat","background-position":"center center","background-size":"auto","background-attachment":"scroll","background-type":"","background-media":"","overlay-type":"","overlay-color":"","overlay-opacity":"","overlay-gradient":""},"tablet":{"background-color":"","background-image":"","background-repeat":"repeat","background-position":"center center","background-size":"auto","background-attachment":"scroll","background-type":"","background-media":"","overlay-type":"","overlay-color":"","overlay-opacity":"","overlay-gradient":""},"mobile":{"background-color":"","background-image":"","background-repeat":"repeat","background-position":"center center","background-size":"auto","background-attachment":"scroll","background-type":"","background-media":"","overlay-type":"","overlay-color":"","overlay-opacity":"","overlay-gradient":""}},"ast-content-background-meta":{"desktop":{"background-color":"var(--ast-global-color-5)","background-image":"","background-repeat":"repeat","background-position":"center center","background-size":"auto","background-attachment":"scroll","background-type":"","background-media":"","overlay-type":"","overlay-color":"","overlay-opacity":"","overlay-gradient":""},"tablet":{"background-color":"var(--ast-global-color-5)","background-image":"","background-repeat":"repeat","background-position":"center center","background-size":"auto","background-attachment":"scroll","background-type":"","background-media":"","overlay-type":"","overlay-color":"","overlay-opacity":"","overlay-gradient":""},"mobile":{"background-color":"var(--ast-global-color-5)","background-image":"","background-repeat":"repeat","background-position":"center center","background-size":"auto","background-attachment":"scroll","background-type":"","background-media":"","overlay-type":"","overlay-color":"","overlay-opacity":"","overlay-gradient":""}},"footnotes":""},"class_list":["post-81231","page","type-page","status-publish","hentry"],"_links":{"self":[{"href":"https:\/\/boostedhost.com\/de-ch\/wp-json\/wp\/v2\/pages\/81231","targetHints":{"allow":["GET"]}}],"collection":[{"href":"https:\/\/boostedhost.com\/de-ch\/wp-json\/wp\/v2\/pages"}],"about":[{"href":"https:\/\/boostedhost.com\/de-ch\/wp-json\/wp\/v2\/types\/page"}],"author":[{"embeddable":true,"href":"https:\/\/boostedhost.com\/de-ch\/wp-json\/wp\/v2\/users\/1"}],"replies":[{"embeddable":true,"href":"https:\/\/boostedhost.com\/de-ch\/wp-json\/wp\/v2\/comments?post=81231"}],"version-history":[{"count":0,"href":"https:\/\/boostedhost.com\/de-ch\/wp-json\/wp\/v2\/pages\/81231\/revisions"}],"wp:attachment":[{"href":"https:\/\/boostedhost.com\/de-ch\/wp-json\/wp\/v2\/media?parent=81231"}],"curies":[{"name":"wp","href":"https:\/\/api.w.org\/{rel}","templated":true}]}}