{"id":81060,"date":"2025-06-03T10:33:48","date_gmt":"2025-06-03T10:33:48","guid":{"rendered":"https:\/\/boostedhost.com\/dienstleistungen-von-drittanbietern\/"},"modified":"2025-08-11T18:51:19","modified_gmt":"2025-08-11T18:51:19","slug":"dienstleistungen-von-drittanbietern","status":"publish","type":"page","link":"https:\/\/boostedhost.com\/de\/dienstleistungen-von-drittanbietern\/","title":{"rendered":"Dienstleistungen von Drittanbietern"},"content":{"rendered":"\t\t<div data-elementor-type=\"wp-page\" data-elementor-id=\"81060\" class=\"elementor elementor-81060 elementor-4518\" data-elementor-post-type=\"page\">\n\t\t\t\t<div class=\"elementor-element elementor-element-2d656f0 e-flex e-con-boxed wpr-particle-no wpr-jarallax-no wpr-parallax-no wpr-sticky-section-no e-con e-parent\" data-id=\"2d656f0\" data-element_type=\"container\" data-settings=\"{&quot;background_background&quot;:&quot;classic&quot;}\">\n\t\t\t\t\t<div class=\"e-con-inner\">\n\t\t<div class=\"elementor-element elementor-element-8fa7e8f e-con-full e-flex wpr-particle-no wpr-jarallax-no wpr-parallax-no wpr-sticky-section-no e-con e-child\" data-id=\"8fa7e8f\" data-element_type=\"container\">\n\t\t\t\t<div class=\"elementor-element elementor-element-72029fa elementor-position-left elementor-mobile-position-left dot-icon elementor-view-default elementor-widget elementor-widget-icon-box\" data-id=\"72029fa\" data-element_type=\"widget\" data-widget_type=\"icon-box.default\">\n\t\t\t\t\t\t\t<div class=\"elementor-icon-box-wrapper\">\n\n\t\t\t\t\t\t<div class=\"elementor-icon-box-icon\">\n\t\t\t\t<span  class=\"elementor-icon\">\n\t\t\t\t<svg xmlns=\"http:\/\/www.w3.org\/2000\/svg\" width=\"11\" height=\"10\" viewBox=\"0 0 11 10\" fill=\"none\"><path d=\"M5.5 0C6.82608 0 8.09785 0.526784 9.03553 1.46447C9.97322 2.40215 10.5 3.67392 10.5 5C10.5 6.32608 9.97322 7.59785 9.03553 8.53553C8.09785 9.47322 6.82608 10 5.5 10C4.17392 10 2.90215 9.47322 1.96447 8.53553C1.02678 7.59785 0.5 6.32608 0.5 5C0.5 3.67392 1.02678 2.40215 1.96447 1.46447C2.90215 0.526784 4.17392 0 5.5 0ZM6.24995 3.06978C6.62135 3.06978 6.92276 2.81194 6.92276 2.42983C6.92276 2.04771 6.62063 1.78987 6.24995 1.78987C5.87854 1.78987 5.57857 2.04771 5.57857 2.42983C5.57857 2.81194 5.87854 3.06978 6.24995 3.06978ZM6.38065 7.08878C6.38065 7.01236 6.40708 6.8138 6.39208 6.70095L5.80498 7.37662C5.68356 7.50446 5.53143 7.59303 5.46 7.56946C5.4276 7.55754 5.40051 7.53444 5.38362 7.50432C5.36673 7.47421 5.36114 7.43905 5.36787 7.40518L6.34637 4.31398C6.42636 3.92186 6.20638 3.56403 5.73998 3.51832C5.24788 3.51832 4.52364 4.01757 4.08296 4.6511C4.08296 4.72681 4.06867 4.91536 4.08367 5.02821L4.67006 4.35183C4.79148 4.22541 4.9329 4.13613 5.00432 4.16042C5.03951 4.17305 5.06835 4.19897 5.08464 4.23262C5.10093 4.26627 5.10338 4.30497 5.09146 4.3404L4.12153 7.41661C4.00939 7.77659 4.22152 8.12942 4.73577 8.20941C5.49286 8.20941 5.93997 7.72231 6.38137 7.08878H6.38065Z\" fill=\"#FF6022\"><\/path><\/svg>\t\t\t\t<\/span>\n\t\t\t<\/div>\n\t\t\t\n\t\t\t\t\t\t<div class=\"elementor-icon-box-content\">\n\n\t\t\t\t\n\t\t\t\t\t\t\t\t\t<p class=\"elementor-icon-box-description\">\n\t\t\t\t\t\tAllgemeine Gesch\u00e4ftsbedingungen und rechtliche Vereinbarung, die f\u00fcr Seelenfrieden sorgt!\t\t\t\t\t<\/p>\n\t\t\t\t\n\t\t\t<\/div>\n\t\t\t\n\t\t<\/div>\n\t\t\t\t\t\t<\/div>\n\t\t\t\t<div class=\"elementor-element elementor-element-9b9eb2c elementor-widget elementor-widget-heading\" data-id=\"9b9eb2c\" data-element_type=\"widget\" data-widget_type=\"heading.default\">\n\t\t\t\t\t<h1 class=\"elementor-heading-title elementor-size-default\">Nutzungsbedingungen<\/h1>\t\t\t\t<\/div>\n\t\t<div class=\"elementor-element elementor-element-86879cd e-con-full e-flex wpr-particle-no wpr-jarallax-no wpr-parallax-no wpr-sticky-section-no e-con e-child\" data-id=\"86879cd\" data-element_type=\"container\">\n\t\t\t\t<div class=\"elementor-element elementor-element-630002f elementor-widget elementor-widget-text-editor\" data-id=\"630002f\" data-element_type=\"widget\" data-widget_type=\"text-editor.default\">\n\t\t\t\t\t\t\t\t\tBitte lesen Sie sorgf\u00e4ltig alle wichtigen Informationen, rechtlichen Bestimmungen und andere n\u00fctzliche Informationen zu unserem schnellen, sicheren und stabilen Webhosting-Service!\t\t\t\t\t\t\t\t<\/div>\n\t\t\t\t<\/div>\n\t\t\t\t<\/div>\n\t\t\t\t\t<\/div>\n\t\t\t\t<\/div>\n\t\t<div class=\"elementor-element elementor-element-37556e9 e-flex e-con-boxed wpr-particle-no wpr-jarallax-no wpr-parallax-no wpr-sticky-section-no e-con e-parent\" data-id=\"37556e9\" data-element_type=\"container\" data-settings=\"{&quot;background_background&quot;:&quot;classic&quot;}\">\n\t\t\t\t\t<div class=\"e-con-inner\">\n\t\t<div class=\"elementor-element elementor-element-478f7cd e-con-full e-flex wpr-particle-no wpr-jarallax-no wpr-parallax-no wpr-sticky-section-no e-con e-child\" data-id=\"478f7cd\" data-element_type=\"container\">\n\t\t<div class=\"elementor-element elementor-element-18cf9cd e-con-full e-flex wpr-particle-no wpr-jarallax-no wpr-parallax-no wpr-sticky-section-no e-con e-child\" data-id=\"18cf9cd\" data-element_type=\"container\">\n\t\t\t\t<div class=\"elementor-element elementor-element-c090d33 nav-menu-sidebar elementor-widget elementor-widget-wp-widget-nav_menu\" data-id=\"c090d33\" data-element_type=\"widget\" data-widget_type=\"wp-widget-nav_menu.default\">\n\t\t\t\t<div class=\"elementor-widget-container\">\n\t\t\t\t\t<nav class=\"menu-terms-of-services-container\" aria-label=\"Men\u00fc\"><ul id=\"menu-terms-of-services\" class=\"menu\"><li id=\"menu-item-4091\" class=\"menu-item menu-item-type-post_type menu-item-object-page menu-item-4091\"><a href=\"https:\/\/boostedhost.com\/legal\/\" class=\"menu-link\">Rechtliches<\/a><\/li>\n<li id=\"menu-item-4232\" class=\"menu-item menu-item-type-post_type menu-item-object-page menu-item-4232\"><a href=\"https:\/\/boostedhost.com\/service-level-agreement\/\" class=\"menu-link\">Service Level Agreement<\/a><\/li>\n<li id=\"menu-item-4495\" class=\"menu-item menu-item-type-post_type menu-item-object-page menu-item-4495\"><a href=\"https:\/\/boostedhost.com\/website-terms-of-service\/\" class=\"menu-link\">Nutzungsbedingungen der Website<\/a><\/li>\n<li id=\"menu-item-4494\" class=\"menu-item menu-item-type-post_type menu-item-object-page menu-item-4494\"><a href=\"https:\/\/boostedhost.com\/resource-usage\/\" class=\"menu-link\">Nutzung der Ressourcen<\/a><\/li>\n<li id=\"menu-item-4630\" class=\"menu-item menu-item-type-post_type menu-item-object-page menu-item-4630\"><a href=\"https:\/\/boostedhost.com\/third-party-services\/\" class=\"menu-link\">Dienstleistungen von Drittanbietern<\/a><\/li>\n<li id=\"menu-item-4629\" class=\"menu-item menu-item-type-post_type menu-item-object-page menu-item-4629\"><a href=\"https:\/\/boostedhost.com\/domain-names-agreement\/\" class=\"menu-link\">Abkommen \u00fcber Dom\u00e4nennamen<\/a><\/li>\n<li id=\"menu-item-4673\" class=\"menu-item menu-item-type-post_type menu-item-object-page menu-item-4673\"><a href=\"https:\/\/boostedhost.com\/copyright-and-dmca\/\" class=\"menu-link\">Urheberrecht und DMCA<\/a><\/li>\n<li id=\"menu-item-4992\" class=\"menu-item menu-item-type-post_type menu-item-object-page menu-item-4992\"><a href=\"https:\/\/boostedhost.com\/cancellations-and-refunds\/\" class=\"menu-link\">Stornierungen und Erstattungen<\/a><\/li>\n<li id=\"menu-item-4991\" class=\"menu-item menu-item-type-post_type menu-item-object-page menu-item-4991\"><a href=\"https:\/\/boostedhost.com\/promotions-agreement\/\" class=\"menu-link\">Promotionsabkommen<\/a><\/li>\n<li id=\"menu-item-4990\" class=\"menu-item menu-item-type-post_type menu-item-object-page menu-item-4990\"><a href=\"https:\/\/boostedhost.com\/cookies-policy\/\" class=\"menu-link\">Cookies-Politik<\/a><\/li>\n<li id=\"menu-item-4989\" class=\"menu-item menu-item-type-post_type menu-item-object-page menu-item-4989\"><a href=\"https:\/\/boostedhost.com\/privacy-policy\/\" class=\"menu-link\">Datenschutzbestimmungen<\/a><\/li>\n<li id=\"menu-item-4988\" class=\"menu-item menu-item-type-post_type menu-item-object-page menu-item-4988\"><a href=\"https:\/\/boostedhost.com\/affiliate-program\/\" class=\"menu-link\">Partnerprogramm<\/a><\/li>\n<li id=\"menu-item-4987\" class=\"menu-item menu-item-type-post_type menu-item-object-page menu-item-4987\"><a href=\"https:\/\/boostedhost.com\/imprint\/\" class=\"menu-link\">Impressum<\/a><\/li>\n<\/ul><\/nav>\t\t\t\t<\/div>\n\t\t\t\t<\/div>\n\t\t\t\t<\/div>\n\t\t<div class=\"elementor-element elementor-element-2e322fe e-con-full e-flex wpr-particle-no wpr-jarallax-no wpr-parallax-no wpr-sticky-section-no e-con e-child\" data-id=\"2e322fe\" data-element_type=\"container\">\n\t\t\t\t<div class=\"elementor-element elementor-element-a413fc9 elementor-widget elementor-widget-heading\" data-id=\"a413fc9\" data-element_type=\"widget\" data-widget_type=\"heading.default\">\n\t\t\t\t\t<h3 class=\"elementor-heading-title elementor-size-default\">Dienstleistungen von Drittanbietern<\/h3>\t\t\t\t<\/div>\n\t\t\t\t<div class=\"elementor-element elementor-element-edb382c elementor-widget elementor-widget-text-editor\" data-id=\"edb382c\" data-element_type=\"widget\" data-widget_type=\"text-editor.default\">\n\t\t\t\t\t\t\t\t\tDie folgenden Nutzungsbedingungen Dritter Vereinbarung gelten f\u00fcr alle zus\u00e4tzlich hinzugef\u00fcgten Dienstleistungen neben dem Web-Hosting-Service bieten wir aber in der gleichen integriert. Durch den Kauf eines der Web-Hosting-Pakete, die wir anbieten, der Kunde stimmt zu, dass alle von BoostedHost angebotenen Dienstleistungen k\u00f6nnen oder nicht zus\u00e4tzliche oder enthaltene Drittanbieter-Services mit dem alleinigen Zweck der enthalten: \t\t\t\t\t\t\t\t<\/div>\n\t\t\t\t<div class=\"elementor-element elementor-element-8c16190 unorder-list-margin0 elementor-widget elementor-widget-text-editor\" data-id=\"8c16190\" data-element_type=\"widget\" data-widget_type=\"text-editor.default\">\n\t\t\t\t\t\t\t\t\t<ul>\n \t<li>Verbesserung des bereits angebotenen Dienstes.<\/li>\n \t<li>Verbesserung der Benutzerfreundlichkeit.<\/li>\n \t<li>Hinzuf\u00fcgen zus\u00e4tzlicher Funktionalit\u00e4ten.<\/li>\n \t<li>Hinzuf\u00fcgen von Sicherheitsverbesserungen.<\/li>\n \t<li>Hinzuf\u00fcgen von Leistungsverbesserungen.<\/li>\n<\/ul>\t\t\t\t\t\t\t\t<\/div>\n\t\t\t\t<div class=\"elementor-element elementor-element-a706b64 elementor-widget elementor-widget-text-editor\" data-id=\"a706b64\" data-element_type=\"widget\" data-widget_type=\"text-editor.default\">\n\t\t\t\t\t\t\t\t\tDurch die Nutzung der Web-Hosting-Service nach erfolgreichem Kauf auf unserer Website, der Kunde erkennt an und stimmt mit der Nutzung von Drittanbieter-Services in der gekauften Web-Hosting-Paket geb\u00fcndelt.\nBoostedHost beh\u00e4lt sich das Recht vor, neue hinzuzuf\u00fcgen, zu aktualisieren bereits bestehenden oder vollst\u00e4ndig zu entfernen Drittanbieter-Services ohne vorherige Ank\u00fcndigung.<br><br>BoostedHost beh\u00e4lt sich das Recht vor, die Preisgestaltung zu \u00e4ndern und gelten zus\u00e4tzliche Preise f\u00fcr alle geb\u00fcndelt oder zus\u00e4tzlich hinzugef\u00fcgt Drittanbieter-Services ohne vorherige Ank\u00fcndigung.<br><br>Der Kunde stimmt mit der Nutzung der folgenden Liste der zus\u00e4tzlichen Drittanbieter-Services mit unseren Web-Hosting-Pakete zur Verf\u00fcgung gestellt:\t\t\t\t\t\t\t\t<\/div>\n\t\t\t\t<div class=\"elementor-element elementor-element-55896e1 unorder-list-margin0 elementor-widget elementor-widget-text-editor\" data-id=\"55896e1\" data-element_type=\"widget\" data-widget_type=\"text-editor.default\">\n\t\t\t\t\t\t\t\t\t<ol>\n \t<li>cPanel\/WHM\/Plesk &#8211; Das leistungsf\u00e4higste Webhosting-Kontrollpanel steht unseren Kunden kostenlos oder zu einem von BoostedHost festgelegten Festpreis zur Verf\u00fcgung. cPanel ist eine auf Linux basierende grafische Benutzeroberfl\u00e4che, die f\u00fcr die einfache Verwaltung von Webhosting-Konten und zugeh\u00f6rigen Diensten verwendet wird. <\/li>\n \t<br>\t<li>CloudLinux &#8211; Linux-Distribution, die f\u00fcr Shared-Hosting-Anbieter entwickelt wurde. Bereitgestellt von CloudLinux Inc. Das Betriebssystem basiert auf einer anderen Linux-Distribution &#8211; CentOS. <\/li>\n \t<br>\t<li>JetBackup &#8211; Zus\u00e4tzliche Funktionalit\u00e4t zu den cPanel\/WHM-Diensten zur grafischen Darstellung der Sicherungs-\/Wiederherstellungsprozesse f\u00fcr die Konten unserer Kunden.<\/li>\n \t<br>\t<li>Softaculous &#8211; Zus\u00e4tzlich zu cPanel\/WHM hinzugef\u00fcgte Funktionalit\u00e4t, die es den Kunden erm\u00f6glicht, Web-Skripte mit wenigen Klicks auf ihren Webhosting-Konten zu installieren. Der Service unterst\u00fctzt mehr als 450 Web-Skripte mit verschiedenen und n\u00fctzlichen Funktionen. <\/li>\n \t<br>\t<li>SitePad &#8211; Zus\u00e4tzlich zu cPanel\/WHM hinzugef\u00fcgte Funktionalit\u00e4t, die die M\u00f6glichkeit bietet, eine Website entweder unter Verwendung eines der vorgeschlagenen Designthemen oder durch Erstellung der Website auf der Grundlage der Designanforderungen des Kunden einfach zu erstellen. Der Service bietet einen Drag-and-Drop-Web-Builder, mit dem sich die Web-Elemente einer Webseite einfach anordnen lassen. <\/li>\n \t<br>\t<li>SpamExperts &#8211; Zus\u00e4tzliche Funktionalit\u00e4t f\u00fcr cPanel\/WHM und insbesondere f\u00fcr den E-Mail-Dienst. Es wird verwendet, um alle eingehenden oder ausgehenden E-Mails auf Spam, Viren oder b\u00f6sartige Links zu scannen und zu filtern. <\/li>\n \t<br>\t<li>Andere Dienste, aber nicht beschr\u00e4nkt auf: LiteSpeed, CloudFlare DNS, Plesk, Imunify360, ImunifyAV, ImunifyAV+, NGINX, Apache<\/li>\n<\/ol>\t\t\t\t\t\t\t\t<\/div>\n\t\t\t\t<div class=\"elementor-element elementor-element-b97d347 elementor-widget elementor-widget-text-editor\" data-id=\"b97d347\" data-element_type=\"widget\" data-widget_type=\"text-editor.default\">\n\t\t\t\t\t\t\t\t\tBoostedHost beh\u00e4lt sich das Recht vor, die Drittanbieter-Servicebedingungen nach eigenem Ermessen und ohne vorherige Ank\u00fcndigung zu aktualisieren.\t\t\t\t\t\t\t\t<\/div>\n\t\t\t\t<\/div>\n\t\t\t\t<\/div>\n\t\t\t\t\t<\/div>\n\t\t\t\t<\/div>\n\t\t\t\t<\/div>\n\t\t","protected":false},"excerpt":{"rendered":"<p>Allgemeine Gesch\u00e4ftsbedingungen und rechtliche Vereinbarung, die f\u00fcr Seelenfrieden sorgt! Nutzungsbedingungen Bitte lesen Sie sorgf\u00e4ltig alle wichtigen Informationen, rechtlichen Bestimmungen und andere n\u00fctzliche Informationen zu unserem schnellen, sicheren und stabilen Webhosting-Service! Dienstleistungen von Drittanbietern Die folgenden Nutzungsbedingungen Dritter Vereinbarung gelten f\u00fcr alle zus\u00e4tzlich hinzugef\u00fcgten Dienstleistungen neben dem Web-Hosting-Service bieten wir aber in der gleichen integriert. Durch den Kauf eines der Web-Hosting-Pakete, die wir anbieten, der Kunde stimmt zu, dass alle von BoostedHost angebotenen Dienstleistungen k\u00f6nnen oder nicht zus\u00e4tzliche oder enthaltene Drittanbieter-Services mit dem alleinigen Zweck der enthalten: Verbesserung des bereits angebotenen Dienstes. Verbesserung der Benutzerfreundlichkeit. Hinzuf\u00fcgen zus\u00e4tzlicher Funktionalit\u00e4ten. Hinzuf\u00fcgen von Sicherheitsverbesserungen. Hinzuf\u00fcgen von Leistungsverbesserungen. Durch die Nutzung der Web-Hosting-Service nach erfolgreichem Kauf auf unserer Website, der Kunde erkennt an und stimmt mit der Nutzung von Drittanbieter-Services in der gekauften Web-Hosting-Paket geb\u00fcndelt. BoostedHost beh\u00e4lt sich das Recht vor, neue hinzuzuf\u00fcgen, zu aktualisieren bereits bestehenden oder vollst\u00e4ndig zu entfernen Drittanbieter-Services ohne vorherige Ank\u00fcndigung. BoostedHost beh\u00e4lt sich das Recht vor, die Preisgestaltung zu \u00e4ndern und gelten zus\u00e4tzliche Preise f\u00fcr alle geb\u00fcndelt oder zus\u00e4tzlich hinzugef\u00fcgt Drittanbieter-Services ohne vorherige Ank\u00fcndigung. Der Kunde stimmt mit der Nutzung der folgenden Liste der zus\u00e4tzlichen Drittanbieter-Services mit unseren Web-Hosting-Pakete zur Verf\u00fcgung gestellt: cPanel\/WHM\/Plesk &#8211; Das leistungsf\u00e4higste Webhosting-Kontrollpanel steht unseren Kunden kostenlos oder zu einem von BoostedHost festgelegten Festpreis zur Verf\u00fcgung. cPanel ist eine auf Linux basierende grafische Benutzeroberfl\u00e4che, die f\u00fcr die einfache Verwaltung von Webhosting-Konten und zugeh\u00f6rigen Diensten verwendet wird. CloudLinux &#8211; Linux-Distribution, die f\u00fcr Shared-Hosting-Anbieter entwickelt wurde. Bereitgestellt von CloudLinux Inc. Das Betriebssystem basiert auf einer anderen Linux-Distribution &#8211; CentOS. JetBackup &#8211; Zus\u00e4tzliche Funktionalit\u00e4t zu den cPanel\/WHM-Diensten zur grafischen Darstellung der Sicherungs-\/Wiederherstellungsprozesse f\u00fcr die Konten unserer Kunden. Softaculous &#8211; Zus\u00e4tzlich zu cPanel\/WHM hinzugef\u00fcgte Funktionalit\u00e4t, die es den Kunden erm\u00f6glicht, Web-Skripte mit wenigen Klicks auf ihren Webhosting-Konten zu installieren. Der Service unterst\u00fctzt mehr als 450 Web-Skripte mit verschiedenen und n\u00fctzlichen Funktionen. SitePad &#8211; Zus\u00e4tzlich zu cPanel\/WHM hinzugef\u00fcgte Funktionalit\u00e4t, die die M\u00f6glichkeit bietet, eine Website entweder unter Verwendung eines der vorgeschlagenen Designthemen oder durch Erstellung der Website auf der Grundlage der Designanforderungen des Kunden einfach zu erstellen. Der Service bietet einen Drag-and-Drop-Web-Builder, mit dem sich die Web-Elemente einer Webseite einfach anordnen lassen. SpamExperts &#8211; Zus\u00e4tzliche Funktionalit\u00e4t f\u00fcr cPanel\/WHM und insbesondere f\u00fcr den E-Mail-Dienst. Es wird verwendet, um alle eingehenden oder ausgehenden E-Mails auf Spam, Viren oder b\u00f6sartige Links zu scannen und zu filtern. Andere Dienste, aber nicht beschr\u00e4nkt auf: LiteSpeed, CloudFlare DNS, Plesk, Imunify360, ImunifyAV, ImunifyAV+, NGINX, Apache BoostedHost beh\u00e4lt sich das Recht vor, die Drittanbieter-Servicebedingungen nach eigenem Ermessen und ohne vorherige Ank\u00fcndigung zu aktualisieren.<\/p>\n","protected":false},"author":1,"featured_media":0,"parent":0,"menu_order":0,"comment_status":"closed","ping_status":"closed","template":"","meta":{"site-sidebar-layout":"no-sidebar","site-content-layout":"page-builder","ast-site-content-layout":"full-width-container","site-content-style":"default","site-sidebar-style":"default","ast-global-header-display":"","ast-banner-title-visibility":"","ast-main-header-display":"","ast-hfb-above-header-display":"","ast-hfb-below-header-display":"","ast-hfb-mobile-header-display":"","site-post-title":"disabled","ast-breadcrumbs-content":"disabled","ast-featured-img":"disabled","footer-sml-layout":"","theme-transparent-header-meta":"default","adv-header-id-meta":"","stick-header-meta":"","header-above-stick-meta":"","header-main-stick-meta":"","header-below-stick-meta":"","astra-migrate-meta-layouts":"default","ast-page-background-enabled":"default","ast-page-background-meta":{"desktop":{"background-color":"","background-image":"","background-repeat":"repeat","background-position":"center center","background-size":"auto","background-attachment":"scroll","background-type":"","background-media":"","overlay-type":"","overlay-color":"","overlay-opacity":"","overlay-gradient":""},"tablet":{"background-color":"","background-image":"","background-repeat":"repeat","background-position":"center center","background-size":"auto","background-attachment":"scroll","background-type":"","background-media":"","overlay-type":"","overlay-color":"","overlay-opacity":"","overlay-gradient":""},"mobile":{"background-color":"","background-image":"","background-repeat":"repeat","background-position":"center center","background-size":"auto","background-attachment":"scroll","background-type":"","background-media":"","overlay-type":"","overlay-color":"","overlay-opacity":"","overlay-gradient":""}},"ast-content-background-meta":{"desktop":{"background-color":"var(--ast-global-color-5)","background-image":"","background-repeat":"repeat","background-position":"center center","background-size":"auto","background-attachment":"scroll","background-type":"","background-media":"","overlay-type":"","overlay-color":"","overlay-opacity":"","overlay-gradient":""},"tablet":{"background-color":"var(--ast-global-color-5)","background-image":"","background-repeat":"repeat","background-position":"center center","background-size":"auto","background-attachment":"scroll","background-type":"","background-media":"","overlay-type":"","overlay-color":"","overlay-opacity":"","overlay-gradient":""},"mobile":{"background-color":"var(--ast-global-color-5)","background-image":"","background-repeat":"repeat","background-position":"center center","background-size":"auto","background-attachment":"scroll","background-type":"","background-media":"","overlay-type":"","overlay-color":"","overlay-opacity":"","overlay-gradient":""}},"footnotes":""},"class_list":["post-81060","page","type-page","status-publish","hentry"],"_links":{"self":[{"href":"https:\/\/boostedhost.com\/de\/wp-json\/wp\/v2\/pages\/81060","targetHints":{"allow":["GET"]}}],"collection":[{"href":"https:\/\/boostedhost.com\/de\/wp-json\/wp\/v2\/pages"}],"about":[{"href":"https:\/\/boostedhost.com\/de\/wp-json\/wp\/v2\/types\/page"}],"author":[{"embeddable":true,"href":"https:\/\/boostedhost.com\/de\/wp-json\/wp\/v2\/users\/1"}],"replies":[{"embeddable":true,"href":"https:\/\/boostedhost.com\/de\/wp-json\/wp\/v2\/comments?post=81060"}],"version-history":[{"count":0,"href":"https:\/\/boostedhost.com\/de\/wp-json\/wp\/v2\/pages\/81060\/revisions"}],"wp:attachment":[{"href":"https:\/\/boostedhost.com\/de\/wp-json\/wp\/v2\/media?parent=81060"}],"curies":[{"name":"wp","href":"https:\/\/api.w.org\/{rel}","templated":true}]}}