{"id":81121,"date":"2025-06-03T11:40:10","date_gmt":"2025-06-03T11:40:10","guid":{"rendered":"https:\/\/boostedhost.com\/urheberrecht-und-dmca\/"},"modified":"2025-08-11T18:51:43","modified_gmt":"2025-08-11T18:51:43","slug":"urheberrecht-und-dmca","status":"publish","type":"page","link":"https:\/\/boostedhost.com\/de_aus\/urheberrecht-und-dmca\/","title":{"rendered":"Urheberrecht und DMCA"},"content":{"rendered":"\t\t<div data-elementor-type=\"wp-page\" data-elementor-id=\"81121\" class=\"elementor elementor-81121 elementor-4653\" data-elementor-post-type=\"page\">\n\t\t\t\t<div class=\"elementor-element elementor-element-0cafbb7 e-flex e-con-boxed wpr-particle-no wpr-jarallax-no wpr-parallax-no wpr-sticky-section-no e-con e-parent\" data-id=\"0cafbb7\" data-element_type=\"container\" data-settings=\"{&quot;background_background&quot;:&quot;classic&quot;}\">\n\t\t\t\t\t<div class=\"e-con-inner\">\n\t\t<div class=\"elementor-element elementor-element-7eacc88 e-con-full e-flex wpr-particle-no wpr-jarallax-no wpr-parallax-no wpr-sticky-section-no e-con e-child\" data-id=\"7eacc88\" data-element_type=\"container\">\n\t\t\t\t<div class=\"elementor-element elementor-element-2af2d2b elementor-position-left elementor-mobile-position-left dot-icon elementor-view-default elementor-widget elementor-widget-icon-box\" data-id=\"2af2d2b\" data-element_type=\"widget\" data-widget_type=\"icon-box.default\">\n\t\t\t\t\t\t\t<div class=\"elementor-icon-box-wrapper\">\n\n\t\t\t\t\t\t<div class=\"elementor-icon-box-icon\">\n\t\t\t\t<span  class=\"elementor-icon\">\n\t\t\t\t<svg xmlns=\"http:\/\/www.w3.org\/2000\/svg\" width=\"11\" height=\"10\" viewBox=\"0 0 11 10\" fill=\"none\"><path d=\"M5.5 0C6.82608 0 8.09785 0.526784 9.03553 1.46447C9.97322 2.40215 10.5 3.67392 10.5 5C10.5 6.32608 9.97322 7.59785 9.03553 8.53553C8.09785 9.47322 6.82608 10 5.5 10C4.17392 10 2.90215 9.47322 1.96447 8.53553C1.02678 7.59785 0.5 6.32608 0.5 5C0.5 3.67392 1.02678 2.40215 1.96447 1.46447C2.90215 0.526784 4.17392 0 5.5 0ZM6.24995 3.06978C6.62135 3.06978 6.92276 2.81194 6.92276 2.42983C6.92276 2.04771 6.62063 1.78987 6.24995 1.78987C5.87854 1.78987 5.57857 2.04771 5.57857 2.42983C5.57857 2.81194 5.87854 3.06978 6.24995 3.06978ZM6.38065 7.08878C6.38065 7.01236 6.40708 6.8138 6.39208 6.70095L5.80498 7.37662C5.68356 7.50446 5.53143 7.59303 5.46 7.56946C5.4276 7.55754 5.40051 7.53444 5.38362 7.50432C5.36673 7.47421 5.36114 7.43905 5.36787 7.40518L6.34637 4.31398C6.42636 3.92186 6.20638 3.56403 5.73998 3.51832C5.24788 3.51832 4.52364 4.01757 4.08296 4.6511C4.08296 4.72681 4.06867 4.91536 4.08367 5.02821L4.67006 4.35183C4.79148 4.22541 4.9329 4.13613 5.00432 4.16042C5.03951 4.17305 5.06835 4.19897 5.08464 4.23262C5.10093 4.26627 5.10338 4.30497 5.09146 4.3404L4.12153 7.41661C4.00939 7.77659 4.22152 8.12942 4.73577 8.20941C5.49286 8.20941 5.93997 7.72231 6.38137 7.08878H6.38065Z\" fill=\"#FF6022\"><\/path><\/svg>\t\t\t\t<\/span>\n\t\t\t<\/div>\n\t\t\t\n\t\t\t\t\t\t<div class=\"elementor-icon-box-content\">\n\n\t\t\t\t\n\t\t\t\t\t\t\t\t\t<p class=\"elementor-icon-box-description\">\n\t\t\t\t\t\tAllgemeine Gesch\u00e4ftsbedingungen und rechtliche Vereinbarung, die f\u00fcr Seelenfrieden sorgt!\t\t\t\t\t<\/p>\n\t\t\t\t\n\t\t\t<\/div>\n\t\t\t\n\t\t<\/div>\n\t\t\t\t\t\t<\/div>\n\t\t\t\t<div class=\"elementor-element elementor-element-ddcb651 elementor-widget elementor-widget-heading\" data-id=\"ddcb651\" data-element_type=\"widget\" data-widget_type=\"heading.default\">\n\t\t\t\t\t<h1 class=\"elementor-heading-title elementor-size-default\">Nutzungsbedingungen<\/h1>\t\t\t\t<\/div>\n\t\t<div class=\"elementor-element elementor-element-258d6fa e-con-full e-flex wpr-particle-no wpr-jarallax-no wpr-parallax-no wpr-sticky-section-no e-con e-child\" data-id=\"258d6fa\" data-element_type=\"container\">\n\t\t\t\t<div class=\"elementor-element elementor-element-9f648ac elementor-widget elementor-widget-text-editor\" data-id=\"9f648ac\" data-element_type=\"widget\" data-widget_type=\"text-editor.default\">\n\t\t\t\t\t\t\t\t\tBitte lesen Sie sorgf\u00e4ltig alle wichtigen Informationen, rechtlichen Bestimmungen und andere n\u00fctzliche Informationen zu unserem schnellen, sicheren und stabilen Webhosting-Service!\t\t\t\t\t\t\t\t<\/div>\n\t\t\t\t<\/div>\n\t\t\t\t<\/div>\n\t\t\t\t\t<\/div>\n\t\t\t\t<\/div>\n\t\t<div class=\"elementor-element elementor-element-097e88c e-flex e-con-boxed wpr-particle-no wpr-jarallax-no wpr-parallax-no wpr-sticky-section-no e-con e-parent\" data-id=\"097e88c\" data-element_type=\"container\" data-settings=\"{&quot;background_background&quot;:&quot;classic&quot;}\">\n\t\t\t\t\t<div class=\"e-con-inner\">\n\t\t<div class=\"elementor-element elementor-element-86062af e-con-full e-flex wpr-particle-no wpr-jarallax-no wpr-parallax-no wpr-sticky-section-no e-con e-child\" data-id=\"86062af\" data-element_type=\"container\">\n\t\t<div class=\"elementor-element elementor-element-9026603 e-con-full e-flex wpr-particle-no wpr-jarallax-no wpr-parallax-no wpr-sticky-section-no e-con e-child\" data-id=\"9026603\" data-element_type=\"container\">\n\t\t\t\t<div class=\"elementor-element elementor-element-a69f936 nav-menu-sidebar elementor-widget elementor-widget-wp-widget-nav_menu\" data-id=\"a69f936\" data-element_type=\"widget\" data-widget_type=\"wp-widget-nav_menu.default\">\n\t\t\t\t<div class=\"elementor-widget-container\">\n\t\t\t\t\t<nav class=\"menu-terms-of-services-container\" aria-label=\"Menu\"><ul id=\"menu-terms-of-services\" class=\"menu\"><li id=\"menu-item-4091\" class=\"menu-item menu-item-type-post_type menu-item-object-page menu-item-4091\"><a href=\"https:\/\/boostedhost.com\/legal\/\" class=\"menu-link\">Rechtliches<\/a><\/li>\n<li id=\"menu-item-4232\" class=\"menu-item menu-item-type-post_type menu-item-object-page menu-item-4232\"><a href=\"https:\/\/boostedhost.com\/service-level-agreement\/\" class=\"menu-link\">Service Level Agreement<\/a><\/li>\n<li id=\"menu-item-4495\" class=\"menu-item menu-item-type-post_type menu-item-object-page menu-item-4495\"><a href=\"https:\/\/boostedhost.com\/website-terms-of-service\/\" class=\"menu-link\">Nutzungsbedingungen der Website<\/a><\/li>\n<li id=\"menu-item-4494\" class=\"menu-item menu-item-type-post_type menu-item-object-page menu-item-4494\"><a href=\"https:\/\/boostedhost.com\/resource-usage\/\" class=\"menu-link\">Nutzung der Ressourcen<\/a><\/li>\n<li id=\"menu-item-4630\" class=\"menu-item menu-item-type-post_type menu-item-object-page menu-item-4630\"><a href=\"https:\/\/boostedhost.com\/third-party-services\/\" class=\"menu-link\">Dienstleistungen von Drittanbietern<\/a><\/li>\n<li id=\"menu-item-4629\" class=\"menu-item menu-item-type-post_type menu-item-object-page menu-item-4629\"><a href=\"https:\/\/boostedhost.com\/domain-names-agreement\/\" class=\"menu-link\">Abkommen \u00fcber Dom\u00e4nennamen<\/a><\/li>\n<li id=\"menu-item-4673\" class=\"menu-item menu-item-type-post_type menu-item-object-page menu-item-4673\"><a href=\"https:\/\/boostedhost.com\/copyright-and-dmca\/\" class=\"menu-link\">Urheberrecht und DMCA<\/a><\/li>\n<li id=\"menu-item-4992\" class=\"menu-item menu-item-type-post_type menu-item-object-page menu-item-4992\"><a href=\"https:\/\/boostedhost.com\/cancellations-and-refunds\/\" class=\"menu-link\">Stornierungen und Erstattungen<\/a><\/li>\n<li id=\"menu-item-4991\" class=\"menu-item menu-item-type-post_type menu-item-object-page menu-item-4991\"><a href=\"https:\/\/boostedhost.com\/promotions-agreement\/\" class=\"menu-link\">Promotionsabkommen<\/a><\/li>\n<li id=\"menu-item-4990\" class=\"menu-item menu-item-type-post_type menu-item-object-page menu-item-4990\"><a href=\"https:\/\/boostedhost.com\/cookies-policy\/\" class=\"menu-link\">Cookies-Politik<\/a><\/li>\n<li id=\"menu-item-4989\" class=\"menu-item menu-item-type-post_type menu-item-object-page menu-item-4989\"><a href=\"https:\/\/boostedhost.com\/privacy-policy\/\" class=\"menu-link\">Datenschutzbestimmungen<\/a><\/li>\n<li id=\"menu-item-4988\" class=\"menu-item menu-item-type-post_type menu-item-object-page menu-item-4988\"><a href=\"https:\/\/boostedhost.com\/affiliate-program\/\" class=\"menu-link\">Partnerprogramm<\/a><\/li>\n<li id=\"menu-item-4987\" class=\"menu-item menu-item-type-post_type menu-item-object-page menu-item-4987\"><a href=\"https:\/\/boostedhost.com\/imprint\/\" class=\"menu-link\">Impressum<\/a><\/li>\n<\/ul><\/nav>\t\t\t\t<\/div>\n\t\t\t\t<\/div>\n\t\t\t\t<\/div>\n\t\t<div class=\"elementor-element elementor-element-c59987e e-con-full e-flex wpr-particle-no wpr-jarallax-no wpr-parallax-no wpr-sticky-section-no e-con e-child\" data-id=\"c59987e\" data-element_type=\"container\">\n\t\t\t\t<div class=\"elementor-element elementor-element-824e25c elementor-widget elementor-widget-heading\" data-id=\"824e25c\" data-element_type=\"widget\" data-widget_type=\"heading.default\">\n\t\t\t\t\t<h3 class=\"elementor-heading-title elementor-size-default\">Urheberrecht und DMCA<\/h3>\t\t\t\t<\/div>\n\t\t\t\t<div class=\"elementor-element elementor-element-81ce518 elementor-widget elementor-widget-text-editor\" data-id=\"81ce518\" data-element_type=\"widget\" data-widget_type=\"text-editor.default\">\n\t\t\t\t\t\t\t\t\t<p>BoostedHost respektiert die Rechte am geistigen Eigentum anderer, und wir erwarten, dass unsere Kunden das Gleiche tun. Da wir das Gesetz 34\/2002 vom 11. Juli \u00fcber die Dienste der Informationsgesellschaft und den elektronischen Handel einhalten, sind wir verpflichtet, unter entsprechenden Umst\u00e4nden die Konten von Kunden zu sperren, die Urheberrechte oder andere geistige Eigentumsrechte verletzen. <\/p><p>Wenn Sie als Inhaber des Urheberrechts (oder im Namen eines bevollm\u00e4chtigten) glauben, dass Materialien, die auf einer von BoostedHost gehosteten Website verf\u00fcgbar sind, Ihr Urheberrecht verletzen, m\u00fcssen Sie eine schriftliche Mitteilung an unseren Urheberrechtsbeauftragten unter copyright(at<a href=\"http:\/\/www.boostedhost.com\">)boostedhost.com<\/a> senden.<\/p><p>In \u00dcbereinstimmung mit dem Online Copyright Infringement Liability Limitation Act des Digital Millennium Copyright Act (17 U.S.C. \u00a7 512) (\"DMCA\") muss die schriftliche Mitteilung (DMCA-Mitteilung) Folgendes enthalten:<\/p>\t\t\t\t\t\t\t\t<\/div>\n\t\t\t\t<div class=\"elementor-element elementor-element-295af74 unorder-list-margin0 elementor-widget elementor-widget-text-editor\" data-id=\"295af74\" data-element_type=\"widget\" data-widget_type=\"text-editor.default\">\n\t\t\t\t\t\t\t\t\t<ul>\n \t<li>Vollst\u00e4ndiger juristischer Name und elektronische oder physische Unterschrift des Inhabers der Urheberrechte;<\/li>\n \t<li>eine Beschreibung des urheberrechtlich gesch\u00fctzten Werks, gegen das versto\u00dfen wurde;<\/li>\n \t<li>Angabe des Ortes, an dem sich das Material auf der Website befindet (die URL des auf der Website angegebenen Links oder der genaue Ort, an dem das Material zu finden ist).<\/li>\n \t<li>eine Beschreibung, wo sich das verletzende Material auf der Website befindet;<\/li>\n \t<li>Adresse, Telefonnummer und E-Mail Adresse;<\/li>\n \t<li>eine Erkl\u00e4rung, dass Sie sich dar\u00fcber im Klaren sind, dass Sie gem\u00e4\u00df 17 U.S.C. \u00a7 512(f) f\u00fcr jeglichen Schadenersatz, einschlie\u00dflich Kosten und Anwaltsgeb\u00fchren, haftbar gemacht werden k\u00f6nnen, wenn Sie wissentlich und in erheblichem Ma\u00dfe falsch darstellen, dass das gemeldete Material oder die gemeldete Aktivit\u00e4t eine Verletzung darstellt;<\/li>\n \t<li>eine Erkl\u00e4rung, dass Sie in gutem Glauben davon ausgehen, dass die beanstandete Nutzung nicht durch den Urheberrechtsinhaber, seinen Vertreter oder das Gesetz genehmigt ist;<\/li>\n \t<li>eine Erkl\u00e4rung, dass die Angaben in Ihrer Mitteilung richtig sind und dass Sie unter Androhung von Strafe an Eides statt erkl\u00e4ren, dass Sie der Urheberrechtsinhaber sind oder befugt sind, im Namen des Urheberrechtsinhabers zu handeln.<\/li>\n<\/ul>\t\t\t\t\t\t\t\t<\/div>\n\t\t\t\t<div class=\"elementor-element elementor-element-1930575 elementor-widget elementor-widget-text-editor\" data-id=\"1930575\" data-element_type=\"widget\" data-widget_type=\"text-editor.default\">\n\t\t\t\t\t\t\t\t\tDMCA-Benachrichtigungen sollten an copyright(at<a href=\"http:\/\/www.boostedhost.com\">)boostedhost.com gesendet werden.<\/a>\t\t\t\t\t\t\t\t<\/div>\n\t\t\t\t<\/div>\n\t\t\t\t<\/div>\n\t\t\t\t\t<\/div>\n\t\t\t\t<\/div>\n\t\t\t\t<\/div>\n\t\t","protected":false},"excerpt":{"rendered":"<p>Allgemeine Gesch\u00e4ftsbedingungen und rechtliche Vereinbarung, die f\u00fcr Seelenfrieden sorgt! Nutzungsbedingungen Bitte lesen Sie sorgf\u00e4ltig alle wichtigen Informationen, rechtlichen Bestimmungen und andere n\u00fctzliche Informationen zu unserem schnellen, sicheren und stabilen Webhosting-Service! Urheberrecht und DMCA BoostedHost respektiert die Rechte am geistigen Eigentum anderer, und wir erwarten, dass unsere Kunden das Gleiche tun. Da wir das Gesetz 34\/2002 vom 11. Juli \u00fcber die Dienste der Informationsgesellschaft und den elektronischen Handel einhalten, sind wir verpflichtet, unter entsprechenden Umst\u00e4nden die Konten von Kunden zu sperren, die Urheberrechte oder andere geistige Eigentumsrechte verletzen. Wenn Sie als Inhaber des Urheberrechts (oder im Namen eines bevollm\u00e4chtigten) glauben, dass Materialien, die auf einer von BoostedHost gehosteten Website verf\u00fcgbar sind, Ihr Urheberrecht verletzen, m\u00fcssen Sie eine schriftliche Mitteilung an unseren Urheberrechtsbeauftragten unter copyright(at)boostedhost.com senden. In \u00dcbereinstimmung mit dem Online Copyright Infringement Liability Limitation Act des Digital Millennium Copyright Act (17 U.S.C. \u00a7 512) (\"DMCA\") muss die schriftliche Mitteilung (DMCA-Mitteilung) Folgendes enthalten: Vollst\u00e4ndiger juristischer Name und elektronische oder physische Unterschrift des Inhabers der Urheberrechte; eine Beschreibung des urheberrechtlich gesch\u00fctzten Werks, gegen das versto\u00dfen wurde; Angabe des Ortes, an dem sich das Material auf der Website befindet (die URL des auf der Website angegebenen Links oder der genaue Ort, an dem das Material zu finden ist). eine Beschreibung, wo sich das verletzende Material auf der Website befindet; Adresse, Telefonnummer und E-Mail Adresse; eine Erkl\u00e4rung, dass Sie sich dar\u00fcber im Klaren sind, dass Sie gem\u00e4\u00df 17 U.S.C. \u00a7 512(f) f\u00fcr jeglichen Schadenersatz, einschlie\u00dflich Kosten und Anwaltsgeb\u00fchren, haftbar gemacht werden k\u00f6nnen, wenn Sie wissentlich und in erheblichem Ma\u00dfe falsch darstellen, dass das gemeldete Material oder die gemeldete Aktivit\u00e4t eine Verletzung darstellt; eine Erkl\u00e4rung, dass Sie in gutem Glauben davon ausgehen, dass die beanstandete Nutzung nicht durch den Urheberrechtsinhaber, seinen Vertreter oder das Gesetz genehmigt ist; eine Erkl\u00e4rung, dass die Angaben in Ihrer Mitteilung richtig sind und dass Sie unter Androhung von Strafe an Eides statt erkl\u00e4ren, dass Sie der Urheberrechtsinhaber sind oder befugt sind, im Namen des Urheberrechtsinhabers zu handeln. DMCA-Benachrichtigungen sollten an copyright(at)boostedhost.com gesendet werden.<\/p>\n","protected":false},"author":1,"featured_media":0,"parent":0,"menu_order":0,"comment_status":"closed","ping_status":"closed","template":"","meta":{"site-sidebar-layout":"no-sidebar","site-content-layout":"page-builder","ast-site-content-layout":"full-width-container","site-content-style":"default","site-sidebar-style":"default","ast-global-header-display":"","ast-banner-title-visibility":"","ast-main-header-display":"","ast-hfb-above-header-display":"","ast-hfb-below-header-display":"","ast-hfb-mobile-header-display":"","site-post-title":"disabled","ast-breadcrumbs-content":"disabled","ast-featured-img":"disabled","footer-sml-layout":"","theme-transparent-header-meta":"default","adv-header-id-meta":"","stick-header-meta":"","header-above-stick-meta":"","header-main-stick-meta":"","header-below-stick-meta":"","astra-migrate-meta-layouts":"default","ast-page-background-enabled":"default","ast-page-background-meta":{"desktop":{"background-color":"","background-image":"","background-repeat":"repeat","background-position":"center center","background-size":"auto","background-attachment":"scroll","background-type":"","background-media":"","overlay-type":"","overlay-color":"","overlay-opacity":"","overlay-gradient":""},"tablet":{"background-color":"","background-image":"","background-repeat":"repeat","background-position":"center center","background-size":"auto","background-attachment":"scroll","background-type":"","background-media":"","overlay-type":"","overlay-color":"","overlay-opacity":"","overlay-gradient":""},"mobile":{"background-color":"","background-image":"","background-repeat":"repeat","background-position":"center center","background-size":"auto","background-attachment":"scroll","background-type":"","background-media":"","overlay-type":"","overlay-color":"","overlay-opacity":"","overlay-gradient":""}},"ast-content-background-meta":{"desktop":{"background-color":"var(--ast-global-color-5)","background-image":"","background-repeat":"repeat","background-position":"center center","background-size":"auto","background-attachment":"scroll","background-type":"","background-media":"","overlay-type":"","overlay-color":"","overlay-opacity":"","overlay-gradient":""},"tablet":{"background-color":"var(--ast-global-color-5)","background-image":"","background-repeat":"repeat","background-position":"center center","background-size":"auto","background-attachment":"scroll","background-type":"","background-media":"","overlay-type":"","overlay-color":"","overlay-opacity":"","overlay-gradient":""},"mobile":{"background-color":"var(--ast-global-color-5)","background-image":"","background-repeat":"repeat","background-position":"center center","background-size":"auto","background-attachment":"scroll","background-type":"","background-media":"","overlay-type":"","overlay-color":"","overlay-opacity":"","overlay-gradient":""}},"footnotes":""},"class_list":["post-81121","page","type-page","status-publish","hentry"],"_links":{"self":[{"href":"https:\/\/boostedhost.com\/de_aus\/wp-json\/wp\/v2\/pages\/81121","targetHints":{"allow":["GET"]}}],"collection":[{"href":"https:\/\/boostedhost.com\/de_aus\/wp-json\/wp\/v2\/pages"}],"about":[{"href":"https:\/\/boostedhost.com\/de_aus\/wp-json\/wp\/v2\/types\/page"}],"author":[{"embeddable":true,"href":"https:\/\/boostedhost.com\/de_aus\/wp-json\/wp\/v2\/users\/1"}],"replies":[{"embeddable":true,"href":"https:\/\/boostedhost.com\/de_aus\/wp-json\/wp\/v2\/comments?post=81121"}],"version-history":[{"count":0,"href":"https:\/\/boostedhost.com\/de_aus\/wp-json\/wp\/v2\/pages\/81121\/revisions"}],"wp:attachment":[{"href":"https:\/\/boostedhost.com\/de_aus\/wp-json\/wp\/v2\/media?parent=81121"}],"curies":[{"name":"wp","href":"https:\/\/api.w.org\/{rel}","templated":true}]}}