{"id":80658,"date":"2025-06-03T05:53:22","date_gmt":"2025-06-03T05:53:22","guid":{"rendered":"https:\/\/boostedhost.com\/legal\/"},"modified":"2025-08-11T18:49:47","modified_gmt":"2025-08-11T18:49:47","slug":"legal","status":"publish","type":"page","link":"https:\/\/boostedhost.com\/es\/legal\/","title":{"rendered":"Legal"},"content":{"rendered":"\t\t<div data-elementor-type=\"wp-page\" data-elementor-id=\"80658\" class=\"elementor elementor-80658 elementor-4005\" data-elementor-post-type=\"page\">\n\t\t\t\t<div class=\"elementor-element elementor-element-a31e98e e-flex e-con-boxed wpr-particle-no wpr-jarallax-no wpr-parallax-no wpr-sticky-section-no e-con e-parent\" data-id=\"a31e98e\" data-element_type=\"container\" data-settings=\"{&quot;background_background&quot;:&quot;classic&quot;}\">\n\t\t\t\t\t<div class=\"e-con-inner\">\n\t\t<div class=\"elementor-element elementor-element-a57e124 e-con-full e-flex wpr-particle-no wpr-jarallax-no wpr-parallax-no wpr-sticky-section-no e-con e-child\" data-id=\"a57e124\" data-element_type=\"container\">\n\t\t\t\t<div class=\"elementor-element elementor-element-2122225 elementor-position-left elementor-mobile-position-left dot-icon elementor-view-default elementor-widget elementor-widget-icon-box\" data-id=\"2122225\" data-element_type=\"widget\" data-widget_type=\"icon-box.default\">\n\t\t\t\t\t\t\t<div class=\"elementor-icon-box-wrapper\">\n\n\t\t\t\t\t\t<div class=\"elementor-icon-box-icon\">\n\t\t\t\t<span  class=\"elementor-icon\">\n\t\t\t\t<svg xmlns=\"http:\/\/www.w3.org\/2000\/svg\" width=\"11\" height=\"10\" viewBox=\"0 0 11 10\" fill=\"none\"><path d=\"M5.5 0C6.82608 0 8.09785 0.526784 9.03553 1.46447C9.97322 2.40215 10.5 3.67392 10.5 5C10.5 6.32608 9.97322 7.59785 9.03553 8.53553C8.09785 9.47322 6.82608 10 5.5 10C4.17392 10 2.90215 9.47322 1.96447 8.53553C1.02678 7.59785 0.5 6.32608 0.5 5C0.5 3.67392 1.02678 2.40215 1.96447 1.46447C2.90215 0.526784 4.17392 0 5.5 0ZM6.24995 3.06978C6.62135 3.06978 6.92276 2.81194 6.92276 2.42983C6.92276 2.04771 6.62063 1.78987 6.24995 1.78987C5.87854 1.78987 5.57857 2.04771 5.57857 2.42983C5.57857 2.81194 5.87854 3.06978 6.24995 3.06978ZM6.38065 7.08878C6.38065 7.01236 6.40708 6.8138 6.39208 6.70095L5.80498 7.37662C5.68356 7.50446 5.53143 7.59303 5.46 7.56946C5.4276 7.55754 5.40051 7.53444 5.38362 7.50432C5.36673 7.47421 5.36114 7.43905 5.36787 7.40518L6.34637 4.31398C6.42636 3.92186 6.20638 3.56403 5.73998 3.51832C5.24788 3.51832 4.52364 4.01757 4.08296 4.6511C4.08296 4.72681 4.06867 4.91536 4.08367 5.02821L4.67006 4.35183C4.79148 4.22541 4.9329 4.13613 5.00432 4.16042C5.03951 4.17305 5.06835 4.19897 5.08464 4.23262C5.10093 4.26627 5.10338 4.30497 5.09146 4.3404L4.12153 7.41661C4.00939 7.77659 4.22152 8.12942 4.73577 8.20941C5.49286 8.20941 5.93997 7.72231 6.38137 7.08878H6.38065Z\" fill=\"#FF6022\"><\/path><\/svg>\t\t\t\t<\/span>\n\t\t\t<\/div>\n\t\t\t\n\t\t\t\t\t\t<div class=\"elementor-icon-box-content\">\n\n\t\t\t\t\n\t\t\t\t\t\t\t\t\t<p class=\"elementor-icon-box-description\">\n\t\t\t\t\t\tCondiciones y acuerdo legal que aportan tranquilidad.\t\t\t\t\t<\/p>\n\t\t\t\t\n\t\t\t<\/div>\n\t\t\t\n\t\t<\/div>\n\t\t\t\t\t\t<\/div>\n\t\t\t\t<div class=\"elementor-element elementor-element-bb71c17 elementor-widget elementor-widget-heading\" data-id=\"bb71c17\" data-element_type=\"widget\" data-widget_type=\"heading.default\">\n\t\t\t\t\t<h1 class=\"elementor-heading-title elementor-size-default\">Condiciones de servicio<\/h1>\t\t\t\t<\/div>\n\t\t<div class=\"elementor-element elementor-element-4bd5be2 e-con-full e-flex wpr-particle-no wpr-jarallax-no wpr-parallax-no wpr-sticky-section-no e-con e-child\" data-id=\"4bd5be2\" data-element_type=\"container\">\n\t\t\t\t<div class=\"elementor-element elementor-element-323bb7d elementor-widget elementor-widget-text-editor\" data-id=\"323bb7d\" data-element_type=\"widget\" data-widget_type=\"text-editor.default\">\n\t\t\t\t\t\t\t\t\t\u00a1Por favor, lea atentamente toda la informaci\u00f3n importante, t\u00e9rminos legales y otra informaci\u00f3n \u00fatil sobre nuestro Servicio de Alojamiento Web R\u00e1pido, Seguro y Estable!\t\t\t\t\t\t\t\t<\/div>\n\t\t\t\t<\/div>\n\t\t\t\t<\/div>\n\t\t\t\t\t<\/div>\n\t\t\t\t<\/div>\n\t\t<div class=\"elementor-element elementor-element-a466c92 e-flex e-con-boxed wpr-particle-no wpr-jarallax-no wpr-parallax-no wpr-sticky-section-no e-con e-parent\" data-id=\"a466c92\" data-element_type=\"container\" data-settings=\"{&quot;background_background&quot;:&quot;classic&quot;}\">\n\t\t\t\t\t<div class=\"e-con-inner\">\n\t\t<div class=\"elementor-element elementor-element-da46cf1 e-con-full e-flex wpr-particle-no wpr-jarallax-no wpr-parallax-no wpr-sticky-section-no e-con e-child\" data-id=\"da46cf1\" data-element_type=\"container\">\n\t\t<div class=\"elementor-element elementor-element-60728be e-con-full e-flex wpr-particle-no wpr-jarallax-no wpr-parallax-no wpr-sticky-section-no e-con e-child\" data-id=\"60728be\" data-element_type=\"container\">\n\t\t\t\t<div class=\"elementor-element elementor-element-025dab1 nav-menu-sidebar elementor-widget elementor-widget-wp-widget-nav_menu\" data-id=\"025dab1\" data-element_type=\"widget\" data-widget_type=\"wp-widget-nav_menu.default\">\n\t\t\t\t<div class=\"elementor-widget-container\">\n\t\t\t\t\t<nav class=\"menu-terms-of-services-container\" aria-label=\"Men\u00fa\"><ul id=\"menu-terms-of-services\" class=\"menu\"><li id=\"menu-item-4091\" class=\"menu-item menu-item-type-post_type menu-item-object-page menu-item-4091\"><a href=\"https:\/\/boostedhost.com\/legal\/\" class=\"menu-link\">Legal<\/a><\/li>\n<li id=\"menu-item-4232\" class=\"menu-item menu-item-type-post_type menu-item-object-page menu-item-4232\"><a href=\"https:\/\/boostedhost.com\/service-level-agreement\/\" class=\"menu-link\">Acuerdo de nivel de servicio<\/a><\/li>\n<li id=\"menu-item-4495\" class=\"menu-item menu-item-type-post_type menu-item-object-page menu-item-4495\"><a href=\"https:\/\/boostedhost.com\/website-terms-of-service\/\" class=\"menu-link\">Condiciones de servicio del sitio web<\/a><\/li>\n<li id=\"menu-item-4494\" class=\"menu-item menu-item-type-post_type menu-item-object-page menu-item-4494\"><a href=\"https:\/\/boostedhost.com\/resource-usage\/\" class=\"menu-link\">Uso de los recursos<\/a><\/li>\n<li id=\"menu-item-4630\" class=\"menu-item menu-item-type-post_type menu-item-object-page menu-item-4630\"><a href=\"https:\/\/boostedhost.com\/third-party-services\/\" class=\"menu-link\">Servicios de terceros<\/a><\/li>\n<li id=\"menu-item-4629\" class=\"menu-item menu-item-type-post_type menu-item-object-page menu-item-4629\"><a href=\"https:\/\/boostedhost.com\/domain-names-agreement\/\" class=\"menu-link\">Acuerdo sobre nombres de dominio<\/a><\/li>\n<li id=\"menu-item-4673\" class=\"menu-item menu-item-type-post_type menu-item-object-page menu-item-4673\"><a href=\"https:\/\/boostedhost.com\/copyright-and-dmca\/\" class=\"menu-link\">Derechos de autor y DMCA<\/a><\/li>\n<li id=\"menu-item-4992\" class=\"menu-item menu-item-type-post_type menu-item-object-page menu-item-4992\"><a href=\"https:\/\/boostedhost.com\/cancellations-and-refunds\/\" class=\"menu-link\">Anulaciones y reembolsos<\/a><\/li>\n<li id=\"menu-item-4991\" class=\"menu-item menu-item-type-post_type menu-item-object-page menu-item-4991\"><a href=\"https:\/\/boostedhost.com\/promotions-agreement\/\" class=\"menu-link\">Acuerdo de promoci\u00f3n<\/a><\/li>\n<li id=\"menu-item-4990\" class=\"menu-item menu-item-type-post_type menu-item-object-page menu-item-4990\"><a href=\"https:\/\/boostedhost.com\/cookies-policy\/\" class=\"menu-link\">Pol\u00edtica de cookies<\/a><\/li>\n<li id=\"menu-item-4989\" class=\"menu-item menu-item-type-post_type menu-item-object-page menu-item-4989\"><a href=\"https:\/\/boostedhost.com\/privacy-policy\/\" class=\"menu-link\">Pol\u00edtica de privacidad<\/a><\/li>\n<li id=\"menu-item-4988\" class=\"menu-item menu-item-type-post_type menu-item-object-page menu-item-4988\"><a href=\"https:\/\/boostedhost.com\/affiliate-program\/\" class=\"menu-link\">Programa de afiliados<\/a><\/li>\n<li id=\"menu-item-4987\" class=\"menu-item menu-item-type-post_type menu-item-object-page menu-item-4987\"><a href=\"https:\/\/boostedhost.com\/imprint\/\" class=\"menu-link\">Pie de imprenta<\/a><\/li>\n<\/ul><\/nav>\t\t\t\t<\/div>\n\t\t\t\t<\/div>\n\t\t\t\t<\/div>\n\t\t<div class=\"elementor-element elementor-element-4d8afb4 e-con-full e-flex wpr-particle-no wpr-jarallax-no wpr-parallax-no wpr-sticky-section-no e-con e-child\" data-id=\"4d8afb4\" data-element_type=\"container\">\n\t\t\t\t<div class=\"elementor-element elementor-element-8f81186 elementor-widget elementor-widget-heading\" data-id=\"8f81186\" data-element_type=\"widget\" data-widget_type=\"heading.default\">\n\t\t\t\t\t<h5 class=\"elementor-heading-title elementor-size-default\">Condiciones generales de servicio<\/h5>\t\t\t\t<\/div>\n\t\t\t\t<div class=\"elementor-element elementor-element-f5665ba elementor-widget elementor-widget-text-editor\" data-id=\"f5665ba\" data-element_type=\"widget\" data-widget_type=\"text-editor.default\">\n\t\t\t\t\t\t\t\t\tBoostedHost T\u00e9rminos de Servicios se modific\u00f3 por \u00faltima vez el 30 de noviembre de 2019.\n<br><br>Los siguientes T\u00e9rminos de Servicios, junto con cualquier T\u00e9rminos y Pol\u00edticas Adicionales (colectivamente \"ToS\", \"T\u00e9rminos\", \"Acuerdo\"), forman el acuerdo legal completo entre usted y BoostedHost en relaci\u00f3n con su uso de nuestro sitio web<a href=\"https:\/\/www.boostedhost.com\">(https:\/\/www.boostedhost.com,<\/a> todos sus subdominios, dominios de nivel superior adicionales y aplicaciones m\u00f3viles) y cualquier producto, servicio e informaci\u00f3n proporcionada por BoostedHost (\"nosotros\", \"nos\", \"nuestro\").\n<br><br>Antes de comprarnos un servicio, tiene que asegurarse y declarar que ha le\u00eddo, entendido y aceptado nuestras Condiciones de servicio (Condiciones de uso) marcando la casilla correspondiente requerida.\n<br><br>La siguiente lista contiene nuestras Condiciones y Pol\u00edticas Adicionales adjuntas y consideradas colectivamente con este acuerdo de Condiciones Generales de Servicio:\t\t\t\t\t\t\t\t<\/div>\n\t\t\t\t<div class=\"elementor-element elementor-element-de1ecdb unorder-list-margin0 elementor-widget elementor-widget-text-editor\" data-id=\"de1ecdb\" data-element_type=\"widget\" data-widget_type=\"text-editor.default\">\n\t\t\t\t\t\t\t\t\t<ul><li>Contrato de servicios<\/li><li>Condiciones de uso del sitio web<\/li><li>Acuerdo de utilizaci\u00f3n de recursos<\/li><li>Servicios de terceros<\/li><li>Servicios adicionales Condiciones del servicio<\/li><li>Condiciones del servicio de registro de dominios<\/li><li>Derechos de autor y DMCA<\/li><li>Anulaciones y reembolsos<\/li><li>Promociones<\/li><li>Pol\u00edtica de cookies<\/li><li>Pol\u00edtica de privacidad<\/li><\/ul>\t\t\t\t\t\t\t\t<\/div>\n\t\t\t\t<div class=\"elementor-element elementor-element-0387774 elementor-widget elementor-widget-text-editor\" data-id=\"0387774\" data-element_type=\"widget\" data-widget_type=\"text-editor.default\">\n\t\t\t\t\t\t\t\t\tEl presente Acuerdo sustituye y reemplaza a cualquier otro acuerdo con respecto al objeto del mismo. Todos los dem\u00e1s acuerdos no tendr\u00e1n m\u00e1s fuerza ni efecto. \t\t\t\t\t\t\t\t<\/div>\n\t\t\t\t<div class=\"elementor-element elementor-element-005ad8b elementor-widget-divider--view-line elementor-widget elementor-widget-divider\" data-id=\"005ad8b\" data-element_type=\"widget\" data-widget_type=\"divider.default\">\n\t\t\t\t\t\t\t<div class=\"elementor-divider\">\n\t\t\t<span class=\"elementor-divider-separator\">\n\t\t\t\t\t\t<\/span>\n\t\t<\/div>\n\t\t\t\t\t\t<\/div>\n\t\t\t\t<div class=\"elementor-element elementor-element-2260581 elementor-widget elementor-widget-heading\" data-id=\"2260581\" data-element_type=\"widget\" data-widget_type=\"heading.default\">\n\t\t\t\t\t<h5 class=\"elementor-heading-title elementor-size-default\">Clientes prohibidos (pa\u00edses, regiones, entidades y particulares)<\/h5>\t\t\t\t<\/div>\n\t\t\t\t<div class=\"elementor-element elementor-element-2fb119b elementor-widget elementor-widget-text-editor\" data-id=\"2fb119b\" data-element_type=\"widget\" data-widget_type=\"text-editor.default\">\n\t\t\t\t\t\t\t\t\tLas compras de servicios, la creaci\u00f3n de cuentas de cliente, el servicio de asistencia, el servicio de afiliaci\u00f3n y los servicios de chat no se ofrecen a clientes prohibidos. Tales clientes se definen como una entidad relacionada con algunos pa\u00edses, regiones o individuos que est\u00e1n prohibidos por ciertos gobiernos y sus sanciones comerciales, legales o econ\u00f3micas. <br><br>A menos que se indique lo contrario con permiso expl\u00edcito por escrito, BoostedHost tampoco registra y proh\u00edbe el uso de cualquiera de nuestros servicios en relaci\u00f3n con, cualquier Nombre de Dominio de Primer Nivel de C\u00f3digo de Pa\u00eds (\"ccTLD\") para cualquier Pa\u00eds\/Regi\u00f3n Sancionada.\t\t\t\t\t\t\t\t<\/div>\n\t\t\t\t<div class=\"elementor-element elementor-element-7cc7571 elementor-widget-divider--view-line elementor-widget elementor-widget-divider\" data-id=\"7cc7571\" data-element_type=\"widget\" data-widget_type=\"divider.default\">\n\t\t\t\t\t\t\t<div class=\"elementor-divider\">\n\t\t\t<span class=\"elementor-divider-separator\">\n\t\t\t\t\t\t<\/span>\n\t\t<\/div>\n\t\t\t\t\t\t<\/div>\n\t\t\t\t<div class=\"elementor-element elementor-element-dd7f67a elementor-widget elementor-widget-heading\" data-id=\"dd7f67a\" data-element_type=\"widget\" data-widget_type=\"heading.default\">\n\t\t\t\t\t<h5 class=\"elementor-heading-title elementor-size-default\">Incumplimiento de nuestros T\u00e9rminos, Condiciones o Pol\u00edticas<\/h5>\t\t\t\t<\/div>\n\t\t\t\t<div class=\"elementor-element elementor-element-729e962 elementor-widget elementor-widget-text-editor\" data-id=\"729e962\" data-element_type=\"widget\" data-widget_type=\"text-editor.default\">\n\t\t\t\t\t\t\t\t\t<p>En caso de violaci\u00f3n de cualquiera de los T\u00e9rminos, Condiciones o Pol\u00edticas mencionados en este documento, BoostedHost se reserva el derecho de suspender temporal o permanentemente la cuenta de Web Hosting del cliente o el acceso al \u00c1rea de Clientes. Adem\u00e1s, si se detecta tal violaci\u00f3n, BoostedHost se reserva el derecho de eliminar permanentemente cualquier cuenta de Web Hosting combinada con o sin suspensi\u00f3n del acceso al \u00c1rea de Cliente del cliente. <br><br>En caso de que el contenido no permitido se aloje en cualquiera de los sitios web de la red global BoostedHost, nos reservamos el derecho de suspender el acceso, suspender y eliminar permanentemente el contenido sin previo aviso.<\/p>\t\t\t\t\t\t\t\t<\/div>\n\t\t\t\t<div class=\"elementor-element elementor-element-7bf1935 elementor-widget-divider--view-line elementor-widget elementor-widget-divider\" data-id=\"7bf1935\" data-element_type=\"widget\" data-widget_type=\"divider.default\">\n\t\t\t\t\t\t\t<div class=\"elementor-divider\">\n\t\t\t<span class=\"elementor-divider-separator\">\n\t\t\t\t\t\t<\/span>\n\t\t<\/div>\n\t\t\t\t\t\t<\/div>\n\t\t\t\t<div class=\"elementor-element elementor-element-98882f8 elementor-widget elementor-widget-heading\" data-id=\"98882f8\" data-element_type=\"widget\" data-widget_type=\"heading.default\">\n\t\t\t\t\t<h5 class=\"elementor-heading-title elementor-size-default\">Definici\u00f3n de los t\u00e9rminos que puede esperar en nuestras Condiciones de servicio<\/h5>\t\t\t\t<\/div>\n\t\t\t\t<div class=\"elementor-element elementor-element-ab2a8a1 elementor-widget elementor-widget-text-editor\" data-id=\"ab2a8a1\" data-element_type=\"widget\" data-widget_type=\"text-editor.default\">\n\t\t\t\t\t\t\t\t\tLos siguientes t\u00e9rminos pueden encontrarse al leer nuestras Condiciones de servicio, acuerdos y pol\u00edticas adicionales y nuestro sitio web:\t\t\t\t\t\t\t\t<\/div>\n\t\t\t\t<div class=\"elementor-element elementor-element-877ced1 unorder-list-margin0 elementor-widget elementor-widget-text-editor\" data-id=\"877ced1\" data-element_type=\"widget\" data-widget_type=\"text-editor.default\">\n\t\t\t\t\t\t\t\t\t<ul>\n \t<li>\"nosotros\", \"nos\", \"nuestro\", \"BoostedHost \", \"BoostedHost\" o \"la Compa\u00f1\u00eda\" se utilizan en lugar de BoostedHost &#8211; el propietario de este Sitio Web y de los servicios ofrecidos en \u00e9l.<\/li>\n \t<li>\"visitante\": es una persona o un robot que navega por nuestro sitio web sin estar registrado como \"cliente\" oficial de nuestros servicios.<\/li>\n \t<li>\"Miembro\", \"Cliente\": persona que se ha registrado en nuestro sitio web o que utiliza o ha utilizado nuestro \"servicio\".<\/li>\n \t<li>\"Usuario\": t\u00e9rmino colectivo utilizado para describir a un visitante de nuestro sitio web o a un miembro de nuestros servicios.<\/li>\n \t<li>\"Servicio\": funcionalidad, producto de alojamiento web o un servicio adicional que sirve al prop\u00f3sito de la tecnolog\u00eda de alojamiento web y alojamiento de dominios.<\/li>\n \t<li>\"Contenido\": el t\u00e9rmino puede utilizarse para describir un recurso est\u00e1tico como, por ejemplo, texto, informaci\u00f3n, gr\u00e1ficos, audio, v\u00eddeo, IA, software y cualquier forma de datos.<\/li>\n<\/ul>\t\t\t\t\t\t\t\t<\/div>\n\t\t\t\t<\/div>\n\t\t\t\t<\/div>\n\t\t\t\t\t<\/div>\n\t\t\t\t<\/div>\n\t\t\t\t<\/div>\n\t\t","protected":false},"excerpt":{"rendered":"<p>Condiciones y acuerdo legal que aportan tranquilidad. Condiciones de servicio \u00a1Por favor, lea atentamente toda la informaci\u00f3n importante, t\u00e9rminos legales y otra informaci\u00f3n \u00fatil sobre nuestro Servicio de Alojamiento Web R\u00e1pido, Seguro y Estable! Condiciones generales de servicio BoostedHost T\u00e9rminos de Servicios se modific\u00f3 por \u00faltima vez el 30 de noviembre de 2019. Los siguientes T\u00e9rminos de Servicios, junto con cualquier T\u00e9rminos y Pol\u00edticas Adicionales (colectivamente \"ToS\", \"T\u00e9rminos\", \"Acuerdo\"), forman el acuerdo legal completo entre usted y BoostedHost en relaci\u00f3n con su uso de nuestro sitio web(https:\/\/www.boostedhost.com, todos sus subdominios, dominios de nivel superior adicionales y aplicaciones m\u00f3viles) y cualquier producto, servicio e informaci\u00f3n proporcionada por BoostedHost (\"nosotros\", \"nos\", \"nuestro\"). Antes de comprarnos un servicio, tiene que asegurarse y declarar que ha le\u00eddo, entendido y aceptado nuestras Condiciones de servicio (Condiciones de uso) marcando la casilla correspondiente requerida. La siguiente lista contiene nuestras Condiciones y Pol\u00edticas Adicionales adjuntas y consideradas colectivamente con este acuerdo de Condiciones Generales de Servicio: Contrato de servicios Condiciones de uso del sitio web Acuerdo de utilizaci\u00f3n de recursos Servicios de terceros Servicios adicionales Condiciones del servicio Condiciones del servicio de registro de dominios Derechos de autor y DMCA Anulaciones y reembolsos Promociones Pol\u00edtica de cookies Pol\u00edtica de privacidad El presente Acuerdo sustituye y reemplaza a cualquier otro acuerdo con respecto al objeto del mismo. Todos los dem\u00e1s acuerdos no tendr\u00e1n m\u00e1s fuerza ni efecto. Clientes prohibidos (pa\u00edses, regiones, entidades y particulares) Las compras de servicios, la creaci\u00f3n de cuentas de cliente, el servicio de asistencia, el servicio de afiliaci\u00f3n y los servicios de chat no se ofrecen a clientes prohibidos. Tales clientes se definen como una entidad relacionada con algunos pa\u00edses, regiones o individuos que est\u00e1n prohibidos por ciertos gobiernos y sus sanciones comerciales, legales o econ\u00f3micas. A menos que se indique lo contrario con permiso expl\u00edcito por escrito, BoostedHost tampoco registra y proh\u00edbe el uso de cualquiera de nuestros servicios en relaci\u00f3n con, cualquier Nombre de Dominio de Primer Nivel de C\u00f3digo de Pa\u00eds (\"ccTLD\") para cualquier Pa\u00eds\/Regi\u00f3n Sancionada. Incumplimiento de nuestros T\u00e9rminos, Condiciones o Pol\u00edticas En caso de violaci\u00f3n de cualquiera de los T\u00e9rminos, Condiciones o Pol\u00edticas mencionados en este documento, BoostedHost se reserva el derecho de suspender temporal o permanentemente la cuenta de Web Hosting del cliente o el acceso al \u00c1rea de Clientes. Adem\u00e1s, si se detecta tal violaci\u00f3n, BoostedHost se reserva el derecho de eliminar permanentemente cualquier cuenta de Web Hosting combinada con o sin suspensi\u00f3n del acceso al \u00c1rea de Cliente del cliente. En caso de que el contenido no permitido se aloje en cualquiera de los sitios web de la red global BoostedHost, nos reservamos el derecho de suspender el acceso, suspender y eliminar permanentemente el contenido sin previo aviso. Definici\u00f3n de los t\u00e9rminos que puede esperar en nuestras Condiciones de servicio Los siguientes t\u00e9rminos pueden encontrarse al leer nuestras Condiciones de servicio, acuerdos y pol\u00edticas adicionales y nuestro sitio web: \"nosotros\", \"nos\", \"nuestro\", \"BoostedHost \", \"BoostedHost\" o \"la Compa\u00f1\u00eda\" se utilizan en lugar de BoostedHost &#8211; el propietario de este Sitio Web y de los servicios ofrecidos en \u00e9l. \"visitante\": es una persona o un robot que navega por nuestro sitio web sin estar registrado como \"cliente\" oficial de nuestros servicios. \"Miembro\", \"Cliente\": persona que se ha registrado en nuestro sitio web o que utiliza o ha utilizado nuestro \"servicio\". \"Usuario\": t\u00e9rmino colectivo utilizado para describir a un visitante de nuestro sitio web o a un miembro de nuestros servicios. \"Servicio\": funcionalidad, producto de alojamiento web o un servicio adicional que sirve al prop\u00f3sito de la tecnolog\u00eda de alojamiento web y alojamiento de dominios. \"Contenido\": el t\u00e9rmino puede utilizarse para describir un recurso est\u00e1tico como, por ejemplo, texto, informaci\u00f3n, gr\u00e1ficos, audio, v\u00eddeo, IA, software y cualquier forma de datos.<\/p>\n","protected":false},"author":1,"featured_media":0,"parent":0,"menu_order":0,"comment_status":"closed","ping_status":"closed","template":"","meta":{"site-sidebar-layout":"no-sidebar","site-content-layout":"page-builder","ast-site-content-layout":"full-width-container","site-content-style":"default","site-sidebar-style":"default","ast-global-header-display":"","ast-banner-title-visibility":"","ast-main-header-display":"","ast-hfb-above-header-display":"","ast-hfb-below-header-display":"","ast-hfb-mobile-header-display":"","site-post-title":"disabled","ast-breadcrumbs-content":"disabled","ast-featured-img":"disabled","footer-sml-layout":"","theme-transparent-header-meta":"default","adv-header-id-meta":"","stick-header-meta":"","header-above-stick-meta":"","header-main-stick-meta":"","header-below-stick-meta":"","astra-migrate-meta-layouts":"default","ast-page-background-enabled":"default","ast-page-background-meta":{"desktop":{"background-color":"","background-image":"","background-repeat":"repeat","background-position":"center center","background-size":"auto","background-attachment":"scroll","background-type":"","background-media":"","overlay-type":"","overlay-color":"","overlay-opacity":"","overlay-gradient":""},"tablet":{"background-color":"","background-image":"","background-repeat":"repeat","background-position":"center center","background-size":"auto","background-attachment":"scroll","background-type":"","background-media":"","overlay-type":"","overlay-color":"","overlay-opacity":"","overlay-gradient":""},"mobile":{"background-color":"","background-image":"","background-repeat":"repeat","background-position":"center center","background-size":"auto","background-attachment":"scroll","background-type":"","background-media":"","overlay-type":"","overlay-color":"","overlay-opacity":"","overlay-gradient":""}},"ast-content-background-meta":{"desktop":{"background-color":"var(--ast-global-color-5)","background-image":"","background-repeat":"repeat","background-position":"center center","background-size":"auto","background-attachment":"scroll","background-type":"","background-media":"","overlay-type":"","overlay-color":"","overlay-opacity":"","overlay-gradient":""},"tablet":{"background-color":"var(--ast-global-color-5)","background-image":"","background-repeat":"repeat","background-position":"center center","background-size":"auto","background-attachment":"scroll","background-type":"","background-media":"","overlay-type":"","overlay-color":"","overlay-opacity":"","overlay-gradient":""},"mobile":{"background-color":"var(--ast-global-color-5)","background-image":"","background-repeat":"repeat","background-position":"center center","background-size":"auto","background-attachment":"scroll","background-type":"","background-media":"","overlay-type":"","overlay-color":"","overlay-opacity":"","overlay-gradient":""}},"footnotes":""},"class_list":["post-80658","page","type-page","status-publish","hentry"],"_links":{"self":[{"href":"https:\/\/boostedhost.com\/es\/wp-json\/wp\/v2\/pages\/80658","targetHints":{"allow":["GET"]}}],"collection":[{"href":"https:\/\/boostedhost.com\/es\/wp-json\/wp\/v2\/pages"}],"about":[{"href":"https:\/\/boostedhost.com\/es\/wp-json\/wp\/v2\/types\/page"}],"author":[{"embeddable":true,"href":"https:\/\/boostedhost.com\/es\/wp-json\/wp\/v2\/users\/1"}],"replies":[{"embeddable":true,"href":"https:\/\/boostedhost.com\/es\/wp-json\/wp\/v2\/comments?post=80658"}],"version-history":[{"count":0,"href":"https:\/\/boostedhost.com\/es\/wp-json\/wp\/v2\/pages\/80658\/revisions"}],"wp:attachment":[{"href":"https:\/\/boostedhost.com\/es\/wp-json\/wp\/v2\/media?parent=80658"}],"curies":[{"name":"wp","href":"https:\/\/api.w.org\/{rel}","templated":true}]}}