{"id":80833,"date":"2025-06-03T12:15:30","date_gmt":"2025-06-03T12:15:30","guid":{"rendered":"https:\/\/boostedhost.com\/acuerdo-de-promocion\/"},"modified":"2025-08-11T18:50:14","modified_gmt":"2025-08-11T18:50:14","slug":"acuerdo-de-promocion","status":"publish","type":"page","link":"https:\/\/boostedhost.com\/es\/acuerdo-de-promocion\/","title":{"rendered":"Acuerdo de promoci\u00f3n"},"content":{"rendered":"\t\t<div data-elementor-type=\"wp-page\" data-elementor-id=\"80833\" class=\"elementor elementor-80833 elementor-4738\" data-elementor-post-type=\"page\">\n\t\t\t\t<div class=\"elementor-element elementor-element-723d13e e-flex e-con-boxed wpr-particle-no wpr-jarallax-no wpr-parallax-no wpr-sticky-section-no e-con e-parent\" data-id=\"723d13e\" data-element_type=\"container\" data-settings=\"{&quot;background_background&quot;:&quot;classic&quot;}\">\n\t\t\t\t\t<div class=\"e-con-inner\">\n\t\t<div class=\"elementor-element elementor-element-ce33b3c e-con-full e-flex wpr-particle-no wpr-jarallax-no wpr-parallax-no wpr-sticky-section-no e-con e-child\" data-id=\"ce33b3c\" data-element_type=\"container\">\n\t\t\t\t<div class=\"elementor-element elementor-element-d43336d elementor-position-left elementor-mobile-position-left dot-icon elementor-view-default elementor-widget elementor-widget-icon-box\" data-id=\"d43336d\" data-element_type=\"widget\" data-widget_type=\"icon-box.default\">\n\t\t\t\t\t\t\t<div class=\"elementor-icon-box-wrapper\">\n\n\t\t\t\t\t\t<div class=\"elementor-icon-box-icon\">\n\t\t\t\t<span  class=\"elementor-icon\">\n\t\t\t\t<svg xmlns=\"http:\/\/www.w3.org\/2000\/svg\" width=\"11\" height=\"10\" viewBox=\"0 0 11 10\" fill=\"none\"><path d=\"M5.5 0C6.82608 0 8.09785 0.526784 9.03553 1.46447C9.97322 2.40215 10.5 3.67392 10.5 5C10.5 6.32608 9.97322 7.59785 9.03553 8.53553C8.09785 9.47322 6.82608 10 5.5 10C4.17392 10 2.90215 9.47322 1.96447 8.53553C1.02678 7.59785 0.5 6.32608 0.5 5C0.5 3.67392 1.02678 2.40215 1.96447 1.46447C2.90215 0.526784 4.17392 0 5.5 0ZM6.24995 3.06978C6.62135 3.06978 6.92276 2.81194 6.92276 2.42983C6.92276 2.04771 6.62063 1.78987 6.24995 1.78987C5.87854 1.78987 5.57857 2.04771 5.57857 2.42983C5.57857 2.81194 5.87854 3.06978 6.24995 3.06978ZM6.38065 7.08878C6.38065 7.01236 6.40708 6.8138 6.39208 6.70095L5.80498 7.37662C5.68356 7.50446 5.53143 7.59303 5.46 7.56946C5.4276 7.55754 5.40051 7.53444 5.38362 7.50432C5.36673 7.47421 5.36114 7.43905 5.36787 7.40518L6.34637 4.31398C6.42636 3.92186 6.20638 3.56403 5.73998 3.51832C5.24788 3.51832 4.52364 4.01757 4.08296 4.6511C4.08296 4.72681 4.06867 4.91536 4.08367 5.02821L4.67006 4.35183C4.79148 4.22541 4.9329 4.13613 5.00432 4.16042C5.03951 4.17305 5.06835 4.19897 5.08464 4.23262C5.10093 4.26627 5.10338 4.30497 5.09146 4.3404L4.12153 7.41661C4.00939 7.77659 4.22152 8.12942 4.73577 8.20941C5.49286 8.20941 5.93997 7.72231 6.38137 7.08878H6.38065Z\" fill=\"#FF6022\"><\/path><\/svg>\t\t\t\t<\/span>\n\t\t\t<\/div>\n\t\t\t\n\t\t\t\t\t\t<div class=\"elementor-icon-box-content\">\n\n\t\t\t\t\n\t\t\t\t\t\t\t\t\t<p class=\"elementor-icon-box-description\">\n\t\t\t\t\t\tCondiciones y acuerdo legal que aportan tranquilidad.\t\t\t\t\t<\/p>\n\t\t\t\t\n\t\t\t<\/div>\n\t\t\t\n\t\t<\/div>\n\t\t\t\t\t\t<\/div>\n\t\t\t\t<div class=\"elementor-element elementor-element-6ba60ce elementor-widget elementor-widget-heading\" data-id=\"6ba60ce\" data-element_type=\"widget\" data-widget_type=\"heading.default\">\n\t\t\t\t\t<h1 class=\"elementor-heading-title elementor-size-default\">Condiciones de servicio<\/h1>\t\t\t\t<\/div>\n\t\t<div class=\"elementor-element elementor-element-ec6bd0a e-con-full e-flex wpr-particle-no wpr-jarallax-no wpr-parallax-no wpr-sticky-section-no e-con e-child\" data-id=\"ec6bd0a\" data-element_type=\"container\">\n\t\t\t\t<div class=\"elementor-element elementor-element-afa1b25 elementor-widget elementor-widget-text-editor\" data-id=\"afa1b25\" data-element_type=\"widget\" data-widget_type=\"text-editor.default\">\n\t\t\t\t\t\t\t\t\t\u00a1Por favor, lea atentamente toda la informaci\u00f3n importante, t\u00e9rminos legales y otra informaci\u00f3n \u00fatil sobre nuestro Servicio de Alojamiento Web R\u00e1pido, Seguro y Estable!\t\t\t\t\t\t\t\t<\/div>\n\t\t\t\t<\/div>\n\t\t\t\t<\/div>\n\t\t\t\t\t<\/div>\n\t\t\t\t<\/div>\n\t\t<div class=\"elementor-element elementor-element-b2c1093 e-flex e-con-boxed wpr-particle-no wpr-jarallax-no wpr-parallax-no wpr-sticky-section-no e-con e-parent\" data-id=\"b2c1093\" data-element_type=\"container\" data-settings=\"{&quot;background_background&quot;:&quot;classic&quot;}\">\n\t\t\t\t\t<div class=\"e-con-inner\">\n\t\t<div class=\"elementor-element elementor-element-53cd26c e-con-full e-flex wpr-particle-no wpr-jarallax-no wpr-parallax-no wpr-sticky-section-no e-con e-child\" data-id=\"53cd26c\" data-element_type=\"container\">\n\t\t<div class=\"elementor-element elementor-element-6ebc3b1 e-con-full e-flex wpr-particle-no wpr-jarallax-no wpr-parallax-no wpr-sticky-section-no e-con e-child\" data-id=\"6ebc3b1\" data-element_type=\"container\">\n\t\t\t\t<div class=\"elementor-element elementor-element-5a66eac nav-menu-sidebar elementor-widget elementor-widget-wp-widget-nav_menu\" data-id=\"5a66eac\" data-element_type=\"widget\" data-widget_type=\"wp-widget-nav_menu.default\">\n\t\t\t\t<div class=\"elementor-widget-container\">\n\t\t\t\t\t<nav class=\"menu-terms-of-services-container\" aria-label=\"Men\u00fa\"><ul id=\"menu-terms-of-services\" class=\"menu\"><li id=\"menu-item-4091\" class=\"menu-item menu-item-type-post_type menu-item-object-page menu-item-4091\"><a href=\"https:\/\/boostedhost.com\/legal\/\" class=\"menu-link\">Legal<\/a><\/li>\n<li id=\"menu-item-4232\" class=\"menu-item menu-item-type-post_type menu-item-object-page menu-item-4232\"><a href=\"https:\/\/boostedhost.com\/service-level-agreement\/\" class=\"menu-link\">Acuerdo de nivel de servicio<\/a><\/li>\n<li id=\"menu-item-4495\" class=\"menu-item menu-item-type-post_type menu-item-object-page menu-item-4495\"><a href=\"https:\/\/boostedhost.com\/website-terms-of-service\/\" class=\"menu-link\">Condiciones de servicio del sitio web<\/a><\/li>\n<li id=\"menu-item-4494\" class=\"menu-item menu-item-type-post_type menu-item-object-page menu-item-4494\"><a href=\"https:\/\/boostedhost.com\/resource-usage\/\" class=\"menu-link\">Uso de los recursos<\/a><\/li>\n<li id=\"menu-item-4630\" class=\"menu-item menu-item-type-post_type menu-item-object-page menu-item-4630\"><a href=\"https:\/\/boostedhost.com\/third-party-services\/\" class=\"menu-link\">Servicios de terceros<\/a><\/li>\n<li id=\"menu-item-4629\" class=\"menu-item menu-item-type-post_type menu-item-object-page menu-item-4629\"><a href=\"https:\/\/boostedhost.com\/domain-names-agreement\/\" class=\"menu-link\">Acuerdo sobre nombres de dominio<\/a><\/li>\n<li id=\"menu-item-4673\" class=\"menu-item menu-item-type-post_type menu-item-object-page menu-item-4673\"><a href=\"https:\/\/boostedhost.com\/copyright-and-dmca\/\" class=\"menu-link\">Derechos de autor y DMCA<\/a><\/li>\n<li id=\"menu-item-4992\" class=\"menu-item menu-item-type-post_type menu-item-object-page menu-item-4992\"><a href=\"https:\/\/boostedhost.com\/cancellations-and-refunds\/\" class=\"menu-link\">Anulaciones y reembolsos<\/a><\/li>\n<li id=\"menu-item-4991\" class=\"menu-item menu-item-type-post_type menu-item-object-page menu-item-4991\"><a href=\"https:\/\/boostedhost.com\/promotions-agreement\/\" class=\"menu-link\">Acuerdo de promoci\u00f3n<\/a><\/li>\n<li id=\"menu-item-4990\" class=\"menu-item menu-item-type-post_type menu-item-object-page menu-item-4990\"><a href=\"https:\/\/boostedhost.com\/cookies-policy\/\" class=\"menu-link\">Pol\u00edtica de cookies<\/a><\/li>\n<li id=\"menu-item-4989\" class=\"menu-item menu-item-type-post_type menu-item-object-page menu-item-4989\"><a href=\"https:\/\/boostedhost.com\/privacy-policy\/\" class=\"menu-link\">Pol\u00edtica de privacidad<\/a><\/li>\n<li id=\"menu-item-4988\" class=\"menu-item menu-item-type-post_type menu-item-object-page menu-item-4988\"><a href=\"https:\/\/boostedhost.com\/affiliate-program\/\" class=\"menu-link\">Programa de afiliados<\/a><\/li>\n<li id=\"menu-item-4987\" class=\"menu-item menu-item-type-post_type menu-item-object-page menu-item-4987\"><a href=\"https:\/\/boostedhost.com\/imprint\/\" class=\"menu-link\">Pie de imprenta<\/a><\/li>\n<\/ul><\/nav>\t\t\t\t<\/div>\n\t\t\t\t<\/div>\n\t\t\t\t<\/div>\n\t\t<div class=\"elementor-element elementor-element-f8be319 e-con-full e-flex wpr-particle-no wpr-jarallax-no wpr-parallax-no wpr-sticky-section-no e-con e-child\" data-id=\"f8be319\" data-element_type=\"container\">\n\t\t\t\t<div class=\"elementor-element elementor-element-e8b99e9 elementor-widget elementor-widget-heading\" data-id=\"e8b99e9\" data-element_type=\"widget\" data-widget_type=\"heading.default\">\n\t\t\t\t\t<h3 class=\"elementor-heading-title elementor-size-default\">Promociones<\/h3>\t\t\t\t<\/div>\n\t\t\t\t<div class=\"elementor-element elementor-element-8c6eb73 elementor-widget elementor-widget-text-editor\" data-id=\"8c6eb73\" data-element_type=\"widget\" data-widget_type=\"text-editor.default\">\n\t\t\t\t\t\t\t\t\tEn este documento, nuestros clientes encontrar\u00e1n los T\u00e9rminos y Condiciones detr\u00e1s de todas nuestras promociones. Al inscribirse en un servicio o producto promocional, los clientes est\u00e1n de acuerdo con los T\u00e9rminos y Condiciones descritos en este documento, los T\u00e9rminos y Condiciones de BoostedHost y cualquier documento adicional relacionado con nuestros servicios y espec\u00edficamente descritos en nuestras p\u00e1ginas de T\u00e9rminos de Servicio. \t\t\t\t\t\t\t\t<\/div>\n\t\t\t\t<div class=\"elementor-element elementor-element-428a3ec elementor-widget-divider--view-line elementor-widget elementor-widget-divider\" data-id=\"428a3ec\" data-element_type=\"widget\" data-widget_type=\"divider.default\">\n\t\t\t\t\t\t\t<div class=\"elementor-divider\">\n\t\t\t<span class=\"elementor-divider-separator\">\n\t\t\t\t\t\t<\/span>\n\t\t<\/div>\n\t\t\t\t\t\t<\/div>\n\t\t\t\t<div class=\"elementor-element elementor-element-7c24838 elementor-widget elementor-widget-heading\" data-id=\"7c24838\" data-element_type=\"widget\" data-widget_type=\"heading.default\">\n\t\t\t\t\t<h5 class=\"elementor-heading-title elementor-size-default\">Registro y transferencia gratuitos de nombres de dominio<\/h5>\t\t\t\t<\/div>\n\t\t\t\t<div class=\"elementor-element elementor-element-b9e6321 elementor-widget elementor-widget-text-editor\" data-id=\"b9e6321\" data-element_type=\"widget\" data-widget_type=\"text-editor.default\">\n\t\t\t\t\t\t\t\t\tLa promoci\u00f3n de registro\/transferencia gratuita de nombre de dominio puede proporcionarse como parte de los productos ofrecidos en el sitio web <a href=\"https:\/\/www.BoostedHost.com\" rel=\"nofollow noopener\">https:\/\/www.BoostedHost.com<\/a>. Las condiciones para registrar\/transferir un nombre de dominio gratis a BoostedHost son las siguientes. El cliente acepta que el registro\/transferencia de un dominio gratis s\u00f3lo es v\u00e1lido para las extensiones de nombre de dominio gratis (\"dominios de nivel superior\") espec\u00edficamente indicadas en nuestro Portal de nombres de dominio. En el momento de redactar este documento, las siguientes extensiones de nombre de dominio son elegibles para la promoci\u00f3n de registro\/transferencia de dominio gratuito:   \t\t\t\t\t\t\t\t<\/div>\n\t\t\t\t<div class=\"elementor-element elementor-element-3b66b0b unorder-list-margin0 elementor-widget elementor-widget-text-editor\" data-id=\"3b66b0b\" data-element_type=\"widget\" data-widget_type=\"text-editor.default\">\n\t\t\t\t\t\t\t\t\t<ul>\n \t<li>.com<\/li>\n \t<li>.net<\/li>\n \t<li>.de<\/li>\n \t<li>.eu<\/li>\n \t<li>.enlace<\/li>\n \t<li>.ru<\/li>\n \t<li>.fr<\/li>\n \t<li>.es<\/li>\n \t<li>.cn<\/li>\n \t<li>.top<\/li>\n \t<li>.us<\/li>\n \t<li>.trabajo<\/li>\n \t<li>.nombre<\/li>\n \t<li>.pulse<\/li>\n<\/ul>\t\t\t\t\t\t\t\t<\/div>\n\t\t\t\t<div class=\"elementor-element elementor-element-04bae2f elementor-widget elementor-widget-text-editor\" data-id=\"04bae2f\" data-element_type=\"widget\" data-widget_type=\"text-editor.default\">\n\t\t\t\t\t\t\t\t\tSi la extensi\u00f3n de nombre de dominio deseada no se encuentra en nuestro Portal de Dominios, el cliente debe comprobar con nuestro equipo de Ventas a trav\u00e9s de Live Chat o con nuestro departamento de Facturaci\u00f3n mediante la presentaci\u00f3n de un ticket de soporte si la extensi\u00f3n deseada es compatible como una extensi\u00f3n de nombre de dominio libre. El cliente acepta que BoostedHost puede proporcionar el registro gratuito de nombres de dominio para algunos o todos los servicios de Alojamiento Web ofrecidos bajo las siguientes condiciones: \t\t\t\t\t\t\t\t<\/div>\n\t\t\t\t<div class=\"elementor-element elementor-element-3e15248 unorder-list-margin0 elementor-widget elementor-widget-text-editor\" data-id=\"3e15248\" data-element_type=\"widget\" data-widget_type=\"text-editor.default\">\n\t\t\t\t\t\t\t\t\t<ul>\n \t<li>El registro\/transferencia de un nombre de dominio gratuito est\u00e1 disponible para los paquetes de alojamiento Web compartido adquiridos durante al menos 1 a\u00f1o (12 meses).<\/li>\n \t<li>Los paquetes VPS y Servidores Dedicados disponen de un registro\/transferencia de nombre de dominio gratuito durante un periodo de compra de al menos 3 meses.<\/li>\n \t<li>S\u00f3lo se puede registrar\/transferir un nombre de dominio gratuito en los primeros 7 d\u00edas del Ciclo de Facturaci\u00f3n de prepago. Una vez transcurrido ese periodo, el cliente deber\u00e1 consultar con nuestros departamentos de Ventas\/Soporte si la promoci\u00f3n puede proporcionarse expl\u00edcitamente. \n<\/li>\n<\/ul>\t\t\t\t\t\t\t\t<\/div>\n\t\t\t\t<div class=\"elementor-element elementor-element-ea0579b elementor-widget elementor-widget-text-editor\" data-id=\"ea0579b\" data-element_type=\"widget\" data-widget_type=\"text-editor.default\">\n\t\t\t\t\t\t\t\t\tEl cliente acepta que la promoci\u00f3n de registro\/transferencia de dominio gratuito es v\u00e1lida s\u00f3lo para el primer plazo para el que se ha registrado\/transferido un dominio con BoostedHost. Si la promoci\u00f3n no est\u00e1 anunciada\/existente en el momento en que un nombre de dominio deba ser renovado, BoostedHost no renovar\u00e1 el nombre de dominio gratuitamente y se presentar\u00e1 al cliente una tasa de renovaci\u00f3n. El cliente est\u00e1 de acuerdo y reconoce que en caso de Cancelaci\u00f3n del servicio que tiene una promoci\u00f3n de registro\/transferencia de nombre de dominio gratis, una cuota de registro ser\u00e1 retenida de la cantidad reembolsable. La tasa de registro para la mayor\u00eda de las extensiones de nombres de dominio es de 13,95 USD, pero s\u00f3lo para .co.uk y .org.uk la tasa es de 19,95 USD. La tasa de registro puede o no variar en funci\u00f3n de los precios indicados por nuestro Registrador. Una vez retenida la tasa y completada la cancelaci\u00f3n del servicio el cliente se convierte en el \u00fanico propietario del nombre de dominio durante el periodo restante hasta que el dominio expire. El dominio puede ser entonces:\t\t\t\t\t\t\t\t<\/div>\n\t\t\t\t<div class=\"elementor-element elementor-element-336b1ec unorder-list-margin0 elementor-widget elementor-widget-text-editor\" data-id=\"336b1ec\" data-element_type=\"widget\" data-widget_type=\"text-editor.default\">\n\t\t\t\t\t\t\t\t\t<ul>\n \t<li>Renovado con nosotros, dejando s\u00f3lo el dominio como producto\/servicio activo.<\/li>\n \t<li>Transferido a otro registrador de nombres de dominio.<\/li>\n \t<li>Se deja caducar por si el cliente no lo necesita.<\/li>\n<\/ul>\t\t\t\t\t\t\t\t<\/div>\n\t\t\t\t<div class=\"elementor-element elementor-element-b1c8605 elementor-widget elementor-widget-text-editor\" data-id=\"b1c8605\" data-element_type=\"widget\" data-widget_type=\"text-editor.default\">\n\t\t\t\t\t\t\t\t\tCuando se registra un nombre de dominio gratuito, normalmente se adjunta a un paquete de alojamiento web como dominio principal. El nombre de dominio no puede ser utilizado para ning\u00fan otro prop\u00f3sito en relaci\u00f3n con BoostedHost y no puede existir como un nombre de dominio gratuito sin un paquete de Alojamiento Web correspondiente. BoostedHost se reserva el derecho de suspender la promoci\u00f3n de registro\/transferencia de dominio gratuito en cualquier momento sin previo aviso para los clientes. Cuando y si la promoci\u00f3n se termina, todos los nombres de dominio que caen bajo las reglas de la promoci\u00f3n se convertir\u00e1n en nombres de dominio regulares que se facturan con una tarifa fija. El cliente acepta que un nombre de dominio, ya sea gratuito o normal, s\u00f3lo puede cancelarse desactivando la renovaci\u00f3n del nombre de dominio a trav\u00e9s de las opciones disponibles en el Panel de Control del Cliente, o enviando un ticket a nuestro Departamento de Facturaci\u00f3n solicitando la cancelaci\u00f3n del dominio, lo que activar\u00e1 el mismo procedimiento. Un nombre de dominio registrado gratuitamente como parte de nuestra promoci\u00f3n de registro\/transferencia de dominio gratuito no se renovar\u00e1 gratuitamente. BoostedHost se reserva el derecho de cambiar, actualizar o eliminar cualquiera de los T\u00e9rminos y Condiciones Promocionales arriba mencionados.      \t\t\t\t\t\t\t\t<\/div>\n\t\t\t\t<\/div>\n\t\t\t\t<\/div>\n\t\t\t\t\t<\/div>\n\t\t\t\t<\/div>\n\t\t\t\t<\/div>\n\t\t","protected":false},"excerpt":{"rendered":"<p>Condiciones y acuerdo legal que aportan tranquilidad. Condiciones de servicio \u00a1Por favor, lea atentamente toda la informaci\u00f3n importante, t\u00e9rminos legales y otra informaci\u00f3n \u00fatil sobre nuestro Servicio de Alojamiento Web R\u00e1pido, Seguro y Estable! Promociones En este documento, nuestros clientes encontrar\u00e1n los T\u00e9rminos y Condiciones detr\u00e1s de todas nuestras promociones. Al inscribirse en un servicio o producto promocional, los clientes est\u00e1n de acuerdo con los T\u00e9rminos y Condiciones descritos en este documento, los T\u00e9rminos y Condiciones de BoostedHost y cualquier documento adicional relacionado con nuestros servicios y espec\u00edficamente descritos en nuestras p\u00e1ginas de T\u00e9rminos de Servicio. Registro y transferencia gratuitos de nombres de dominio La promoci\u00f3n de registro\/transferencia gratuita de nombre de dominio puede proporcionarse como parte de los productos ofrecidos en el sitio web https:\/\/www.BoostedHost.com. Las condiciones para registrar\/transferir un nombre de dominio gratis a BoostedHost son las siguientes. El cliente acepta que el registro\/transferencia de un dominio gratis s\u00f3lo es v\u00e1lido para las extensiones de nombre de dominio gratis (\"dominios de nivel superior\") espec\u00edficamente indicadas en nuestro Portal de nombres de dominio. En el momento de redactar este documento, las siguientes extensiones de nombre de dominio son elegibles para la promoci\u00f3n de registro\/transferencia de dominio gratuito: .com .net .de .eu .enlace .ru .fr .es .cn .top .us .trabajo .nombre .pulse Si la extensi\u00f3n de nombre de dominio deseada no se encuentra en nuestro Portal de Dominios, el cliente debe comprobar con nuestro equipo de Ventas a trav\u00e9s de Live Chat o con nuestro departamento de Facturaci\u00f3n mediante la presentaci\u00f3n de un ticket de soporte si la extensi\u00f3n deseada es compatible como una extensi\u00f3n de nombre de dominio libre. El cliente acepta que BoostedHost puede proporcionar el registro gratuito de nombres de dominio para algunos o todos los servicios de Alojamiento Web ofrecidos bajo las siguientes condiciones: El registro\/transferencia de un nombre de dominio gratuito est\u00e1 disponible para los paquetes de alojamiento Web compartido adquiridos durante al menos 1 a\u00f1o (12 meses). Los paquetes VPS y Servidores Dedicados disponen de un registro\/transferencia de nombre de dominio gratuito durante un periodo de compra de al menos 3 meses. S\u00f3lo se puede registrar\/transferir un nombre de dominio gratuito en los primeros 7 d\u00edas del Ciclo de Facturaci\u00f3n de prepago. Una vez transcurrido ese periodo, el cliente deber\u00e1 consultar con nuestros departamentos de Ventas\/Soporte si la promoci\u00f3n puede proporcionarse expl\u00edcitamente. El cliente acepta que la promoci\u00f3n de registro\/transferencia de dominio gratuito es v\u00e1lida s\u00f3lo para el primer plazo para el que se ha registrado\/transferido un dominio con BoostedHost. Si la promoci\u00f3n no est\u00e1 anunciada\/existente en el momento en que un nombre de dominio deba ser renovado, BoostedHost no renovar\u00e1 el nombre de dominio gratuitamente y se presentar\u00e1 al cliente una tasa de renovaci\u00f3n. El cliente est\u00e1 de acuerdo y reconoce que en caso de Cancelaci\u00f3n del servicio que tiene una promoci\u00f3n de registro\/transferencia de nombre de dominio gratis, una cuota de registro ser\u00e1 retenida de la cantidad reembolsable. La tasa de registro para la mayor\u00eda de las extensiones de nombres de dominio es de 13,95 USD, pero s\u00f3lo para .co.uk y .org.uk la tasa es de 19,95 USD. La tasa de registro puede o no variar en funci\u00f3n de los precios indicados por nuestro Registrador. Una vez retenida la tasa y completada la cancelaci\u00f3n del servicio el cliente se convierte en el \u00fanico propietario del nombre de dominio durante el periodo restante hasta que el dominio expire. El dominio puede ser entonces: Renovado con nosotros, dejando s\u00f3lo el dominio como producto\/servicio activo. Transferido a otro registrador de nombres de dominio. Se deja caducar por si el cliente no lo necesita. Cuando se registra un nombre de dominio gratuito, normalmente se adjunta a un paquete de alojamiento web como dominio principal. El nombre de dominio no puede ser utilizado para ning\u00fan otro prop\u00f3sito en relaci\u00f3n con BoostedHost y no puede existir como un nombre de dominio gratuito sin un paquete de Alojamiento Web correspondiente. BoostedHost se reserva el derecho de suspender la promoci\u00f3n de registro\/transferencia de dominio gratuito en cualquier momento sin previo aviso para los clientes. Cuando y si la promoci\u00f3n se termina, todos los nombres de dominio que caen bajo las reglas de la promoci\u00f3n se convertir\u00e1n en nombres de dominio regulares que se facturan con una tarifa fija. El cliente acepta que un nombre de dominio, ya sea gratuito o normal, s\u00f3lo puede cancelarse desactivando la renovaci\u00f3n del nombre de dominio a trav\u00e9s de las opciones disponibles en el Panel de Control del Cliente, o enviando un ticket a nuestro Departamento de Facturaci\u00f3n solicitando la cancelaci\u00f3n del dominio, lo que activar\u00e1 el mismo procedimiento. Un nombre de dominio registrado gratuitamente como parte de nuestra promoci\u00f3n de registro\/transferencia de dominio gratuito no se renovar\u00e1 gratuitamente. BoostedHost se reserva el derecho de cambiar, actualizar o eliminar cualquiera de los T\u00e9rminos y Condiciones Promocionales arriba mencionados.<\/p>\n","protected":false},"author":1,"featured_media":0,"parent":0,"menu_order":0,"comment_status":"closed","ping_status":"closed","template":"","meta":{"site-sidebar-layout":"no-sidebar","site-content-layout":"page-builder","ast-site-content-layout":"full-width-container","site-content-style":"default","site-sidebar-style":"default","ast-global-header-display":"","ast-banner-title-visibility":"","ast-main-header-display":"","ast-hfb-above-header-display":"","ast-hfb-below-header-display":"","ast-hfb-mobile-header-display":"","site-post-title":"disabled","ast-breadcrumbs-content":"disabled","ast-featured-img":"disabled","footer-sml-layout":"","theme-transparent-header-meta":"default","adv-header-id-meta":"","stick-header-meta":"","header-above-stick-meta":"","header-main-stick-meta":"","header-below-stick-meta":"","astra-migrate-meta-layouts":"default","ast-page-background-enabled":"default","ast-page-background-meta":{"desktop":{"background-color":"","background-image":"","background-repeat":"repeat","background-position":"center center","background-size":"auto","background-attachment":"scroll","background-type":"","background-media":"","overlay-type":"","overlay-color":"","overlay-opacity":"","overlay-gradient":""},"tablet":{"background-color":"","background-image":"","background-repeat":"repeat","background-position":"center center","background-size":"auto","background-attachment":"scroll","background-type":"","background-media":"","overlay-type":"","overlay-color":"","overlay-opacity":"","overlay-gradient":""},"mobile":{"background-color":"","background-image":"","background-repeat":"repeat","background-position":"center center","background-size":"auto","background-attachment":"scroll","background-type":"","background-media":"","overlay-type":"","overlay-color":"","overlay-opacity":"","overlay-gradient":""}},"ast-content-background-meta":{"desktop":{"background-color":"var(--ast-global-color-5)","background-image":"","background-repeat":"repeat","background-position":"center center","background-size":"auto","background-attachment":"scroll","background-type":"","background-media":"","overlay-type":"","overlay-color":"","overlay-opacity":"","overlay-gradient":""},"tablet":{"background-color":"var(--ast-global-color-5)","background-image":"","background-repeat":"repeat","background-position":"center center","background-size":"auto","background-attachment":"scroll","background-type":"","background-media":"","overlay-type":"","overlay-color":"","overlay-opacity":"","overlay-gradient":""},"mobile":{"background-color":"var(--ast-global-color-5)","background-image":"","background-repeat":"repeat","background-position":"center center","background-size":"auto","background-attachment":"scroll","background-type":"","background-media":"","overlay-type":"","overlay-color":"","overlay-opacity":"","overlay-gradient":""}},"footnotes":""},"class_list":["post-80833","page","type-page","status-publish","hentry"],"_links":{"self":[{"href":"https:\/\/boostedhost.com\/es\/wp-json\/wp\/v2\/pages\/80833","targetHints":{"allow":["GET"]}}],"collection":[{"href":"https:\/\/boostedhost.com\/es\/wp-json\/wp\/v2\/pages"}],"about":[{"href":"https:\/\/boostedhost.com\/es\/wp-json\/wp\/v2\/types\/page"}],"author":[{"embeddable":true,"href":"https:\/\/boostedhost.com\/es\/wp-json\/wp\/v2\/users\/1"}],"replies":[{"embeddable":true,"href":"https:\/\/boostedhost.com\/es\/wp-json\/wp\/v2\/comments?post=80833"}],"version-history":[{"count":0,"href":"https:\/\/boostedhost.com\/es\/wp-json\/wp\/v2\/pages\/80833\/revisions"}],"wp:attachment":[{"href":"https:\/\/boostedhost.com\/es\/wp-json\/wp\/v2\/media?parent=80833"}],"curies":[{"name":"wp","href":"https:\/\/api.w.org\/{rel}","templated":true}]}}