{"id":81069,"date":"2025-06-03T10:33:48","date_gmt":"2025-06-03T10:33:48","guid":{"rendered":"https:\/\/boostedhost.com\/servicios-de-terceros\/"},"modified":"2025-08-11T18:51:26","modified_gmt":"2025-08-11T18:51:26","slug":"servicios-de-terceros","status":"publish","type":"page","link":"https:\/\/boostedhost.com\/es\/servicios-de-terceros\/","title":{"rendered":"Servicios de terceros"},"content":{"rendered":"\t\t<div data-elementor-type=\"wp-page\" data-elementor-id=\"81069\" class=\"elementor elementor-81069 elementor-4518\" data-elementor-post-type=\"page\">\n\t\t\t\t<div class=\"elementor-element elementor-element-2d656f0 e-flex e-con-boxed wpr-particle-no wpr-jarallax-no wpr-parallax-no wpr-sticky-section-no e-con e-parent\" data-id=\"2d656f0\" data-element_type=\"container\" data-settings=\"{&quot;background_background&quot;:&quot;classic&quot;}\">\n\t\t\t\t\t<div class=\"e-con-inner\">\n\t\t<div class=\"elementor-element elementor-element-8fa7e8f e-con-full e-flex wpr-particle-no wpr-jarallax-no wpr-parallax-no wpr-sticky-section-no e-con e-child\" data-id=\"8fa7e8f\" data-element_type=\"container\">\n\t\t\t\t<div class=\"elementor-element elementor-element-72029fa elementor-position-left elementor-mobile-position-left dot-icon elementor-view-default elementor-widget elementor-widget-icon-box\" data-id=\"72029fa\" data-element_type=\"widget\" data-widget_type=\"icon-box.default\">\n\t\t\t\t\t\t\t<div class=\"elementor-icon-box-wrapper\">\n\n\t\t\t\t\t\t<div class=\"elementor-icon-box-icon\">\n\t\t\t\t<span  class=\"elementor-icon\">\n\t\t\t\t<svg xmlns=\"http:\/\/www.w3.org\/2000\/svg\" width=\"11\" height=\"10\" viewBox=\"0 0 11 10\" fill=\"none\"><path d=\"M5.5 0C6.82608 0 8.09785 0.526784 9.03553 1.46447C9.97322 2.40215 10.5 3.67392 10.5 5C10.5 6.32608 9.97322 7.59785 9.03553 8.53553C8.09785 9.47322 6.82608 10 5.5 10C4.17392 10 2.90215 9.47322 1.96447 8.53553C1.02678 7.59785 0.5 6.32608 0.5 5C0.5 3.67392 1.02678 2.40215 1.96447 1.46447C2.90215 0.526784 4.17392 0 5.5 0ZM6.24995 3.06978C6.62135 3.06978 6.92276 2.81194 6.92276 2.42983C6.92276 2.04771 6.62063 1.78987 6.24995 1.78987C5.87854 1.78987 5.57857 2.04771 5.57857 2.42983C5.57857 2.81194 5.87854 3.06978 6.24995 3.06978ZM6.38065 7.08878C6.38065 7.01236 6.40708 6.8138 6.39208 6.70095L5.80498 7.37662C5.68356 7.50446 5.53143 7.59303 5.46 7.56946C5.4276 7.55754 5.40051 7.53444 5.38362 7.50432C5.36673 7.47421 5.36114 7.43905 5.36787 7.40518L6.34637 4.31398C6.42636 3.92186 6.20638 3.56403 5.73998 3.51832C5.24788 3.51832 4.52364 4.01757 4.08296 4.6511C4.08296 4.72681 4.06867 4.91536 4.08367 5.02821L4.67006 4.35183C4.79148 4.22541 4.9329 4.13613 5.00432 4.16042C5.03951 4.17305 5.06835 4.19897 5.08464 4.23262C5.10093 4.26627 5.10338 4.30497 5.09146 4.3404L4.12153 7.41661C4.00939 7.77659 4.22152 8.12942 4.73577 8.20941C5.49286 8.20941 5.93997 7.72231 6.38137 7.08878H6.38065Z\" fill=\"#FF6022\"><\/path><\/svg>\t\t\t\t<\/span>\n\t\t\t<\/div>\n\t\t\t\n\t\t\t\t\t\t<div class=\"elementor-icon-box-content\">\n\n\t\t\t\t\n\t\t\t\t\t\t\t\t\t<p class=\"elementor-icon-box-description\">\n\t\t\t\t\t\tCondiciones y acuerdo legal que aportan tranquilidad.\t\t\t\t\t<\/p>\n\t\t\t\t\n\t\t\t<\/div>\n\t\t\t\n\t\t<\/div>\n\t\t\t\t\t\t<\/div>\n\t\t\t\t<div class=\"elementor-element elementor-element-9b9eb2c elementor-widget elementor-widget-heading\" data-id=\"9b9eb2c\" data-element_type=\"widget\" data-widget_type=\"heading.default\">\n\t\t\t\t\t<h1 class=\"elementor-heading-title elementor-size-default\">Condiciones de servicio<\/h1>\t\t\t\t<\/div>\n\t\t<div class=\"elementor-element elementor-element-86879cd e-con-full e-flex wpr-particle-no wpr-jarallax-no wpr-parallax-no wpr-sticky-section-no e-con e-child\" data-id=\"86879cd\" data-element_type=\"container\">\n\t\t\t\t<div class=\"elementor-element elementor-element-630002f elementor-widget elementor-widget-text-editor\" data-id=\"630002f\" data-element_type=\"widget\" data-widget_type=\"text-editor.default\">\n\t\t\t\t\t\t\t\t\t\u00a1Por favor, lea atentamente toda la informaci\u00f3n importante, t\u00e9rminos legales y otra informaci\u00f3n \u00fatil sobre nuestro Servicio de Alojamiento Web R\u00e1pido, Seguro y Estable!\t\t\t\t\t\t\t\t<\/div>\n\t\t\t\t<\/div>\n\t\t\t\t<\/div>\n\t\t\t\t\t<\/div>\n\t\t\t\t<\/div>\n\t\t<div class=\"elementor-element elementor-element-37556e9 e-flex e-con-boxed wpr-particle-no wpr-jarallax-no wpr-parallax-no wpr-sticky-section-no e-con e-parent\" data-id=\"37556e9\" data-element_type=\"container\" data-settings=\"{&quot;background_background&quot;:&quot;classic&quot;}\">\n\t\t\t\t\t<div class=\"e-con-inner\">\n\t\t<div class=\"elementor-element elementor-element-478f7cd e-con-full e-flex wpr-particle-no wpr-jarallax-no wpr-parallax-no wpr-sticky-section-no e-con e-child\" data-id=\"478f7cd\" data-element_type=\"container\">\n\t\t<div class=\"elementor-element elementor-element-18cf9cd e-con-full e-flex wpr-particle-no wpr-jarallax-no wpr-parallax-no wpr-sticky-section-no e-con e-child\" data-id=\"18cf9cd\" data-element_type=\"container\">\n\t\t\t\t<div class=\"elementor-element elementor-element-c090d33 nav-menu-sidebar elementor-widget elementor-widget-wp-widget-nav_menu\" data-id=\"c090d33\" data-element_type=\"widget\" data-widget_type=\"wp-widget-nav_menu.default\">\n\t\t\t\t<div class=\"elementor-widget-container\">\n\t\t\t\t\t<nav class=\"menu-terms-of-services-container\" aria-label=\"Men\u00fa\"><ul id=\"menu-terms-of-services\" class=\"menu\"><li id=\"menu-item-4091\" class=\"menu-item menu-item-type-post_type menu-item-object-page menu-item-4091\"><a href=\"https:\/\/boostedhost.com\/legal\/\" class=\"menu-link\">Legal<\/a><\/li>\n<li id=\"menu-item-4232\" class=\"menu-item menu-item-type-post_type menu-item-object-page menu-item-4232\"><a href=\"https:\/\/boostedhost.com\/service-level-agreement\/\" class=\"menu-link\">Acuerdo de nivel de servicio<\/a><\/li>\n<li id=\"menu-item-4495\" class=\"menu-item menu-item-type-post_type menu-item-object-page menu-item-4495\"><a href=\"https:\/\/boostedhost.com\/website-terms-of-service\/\" class=\"menu-link\">Condiciones de servicio del sitio web<\/a><\/li>\n<li id=\"menu-item-4494\" class=\"menu-item menu-item-type-post_type menu-item-object-page menu-item-4494\"><a href=\"https:\/\/boostedhost.com\/resource-usage\/\" class=\"menu-link\">Uso de los recursos<\/a><\/li>\n<li id=\"menu-item-4630\" class=\"menu-item menu-item-type-post_type menu-item-object-page menu-item-4630\"><a href=\"https:\/\/boostedhost.com\/third-party-services\/\" class=\"menu-link\">Servicios de terceros<\/a><\/li>\n<li id=\"menu-item-4629\" class=\"menu-item menu-item-type-post_type menu-item-object-page menu-item-4629\"><a href=\"https:\/\/boostedhost.com\/domain-names-agreement\/\" class=\"menu-link\">Acuerdo sobre nombres de dominio<\/a><\/li>\n<li id=\"menu-item-4673\" class=\"menu-item menu-item-type-post_type menu-item-object-page menu-item-4673\"><a href=\"https:\/\/boostedhost.com\/copyright-and-dmca\/\" class=\"menu-link\">Derechos de autor y DMCA<\/a><\/li>\n<li id=\"menu-item-4992\" class=\"menu-item menu-item-type-post_type menu-item-object-page menu-item-4992\"><a href=\"https:\/\/boostedhost.com\/cancellations-and-refunds\/\" class=\"menu-link\">Anulaciones y reembolsos<\/a><\/li>\n<li id=\"menu-item-4991\" class=\"menu-item menu-item-type-post_type menu-item-object-page menu-item-4991\"><a href=\"https:\/\/boostedhost.com\/promotions-agreement\/\" class=\"menu-link\">Acuerdo de promoci\u00f3n<\/a><\/li>\n<li id=\"menu-item-4990\" class=\"menu-item menu-item-type-post_type menu-item-object-page menu-item-4990\"><a href=\"https:\/\/boostedhost.com\/cookies-policy\/\" class=\"menu-link\">Pol\u00edtica de cookies<\/a><\/li>\n<li id=\"menu-item-4989\" class=\"menu-item menu-item-type-post_type menu-item-object-page menu-item-4989\"><a href=\"https:\/\/boostedhost.com\/privacy-policy\/\" class=\"menu-link\">Pol\u00edtica de privacidad<\/a><\/li>\n<li id=\"menu-item-4988\" class=\"menu-item menu-item-type-post_type menu-item-object-page menu-item-4988\"><a href=\"https:\/\/boostedhost.com\/affiliate-program\/\" class=\"menu-link\">Programa de afiliados<\/a><\/li>\n<li id=\"menu-item-4987\" class=\"menu-item menu-item-type-post_type menu-item-object-page menu-item-4987\"><a href=\"https:\/\/boostedhost.com\/imprint\/\" class=\"menu-link\">Pie de imprenta<\/a><\/li>\n<\/ul><\/nav>\t\t\t\t<\/div>\n\t\t\t\t<\/div>\n\t\t\t\t<\/div>\n\t\t<div class=\"elementor-element elementor-element-2e322fe e-con-full e-flex wpr-particle-no wpr-jarallax-no wpr-parallax-no wpr-sticky-section-no e-con e-child\" data-id=\"2e322fe\" data-element_type=\"container\">\n\t\t\t\t<div class=\"elementor-element elementor-element-a413fc9 elementor-widget elementor-widget-heading\" data-id=\"a413fc9\" data-element_type=\"widget\" data-widget_type=\"heading.default\">\n\t\t\t\t\t<h3 class=\"elementor-heading-title elementor-size-default\">Servicios de terceros<\/h3>\t\t\t\t<\/div>\n\t\t\t\t<div class=\"elementor-element elementor-element-edb382c elementor-widget elementor-widget-text-editor\" data-id=\"edb382c\" data-element_type=\"widget\" data-widget_type=\"text-editor.default\">\n\t\t\t\t\t\t\t\t\tEl siguiente acuerdo de T\u00e9rminos de Servicio de Terceros se aplica a cualquier servicio a\u00f1adido adicionalmente aparte del Servicio de Alojamiento Web que ofrecemos pero integrado en el mismo. Al adquirir cualquiera de los Paquetes de Alojamiento Web que ofrecemos el cliente acepta que todos los servicios ofrecidos por BoostedHost pueden o no incluir servicios de Terceros adicionales o incluidos con el \u00fanico prop\u00f3sito de: \t\t\t\t\t\t\t\t<\/div>\n\t\t\t\t<div class=\"elementor-element elementor-element-8c16190 unorder-list-margin0 elementor-widget elementor-widget-text-editor\" data-id=\"8c16190\" data-element_type=\"widget\" data-widget_type=\"text-editor.default\">\n\t\t\t\t\t\t\t\t\t<ul>\n \t<li>Mejorar el servicio ya ofrecido.<\/li>\n \t<li>Mejorar la experiencia del usuario.<\/li>\n \t<li>A\u00f1adir funcionalidades adicionales.<\/li>\n \t<li>A\u00f1adir mejoras de seguridad.<\/li>\n \t<li>Adici\u00f3n de mejoras de rendimiento.<\/li>\n<\/ul>\t\t\t\t\t\t\t\t<\/div>\n\t\t\t\t<div class=\"elementor-element elementor-element-a706b64 elementor-widget elementor-widget-text-editor\" data-id=\"a706b64\" data-element_type=\"widget\" data-widget_type=\"text-editor.default\">\n\t\t\t\t\t\t\t\t\tAl utilizar el servicio de alojamiento web despu\u00e9s de la compra exitosa en nuestro sitio web, el cliente reconoce y acepta el uso de cualquier servicio de terceros incluidos en el paquete de alojamiento web comprado.\nBoostedHost se reserva el derecho de a\u00f1adir nuevos, actualizar los ya existentes o eliminar por completo cualquier servicio de terceros sin previo aviso.<br><br>BoostedHost se reserva el derecho de cambiar el precio y aplicar un precio adicional para cualquier servicio de terceros incluido o a\u00f1adido adicionalmente sin previo aviso.<br><br>El cliente acepta el uso de la siguiente lista de servicios adicionales de terceros proporcionados con nuestros paquetes de alojamiento web:\t\t\t\t\t\t\t\t<\/div>\n\t\t\t\t<div class=\"elementor-element elementor-element-55896e1 unorder-list-margin0 elementor-widget elementor-widget-text-editor\" data-id=\"55896e1\" data-element_type=\"widget\" data-widget_type=\"text-editor.default\">\n\t\t\t\t\t\t\t\t\t<ol>\n \t<li>cPanel\/WHM\/Plesk &#8211; El panel de control m\u00e1s potente de alojamiento web est\u00e1 a disposici\u00f3n de nuestros clientes de forma gratuita o a un precio fijo determinado por BoostedHost. cPanel es una interfaz gr\u00e1fica de usuario basada en Linux utilizada para una f\u00e1cil gesti\u00f3n de cuentas de alojamiento web y servicios relacionados. <\/li>\n \t<br>\t<li>CloudLinux &#8211; Distribuci\u00f3n Linux, creada para proveedores de alojamiento compartido. Proporcionado por CloudLinux Inc. el sistema operativo se basa en otra distribuci\u00f3n de Linux &#8211; CentOS. <\/li>\n \t<br>\t<li>JetBackup &#8211; Adicionalmente se agreg\u00f3 funcionalidad a los servicios de cPanel\/WHM utilizados para representar gr\u00e1ficamente los procesos de respaldo\/restauraci\u00f3n de las cuentas de nuestros clientes.<\/li>\n \t<br>\t<li>Softaculous &#8211; Funcionalidad adicional a\u00f1adida a cPanel\/WHM que permite a los clientes instalar f\u00e1cilmente scripts web en sus cuentas de alojamiento web con unos pocos clics. El servicio soporta m\u00e1s de 450 scripts web con diferentes y \u00fatiles funcionalidades. <\/li>\n \t<br>\t<li>SitePad &#8211; Funcionalidad adicional a\u00f1adida a cPanel\/WHM que proporciona la opci\u00f3n de construir f\u00e1cilmente una p\u00e1gina web utilizando uno de los temas de dise\u00f1o sugeridos o construyendo la p\u00e1gina web bas\u00e1ndose en las necesidades de dise\u00f1o del cliente. El servicio proporciona un constructor web de arrastrar y soltar que se puede utilizar para ordenar f\u00e1cilmente los elementos web de una p\u00e1gina web. <\/li>\n \t<br>\t<li>SpamExperts &#8211; Funcionalidad adicional a\u00f1adida a cPanel\/WHM y al servicio de Email en particular. Se utiliza para escanear y filtrar todos los correos entrantes o salientes en busca de spam, virus o enlaces maliciosos. <\/li>\n \t<br>\t<li>Otros Servicios pero no limitados a: LiteSpeed, CloudFlare DNS, Plesk, Imunify360, ImunifyAV, ImunifyAV+, NGINX, Apache<\/li>\n<\/ol>\t\t\t\t\t\t\t\t<\/div>\n\t\t\t\t<div class=\"elementor-element elementor-element-b97d347 elementor-widget elementor-widget-text-editor\" data-id=\"b97d347\" data-element_type=\"widget\" data-widget_type=\"text-editor.default\">\n\t\t\t\t\t\t\t\t\tBoostedHost se reserva el derecho de actualizar las Condiciones de Servicio de Terceros cuando lo considere oportuno sin previo aviso.\t\t\t\t\t\t\t\t<\/div>\n\t\t\t\t<\/div>\n\t\t\t\t<\/div>\n\t\t\t\t\t<\/div>\n\t\t\t\t<\/div>\n\t\t\t\t<\/div>\n\t\t","protected":false},"excerpt":{"rendered":"<p>Condiciones y acuerdo legal que aportan tranquilidad. Condiciones de servicio \u00a1Por favor, lea atentamente toda la informaci\u00f3n importante, t\u00e9rminos legales y otra informaci\u00f3n \u00fatil sobre nuestro Servicio de Alojamiento Web R\u00e1pido, Seguro y Estable! Servicios de terceros El siguiente acuerdo de T\u00e9rminos de Servicio de Terceros se aplica a cualquier servicio a\u00f1adido adicionalmente aparte del Servicio de Alojamiento Web que ofrecemos pero integrado en el mismo. Al adquirir cualquiera de los Paquetes de Alojamiento Web que ofrecemos el cliente acepta que todos los servicios ofrecidos por BoostedHost pueden o no incluir servicios de Terceros adicionales o incluidos con el \u00fanico prop\u00f3sito de: Mejorar el servicio ya ofrecido. Mejorar la experiencia del usuario. A\u00f1adir funcionalidades adicionales. A\u00f1adir mejoras de seguridad. Adici\u00f3n de mejoras de rendimiento. Al utilizar el servicio de alojamiento web despu\u00e9s de la compra exitosa en nuestro sitio web, el cliente reconoce y acepta el uso de cualquier servicio de terceros incluidos en el paquete de alojamiento web comprado. BoostedHost se reserva el derecho de a\u00f1adir nuevos, actualizar los ya existentes o eliminar por completo cualquier servicio de terceros sin previo aviso. BoostedHost se reserva el derecho de cambiar el precio y aplicar un precio adicional para cualquier servicio de terceros incluido o a\u00f1adido adicionalmente sin previo aviso. El cliente acepta el uso de la siguiente lista de servicios adicionales de terceros proporcionados con nuestros paquetes de alojamiento web: cPanel\/WHM\/Plesk &#8211; El panel de control m\u00e1s potente de alojamiento web est\u00e1 a disposici\u00f3n de nuestros clientes de forma gratuita o a un precio fijo determinado por BoostedHost. cPanel es una interfaz gr\u00e1fica de usuario basada en Linux utilizada para una f\u00e1cil gesti\u00f3n de cuentas de alojamiento web y servicios relacionados. CloudLinux &#8211; Distribuci\u00f3n Linux, creada para proveedores de alojamiento compartido. Proporcionado por CloudLinux Inc. el sistema operativo se basa en otra distribuci\u00f3n de Linux &#8211; CentOS. JetBackup &#8211; Adicionalmente se agreg\u00f3 funcionalidad a los servicios de cPanel\/WHM utilizados para representar gr\u00e1ficamente los procesos de respaldo\/restauraci\u00f3n de las cuentas de nuestros clientes. Softaculous &#8211; Funcionalidad adicional a\u00f1adida a cPanel\/WHM que permite a los clientes instalar f\u00e1cilmente scripts web en sus cuentas de alojamiento web con unos pocos clics. El servicio soporta m\u00e1s de 450 scripts web con diferentes y \u00fatiles funcionalidades. SitePad &#8211; Funcionalidad adicional a\u00f1adida a cPanel\/WHM que proporciona la opci\u00f3n de construir f\u00e1cilmente una p\u00e1gina web utilizando uno de los temas de dise\u00f1o sugeridos o construyendo la p\u00e1gina web bas\u00e1ndose en las necesidades de dise\u00f1o del cliente. El servicio proporciona un constructor web de arrastrar y soltar que se puede utilizar para ordenar f\u00e1cilmente los elementos web de una p\u00e1gina web. SpamExperts &#8211; Funcionalidad adicional a\u00f1adida a cPanel\/WHM y al servicio de Email en particular. Se utiliza para escanear y filtrar todos los correos entrantes o salientes en busca de spam, virus o enlaces maliciosos. Otros Servicios pero no limitados a: LiteSpeed, CloudFlare DNS, Plesk, Imunify360, ImunifyAV, ImunifyAV+, NGINX, Apache BoostedHost se reserva el derecho de actualizar las Condiciones de Servicio de Terceros cuando lo considere oportuno sin previo aviso.<\/p>\n","protected":false},"author":1,"featured_media":0,"parent":0,"menu_order":0,"comment_status":"closed","ping_status":"closed","template":"","meta":{"site-sidebar-layout":"no-sidebar","site-content-layout":"page-builder","ast-site-content-layout":"full-width-container","site-content-style":"default","site-sidebar-style":"default","ast-global-header-display":"","ast-banner-title-visibility":"","ast-main-header-display":"","ast-hfb-above-header-display":"","ast-hfb-below-header-display":"","ast-hfb-mobile-header-display":"","site-post-title":"disabled","ast-breadcrumbs-content":"disabled","ast-featured-img":"disabled","footer-sml-layout":"","theme-transparent-header-meta":"default","adv-header-id-meta":"","stick-header-meta":"","header-above-stick-meta":"","header-main-stick-meta":"","header-below-stick-meta":"","astra-migrate-meta-layouts":"default","ast-page-background-enabled":"default","ast-page-background-meta":{"desktop":{"background-color":"","background-image":"","background-repeat":"repeat","background-position":"center center","background-size":"auto","background-attachment":"scroll","background-type":"","background-media":"","overlay-type":"","overlay-color":"","overlay-opacity":"","overlay-gradient":""},"tablet":{"background-color":"","background-image":"","background-repeat":"repeat","background-position":"center center","background-size":"auto","background-attachment":"scroll","background-type":"","background-media":"","overlay-type":"","overlay-color":"","overlay-opacity":"","overlay-gradient":""},"mobile":{"background-color":"","background-image":"","background-repeat":"repeat","background-position":"center center","background-size":"auto","background-attachment":"scroll","background-type":"","background-media":"","overlay-type":"","overlay-color":"","overlay-opacity":"","overlay-gradient":""}},"ast-content-background-meta":{"desktop":{"background-color":"var(--ast-global-color-5)","background-image":"","background-repeat":"repeat","background-position":"center center","background-size":"auto","background-attachment":"scroll","background-type":"","background-media":"","overlay-type":"","overlay-color":"","overlay-opacity":"","overlay-gradient":""},"tablet":{"background-color":"var(--ast-global-color-5)","background-image":"","background-repeat":"repeat","background-position":"center center","background-size":"auto","background-attachment":"scroll","background-type":"","background-media":"","overlay-type":"","overlay-color":"","overlay-opacity":"","overlay-gradient":""},"mobile":{"background-color":"var(--ast-global-color-5)","background-image":"","background-repeat":"repeat","background-position":"center center","background-size":"auto","background-attachment":"scroll","background-type":"","background-media":"","overlay-type":"","overlay-color":"","overlay-opacity":"","overlay-gradient":""}},"footnotes":""},"class_list":["post-81069","page","type-page","status-publish","hentry"],"_links":{"self":[{"href":"https:\/\/boostedhost.com\/es\/wp-json\/wp\/v2\/pages\/81069","targetHints":{"allow":["GET"]}}],"collection":[{"href":"https:\/\/boostedhost.com\/es\/wp-json\/wp\/v2\/pages"}],"about":[{"href":"https:\/\/boostedhost.com\/es\/wp-json\/wp\/v2\/types\/page"}],"author":[{"embeddable":true,"href":"https:\/\/boostedhost.com\/es\/wp-json\/wp\/v2\/users\/1"}],"replies":[{"embeddable":true,"href":"https:\/\/boostedhost.com\/es\/wp-json\/wp\/v2\/comments?post=81069"}],"version-history":[{"count":0,"href":"https:\/\/boostedhost.com\/es\/wp-json\/wp\/v2\/pages\/81069\/revisions"}],"wp:attachment":[{"href":"https:\/\/boostedhost.com\/es\/wp-json\/wp\/v2\/media?parent=81069"}],"curies":[{"name":"wp","href":"https:\/\/api.w.org\/{rel}","templated":true}]}}