{"id":81114,"date":"2025-06-03T11:40:10","date_gmt":"2025-06-03T11:40:10","guid":{"rendered":"https:\/\/boostedhost.com\/derechos-de-autor-y-dmca\/"},"modified":"2025-08-11T18:51:42","modified_gmt":"2025-08-11T18:51:42","slug":"derechos-de-autor-y-dmca","status":"publish","type":"page","link":"https:\/\/boostedhost.com\/es\/derechos-de-autor-y-dmca\/","title":{"rendered":"Derechos de autor y DMCA"},"content":{"rendered":"\t\t<div data-elementor-type=\"wp-page\" data-elementor-id=\"81114\" class=\"elementor elementor-81114 elementor-4653\" data-elementor-post-type=\"page\">\n\t\t\t\t<div class=\"elementor-element elementor-element-0cafbb7 e-flex e-con-boxed wpr-particle-no wpr-jarallax-no wpr-parallax-no wpr-sticky-section-no e-con e-parent\" data-id=\"0cafbb7\" data-element_type=\"container\" data-settings=\"{&quot;background_background&quot;:&quot;classic&quot;}\">\n\t\t\t\t\t<div class=\"e-con-inner\">\n\t\t<div class=\"elementor-element elementor-element-7eacc88 e-con-full e-flex wpr-particle-no wpr-jarallax-no wpr-parallax-no wpr-sticky-section-no e-con e-child\" data-id=\"7eacc88\" data-element_type=\"container\">\n\t\t\t\t<div class=\"elementor-element elementor-element-2af2d2b elementor-position-left elementor-mobile-position-left dot-icon elementor-view-default elementor-widget elementor-widget-icon-box\" data-id=\"2af2d2b\" data-element_type=\"widget\" data-widget_type=\"icon-box.default\">\n\t\t\t\t\t\t\t<div class=\"elementor-icon-box-wrapper\">\n\n\t\t\t\t\t\t<div class=\"elementor-icon-box-icon\">\n\t\t\t\t<span  class=\"elementor-icon\">\n\t\t\t\t<svg xmlns=\"http:\/\/www.w3.org\/2000\/svg\" width=\"11\" height=\"10\" viewBox=\"0 0 11 10\" fill=\"none\"><path d=\"M5.5 0C6.82608 0 8.09785 0.526784 9.03553 1.46447C9.97322 2.40215 10.5 3.67392 10.5 5C10.5 6.32608 9.97322 7.59785 9.03553 8.53553C8.09785 9.47322 6.82608 10 5.5 10C4.17392 10 2.90215 9.47322 1.96447 8.53553C1.02678 7.59785 0.5 6.32608 0.5 5C0.5 3.67392 1.02678 2.40215 1.96447 1.46447C2.90215 0.526784 4.17392 0 5.5 0ZM6.24995 3.06978C6.62135 3.06978 6.92276 2.81194 6.92276 2.42983C6.92276 2.04771 6.62063 1.78987 6.24995 1.78987C5.87854 1.78987 5.57857 2.04771 5.57857 2.42983C5.57857 2.81194 5.87854 3.06978 6.24995 3.06978ZM6.38065 7.08878C6.38065 7.01236 6.40708 6.8138 6.39208 6.70095L5.80498 7.37662C5.68356 7.50446 5.53143 7.59303 5.46 7.56946C5.4276 7.55754 5.40051 7.53444 5.38362 7.50432C5.36673 7.47421 5.36114 7.43905 5.36787 7.40518L6.34637 4.31398C6.42636 3.92186 6.20638 3.56403 5.73998 3.51832C5.24788 3.51832 4.52364 4.01757 4.08296 4.6511C4.08296 4.72681 4.06867 4.91536 4.08367 5.02821L4.67006 4.35183C4.79148 4.22541 4.9329 4.13613 5.00432 4.16042C5.03951 4.17305 5.06835 4.19897 5.08464 4.23262C5.10093 4.26627 5.10338 4.30497 5.09146 4.3404L4.12153 7.41661C4.00939 7.77659 4.22152 8.12942 4.73577 8.20941C5.49286 8.20941 5.93997 7.72231 6.38137 7.08878H6.38065Z\" fill=\"#FF6022\"><\/path><\/svg>\t\t\t\t<\/span>\n\t\t\t<\/div>\n\t\t\t\n\t\t\t\t\t\t<div class=\"elementor-icon-box-content\">\n\n\t\t\t\t\n\t\t\t\t\t\t\t\t\t<p class=\"elementor-icon-box-description\">\n\t\t\t\t\t\tCondiciones y acuerdo legal que aportan tranquilidad.\t\t\t\t\t<\/p>\n\t\t\t\t\n\t\t\t<\/div>\n\t\t\t\n\t\t<\/div>\n\t\t\t\t\t\t<\/div>\n\t\t\t\t<div class=\"elementor-element elementor-element-ddcb651 elementor-widget elementor-widget-heading\" data-id=\"ddcb651\" data-element_type=\"widget\" data-widget_type=\"heading.default\">\n\t\t\t\t\t<h1 class=\"elementor-heading-title elementor-size-default\">Condiciones de servicio<\/h1>\t\t\t\t<\/div>\n\t\t<div class=\"elementor-element elementor-element-258d6fa e-con-full e-flex wpr-particle-no wpr-jarallax-no wpr-parallax-no wpr-sticky-section-no e-con e-child\" data-id=\"258d6fa\" data-element_type=\"container\">\n\t\t\t\t<div class=\"elementor-element elementor-element-9f648ac elementor-widget elementor-widget-text-editor\" data-id=\"9f648ac\" data-element_type=\"widget\" data-widget_type=\"text-editor.default\">\n\t\t\t\t\t\t\t\t\t\u00a1Por favor, lea atentamente toda la informaci\u00f3n importante, t\u00e9rminos legales y otra informaci\u00f3n \u00fatil sobre nuestro Servicio de Alojamiento Web R\u00e1pido, Seguro y Estable!\t\t\t\t\t\t\t\t<\/div>\n\t\t\t\t<\/div>\n\t\t\t\t<\/div>\n\t\t\t\t\t<\/div>\n\t\t\t\t<\/div>\n\t\t<div class=\"elementor-element elementor-element-097e88c e-flex e-con-boxed wpr-particle-no wpr-jarallax-no wpr-parallax-no wpr-sticky-section-no e-con e-parent\" data-id=\"097e88c\" data-element_type=\"container\" data-settings=\"{&quot;background_background&quot;:&quot;classic&quot;}\">\n\t\t\t\t\t<div class=\"e-con-inner\">\n\t\t<div class=\"elementor-element elementor-element-86062af e-con-full e-flex wpr-particle-no wpr-jarallax-no wpr-parallax-no wpr-sticky-section-no e-con e-child\" data-id=\"86062af\" data-element_type=\"container\">\n\t\t<div class=\"elementor-element elementor-element-9026603 e-con-full e-flex wpr-particle-no wpr-jarallax-no wpr-parallax-no wpr-sticky-section-no e-con e-child\" data-id=\"9026603\" data-element_type=\"container\">\n\t\t\t\t<div class=\"elementor-element elementor-element-a69f936 nav-menu-sidebar elementor-widget elementor-widget-wp-widget-nav_menu\" data-id=\"a69f936\" data-element_type=\"widget\" data-widget_type=\"wp-widget-nav_menu.default\">\n\t\t\t\t<div class=\"elementor-widget-container\">\n\t\t\t\t\t<nav class=\"menu-terms-of-services-container\" aria-label=\"Men\u00fa\"><ul id=\"menu-terms-of-services\" class=\"menu\"><li id=\"menu-item-4091\" class=\"menu-item menu-item-type-post_type menu-item-object-page menu-item-4091\"><a href=\"https:\/\/boostedhost.com\/legal\/\" class=\"menu-link\">Legal<\/a><\/li>\n<li id=\"menu-item-4232\" class=\"menu-item menu-item-type-post_type menu-item-object-page menu-item-4232\"><a href=\"https:\/\/boostedhost.com\/service-level-agreement\/\" class=\"menu-link\">Acuerdo de nivel de servicio<\/a><\/li>\n<li id=\"menu-item-4495\" class=\"menu-item menu-item-type-post_type menu-item-object-page menu-item-4495\"><a href=\"https:\/\/boostedhost.com\/website-terms-of-service\/\" class=\"menu-link\">Condiciones de servicio del sitio web<\/a><\/li>\n<li id=\"menu-item-4494\" class=\"menu-item menu-item-type-post_type menu-item-object-page menu-item-4494\"><a href=\"https:\/\/boostedhost.com\/resource-usage\/\" class=\"menu-link\">Uso de los recursos<\/a><\/li>\n<li id=\"menu-item-4630\" class=\"menu-item menu-item-type-post_type menu-item-object-page menu-item-4630\"><a href=\"https:\/\/boostedhost.com\/third-party-services\/\" class=\"menu-link\">Servicios de terceros<\/a><\/li>\n<li id=\"menu-item-4629\" class=\"menu-item menu-item-type-post_type menu-item-object-page menu-item-4629\"><a href=\"https:\/\/boostedhost.com\/domain-names-agreement\/\" class=\"menu-link\">Acuerdo sobre nombres de dominio<\/a><\/li>\n<li id=\"menu-item-4673\" class=\"menu-item menu-item-type-post_type menu-item-object-page menu-item-4673\"><a href=\"https:\/\/boostedhost.com\/copyright-and-dmca\/\" class=\"menu-link\">Derechos de autor y DMCA<\/a><\/li>\n<li id=\"menu-item-4992\" class=\"menu-item menu-item-type-post_type menu-item-object-page menu-item-4992\"><a href=\"https:\/\/boostedhost.com\/cancellations-and-refunds\/\" class=\"menu-link\">Anulaciones y reembolsos<\/a><\/li>\n<li id=\"menu-item-4991\" class=\"menu-item menu-item-type-post_type menu-item-object-page menu-item-4991\"><a href=\"https:\/\/boostedhost.com\/promotions-agreement\/\" class=\"menu-link\">Acuerdo de promoci\u00f3n<\/a><\/li>\n<li id=\"menu-item-4990\" class=\"menu-item menu-item-type-post_type menu-item-object-page menu-item-4990\"><a href=\"https:\/\/boostedhost.com\/cookies-policy\/\" class=\"menu-link\">Pol\u00edtica de cookies<\/a><\/li>\n<li id=\"menu-item-4989\" class=\"menu-item menu-item-type-post_type menu-item-object-page menu-item-4989\"><a href=\"https:\/\/boostedhost.com\/privacy-policy\/\" class=\"menu-link\">Pol\u00edtica de privacidad<\/a><\/li>\n<li id=\"menu-item-4988\" class=\"menu-item menu-item-type-post_type menu-item-object-page menu-item-4988\"><a href=\"https:\/\/boostedhost.com\/affiliate-program\/\" class=\"menu-link\">Programa de afiliados<\/a><\/li>\n<li id=\"menu-item-4987\" class=\"menu-item menu-item-type-post_type menu-item-object-page menu-item-4987\"><a href=\"https:\/\/boostedhost.com\/imprint\/\" class=\"menu-link\">Pie de imprenta<\/a><\/li>\n<\/ul><\/nav>\t\t\t\t<\/div>\n\t\t\t\t<\/div>\n\t\t\t\t<\/div>\n\t\t<div class=\"elementor-element elementor-element-c59987e e-con-full e-flex wpr-particle-no wpr-jarallax-no wpr-parallax-no wpr-sticky-section-no e-con e-child\" data-id=\"c59987e\" data-element_type=\"container\">\n\t\t\t\t<div class=\"elementor-element elementor-element-824e25c elementor-widget elementor-widget-heading\" data-id=\"824e25c\" data-element_type=\"widget\" data-widget_type=\"heading.default\">\n\t\t\t\t\t<h3 class=\"elementor-heading-title elementor-size-default\">Derechos de autor y DMCA<\/h3>\t\t\t\t<\/div>\n\t\t\t\t<div class=\"elementor-element elementor-element-81ce518 elementor-widget elementor-widget-text-editor\" data-id=\"81ce518\" data-element_type=\"widget\" data-widget_type=\"text-editor.default\">\n\t\t\t\t\t\t\t\t\t<p>BoostedHost respeta los derechos de propiedad intelectual de terceros y esperamos que nuestros clientes hagan lo mismo. En cumplimiento de la Ley 34\/2002, de 11 de julio, de Servicios de la Sociedad de la Informaci\u00f3n y de Comercio Electr\u00f3nico, estamos obligados, en las circunstancias apropiadas, a desactivar las cuentas de los clientes que infrinjan los derechos de autor u otros derechos de propiedad intelectual. <\/p><p>Si usted como propietario de los derechos de autor (o autorizado en nombre de uno) cree que cualquier material disponible en un sitio web alojado por BoostedHost infringe sus derechos de autor deber\u00e1 presentar una notificaci\u00f3n por escrito a nuestro agente de derechos de autor en copyright(at<a href=\"http:\/\/www.boostedhost.com\">)boostedhost.com<\/a><\/p><p>De conformidad con la Ley de Limitaci\u00f3n de Responsabilidad por Infracci\u00f3n de Derechos de Autor en L\u00ednea de la Ley de Derechos de Autor del Milenio Digital (17 U.S.C. \u00a7 512) (\"DMCA\"), la notificaci\u00f3n escrita (notificaci\u00f3n DMCA) debe incluir lo siguiente:<\/p>\t\t\t\t\t\t\t\t<\/div>\n\t\t\t\t<div class=\"elementor-element elementor-element-295af74 unorder-list-margin0 elementor-widget elementor-widget-text-editor\" data-id=\"295af74\" data-element_type=\"widget\" data-widget_type=\"text-editor.default\">\n\t\t\t\t\t\t\t\t\t<ul>\n \t<li>Nombre legal completo y firma electr\u00f3nica o f\u00edsica del titular de los derechos de autor;<\/li>\n \t<li>una descripci\u00f3n de la obra protegida por derechos de autor que se ha infringido;<\/li>\n \t<li>Identificaci\u00f3n de la ubicaci\u00f3n del material en el sitio web (la URL del enlace que aparece en el sitio web o la ubicaci\u00f3n exacta donde puede encontrarse dicho material.<\/li>\n \t<li>una descripci\u00f3n de la ubicaci\u00f3n del material infractor en el sitio web;<\/li>\n \t<li>direcci\u00f3n, n\u00famero de tel\u00e9fono y direcci\u00f3n de correo electr\u00f3nico;<\/li>\n \t<li>una declaraci\u00f3n en la que manifieste que entiende que, en virtud de 17 U.S.C \u00a7 512(f), puede ser responsable de los da\u00f1os y perjuicios, incluidos los costes y honorarios de abogados, si tergiversa a sabiendas y de forma material que el material o la actividad denunciados constituyen una infracci\u00f3n;<\/li>\n \t<li>una declaraci\u00f3n de que usted cree de buena fe que el uso en cuesti\u00f3n no est\u00e1 autorizado por el propietario de los derechos de autor, su agente o la ley;<\/li>\n \t<li>una declaraci\u00f3n de que la informaci\u00f3n contenida en su notificaci\u00f3n es exacta y, bajo pena de perjurio, que usted es el propietario de los derechos de autor o est\u00e1 autorizado para actuar en su nombre.<\/li>\n<\/ul>\t\t\t\t\t\t\t\t<\/div>\n\t\t\t\t<div class=\"elementor-element elementor-element-1930575 elementor-widget elementor-widget-text-editor\" data-id=\"1930575\" data-element_type=\"widget\" data-widget_type=\"text-editor.default\">\n\t\t\t\t\t\t\t\t\tCualquier aviso DMCA debe enviarse a copyright(at<a href=\"http:\/\/www.boostedhost.com\">)boostedhost.com<\/a>\t\t\t\t\t\t\t\t<\/div>\n\t\t\t\t<\/div>\n\t\t\t\t<\/div>\n\t\t\t\t\t<\/div>\n\t\t\t\t<\/div>\n\t\t\t\t<\/div>\n\t\t","protected":false},"excerpt":{"rendered":"<p>Condiciones y acuerdo legal que aportan tranquilidad. Condiciones de servicio \u00a1Por favor, lea atentamente toda la informaci\u00f3n importante, t\u00e9rminos legales y otra informaci\u00f3n \u00fatil sobre nuestro Servicio de Alojamiento Web R\u00e1pido, Seguro y Estable! Derechos de autor y DMCA BoostedHost respeta los derechos de propiedad intelectual de terceros y esperamos que nuestros clientes hagan lo mismo. En cumplimiento de la Ley 34\/2002, de 11 de julio, de Servicios de la Sociedad de la Informaci\u00f3n y de Comercio Electr\u00f3nico, estamos obligados, en las circunstancias apropiadas, a desactivar las cuentas de los clientes que infrinjan los derechos de autor u otros derechos de propiedad intelectual. Si usted como propietario de los derechos de autor (o autorizado en nombre de uno) cree que cualquier material disponible en un sitio web alojado por BoostedHost infringe sus derechos de autor deber\u00e1 presentar una notificaci\u00f3n por escrito a nuestro agente de derechos de autor en copyright(at)boostedhost.com De conformidad con la Ley de Limitaci\u00f3n de Responsabilidad por Infracci\u00f3n de Derechos de Autor en L\u00ednea de la Ley de Derechos de Autor del Milenio Digital (17 U.S.C. \u00a7 512) (\"DMCA\"), la notificaci\u00f3n escrita (notificaci\u00f3n DMCA) debe incluir lo siguiente: Nombre legal completo y firma electr\u00f3nica o f\u00edsica del titular de los derechos de autor; una descripci\u00f3n de la obra protegida por derechos de autor que se ha infringido; Identificaci\u00f3n de la ubicaci\u00f3n del material en el sitio web (la URL del enlace que aparece en el sitio web o la ubicaci\u00f3n exacta donde puede encontrarse dicho material. una descripci\u00f3n de la ubicaci\u00f3n del material infractor en el sitio web; direcci\u00f3n, n\u00famero de tel\u00e9fono y direcci\u00f3n de correo electr\u00f3nico; una declaraci\u00f3n en la que manifieste que entiende que, en virtud de 17 U.S.C \u00a7 512(f), puede ser responsable de los da\u00f1os y perjuicios, incluidos los costes y honorarios de abogados, si tergiversa a sabiendas y de forma material que el material o la actividad denunciados constituyen una infracci\u00f3n; una declaraci\u00f3n de que usted cree de buena fe que el uso en cuesti\u00f3n no est\u00e1 autorizado por el propietario de los derechos de autor, su agente o la ley; una declaraci\u00f3n de que la informaci\u00f3n contenida en su notificaci\u00f3n es exacta y, bajo pena de perjurio, que usted es el propietario de los derechos de autor o est\u00e1 autorizado para actuar en su nombre. Cualquier aviso DMCA debe enviarse a copyright(at)boostedhost.com<\/p>\n","protected":false},"author":1,"featured_media":0,"parent":0,"menu_order":0,"comment_status":"closed","ping_status":"closed","template":"","meta":{"site-sidebar-layout":"no-sidebar","site-content-layout":"page-builder","ast-site-content-layout":"full-width-container","site-content-style":"default","site-sidebar-style":"default","ast-global-header-display":"","ast-banner-title-visibility":"","ast-main-header-display":"","ast-hfb-above-header-display":"","ast-hfb-below-header-display":"","ast-hfb-mobile-header-display":"","site-post-title":"disabled","ast-breadcrumbs-content":"disabled","ast-featured-img":"disabled","footer-sml-layout":"","theme-transparent-header-meta":"default","adv-header-id-meta":"","stick-header-meta":"","header-above-stick-meta":"","header-main-stick-meta":"","header-below-stick-meta":"","astra-migrate-meta-layouts":"default","ast-page-background-enabled":"default","ast-page-background-meta":{"desktop":{"background-color":"","background-image":"","background-repeat":"repeat","background-position":"center center","background-size":"auto","background-attachment":"scroll","background-type":"","background-media":"","overlay-type":"","overlay-color":"","overlay-opacity":"","overlay-gradient":""},"tablet":{"background-color":"","background-image":"","background-repeat":"repeat","background-position":"center center","background-size":"auto","background-attachment":"scroll","background-type":"","background-media":"","overlay-type":"","overlay-color":"","overlay-opacity":"","overlay-gradient":""},"mobile":{"background-color":"","background-image":"","background-repeat":"repeat","background-position":"center center","background-size":"auto","background-attachment":"scroll","background-type":"","background-media":"","overlay-type":"","overlay-color":"","overlay-opacity":"","overlay-gradient":""}},"ast-content-background-meta":{"desktop":{"background-color":"var(--ast-global-color-5)","background-image":"","background-repeat":"repeat","background-position":"center center","background-size":"auto","background-attachment":"scroll","background-type":"","background-media":"","overlay-type":"","overlay-color":"","overlay-opacity":"","overlay-gradient":""},"tablet":{"background-color":"var(--ast-global-color-5)","background-image":"","background-repeat":"repeat","background-position":"center center","background-size":"auto","background-attachment":"scroll","background-type":"","background-media":"","overlay-type":"","overlay-color":"","overlay-opacity":"","overlay-gradient":""},"mobile":{"background-color":"var(--ast-global-color-5)","background-image":"","background-repeat":"repeat","background-position":"center center","background-size":"auto","background-attachment":"scroll","background-type":"","background-media":"","overlay-type":"","overlay-color":"","overlay-opacity":"","overlay-gradient":""}},"footnotes":""},"class_list":["post-81114","page","type-page","status-publish","hentry"],"_links":{"self":[{"href":"https:\/\/boostedhost.com\/es\/wp-json\/wp\/v2\/pages\/81114","targetHints":{"allow":["GET"]}}],"collection":[{"href":"https:\/\/boostedhost.com\/es\/wp-json\/wp\/v2\/pages"}],"about":[{"href":"https:\/\/boostedhost.com\/es\/wp-json\/wp\/v2\/types\/page"}],"author":[{"embeddable":true,"href":"https:\/\/boostedhost.com\/es\/wp-json\/wp\/v2\/users\/1"}],"replies":[{"embeddable":true,"href":"https:\/\/boostedhost.com\/es\/wp-json\/wp\/v2\/comments?post=81114"}],"version-history":[{"count":0,"href":"https:\/\/boostedhost.com\/es\/wp-json\/wp\/v2\/pages\/81114\/revisions"}],"wp:attachment":[{"href":"https:\/\/boostedhost.com\/es\/wp-json\/wp\/v2\/media?parent=81114"}],"curies":[{"name":"wp","href":"https:\/\/api.w.org\/{rel}","templated":true}]}}