{"id":7646,"date":"2025-06-02T12:41:31","date_gmt":"2025-06-02T12:41:31","guid":{"rendered":"https:\/\/v1.boostedhost.com\/test-de-performance\/"},"modified":"2025-08-11T18:49:54","modified_gmt":"2025-08-11T18:49:54","slug":"test-de-performance","status":"publish","type":"page","link":"https:\/\/boostedhost.com\/fr\/test-de-performance\/","title":{"rendered":"Test de performance"},"content":{"rendered":"\t\t<div data-elementor-type=\"wp-page\" data-elementor-id=\"7646\" class=\"elementor elementor-7646 elementor-3574\" data-elementor-post-type=\"page\">\n\t\t\t\t<div class=\"elementor-element elementor-element-1b6d8e0 e-flex e-con-boxed wpr-particle-no wpr-jarallax-no wpr-parallax-no wpr-sticky-section-no e-con e-parent\" data-id=\"1b6d8e0\" data-element_type=\"container\" data-settings=\"{&quot;background_background&quot;:&quot;classic&quot;}\">\n\t\t\t\t\t<div class=\"e-con-inner\">\n\t\t<div class=\"elementor-element elementor-element-b6daaeb e-con-full e-flex wpr-particle-no wpr-jarallax-no wpr-parallax-no wpr-sticky-section-no e-con e-child\" data-id=\"b6daaeb\" data-element_type=\"container\">\n\t\t<div class=\"elementor-element elementor-element-e2e23a9 e-con-full e-flex wpr-particle-no wpr-jarallax-no wpr-parallax-no wpr-sticky-section-no e-con e-child\" data-id=\"e2e23a9\" data-element_type=\"container\">\n\t\t\t\t<div class=\"elementor-element elementor-element-18cdd29 elementor-position-left elementor-mobile-position-left dot-icon elementor-view-default elementor-widget elementor-widget-icon-box\" data-id=\"18cdd29\" data-element_type=\"widget\" data-widget_type=\"icon-box.default\">\n\t\t\t\t\t\t\t<div class=\"elementor-icon-box-wrapper\">\n\n\t\t\t\t\t\t<div class=\"elementor-icon-box-icon\">\n\t\t\t\t<span  class=\"elementor-icon\">\n\t\t\t\t<svg xmlns=\"http:\/\/www.w3.org\/2000\/svg\" width=\"5\" height=\"5\" viewBox=\"0 0 5 5\" fill=\"none\"><circle cx=\"2.5\" cy=\"2.5\" r=\"2.5\" fill=\"#FC6130\"><\/circle><\/svg>\t\t\t\t<\/span>\n\t\t\t<\/div>\n\t\t\t\n\t\t\t\t\t\t<div class=\"elementor-icon-box-content\">\n\n\t\t\t\t\t\t\t\t\t<h5 class=\"elementor-icon-box-title\">\n\t\t\t\t\t\t<span  >\n\t\t\t\t\t\t\tLivr\u00e9 instantan\u00e9ment\t\t\t\t\t\t<\/span>\n\t\t\t\t\t<\/h5>\n\t\t\t\t\n\t\t\t\t\n\t\t\t<\/div>\n\t\t\t\n\t\t<\/div>\n\t\t\t\t\t\t<\/div>\n\t\t\t\t<div class=\"elementor-element elementor-element-abf20aa elementor-widget elementor-widget-heading\" data-id=\"abf20aa\" data-element_type=\"widget\" data-widget_type=\"heading.default\">\n\t\t\t\t\t<h1 class=\"elementor-heading-title elementor-size-default\">Obtenez un <strong class=\"gradient-text\">test de performance et de vitesse<\/strong> gratuit pour votre site web <\/h1>\t\t\t\t<\/div>\n\t\t\t\t<div class=\"elementor-element elementor-element-a328902 elementor-widget elementor-widget-text-editor\" data-id=\"a328902\" data-element_type=\"widget\" data-widget_type=\"text-editor.default\">\n\t\t\t\t\t\t\t\t\tTestez gratuitement la performance et la vitesse de votre site web.\t\t\t\t\t\t\t\t<\/div>\n\t\t\t\t<\/div>\n\t\t<div class=\"elementor-element elementor-element-7cf784f e-con-full perfor-test e-flex wpr-particle-no wpr-jarallax-no wpr-parallax-no wpr-sticky-section-no e-con e-child\" data-id=\"7cf784f\" data-element_type=\"container\" data-settings=\"{&quot;background_background&quot;:&quot;classic&quot;}\">\n\t\t\t\t<div class=\"elementor-element elementor-element-abf27c9 elementor-widget elementor-widget-html\" data-id=\"abf27c9\" data-element_type=\"widget\" data-widget_type=\"html.default\">\n\t\t\t\t\t\n<div class=\"wpcf7 no-js\" id=\"wpcf7-f81350-o1\" lang=\"fr-FR\" dir=\"ltr\" data-wpcf7-id=\"81350\">\n<div class=\"screen-reader-response\"><p role=\"status\" aria-live=\"polite\" aria-atomic=\"true\"><\/p> <ul><\/ul><\/div>\n<form action=\"\/fr\/wp-json\/wp\/v2\/pages\/7646#wpcf7-f81350-o1\" method=\"post\" class=\"wpcf7-form init\" aria-label=\"Formulaire de contact\" novalidate=\"novalidate\" data-status=\"init\">\n<fieldset class=\"hidden-fields-container\"><input type=\"hidden\" name=\"_wpcf7\" value=\"81350\" \/><input type=\"hidden\" name=\"_wpcf7_version\" value=\"6.1.3\" \/><input type=\"hidden\" name=\"_wpcf7_locale\" value=\"fr_FR\" \/><input type=\"hidden\" name=\"_wpcf7_unit_tag\" value=\"wpcf7-f81350-o1\" \/><input type=\"hidden\" name=\"_wpcf7_container_post\" value=\"0\" \/><input type=\"hidden\" name=\"_wpcf7_posted_data_hash\" value=\"\" \/>\n<\/fieldset>\n<p><span class=\"wpcf7-form-control-wrap\" data-name=\"full-name\"><input size=\"40\" maxlength=\"400\" class=\"wpcf7-form-control wpcf7-text wpcf7-validates-as-required\" autocomplete=\"name\" aria-required=\"true\" aria-invalid=\"false\" placeholder=\"Nom complet\" value=\"\" type=\"text\" name=\"full-name\" \/><\/span>\n<\/p>\n<p><span class=\"wpcf7-form-control-wrap\" data-name=\"email-address\"><input size=\"40\" maxlength=\"400\" class=\"wpcf7-form-control wpcf7-email wpcf7-validates-as-required wpcf7-text wpcf7-validates-as-email\" autocomplete=\"email\" aria-required=\"true\" aria-invalid=\"false\" placeholder=\"Adresse \u00e9lectronique\" value=\"\" type=\"email\" name=\"email-address\" \/><\/span>\n<\/p>\n<p><span class=\"wpcf7-form-control-wrap\" data-name=\"website\"><input size=\"40\" maxlength=\"400\" class=\"wpcf7-form-control wpcf7-url wpcf7-validates-as-required wpcf7-text wpcf7-validates-as-url\" aria-required=\"true\" aria-invalid=\"false\" placeholder=\"WWW.\" value=\"\" type=\"url\" name=\"website\" \/><\/span>\n<\/p>\n<p><input class=\"wpcf7-form-control wpcf7-submit has-spinner\" type=\"submit\" value=\"Envoyer\" \/>\n<\/p><input type='hidden' class='wpcf7-pum' value='{\"closepopup\":false,\"closedelay\":0,\"openpopup\":false,\"openpopup_id\":0}' \/><div class=\"wpcf7-response-output\" aria-hidden=\"true\"><\/div>\n<\/form>\n<\/div>\n\t\t\t\t<\/div>\n\t\t\t\t<\/div>\n\t\t\t\t<\/div>\n\t\t\t\t\t<\/div>\n\t\t\t\t<\/div>\n\t\t<div class=\"elementor-element elementor-element-04f6d2f e-con-full e-flex wpr-particle-no wpr-jarallax-no wpr-parallax-no wpr-sticky-section-no e-con e-parent\" data-id=\"04f6d2f\" data-element_type=\"container\">\n\t\t<div class=\"elementor-element elementor-element-ef257fa e-con-full e-flex wpr-particle-no wpr-jarallax-no wpr-parallax-no wpr-sticky-section-no e-con e-child\" data-id=\"ef257fa\" data-element_type=\"container\">\n\t\t\t\t<div class=\"elementor-element elementor-element-a92bc68 elementor-widget elementor-widget-html\" data-id=\"a92bc68\" data-element_type=\"widget\" data-widget_type=\"html.default\">\n\t\t\t\t\t<div class=\"custom-marquee\">\r\n  <div class=\"marquee-content\">\r\n    <span><img decoding=\"async\" src=\"https:\/\/boostedhost.com\/wp-content\/uploads\/2025\/05\/452-021.png\">  Migration gratuite<\/span>\r\n    <span><img decoding=\"async\" src=\"https:\/\/boostedhost.com\/wp-content\/uploads\/2025\/05\/452-022.png\">  Certificat SSL gratuit<\/span>\r\n    <span><img decoding=\"async\" src=\"https:\/\/boostedhost.com\/wp-content\/uploads\/2025\/05\/452-023.png\">  Nous utilisons cPanel<\/span>\r\n    <span><img decoding=\"async\" src=\"https:\/\/boostedhost.com\/wp-content\/uploads\/2025\/05\/452-024.png\">  Assistance 24\/7<\/span>\r\n    <span><img decoding=\"async\" src=\"https:\/\/boostedhost.com\/wp-content\/uploads\/2025\/05\/452-025.png\">  Domaine gratuit<\/span>\r\n\t<span><img decoding=\"async\" src=\"https:\/\/boostedhost.com\/wp-content\/uploads\/2025\/05\/452-021.png\">  Migration gratuite<\/span>\r\n    <span><img decoding=\"async\" src=\"https:\/\/boostedhost.com\/wp-content\/uploads\/2025\/05\/452-022.png\">  Certificat SSL gratuit<\/span>\r\n    <span><img decoding=\"async\" src=\"https:\/\/boostedhost.com\/wp-content\/uploads\/2025\/05\/452-023.png\">  Nous utilisons cPanel<\/span>\r\n    <span><img decoding=\"async\" src=\"https:\/\/boostedhost.com\/wp-content\/uploads\/2025\/05\/452-024.png\">  Assistance 24\/7<\/span>\r\n    <span><img decoding=\"async\" src=\"https:\/\/boostedhost.com\/wp-content\/uploads\/2025\/05\/452-025.png\">  Domaine gratuit<\/span>\r\n\t<span><img decoding=\"async\" src=\"https:\/\/boostedhost.com\/wp-content\/uploads\/2025\/05\/452-021.png\">  Migration gratuite<\/span>\r\n    <span><img decoding=\"async\" src=\"https:\/\/boostedhost.com\/wp-content\/uploads\/2025\/05\/452-022.png\">  Certificat SSL gratuit<\/span>\r\n    <span><img decoding=\"async\" src=\"https:\/\/boostedhost.com\/wp-content\/uploads\/2025\/05\/452-023.png\">  Nous utilisons cPanel<\/span>\r\n    <span><img decoding=\"async\" src=\"https:\/\/boostedhost.com\/wp-content\/uploads\/2025\/05\/452-024.png\">  Assistance 24\/7<\/span>\r\n    <span><img decoding=\"async\" src=\"https:\/\/boostedhost.com\/wp-content\/uploads\/2025\/05\/452-025.png\">  Domaine gratuit<\/span>\r\n\t<span><img decoding=\"async\" src=\"https:\/\/boostedhost.com\/wp-content\/uploads\/2025\/05\/452-021.png\">  Migration gratuite<\/span>\r\n    <span><img decoding=\"async\" src=\"https:\/\/boostedhost.com\/wp-content\/uploads\/2025\/05\/452-022.png\">  Certificat SSL gratuit<\/span>\r\n    <span><img decoding=\"async\" src=\"https:\/\/boostedhost.com\/wp-content\/uploads\/2025\/05\/452-023.png\">  Nous utilisons cPanel<\/span>\r\n    <span><img decoding=\"async\" src=\"https:\/\/boostedhost.com\/wp-content\/uploads\/2025\/05\/452-024.png\">  Assistance 24\/7<\/span>\r\n    <span><img decoding=\"async\" src=\"https:\/\/boostedhost.com\/wp-content\/uploads\/2025\/05\/452-025.png\">  Domaine gratuit<\/span>\r\n  <\/div>\r\n<\/div>\r\n\r\n<style>\r\n@keyframes marquee {\r\n\t0% {\r\n\t\ttransform: translateX(0);\r\n\t}\r\n\t100% {\r\n\t\ttransform: translateX(-50%);\r\n\t}\r\n}\r\n.custom-marquee {\r\n\tdisplay: flex;\r\n\toverflow: hidden;\r\n\tpadding-top: 25px;\r\n\tpadding-bottom: 25px;\r\n}\r\n.marquee-content {\r\n\tdisplay: flex;\r\n\tanimation: marquee 20s linear infinite;\r\n\tgap: 50px;\r\n}\r\n.marquee-content span {\r\n\tdisplay: flex;\r\n\talign-items: center;\r\n\tgap: 8px;\r\n\twhite-space: nowrap;\r\n\tfont-size: 12px;\r\n\tfont-family: \"inter\";\r\n\tfont-weight: 400;\r\n\tcolor: #FFF2EE;\r\n}\r\n.marquee-content img {\r\n\twidth: 20px;\r\n}\r\n\r\n@media only screen and (max-width: 767px) {\r\n  .custom-marquee {\r\n    padding-top: 15px;\r\n    padding-bottom: 15px;\r\n  }\r\n\r\n  .marquee-content span {\r\n    font-size: 13px;\r\n  }\r\n\r\n  .marquee-content img {\r\n    width: 15px;\r\n  }\r\n}\r\n<\/style>\t\t\t\t<\/div>\n\t\t\t\t<\/div>\n\t\t\t\t<\/div>\n\t\t<div class=\"elementor-element elementor-element-6c8cbba1 e-flex e-con-boxed wpr-particle-no wpr-jarallax-no wpr-parallax-no wpr-sticky-section-no e-con e-parent\" data-id=\"6c8cbba1\" data-element_type=\"container\">\n\t\t\t\t\t<div class=\"e-con-inner\">\n\t\t<div class=\"elementor-element elementor-element-6321dc6e e-con-full e-flex wpr-particle-no wpr-jarallax-no wpr-parallax-no wpr-sticky-section-no e-con e-child\" data-id=\"6321dc6e\" data-element_type=\"container\">\n\t\t\t\t<div class=\"elementor-element elementor-element-1ed36b3e elementor-widget elementor-widget-heading\" data-id=\"1ed36b3e\" data-element_type=\"widget\" data-widget_type=\"heading.default\">\n\t\t\t\t\t<h2 class=\"elementor-heading-title elementor-size-default\">Comment tester la vitesse et la performance de votre site web ?<\/h2>\t\t\t\t<\/div>\n\t\t\t\t<\/div>\n\t\t<div class=\"elementor-element elementor-element-2c4efe58 e-con-full e-flex wpr-particle-no wpr-jarallax-no wpr-parallax-no wpr-sticky-section-no e-con e-child\" data-id=\"2c4efe58\" data-element_type=\"container\">\n\t\t<div class=\"elementor-element elementor-element-c393e1e e-con-full e-flex wpr-particle-no wpr-jarallax-no wpr-parallax-no wpr-sticky-section-no e-con e-child\" data-id=\"c393e1e\" data-element_type=\"container\">\n\t\t\t\t<div class=\"elementor-element elementor-element-5d51ba6b elementor-widget elementor-widget-image\" data-id=\"5d51ba6b\" data-element_type=\"widget\" data-widget_type=\"image.default\">\n\t\t\t\t\t\t\t\t\t\t\t\t\t\t\t<img fetchpriority=\"high\" decoding=\"async\" width=\"938\" height=\"494\" src=\"https:\/\/boostedhost.com\/wp-content\/uploads\/2025\/06\/362-022.png\" class=\"attachment-full size-full wp-image-7295\" alt=\"\" srcset=\"https:\/\/boostedhost.com\/wp-content\/uploads\/2025\/06\/362-022.png 938w, https:\/\/boostedhost.com\/wp-content\/uploads\/2025\/06\/362-022-300x158.png 300w, https:\/\/boostedhost.com\/wp-content\/uploads\/2025\/06\/362-022-768x404.png 768w\" sizes=\"(max-width: 938px) 100vw, 938px\" \/>\t\t\t\t\t\t\t\t\t\t\t\t\t\t\t<\/div>\n\t\t\t\t<\/div>\n\t\t<div class=\"elementor-element elementor-element-4367a03c e-con-full e-flex wpr-particle-no wpr-jarallax-no wpr-parallax-no wpr-sticky-section-no e-con e-child\" data-id=\"4367a03c\" data-element_type=\"container\">\n\t\t\t\t<div class=\"elementor-element elementor-element-527504d1 elementor-widget elementor-widget-text-editor\" data-id=\"527504d1\" data-element_type=\"widget\" data-widget_type=\"text-editor.default\">\n\t\t\t\t\t\t\t\t\tLa vitesse et la performance d&rsquo;un site web sont des facteurs cruciaux pour la g\u00e9n\u00e9ration de leads en ligne. Un site web lent ou fonctionnant mal peut frustrer les visiteurs, r\u00e9duire les conversions et nuire \u00e0 votre classement SEO. \t\t\t\t\t\t\t\t<\/div>\n\t\t\t\t<div class=\"elementor-element elementor-element-ee62deb elementor-widget elementor-widget-text-editor\" data-id=\"ee62deb\" data-element_type=\"widget\" data-widget_type=\"text-editor.default\">\n\t\t\t\t\t\t\t\t\t<p>Par cons\u00e9quent, il est imp\u00e9ratif de tester et de surveiller r\u00e9guli\u00e8rement la vitesse et la performance de votre site web afin d&rsquo;identifier les domaines d&rsquo;am\u00e9lioration. Voici quelques \u00e9tapes que vous pouvez suivre pour optimiser la vitesse et la performance de votre site web. <\/p>\t\t\t\t\t\t\t\t<\/div>\n\t\t\t\t<\/div>\n\t\t\t\t<\/div>\n\t\t\t\t\t<\/div>\n\t\t\t\t<\/div>\n\t\t<div class=\"elementor-element elementor-element-4409dcd8 e-flex e-con-boxed wpr-particle-no wpr-jarallax-no wpr-parallax-no wpr-sticky-section-no e-con e-parent\" data-id=\"4409dcd8\" data-element_type=\"container\">\n\t\t\t\t\t<div class=\"e-con-inner\">\n\t\t<div class=\"elementor-element elementor-element-142640b3 e-con-full e-flex wpr-particle-no wpr-jarallax-no wpr-parallax-no wpr-sticky-section-no e-con e-child\" data-id=\"142640b3\" data-element_type=\"container\">\n\t\t\t\t<div class=\"elementor-element elementor-element-402ada3c elementor-widget elementor-widget-heading\" data-id=\"402ada3c\" data-element_type=\"widget\" data-widget_type=\"heading.default\">\n\t\t\t\t\t<h2 class=\"elementor-heading-title elementor-size-default\">Nos guides de performance<\/h2>\t\t\t\t<\/div>\n\t\t\t\t<\/div>\n\t\t<div class=\"elementor-element elementor-element-12a05470 e-con-full e-flex wpr-particle-no wpr-jarallax-no wpr-parallax-no wpr-sticky-section-no e-con e-child\" data-id=\"12a05470\" data-element_type=\"container\">\n\t\t<div class=\"elementor-element elementor-element-781498e e-con-full e-flex wpr-particle-no wpr-jarallax-no wpr-parallax-no wpr-sticky-section-no e-con e-child\" data-id=\"781498e\" data-element_type=\"container\" data-settings=\"{&quot;background_background&quot;:&quot;classic&quot;}\">\n\t\t\t\t<div class=\"elementor-element elementor-element-a909100 elementor-widget elementor-widget-image\" data-id=\"a909100\" data-element_type=\"widget\" data-widget_type=\"image.default\">\n\t\t\t\t\t\t\t\t\t\t\t\t\t\t\t<img decoding=\"async\" width=\"700\" height=\"415\" src=\"https:\/\/boostedhost.com\/wp-content\/uploads\/2025\/06\/580-001.png\" class=\"attachment-full size-full wp-image-7537\" alt=\"\" srcset=\"https:\/\/boostedhost.com\/wp-content\/uploads\/2025\/06\/580-001.png 700w, https:\/\/boostedhost.com\/wp-content\/uploads\/2025\/06\/580-001-300x178.png 300w\" sizes=\"(max-width: 700px) 100vw, 700px\" \/>\t\t\t\t\t\t\t\t\t\t\t\t\t\t\t<\/div>\n\t\t<div class=\"elementor-element elementor-element-118cc786 e-con-full e-flex wpr-particle-no wpr-jarallax-no wpr-parallax-no wpr-sticky-section-no e-con e-child\" data-id=\"118cc786\" data-element_type=\"container\">\n\t\t\t\t<div class=\"elementor-element elementor-element-76176067 elementor-widget elementor-widget-heading\" data-id=\"76176067\" data-element_type=\"widget\" data-widget_type=\"heading.default\">\n\t\t\t\t\t<h5 class=\"elementor-heading-title elementor-size-default\">Le r\u00f4le de l'intelligence artificielle dans la cr\u00e9ation de sites web<\/h5>\t\t\t\t<\/div>\n\t\t\t\t<div class=\"elementor-element elementor-element-6fe151db elementor-widget elementor-widget-text-editor\" data-id=\"6fe151db\" data-element_type=\"widget\" data-widget_type=\"text-editor.default\">\n\t\t\t\t\t\t\t\t\tLe r\u00f4le de l&rsquo;intelligence artificielle dans la cr\u00e9ation de sites web Auteur : admin&#8230; <a style=\"text-decoration: underline; color: #fc6130;\" href=\"https:\/\/boostedhost.com\/blog\/the-role-of-artificial-intelligence-in-website-creation\/\">En savoir plus<\/a>\t\t\t\t\t\t\t\t<\/div>\n\t\t\t\t<\/div>\n\t\t\t\t<\/div>\n\t\t<div class=\"elementor-element elementor-element-26419dfc e-con-full e-flex wpr-particle-no wpr-jarallax-no wpr-parallax-no wpr-sticky-section-no e-con e-child\" data-id=\"26419dfc\" data-element_type=\"container\" data-settings=\"{&quot;background_background&quot;:&quot;classic&quot;}\">\n\t\t\t\t<div class=\"elementor-element elementor-element-3d3f6e37 elementor-widget elementor-widget-image\" data-id=\"3d3f6e37\" data-element_type=\"widget\" data-widget_type=\"image.default\">\n\t\t\t\t\t\t\t\t\t\t\t\t\t\t\t<img decoding=\"async\" width=\"698\" height=\"414\" src=\"https:\/\/boostedhost.com\/wp-content\/uploads\/2025\/06\/582-001.png\" class=\"attachment-full size-full wp-image-7539\" alt=\"\" srcset=\"https:\/\/boostedhost.com\/wp-content\/uploads\/2025\/06\/582-001.png 698w, https:\/\/boostedhost.com\/wp-content\/uploads\/2025\/06\/582-001-300x178.png 300w\" sizes=\"(max-width: 698px) 100vw, 698px\" \/>\t\t\t\t\t\t\t\t\t\t\t\t\t\t\t<\/div>\n\t\t<div class=\"elementor-element elementor-element-2686f239 e-con-full e-flex wpr-particle-no wpr-jarallax-no wpr-parallax-no wpr-sticky-section-no e-con e-child\" data-id=\"2686f239\" data-element_type=\"container\">\n\t\t\t\t<div class=\"elementor-element elementor-element-113fcb44 elementor-widget elementor-widget-heading\" data-id=\"113fcb44\" data-element_type=\"widget\" data-widget_type=\"heading.default\">\n\t\t\t\t\t<h5 class=\"elementor-heading-title elementor-size-default\">Comment cr\u00e9er une page '\u00c0 propos de nous' captivante pour votre site web<\/h5>\t\t\t\t<\/div>\n\t\t\t\t<div class=\"elementor-element elementor-element-6e017673 elementor-widget elementor-widget-text-editor\" data-id=\"6e017673\" data-element_type=\"widget\" data-widget_type=\"text-editor.default\">\n\t\t\t\t\t\t\t\t\tComment cr\u00e9er une page &lsquo;\u00c0 propos de nous&rsquo; captivante pour votre&#8230; <a style=\"text-decoration: underline; color: #fc6130;\" href=\"https:\/\/boostedhost.com\/blog\/how-to-create-an-engaging-about-us-page-for-your-website\/\">En savoir plus<\/a>\t\t\t\t\t\t\t\t<\/div>\n\t\t\t\t<\/div>\n\t\t\t\t<\/div>\n\t\t<div class=\"elementor-element elementor-element-468da22a e-con-full e-flex wpr-particle-no wpr-jarallax-no wpr-parallax-no wpr-sticky-section-no e-con e-child\" data-id=\"468da22a\" data-element_type=\"container\" data-settings=\"{&quot;background_background&quot;:&quot;classic&quot;}\">\n\t\t\t\t<div class=\"elementor-element elementor-element-58b79547 elementor-widget elementor-widget-image\" data-id=\"58b79547\" data-element_type=\"widget\" data-widget_type=\"image.default\">\n\t\t\t\t\t\t\t\t\t\t\t\t\t\t\t<img loading=\"lazy\" decoding=\"async\" width=\"698\" height=\"414\" src=\"https:\/\/boostedhost.com\/wp-content\/uploads\/2025\/06\/582-002.png\" class=\"attachment-full size-full wp-image-7541\" alt=\"\" srcset=\"https:\/\/boostedhost.com\/wp-content\/uploads\/2025\/06\/582-002.png 698w, https:\/\/boostedhost.com\/wp-content\/uploads\/2025\/06\/582-002-300x178.png 300w\" sizes=\"auto, (max-width: 698px) 100vw, 698px\" \/>\t\t\t\t\t\t\t\t\t\t\t\t\t\t\t<\/div>\n\t\t<div class=\"elementor-element elementor-element-6faf2fa3 e-con-full e-flex wpr-particle-no wpr-jarallax-no wpr-parallax-no wpr-sticky-section-no e-con e-child\" data-id=\"6faf2fa3\" data-element_type=\"container\">\n\t\t\t\t<div class=\"elementor-element elementor-element-44fb5cc5 elementor-widget elementor-widget-heading\" data-id=\"44fb5cc5\" data-element_type=\"widget\" data-widget_type=\"heading.default\">\n\t\t\t\t\t<h5 class=\"elementor-heading-title elementor-size-default\">Cr\u00e9ation d'une page 404 personnalis\u00e9e pour am\u00e9liorer l'exp\u00e9rience utilisateur<\/h5>\t\t\t\t<\/div>\n\t\t\t\t<div class=\"elementor-element elementor-element-6bb4123 elementor-widget elementor-widget-text-editor\" data-id=\"6bb4123\" data-element_type=\"widget\" data-widget_type=\"text-editor.default\">\n\t\t\t\t\t\t\t\t\tCr\u00e9ation d&rsquo;une page 404 personnalis\u00e9e pour am\u00e9liorer l&rsquo;exp\u00e9rience utilisateur Auteur :&#8230; <a style=\"text-decoration: underline; color: #fc6130;\" href=\"https:\/\/boostedhost.com\/blog\/creating-a-custom-404-page-to-enhance-user-experience\/\">En savoir plus<\/a>\t\t\t\t\t\t\t\t<\/div>\n\t\t\t\t<\/div>\n\t\t\t\t<\/div>\n\t\t\t\t<\/div>\n\t\t\t\t\t<\/div>\n\t\t\t\t<\/div>\n\t\t\t\t<\/div>\n\t\t","protected":false},"excerpt":{"rendered":"<p>Livr\u00e9 instantan\u00e9ment Obtenez un test de performance et de vitesse gratuit pour votre site web Testez gratuitement la performance et la vitesse de votre site web. Migration gratuite Certificat SSL gratuit Nous utilisons cPanel Assistance 24\/7 Domaine gratuit Migration gratuite Certificat SSL gratuit Nous utilisons cPanel Assistance 24\/7 Domaine gratuit Migration gratuite Certificat SSL gratuit Nous utilisons cPanel Assistance 24\/7 Domaine gratuit Migration gratuite Certificat SSL gratuit Nous utilisons cPanel Assistance 24\/7 Domaine gratuit Comment tester la vitesse et la performance de votre site web ? La vitesse et la performance d&rsquo;un site web sont des facteurs cruciaux pour la g\u00e9n\u00e9ration de leads en ligne. Un site web lent ou fonctionnant mal peut frustrer les visiteurs, r\u00e9duire les conversions et nuire \u00e0 votre classement SEO. Par cons\u00e9quent, il est imp\u00e9ratif de tester et de surveiller r\u00e9guli\u00e8rement la vitesse et la performance de votre site web afin d&rsquo;identifier les domaines d&rsquo;am\u00e9lioration. Voici quelques \u00e9tapes que vous pouvez suivre pour optimiser la vitesse et la performance de votre site web. Nos guides de performance Le r\u00f4le de l&rsquo;intelligence artificielle dans la cr\u00e9ation de sites web Le r\u00f4le de l&rsquo;intelligence artificielle dans la cr\u00e9ation de sites web Auteur : admin&#8230; En savoir plus Comment cr\u00e9er une page &lsquo;\u00c0 propos de nous&rsquo; captivante pour votre site web Comment cr\u00e9er une page &lsquo;\u00c0 propos de nous&rsquo; captivante pour votre&#8230; En savoir plus Cr\u00e9ation d&rsquo;une page 404 personnalis\u00e9e pour am\u00e9liorer l&rsquo;exp\u00e9rience utilisateur Cr\u00e9ation d&rsquo;une page 404 personnalis\u00e9e pour am\u00e9liorer l&rsquo;exp\u00e9rience utilisateur Auteur :&#8230; En savoir plus<\/p>\n","protected":false},"author":1,"featured_media":0,"parent":0,"menu_order":0,"comment_status":"closed","ping_status":"closed","template":"","meta":{"site-sidebar-layout":"no-sidebar","site-content-layout":"page-builder","ast-site-content-layout":"full-width-container","site-content-style":"default","site-sidebar-style":"default","ast-global-header-display":"","ast-banner-title-visibility":"","ast-main-header-display":"","ast-hfb-above-header-display":"","ast-hfb-below-header-display":"","ast-hfb-mobile-header-display":"","site-post-title":"disabled","ast-breadcrumbs-content":"disabled","ast-featured-img":"disabled","footer-sml-layout":"","theme-transparent-header-meta":"default","adv-header-id-meta":"","stick-header-meta":"","header-above-stick-meta":"","header-main-stick-meta":"","header-below-stick-meta":"","astra-migrate-meta-layouts":"default","ast-page-background-enabled":"default","ast-page-background-meta":{"desktop":{"background-color":"","background-image":"","background-repeat":"repeat","background-position":"center center","background-size":"auto","background-attachment":"scroll","background-type":"","background-media":"","overlay-type":"","overlay-color":"","overlay-opacity":"","overlay-gradient":""},"tablet":{"background-color":"","background-image":"","background-repeat":"repeat","background-position":"center center","background-size":"auto","background-attachment":"scroll","background-type":"","background-media":"","overlay-type":"","overlay-color":"","overlay-opacity":"","overlay-gradient":""},"mobile":{"background-color":"","background-image":"","background-repeat":"repeat","background-position":"center center","background-size":"auto","background-attachment":"scroll","background-type":"","background-media":"","overlay-type":"","overlay-color":"","overlay-opacity":"","overlay-gradient":""}},"ast-content-background-meta":{"desktop":{"background-color":"var(--ast-global-color-5)","background-image":"","background-repeat":"repeat","background-position":"center center","background-size":"auto","background-attachment":"scroll","background-type":"","background-media":"","overlay-type":"","overlay-color":"","overlay-opacity":"","overlay-gradient":""},"tablet":{"background-color":"var(--ast-global-color-5)","background-image":"","background-repeat":"repeat","background-position":"center center","background-size":"auto","background-attachment":"scroll","background-type":"","background-media":"","overlay-type":"","overlay-color":"","overlay-opacity":"","overlay-gradient":""},"mobile":{"background-color":"var(--ast-global-color-5)","background-image":"","background-repeat":"repeat","background-position":"center center","background-size":"auto","background-attachment":"scroll","background-type":"","background-media":"","overlay-type":"","overlay-color":"","overlay-opacity":"","overlay-gradient":""}},"footnotes":""},"class_list":["post-7646","page","type-page","status-publish","hentry"],"_links":{"self":[{"href":"https:\/\/boostedhost.com\/fr\/wp-json\/wp\/v2\/pages\/7646","targetHints":{"allow":["GET"]}}],"collection":[{"href":"https:\/\/boostedhost.com\/fr\/wp-json\/wp\/v2\/pages"}],"about":[{"href":"https:\/\/boostedhost.com\/fr\/wp-json\/wp\/v2\/types\/page"}],"author":[{"embeddable":true,"href":"https:\/\/boostedhost.com\/fr\/wp-json\/wp\/v2\/users\/1"}],"replies":[{"embeddable":true,"href":"https:\/\/boostedhost.com\/fr\/wp-json\/wp\/v2\/comments?post=7646"}],"version-history":[{"count":0,"href":"https:\/\/boostedhost.com\/fr\/wp-json\/wp\/v2\/pages\/7646\/revisions"}],"wp:attachment":[{"href":"https:\/\/boostedhost.com\/fr\/wp-json\/wp\/v2\/media?parent=7646"}],"curies":[{"name":"wp","href":"https:\/\/api.w.org\/{rel}","templated":true}]}}