{"id":80657,"date":"2025-06-03T05:53:22","date_gmt":"2025-06-03T05:53:22","guid":{"rendered":"https:\/\/boostedhost.com\/mentions-legales\/"},"modified":"2025-08-11T18:49:47","modified_gmt":"2025-08-11T18:49:47","slug":"mentions-legales","status":"publish","type":"page","link":"https:\/\/boostedhost.com\/fr\/mentions-legales\/","title":{"rendered":"Mentions l\u00e9gales"},"content":{"rendered":"\t\t<div data-elementor-type=\"wp-page\" data-elementor-id=\"80657\" class=\"elementor elementor-80657 elementor-4005\" data-elementor-post-type=\"page\">\n\t\t\t\t<div class=\"elementor-element elementor-element-a31e98e e-flex e-con-boxed wpr-particle-no wpr-jarallax-no wpr-parallax-no wpr-sticky-section-no e-con e-parent\" data-id=\"a31e98e\" data-element_type=\"container\" data-settings=\"{&quot;background_background&quot;:&quot;classic&quot;}\">\n\t\t\t\t\t<div class=\"e-con-inner\">\n\t\t<div class=\"elementor-element elementor-element-a57e124 e-con-full e-flex wpr-particle-no wpr-jarallax-no wpr-parallax-no wpr-sticky-section-no e-con e-child\" data-id=\"a57e124\" data-element_type=\"container\">\n\t\t\t\t<div class=\"elementor-element elementor-element-2122225 elementor-position-left elementor-mobile-position-left dot-icon elementor-view-default elementor-widget elementor-widget-icon-box\" data-id=\"2122225\" data-element_type=\"widget\" data-widget_type=\"icon-box.default\">\n\t\t\t\t\t\t\t<div class=\"elementor-icon-box-wrapper\">\n\n\t\t\t\t\t\t<div class=\"elementor-icon-box-icon\">\n\t\t\t\t<span  class=\"elementor-icon\">\n\t\t\t\t<svg xmlns=\"http:\/\/www.w3.org\/2000\/svg\" width=\"11\" height=\"10\" viewBox=\"0 0 11 10\" fill=\"none\"><path d=\"M5.5 0C6.82608 0 8.09785 0.526784 9.03553 1.46447C9.97322 2.40215 10.5 3.67392 10.5 5C10.5 6.32608 9.97322 7.59785 9.03553 8.53553C8.09785 9.47322 6.82608 10 5.5 10C4.17392 10 2.90215 9.47322 1.96447 8.53553C1.02678 7.59785 0.5 6.32608 0.5 5C0.5 3.67392 1.02678 2.40215 1.96447 1.46447C2.90215 0.526784 4.17392 0 5.5 0ZM6.24995 3.06978C6.62135 3.06978 6.92276 2.81194 6.92276 2.42983C6.92276 2.04771 6.62063 1.78987 6.24995 1.78987C5.87854 1.78987 5.57857 2.04771 5.57857 2.42983C5.57857 2.81194 5.87854 3.06978 6.24995 3.06978ZM6.38065 7.08878C6.38065 7.01236 6.40708 6.8138 6.39208 6.70095L5.80498 7.37662C5.68356 7.50446 5.53143 7.59303 5.46 7.56946C5.4276 7.55754 5.40051 7.53444 5.38362 7.50432C5.36673 7.47421 5.36114 7.43905 5.36787 7.40518L6.34637 4.31398C6.42636 3.92186 6.20638 3.56403 5.73998 3.51832C5.24788 3.51832 4.52364 4.01757 4.08296 4.6511C4.08296 4.72681 4.06867 4.91536 4.08367 5.02821L4.67006 4.35183C4.79148 4.22541 4.9329 4.13613 5.00432 4.16042C5.03951 4.17305 5.06835 4.19897 5.08464 4.23262C5.10093 4.26627 5.10338 4.30497 5.09146 4.3404L4.12153 7.41661C4.00939 7.77659 4.22152 8.12942 4.73577 8.20941C5.49286 8.20941 5.93997 7.72231 6.38137 7.08878H6.38065Z\" fill=\"#FF6022\"><\/path><\/svg>\t\t\t\t<\/span>\n\t\t\t<\/div>\n\t\t\t\n\t\t\t\t\t\t<div class=\"elementor-icon-box-content\">\n\n\t\t\t\t\n\t\t\t\t\t\t\t\t\t<p class=\"elementor-icon-box-description\">\n\t\t\t\t\t\tConditions et accord juridique qui apportent la tranquillit\u00e9 d'esprit !\t\t\t\t\t<\/p>\n\t\t\t\t\n\t\t\t<\/div>\n\t\t\t\n\t\t<\/div>\n\t\t\t\t\t\t<\/div>\n\t\t\t\t<div class=\"elementor-element elementor-element-bb71c17 elementor-widget elementor-widget-heading\" data-id=\"bb71c17\" data-element_type=\"widget\" data-widget_type=\"heading.default\">\n\t\t\t\t\t<h1 class=\"elementor-heading-title elementor-size-default\">Conditions d'utilisation<\/h1>\t\t\t\t<\/div>\n\t\t<div class=\"elementor-element elementor-element-4bd5be2 e-con-full e-flex wpr-particle-no wpr-jarallax-no wpr-parallax-no wpr-sticky-section-no e-con e-child\" data-id=\"4bd5be2\" data-element_type=\"container\">\n\t\t\t\t<div class=\"elementor-element elementor-element-323bb7d elementor-widget elementor-widget-text-editor\" data-id=\"323bb7d\" data-element_type=\"widget\" data-widget_type=\"text-editor.default\">\n\t\t\t\t\t\t\t\t\tVeuillez lire attentivement toutes les informations importantes, les conditions juridiques et autres renseignements utiles concernant notre service d&rsquo;h\u00e9bergement web rapide, s\u00e9curis\u00e9 et stable !\t\t\t\t\t\t\t\t<\/div>\n\t\t\t\t<\/div>\n\t\t\t\t<\/div>\n\t\t\t\t\t<\/div>\n\t\t\t\t<\/div>\n\t\t<div class=\"elementor-element elementor-element-a466c92 e-flex e-con-boxed wpr-particle-no wpr-jarallax-no wpr-parallax-no wpr-sticky-section-no e-con e-parent\" data-id=\"a466c92\" data-element_type=\"container\" data-settings=\"{&quot;background_background&quot;:&quot;classic&quot;}\">\n\t\t\t\t\t<div class=\"e-con-inner\">\n\t\t<div class=\"elementor-element elementor-element-da46cf1 e-con-full e-flex wpr-particle-no wpr-jarallax-no wpr-parallax-no wpr-sticky-section-no e-con e-child\" data-id=\"da46cf1\" data-element_type=\"container\">\n\t\t<div class=\"elementor-element elementor-element-60728be e-con-full e-flex wpr-particle-no wpr-jarallax-no wpr-parallax-no wpr-sticky-section-no e-con e-child\" data-id=\"60728be\" data-element_type=\"container\">\n\t\t\t\t<div class=\"elementor-element elementor-element-025dab1 nav-menu-sidebar elementor-widget elementor-widget-wp-widget-nav_menu\" data-id=\"025dab1\" data-element_type=\"widget\" data-widget_type=\"wp-widget-nav_menu.default\">\n\t\t\t\t<div class=\"elementor-widget-container\">\n\t\t\t\t\t<nav class=\"menu-terms-of-services-container\" aria-label=\"Menu\"><ul id=\"menu-terms-of-services\" class=\"menu\"><li id=\"menu-item-4091\" class=\"menu-item menu-item-type-post_type menu-item-object-page menu-item-4091\"><a href=\"https:\/\/boostedhost.com\/legal\/\" class=\"menu-link\">Mentions l\u00e9gales<\/a><\/li>\n<li id=\"menu-item-4232\" class=\"menu-item menu-item-type-post_type menu-item-object-page menu-item-4232\"><a href=\"https:\/\/boostedhost.com\/service-level-agreement\/\" class=\"menu-link\">Accord de niveau de service<\/a><\/li>\n<li id=\"menu-item-4495\" class=\"menu-item menu-item-type-post_type menu-item-object-page menu-item-4495\"><a href=\"https:\/\/boostedhost.com\/website-terms-of-service\/\" class=\"menu-link\">Conditions d&rsquo;utilisation du site web<\/a><\/li>\n<li id=\"menu-item-4494\" class=\"menu-item menu-item-type-post_type menu-item-object-page menu-item-4494\"><a href=\"https:\/\/boostedhost.com\/resource-usage\/\" class=\"menu-link\">Utilisation des ressources<\/a><\/li>\n<li id=\"menu-item-4630\" class=\"menu-item menu-item-type-post_type menu-item-object-page menu-item-4630\"><a href=\"https:\/\/boostedhost.com\/third-party-services\/\" class=\"menu-link\">Services de tiers<\/a><\/li>\n<li id=\"menu-item-4629\" class=\"menu-item menu-item-type-post_type menu-item-object-page menu-item-4629\"><a href=\"https:\/\/boostedhost.com\/domain-names-agreement\/\" class=\"menu-link\">Accord sur les noms de domaine<\/a><\/li>\n<li id=\"menu-item-4673\" class=\"menu-item menu-item-type-post_type menu-item-object-page menu-item-4673\"><a href=\"https:\/\/boostedhost.com\/copyright-and-dmca\/\" class=\"menu-link\">Droits d&rsquo;auteur et DMCA<\/a><\/li>\n<li id=\"menu-item-4992\" class=\"menu-item menu-item-type-post_type menu-item-object-page menu-item-4992\"><a href=\"https:\/\/boostedhost.com\/cancellations-and-refunds\/\" class=\"menu-link\">Annulations et remboursements<\/a><\/li>\n<li id=\"menu-item-4991\" class=\"menu-item menu-item-type-post_type menu-item-object-page menu-item-4991\"><a href=\"https:\/\/boostedhost.com\/promotions-agreement\/\" class=\"menu-link\">Accord de promotion<\/a><\/li>\n<li id=\"menu-item-4990\" class=\"menu-item menu-item-type-post_type menu-item-object-page menu-item-4990\"><a href=\"https:\/\/boostedhost.com\/cookies-policy\/\" class=\"menu-link\">Politique en mati\u00e8re de cookies<\/a><\/li>\n<li id=\"menu-item-4989\" class=\"menu-item menu-item-type-post_type menu-item-object-page menu-item-4989\"><a href=\"https:\/\/boostedhost.com\/privacy-policy\/\" class=\"menu-link\">Politique de confidentialit\u00e9<\/a><\/li>\n<li id=\"menu-item-4988\" class=\"menu-item menu-item-type-post_type menu-item-object-page menu-item-4988\"><a href=\"https:\/\/boostedhost.com\/affiliate-program\/\" class=\"menu-link\">Programme d&rsquo;affiliation<\/a><\/li>\n<li id=\"menu-item-4987\" class=\"menu-item menu-item-type-post_type menu-item-object-page menu-item-4987\"><a href=\"https:\/\/boostedhost.com\/imprint\/\" class=\"menu-link\">Impression<\/a><\/li>\n<\/ul><\/nav>\t\t\t\t<\/div>\n\t\t\t\t<\/div>\n\t\t\t\t<\/div>\n\t\t<div class=\"elementor-element elementor-element-4d8afb4 e-con-full e-flex wpr-particle-no wpr-jarallax-no wpr-parallax-no wpr-sticky-section-no e-con e-child\" data-id=\"4d8afb4\" data-element_type=\"container\">\n\t\t\t\t<div class=\"elementor-element elementor-element-8f81186 elementor-widget elementor-widget-heading\" data-id=\"8f81186\" data-element_type=\"widget\" data-widget_type=\"heading.default\">\n\t\t\t\t\t<h5 class=\"elementor-heading-title elementor-size-default\">Conditions g\u00e9n\u00e9rales d'utilisation<\/h5>\t\t\t\t<\/div>\n\t\t\t\t<div class=\"elementor-element elementor-element-f5665ba elementor-widget elementor-widget-text-editor\" data-id=\"f5665ba\" data-element_type=\"widget\" data-widget_type=\"text-editor.default\">\n\t\t\t\t\t\t\t\t\tLes conditions d&rsquo;utilisation de BoostedHost ont \u00e9t\u00e9 modifi\u00e9es pour la derni\u00e8re fois le 30 novembre 2019.\n<br><br>Les Conditions de service suivantes, ainsi que toutes les conditions et politiques suppl\u00e9mentaires (collectivement \"ToS\", \"Conditions\", \"Accord\"), constituent l&rsquo;int\u00e9gralit\u00e9 de l&rsquo;accord juridique entre vous et BoostedHost en ce qui concerne votre utilisation de notre site Web<a href=\"https:\/\/www.boostedhost.com\">(https:\/\/www.boostedhost.com,<\/a> tous ses sous-domaines, domaines de premier niveau suppl\u00e9mentaires, et applications mobiles) et tous les produits, services et informations fournis par BoostedHost (\"nous\", \"notre\", \"nos\").\n<br><br>Avant d&rsquo;acheter un service aupr\u00e8s de nous, vous devez vous assurer et d\u00e9clarer que vous avez lu, compris et accept\u00e9 nos conditions de service (conditions d&rsquo;utilisation) en cochant la case correspondante.\n<br><br>La liste suivante contient nos conditions et politiques additionnelles, jointes et consid\u00e9r\u00e9es collectivement avec les pr\u00e9sentes conditions g\u00e9n\u00e9rales de service :\t\t\t\t\t\t\t\t<\/div>\n\t\t\t\t<div class=\"elementor-element elementor-element-de1ecdb unorder-list-margin0 elementor-widget elementor-widget-text-editor\" data-id=\"de1ecdb\" data-element_type=\"widget\" data-widget_type=\"text-editor.default\">\n\t\t\t\t\t\t\t\t\t<ul><li>Accord de service<\/li><li>Conditions d&rsquo;utilisation du site web<\/li><li>Accord d&rsquo;utilisation des ressources<\/li><li>Services de tiers<\/li><li>Services suppl\u00e9mentaires Conditions d&rsquo;utilisation<\/li><li>Conditions d&rsquo;enregistrement d&rsquo;un domaine<\/li><li>Droits d&rsquo;auteur et conditions DMCA<\/li><li>Annulations et remboursements<\/li><li>Promotions<\/li><li>Politique en mati\u00e8re de cookies<\/li><li>Politique de confidentialit\u00e9<\/li><\/ul>\t\t\t\t\t\t\t\t<\/div>\n\t\t\t\t<div class=\"elementor-element elementor-element-0387774 elementor-widget elementor-widget-text-editor\" data-id=\"0387774\" data-element_type=\"widget\" data-widget_type=\"text-editor.default\">\n\t\t\t\t\t\t\t\t\tLe pr\u00e9sent accord annule et remplace tout autre accord relatif \u00e0 l&rsquo;objet du pr\u00e9sent accord. Tous ces autres accords n&rsquo;auront plus aucune force ni aucun effet. \t\t\t\t\t\t\t\t<\/div>\n\t\t\t\t<div class=\"elementor-element elementor-element-005ad8b elementor-widget-divider--view-line elementor-widget elementor-widget-divider\" data-id=\"005ad8b\" data-element_type=\"widget\" data-widget_type=\"divider.default\">\n\t\t\t\t\t\t\t<div class=\"elementor-divider\">\n\t\t\t<span class=\"elementor-divider-separator\">\n\t\t\t\t\t\t<\/span>\n\t\t<\/div>\n\t\t\t\t\t\t<\/div>\n\t\t\t\t<div class=\"elementor-element elementor-element-2260581 elementor-widget elementor-widget-heading\" data-id=\"2260581\" data-element_type=\"widget\" data-widget_type=\"heading.default\">\n\t\t\t\t\t<h5 class=\"elementor-heading-title elementor-size-default\">Clients interdits (pays, r\u00e9gions, entit\u00e9s et personnes)<\/h5>\t\t\t\t<\/div>\n\t\t\t\t<div class=\"elementor-element elementor-element-2fb119b elementor-widget elementor-widget-text-editor\" data-id=\"2fb119b\" data-element_type=\"widget\" data-widget_type=\"text-editor.default\">\n\t\t\t\t\t\t\t\t\tLes achats de services, la cr\u00e9ation de comptes clients, les services d&rsquo;assistance, les services d&rsquo;affiliation et les services de chat ne sont pas fournis aux clients interdits. Ces clients sont d\u00e9finis comme des entit\u00e9s li\u00e9es \u00e0 certains pays, r\u00e9gions ou individus interdits par certains gouvernements et leurs sanctions commerciales, l\u00e9gales ou \u00e9conomiques. <br><br>Sauf autorisation \u00e9crite explicite, BoostedHost n&rsquo;enregistre pas et interdit l&rsquo;utilisation de ses services en relation avec tout nom de domaine de premier niveau de code de pays (\"ccTLD\") pour tout pays\/r\u00e9gion sanctionn\u00e9.\t\t\t\t\t\t\t\t<\/div>\n\t\t\t\t<div class=\"elementor-element elementor-element-7cc7571 elementor-widget-divider--view-line elementor-widget elementor-widget-divider\" data-id=\"7cc7571\" data-element_type=\"widget\" data-widget_type=\"divider.default\">\n\t\t\t\t\t\t\t<div class=\"elementor-divider\">\n\t\t\t<span class=\"elementor-divider-separator\">\n\t\t\t\t\t\t<\/span>\n\t\t<\/div>\n\t\t\t\t\t\t<\/div>\n\t\t\t\t<div class=\"elementor-element elementor-element-dd7f67a elementor-widget elementor-widget-heading\" data-id=\"dd7f67a\" data-element_type=\"widget\" data-widget_type=\"heading.default\">\n\t\t\t\t\t<h5 class=\"elementor-heading-title elementor-size-default\">Non-respect de nos conditions g\u00e9n\u00e9rales ou de nos politiques<\/h5>\t\t\t\t<\/div>\n\t\t\t\t<div class=\"elementor-element elementor-element-729e962 elementor-widget elementor-widget-text-editor\" data-id=\"729e962\" data-element_type=\"widget\" data-widget_type=\"text-editor.default\">\n\t\t\t\t\t\t\t\t\t<p>En cas de violation de l&rsquo;un des termes, conditions ou politiques mentionn\u00e9s dans ce document, BoostedHost se r\u00e9serve le droit de suspendre temporairement ou d\u00e9finitivement le compte d&rsquo;h\u00e9bergement Web du client ou l&rsquo;acc\u00e8s \u00e0 l&rsquo;espace client. De plus, si une telle violation est d\u00e9tect\u00e9e, BoostedHost se r\u00e9serve le droit de supprimer d\u00e9finitivement tout compte d&rsquo;h\u00e9bergement Web combin\u00e9 avec ou sans suspension de l&rsquo;acc\u00e8s \u00e0 l&rsquo;espace client du client. <br><br>Dans le cas o\u00f9 un contenu interdit est h\u00e9berg\u00e9 sur l&rsquo;un des sites du r\u00e9seau mondial de BoostedHost, nous nous r\u00e9servons le droit de suspendre l&rsquo;acc\u00e8s, de suspendre et de supprimer d\u00e9finitivement le contenu sans aucun pr\u00e9avis.<\/p>\t\t\t\t\t\t\t\t<\/div>\n\t\t\t\t<div class=\"elementor-element elementor-element-7bf1935 elementor-widget-divider--view-line elementor-widget elementor-widget-divider\" data-id=\"7bf1935\" data-element_type=\"widget\" data-widget_type=\"divider.default\">\n\t\t\t\t\t\t\t<div class=\"elementor-divider\">\n\t\t\t<span class=\"elementor-divider-separator\">\n\t\t\t\t\t\t<\/span>\n\t\t<\/div>\n\t\t\t\t\t\t<\/div>\n\t\t\t\t<div class=\"elementor-element elementor-element-98882f8 elementor-widget elementor-widget-heading\" data-id=\"98882f8\" data-element_type=\"widget\" data-widget_type=\"heading.default\">\n\t\t\t\t\t<h5 class=\"elementor-heading-title elementor-size-default\">D\u00e9finition des termes figurant dans nos conditions d'utilisation<\/h5>\t\t\t\t<\/div>\n\t\t\t\t<div class=\"elementor-element elementor-element-ab2a8a1 elementor-widget elementor-widget-text-editor\" data-id=\"ab2a8a1\" data-element_type=\"widget\" data-widget_type=\"text-editor.default\">\n\t\t\t\t\t\t\t\t\tLes termes suivants peuvent \u00eatre trouv\u00e9s en lisant nos conditions de service, les accords et politiques suppl\u00e9mentaires et notre site web :\t\t\t\t\t\t\t\t<\/div>\n\t\t\t\t<div class=\"elementor-element elementor-element-877ced1 unorder-list-margin0 elementor-widget elementor-widget-text-editor\" data-id=\"877ced1\" data-element_type=\"widget\" data-widget_type=\"text-editor.default\">\n\t\t\t\t\t\t\t\t\t<ul>\n \t<li>Les termes \"nous\", \"nous\", \"notre\", \"BoostedHost\", \"BoostedHost\" ou \"la Soci\u00e9t\u00e9\" sont utilis\u00e9s \u00e0 la place de BoostedHost &#8211; le propri\u00e9taire de ce site Web et des services qui y sont propos\u00e9s.<\/li>\n \t<li>\"visiteur\" &#8211; une personne ou un robot qui navigue sur notre site web sans \u00eatre enregistr\u00e9 en tant que \"client\" officiel de nos services.<\/li>\n \t<li>\"Membre\", \"client\" &#8211; une personne qui s&rsquo;est inscrite sur notre site web, ou qui utilise notre \"service\".<\/li>\n \t<li>\"Utilisateur\" &#8211; Terme collectif utilis\u00e9 pour d\u00e9crire un visiteur de notre site web ou un membre de nos services.<\/li>\n \t<li>\"Service\" &#8211; fonctionnalit\u00e9, produit d&rsquo;h\u00e9bergement web ou service suppl\u00e9mentaire qui sert l&rsquo;objectif de la technologie d&rsquo;h\u00e9bergement web et d&rsquo;h\u00e9bergement de domaine.<\/li>\n \t<li>\"Contenu\" &#8211; Ce terme peut \u00eatre utilis\u00e9 pour d\u00e9crire une ressource statique telle que, mais sans s&rsquo;y limiter, du texte, des informations, des graphiques, de l&rsquo;audio, de la vid\u00e9o, de l&rsquo;IA, des logiciels et toute forme de donn\u00e9es.<\/li>\n<\/ul>\t\t\t\t\t\t\t\t<\/div>\n\t\t\t\t<\/div>\n\t\t\t\t<\/div>\n\t\t\t\t\t<\/div>\n\t\t\t\t<\/div>\n\t\t\t\t<\/div>\n\t\t","protected":false},"excerpt":{"rendered":"<p>Conditions et accord juridique qui apportent la tranquillit\u00e9 d&rsquo;esprit ! Conditions d&rsquo;utilisation Veuillez lire attentivement toutes les informations importantes, les conditions juridiques et autres renseignements utiles concernant notre service d&rsquo;h\u00e9bergement web rapide, s\u00e9curis\u00e9 et stable ! Conditions g\u00e9n\u00e9rales d&rsquo;utilisation Les conditions d&rsquo;utilisation de BoostedHost ont \u00e9t\u00e9 modifi\u00e9es pour la derni\u00e8re fois le 30 novembre 2019. Les Conditions de service suivantes, ainsi que toutes les conditions et politiques suppl\u00e9mentaires (collectivement \"ToS\", \"Conditions\", \"Accord\"), constituent l&rsquo;int\u00e9gralit\u00e9 de l&rsquo;accord juridique entre vous et BoostedHost en ce qui concerne votre utilisation de notre site Web(https:\/\/www.boostedhost.com, tous ses sous-domaines, domaines de premier niveau suppl\u00e9mentaires, et applications mobiles) et tous les produits, services et informations fournis par BoostedHost (\"nous\", \"notre\", \"nos\"). Avant d&rsquo;acheter un service aupr\u00e8s de nous, vous devez vous assurer et d\u00e9clarer que vous avez lu, compris et accept\u00e9 nos conditions de service (conditions d&rsquo;utilisation) en cochant la case correspondante. La liste suivante contient nos conditions et politiques additionnelles, jointes et consid\u00e9r\u00e9es collectivement avec les pr\u00e9sentes conditions g\u00e9n\u00e9rales de service : Accord de service Conditions d&rsquo;utilisation du site web Accord d&rsquo;utilisation des ressources Services de tiers Services suppl\u00e9mentaires Conditions d&rsquo;utilisation Conditions d&rsquo;enregistrement d&rsquo;un domaine Droits d&rsquo;auteur et conditions DMCA Annulations et remboursements Promotions Politique en mati\u00e8re de cookies Politique de confidentialit\u00e9 Le pr\u00e9sent accord annule et remplace tout autre accord relatif \u00e0 l&rsquo;objet du pr\u00e9sent accord. Tous ces autres accords n&rsquo;auront plus aucune force ni aucun effet. Clients interdits (pays, r\u00e9gions, entit\u00e9s et personnes) Les achats de services, la cr\u00e9ation de comptes clients, les services d&rsquo;assistance, les services d&rsquo;affiliation et les services de chat ne sont pas fournis aux clients interdits. Ces clients sont d\u00e9finis comme des entit\u00e9s li\u00e9es \u00e0 certains pays, r\u00e9gions ou individus interdits par certains gouvernements et leurs sanctions commerciales, l\u00e9gales ou \u00e9conomiques. Sauf autorisation \u00e9crite explicite, BoostedHost n&rsquo;enregistre pas et interdit l&rsquo;utilisation de ses services en relation avec tout nom de domaine de premier niveau de code de pays (\"ccTLD\") pour tout pays\/r\u00e9gion sanctionn\u00e9. Non-respect de nos conditions g\u00e9n\u00e9rales ou de nos politiques En cas de violation de l&rsquo;un des termes, conditions ou politiques mentionn\u00e9s dans ce document, BoostedHost se r\u00e9serve le droit de suspendre temporairement ou d\u00e9finitivement le compte d&rsquo;h\u00e9bergement Web du client ou l&rsquo;acc\u00e8s \u00e0 l&rsquo;espace client. De plus, si une telle violation est d\u00e9tect\u00e9e, BoostedHost se r\u00e9serve le droit de supprimer d\u00e9finitivement tout compte d&rsquo;h\u00e9bergement Web combin\u00e9 avec ou sans suspension de l&rsquo;acc\u00e8s \u00e0 l&rsquo;espace client du client. Dans le cas o\u00f9 un contenu interdit est h\u00e9berg\u00e9 sur l&rsquo;un des sites du r\u00e9seau mondial de BoostedHost, nous nous r\u00e9servons le droit de suspendre l&rsquo;acc\u00e8s, de suspendre et de supprimer d\u00e9finitivement le contenu sans aucun pr\u00e9avis. D\u00e9finition des termes figurant dans nos conditions d&rsquo;utilisation Les termes suivants peuvent \u00eatre trouv\u00e9s en lisant nos conditions de service, les accords et politiques suppl\u00e9mentaires et notre site web : Les termes \"nous\", \"nous\", \"notre\", \"BoostedHost\", \"BoostedHost\" ou \"la Soci\u00e9t\u00e9\" sont utilis\u00e9s \u00e0 la place de BoostedHost &#8211; le propri\u00e9taire de ce site Web et des services qui y sont propos\u00e9s. \"visiteur\" &#8211; une personne ou un robot qui navigue sur notre site web sans \u00eatre enregistr\u00e9 en tant que \"client\" officiel de nos services. \"Membre\", \"client\" &#8211; une personne qui s&rsquo;est inscrite sur notre site web, ou qui utilise notre \"service\". \"Utilisateur\" &#8211; Terme collectif utilis\u00e9 pour d\u00e9crire un visiteur de notre site web ou un membre de nos services. \"Service\" &#8211; fonctionnalit\u00e9, produit d&rsquo;h\u00e9bergement web ou service suppl\u00e9mentaire qui sert l&rsquo;objectif de la technologie d&rsquo;h\u00e9bergement web et d&rsquo;h\u00e9bergement de domaine. \"Contenu\" &#8211; Ce terme peut \u00eatre utilis\u00e9 pour d\u00e9crire une ressource statique telle que, mais sans s&rsquo;y limiter, du texte, des informations, des graphiques, de l&rsquo;audio, de la vid\u00e9o, de l&rsquo;IA, des logiciels et toute forme de donn\u00e9es.<\/p>\n","protected":false},"author":1,"featured_media":0,"parent":0,"menu_order":0,"comment_status":"closed","ping_status":"closed","template":"","meta":{"site-sidebar-layout":"no-sidebar","site-content-layout":"page-builder","ast-site-content-layout":"full-width-container","site-content-style":"default","site-sidebar-style":"default","ast-global-header-display":"","ast-banner-title-visibility":"","ast-main-header-display":"","ast-hfb-above-header-display":"","ast-hfb-below-header-display":"","ast-hfb-mobile-header-display":"","site-post-title":"disabled","ast-breadcrumbs-content":"disabled","ast-featured-img":"disabled","footer-sml-layout":"","theme-transparent-header-meta":"default","adv-header-id-meta":"","stick-header-meta":"","header-above-stick-meta":"","header-main-stick-meta":"","header-below-stick-meta":"","astra-migrate-meta-layouts":"default","ast-page-background-enabled":"default","ast-page-background-meta":{"desktop":{"background-color":"","background-image":"","background-repeat":"repeat","background-position":"center center","background-size":"auto","background-attachment":"scroll","background-type":"","background-media":"","overlay-type":"","overlay-color":"","overlay-opacity":"","overlay-gradient":""},"tablet":{"background-color":"","background-image":"","background-repeat":"repeat","background-position":"center center","background-size":"auto","background-attachment":"scroll","background-type":"","background-media":"","overlay-type":"","overlay-color":"","overlay-opacity":"","overlay-gradient":""},"mobile":{"background-color":"","background-image":"","background-repeat":"repeat","background-position":"center center","background-size":"auto","background-attachment":"scroll","background-type":"","background-media":"","overlay-type":"","overlay-color":"","overlay-opacity":"","overlay-gradient":""}},"ast-content-background-meta":{"desktop":{"background-color":"var(--ast-global-color-5)","background-image":"","background-repeat":"repeat","background-position":"center center","background-size":"auto","background-attachment":"scroll","background-type":"","background-media":"","overlay-type":"","overlay-color":"","overlay-opacity":"","overlay-gradient":""},"tablet":{"background-color":"var(--ast-global-color-5)","background-image":"","background-repeat":"repeat","background-position":"center center","background-size":"auto","background-attachment":"scroll","background-type":"","background-media":"","overlay-type":"","overlay-color":"","overlay-opacity":"","overlay-gradient":""},"mobile":{"background-color":"var(--ast-global-color-5)","background-image":"","background-repeat":"repeat","background-position":"center center","background-size":"auto","background-attachment":"scroll","background-type":"","background-media":"","overlay-type":"","overlay-color":"","overlay-opacity":"","overlay-gradient":""}},"footnotes":""},"class_list":["post-80657","page","type-page","status-publish","hentry"],"_links":{"self":[{"href":"https:\/\/boostedhost.com\/fr\/wp-json\/wp\/v2\/pages\/80657","targetHints":{"allow":["GET"]}}],"collection":[{"href":"https:\/\/boostedhost.com\/fr\/wp-json\/wp\/v2\/pages"}],"about":[{"href":"https:\/\/boostedhost.com\/fr\/wp-json\/wp\/v2\/types\/page"}],"author":[{"embeddable":true,"href":"https:\/\/boostedhost.com\/fr\/wp-json\/wp\/v2\/users\/1"}],"replies":[{"embeddable":true,"href":"https:\/\/boostedhost.com\/fr\/wp-json\/wp\/v2\/comments?post=80657"}],"version-history":[{"count":0,"href":"https:\/\/boostedhost.com\/fr\/wp-json\/wp\/v2\/pages\/80657\/revisions"}],"wp:attachment":[{"href":"https:\/\/boostedhost.com\/fr\/wp-json\/wp\/v2\/media?parent=80657"}],"curies":[{"name":"wp","href":"https:\/\/api.w.org\/{rel}","templated":true}]}}