{"id":80835,"date":"2025-06-03T12:15:30","date_gmt":"2025-06-03T12:15:30","guid":{"rendered":"https:\/\/boostedhost.com\/accord-de-promotion\/"},"modified":"2025-08-11T18:50:17","modified_gmt":"2025-08-11T18:50:17","slug":"accord-de-promotion","status":"publish","type":"page","link":"https:\/\/boostedhost.com\/fr\/accord-de-promotion\/","title":{"rendered":"Accord de promotion"},"content":{"rendered":"\t\t<div data-elementor-type=\"wp-page\" data-elementor-id=\"80835\" class=\"elementor elementor-80835 elementor-4738\" data-elementor-post-type=\"page\">\n\t\t\t\t<div class=\"elementor-element elementor-element-723d13e e-flex e-con-boxed wpr-particle-no wpr-jarallax-no wpr-parallax-no wpr-sticky-section-no e-con e-parent\" data-id=\"723d13e\" data-element_type=\"container\" data-settings=\"{&quot;background_background&quot;:&quot;classic&quot;}\">\n\t\t\t\t\t<div class=\"e-con-inner\">\n\t\t<div class=\"elementor-element elementor-element-ce33b3c e-con-full e-flex wpr-particle-no wpr-jarallax-no wpr-parallax-no wpr-sticky-section-no e-con e-child\" data-id=\"ce33b3c\" data-element_type=\"container\">\n\t\t\t\t<div class=\"elementor-element elementor-element-d43336d elementor-position-left elementor-mobile-position-left dot-icon elementor-view-default elementor-widget elementor-widget-icon-box\" data-id=\"d43336d\" data-element_type=\"widget\" data-widget_type=\"icon-box.default\">\n\t\t\t\t\t\t\t<div class=\"elementor-icon-box-wrapper\">\n\n\t\t\t\t\t\t<div class=\"elementor-icon-box-icon\">\n\t\t\t\t<span  class=\"elementor-icon\">\n\t\t\t\t<svg xmlns=\"http:\/\/www.w3.org\/2000\/svg\" width=\"11\" height=\"10\" viewBox=\"0 0 11 10\" fill=\"none\"><path d=\"M5.5 0C6.82608 0 8.09785 0.526784 9.03553 1.46447C9.97322 2.40215 10.5 3.67392 10.5 5C10.5 6.32608 9.97322 7.59785 9.03553 8.53553C8.09785 9.47322 6.82608 10 5.5 10C4.17392 10 2.90215 9.47322 1.96447 8.53553C1.02678 7.59785 0.5 6.32608 0.5 5C0.5 3.67392 1.02678 2.40215 1.96447 1.46447C2.90215 0.526784 4.17392 0 5.5 0ZM6.24995 3.06978C6.62135 3.06978 6.92276 2.81194 6.92276 2.42983C6.92276 2.04771 6.62063 1.78987 6.24995 1.78987C5.87854 1.78987 5.57857 2.04771 5.57857 2.42983C5.57857 2.81194 5.87854 3.06978 6.24995 3.06978ZM6.38065 7.08878C6.38065 7.01236 6.40708 6.8138 6.39208 6.70095L5.80498 7.37662C5.68356 7.50446 5.53143 7.59303 5.46 7.56946C5.4276 7.55754 5.40051 7.53444 5.38362 7.50432C5.36673 7.47421 5.36114 7.43905 5.36787 7.40518L6.34637 4.31398C6.42636 3.92186 6.20638 3.56403 5.73998 3.51832C5.24788 3.51832 4.52364 4.01757 4.08296 4.6511C4.08296 4.72681 4.06867 4.91536 4.08367 5.02821L4.67006 4.35183C4.79148 4.22541 4.9329 4.13613 5.00432 4.16042C5.03951 4.17305 5.06835 4.19897 5.08464 4.23262C5.10093 4.26627 5.10338 4.30497 5.09146 4.3404L4.12153 7.41661C4.00939 7.77659 4.22152 8.12942 4.73577 8.20941C5.49286 8.20941 5.93997 7.72231 6.38137 7.08878H6.38065Z\" fill=\"#FF6022\"><\/path><\/svg>\t\t\t\t<\/span>\n\t\t\t<\/div>\n\t\t\t\n\t\t\t\t\t\t<div class=\"elementor-icon-box-content\">\n\n\t\t\t\t\n\t\t\t\t\t\t\t\t\t<p class=\"elementor-icon-box-description\">\n\t\t\t\t\t\tConditions et accord juridique qui apportent la tranquillit\u00e9 d'esprit !\t\t\t\t\t<\/p>\n\t\t\t\t\n\t\t\t<\/div>\n\t\t\t\n\t\t<\/div>\n\t\t\t\t\t\t<\/div>\n\t\t\t\t<div class=\"elementor-element elementor-element-6ba60ce elementor-widget elementor-widget-heading\" data-id=\"6ba60ce\" data-element_type=\"widget\" data-widget_type=\"heading.default\">\n\t\t\t\t\t<h1 class=\"elementor-heading-title elementor-size-default\">Conditions d'utilisation<\/h1>\t\t\t\t<\/div>\n\t\t<div class=\"elementor-element elementor-element-ec6bd0a e-con-full e-flex wpr-particle-no wpr-jarallax-no wpr-parallax-no wpr-sticky-section-no e-con e-child\" data-id=\"ec6bd0a\" data-element_type=\"container\">\n\t\t\t\t<div class=\"elementor-element elementor-element-afa1b25 elementor-widget elementor-widget-text-editor\" data-id=\"afa1b25\" data-element_type=\"widget\" data-widget_type=\"text-editor.default\">\n\t\t\t\t\t\t\t\t\tVeuillez lire attentivement toutes les informations importantes, les conditions juridiques et autres renseignements utiles concernant notre service d&rsquo;h\u00e9bergement web rapide, s\u00e9curis\u00e9 et stable !\t\t\t\t\t\t\t\t<\/div>\n\t\t\t\t<\/div>\n\t\t\t\t<\/div>\n\t\t\t\t\t<\/div>\n\t\t\t\t<\/div>\n\t\t<div class=\"elementor-element elementor-element-b2c1093 e-flex e-con-boxed wpr-particle-no wpr-jarallax-no wpr-parallax-no wpr-sticky-section-no e-con e-parent\" data-id=\"b2c1093\" data-element_type=\"container\" data-settings=\"{&quot;background_background&quot;:&quot;classic&quot;}\">\n\t\t\t\t\t<div class=\"e-con-inner\">\n\t\t<div class=\"elementor-element elementor-element-53cd26c e-con-full e-flex wpr-particle-no wpr-jarallax-no wpr-parallax-no wpr-sticky-section-no e-con e-child\" data-id=\"53cd26c\" data-element_type=\"container\">\n\t\t<div class=\"elementor-element elementor-element-6ebc3b1 e-con-full e-flex wpr-particle-no wpr-jarallax-no wpr-parallax-no wpr-sticky-section-no e-con e-child\" data-id=\"6ebc3b1\" data-element_type=\"container\">\n\t\t\t\t<div class=\"elementor-element elementor-element-5a66eac nav-menu-sidebar elementor-widget elementor-widget-wp-widget-nav_menu\" data-id=\"5a66eac\" data-element_type=\"widget\" data-widget_type=\"wp-widget-nav_menu.default\">\n\t\t\t\t<div class=\"elementor-widget-container\">\n\t\t\t\t\t<nav class=\"menu-terms-of-services-container\" aria-label=\"Menu\"><ul id=\"menu-terms-of-services\" class=\"menu\"><li id=\"menu-item-4091\" class=\"menu-item menu-item-type-post_type menu-item-object-page menu-item-4091\"><a href=\"https:\/\/boostedhost.com\/legal\/\" class=\"menu-link\">Mentions l\u00e9gales<\/a><\/li>\n<li id=\"menu-item-4232\" class=\"menu-item menu-item-type-post_type menu-item-object-page menu-item-4232\"><a href=\"https:\/\/boostedhost.com\/service-level-agreement\/\" class=\"menu-link\">Accord de niveau de service<\/a><\/li>\n<li id=\"menu-item-4495\" class=\"menu-item menu-item-type-post_type menu-item-object-page menu-item-4495\"><a href=\"https:\/\/boostedhost.com\/website-terms-of-service\/\" class=\"menu-link\">Conditions d&rsquo;utilisation du site web<\/a><\/li>\n<li id=\"menu-item-4494\" class=\"menu-item menu-item-type-post_type menu-item-object-page menu-item-4494\"><a href=\"https:\/\/boostedhost.com\/resource-usage\/\" class=\"menu-link\">Utilisation des ressources<\/a><\/li>\n<li id=\"menu-item-4630\" class=\"menu-item menu-item-type-post_type menu-item-object-page menu-item-4630\"><a href=\"https:\/\/boostedhost.com\/third-party-services\/\" class=\"menu-link\">Services de tiers<\/a><\/li>\n<li id=\"menu-item-4629\" class=\"menu-item menu-item-type-post_type menu-item-object-page menu-item-4629\"><a href=\"https:\/\/boostedhost.com\/domain-names-agreement\/\" class=\"menu-link\">Accord sur les noms de domaine<\/a><\/li>\n<li id=\"menu-item-4673\" class=\"menu-item menu-item-type-post_type menu-item-object-page menu-item-4673\"><a href=\"https:\/\/boostedhost.com\/copyright-and-dmca\/\" class=\"menu-link\">Droits d&rsquo;auteur et DMCA<\/a><\/li>\n<li id=\"menu-item-4992\" class=\"menu-item menu-item-type-post_type menu-item-object-page menu-item-4992\"><a href=\"https:\/\/boostedhost.com\/cancellations-and-refunds\/\" class=\"menu-link\">Annulations et remboursements<\/a><\/li>\n<li id=\"menu-item-4991\" class=\"menu-item menu-item-type-post_type menu-item-object-page menu-item-4991\"><a href=\"https:\/\/boostedhost.com\/promotions-agreement\/\" class=\"menu-link\">Accord de promotion<\/a><\/li>\n<li id=\"menu-item-4990\" class=\"menu-item menu-item-type-post_type menu-item-object-page menu-item-4990\"><a href=\"https:\/\/boostedhost.com\/cookies-policy\/\" class=\"menu-link\">Politique en mati\u00e8re de cookies<\/a><\/li>\n<li id=\"menu-item-4989\" class=\"menu-item menu-item-type-post_type menu-item-object-page menu-item-4989\"><a href=\"https:\/\/boostedhost.com\/privacy-policy\/\" class=\"menu-link\">Politique de confidentialit\u00e9<\/a><\/li>\n<li id=\"menu-item-4988\" class=\"menu-item menu-item-type-post_type menu-item-object-page menu-item-4988\"><a href=\"https:\/\/boostedhost.com\/affiliate-program\/\" class=\"menu-link\">Programme d&rsquo;affiliation<\/a><\/li>\n<li id=\"menu-item-4987\" class=\"menu-item menu-item-type-post_type menu-item-object-page menu-item-4987\"><a href=\"https:\/\/boostedhost.com\/imprint\/\" class=\"menu-link\">Impression<\/a><\/li>\n<\/ul><\/nav>\t\t\t\t<\/div>\n\t\t\t\t<\/div>\n\t\t\t\t<\/div>\n\t\t<div class=\"elementor-element elementor-element-f8be319 e-con-full e-flex wpr-particle-no wpr-jarallax-no wpr-parallax-no wpr-sticky-section-no e-con e-child\" data-id=\"f8be319\" data-element_type=\"container\">\n\t\t\t\t<div class=\"elementor-element elementor-element-e8b99e9 elementor-widget elementor-widget-heading\" data-id=\"e8b99e9\" data-element_type=\"widget\" data-widget_type=\"heading.default\">\n\t\t\t\t\t<h3 class=\"elementor-heading-title elementor-size-default\">Promotions<\/h3>\t\t\t\t<\/div>\n\t\t\t\t<div class=\"elementor-element elementor-element-8c6eb73 elementor-widget elementor-widget-text-editor\" data-id=\"8c6eb73\" data-element_type=\"widget\" data-widget_type=\"text-editor.default\">\n\t\t\t\t\t\t\t\t\tDans ce document, nos clients trouveront les Termes et Conditions de toutes nos promotions. En s&rsquo;inscrivant \u00e0 un service ou \u00e0 un produit promotionnel, les clients acceptent les conditions g\u00e9n\u00e9rales d\u00e9crites dans ce document, les conditions g\u00e9n\u00e9rales de BoostedHost et tous les documents suppl\u00e9mentaires li\u00e9s \u00e0 nos services et sp\u00e9cifiquement d\u00e9crits dans nos pages de conditions de service. \t\t\t\t\t\t\t\t<\/div>\n\t\t\t\t<div class=\"elementor-element elementor-element-428a3ec elementor-widget-divider--view-line elementor-widget elementor-widget-divider\" data-id=\"428a3ec\" data-element_type=\"widget\" data-widget_type=\"divider.default\">\n\t\t\t\t\t\t\t<div class=\"elementor-divider\">\n\t\t\t<span class=\"elementor-divider-separator\">\n\t\t\t\t\t\t<\/span>\n\t\t<\/div>\n\t\t\t\t\t\t<\/div>\n\t\t\t\t<div class=\"elementor-element elementor-element-7c24838 elementor-widget elementor-widget-heading\" data-id=\"7c24838\" data-element_type=\"widget\" data-widget_type=\"heading.default\">\n\t\t\t\t\t<h5 class=\"elementor-heading-title elementor-size-default\">Enregistrement\/transfert gratuit du nom de domaine<\/h5>\t\t\t\t<\/div>\n\t\t\t\t<div class=\"elementor-element elementor-element-b9e6321 elementor-widget elementor-widget-text-editor\" data-id=\"b9e6321\" data-element_type=\"widget\" data-widget_type=\"text-editor.default\">\n\t\t\t\t\t\t\t\t\tLa promotion d&rsquo;enregistrement\/transfert gratuit de nom de domaine peut \u00eatre fournie dans le cadre des produits offerts sur le site <a href=\"https:\/\/www.BoostedHost.com\" rel=\"nofollow noopener\">https:\/\/www.BoostedHost.com<\/a>. Les conditions d&rsquo;enregistrement\/transfert gratuit d&rsquo;un nom de domaine vers BoostedHost sont les suivantes. Le client accepte que l&rsquo;enregistrement\/le transfert gratuit d&rsquo;un nom de domaine n&rsquo;est valable que pour les extensions de nom de domaine gratuites (\"domaines de premier niveau\") sp\u00e9cifiquement d\u00e9crites dans notre portail de noms de domaine. Au moment o\u00f9 ce document a \u00e9t\u00e9 r\u00e9dig\u00e9, les extensions de nom de domaine suivantes sont \u00e9ligibles \u00e0 la promotion d&rsquo;enregistrement\/transfert de domaine gratuit :   \t\t\t\t\t\t\t\t<\/div>\n\t\t\t\t<div class=\"elementor-element elementor-element-3b66b0b unorder-list-margin0 elementor-widget elementor-widget-text-editor\" data-id=\"3b66b0b\" data-element_type=\"widget\" data-widget_type=\"text-editor.default\">\n\t\t\t\t\t\t\t\t\t<ul>\n \t<li>.com<\/li>\n \t<li>.net<\/li>\n \t<li>.de<\/li>\n \t<li>.eu<\/li>\n \t<li>.lien<\/li>\n \t<li>.ru<\/li>\n \t<li>.fr<\/li>\n \t<li>.uk<\/li>\n \t<li>.cn<\/li>\n \t<li>.top<\/li>\n \t<li>.us<\/li>\n \t<li>.travail<\/li>\n \t<li>.nom<\/li>\n \t<li>.cliquer<\/li>\n<\/ul>\t\t\t\t\t\t\t\t<\/div>\n\t\t\t\t<div class=\"elementor-element elementor-element-04bae2f elementor-widget elementor-widget-text-editor\" data-id=\"04bae2f\" data-element_type=\"widget\" data-widget_type=\"text-editor.default\">\n\t\t\t\t\t\t\t\t\tSi l&rsquo;extension de nom de domaine souhait\u00e9e n&rsquo;est pas disponible sur notre portail de domaine, le client doit v\u00e9rifier aupr\u00e8s de notre \u00e9quipe de vente via Live Chat ou aupr\u00e8s de notre d\u00e9partement de facturation en soumettant un ticket de support si l&rsquo;extension souhait\u00e9e est support\u00e9e en tant qu&rsquo;extension de nom de domaine gratuite. Le client accepte que BoostedHost puisse fournir un enregistrement de nom de domaine gratuit pour une partie ou la totalit\u00e9 des services d&rsquo;h\u00e9bergement Web offerts dans les conditions suivantes : \t\t\t\t\t\t\t\t<\/div>\n\t\t\t\t<div class=\"elementor-element elementor-element-3e15248 unorder-list-margin0 elementor-widget elementor-widget-text-editor\" data-id=\"3e15248\" data-element_type=\"widget\" data-widget_type=\"text-editor.default\">\n\t\t\t\t\t\t\t\t\t<ul>\n \t<li>Un enregistrement\/transfert de nom de domaine gratuit est disponible pour les packs d&rsquo;h\u00e9bergement web partag\u00e9 achet\u00e9s pour au moins 1 an (12 mois).<\/li>\n \t<li>Un enregistrement\/transfert de nom de domaine gratuit est disponible pour les packs VPS et Serveur D\u00e9di\u00e9 pour une p\u00e9riode d&rsquo;achat d&rsquo;au moins 3 mois.<\/li>\n \t<li>Un nom de domaine gratuit peut \u00eatre enregistr\u00e9\/transf\u00e9r\u00e9 uniquement dans les 7 premiers jours du cycle de facturation pr\u00e9pay\u00e9. Pass\u00e9 ce d\u00e9lai, le client doit v\u00e9rifier aupr\u00e8s de nos services de vente et d&rsquo;assistance si la promotion peut \u00eatre explicitement accord\u00e9e. \n<\/li>\n<\/ul>\t\t\t\t\t\t\t\t<\/div>\n\t\t\t\t<div class=\"elementor-element elementor-element-ea0579b elementor-widget elementor-widget-text-editor\" data-id=\"ea0579b\" data-element_type=\"widget\" data-widget_type=\"text-editor.default\">\n\t\t\t\t\t\t\t\t\tLe client accepte que la promotion d&rsquo;enregistrement\/transfert de domaine gratuit est valable uniquement pour la premi\u00e8re p\u00e9riode d&rsquo;enregistrement\/transfert d&rsquo;un domaine avec BoostedHost. Si la promotion n&rsquo;est pas annonc\u00e9e\/existante au moment o\u00f9 un nom de domaine doit \u00eatre renouvel\u00e9, BoostedHost ne renouvellera pas le nom de domaine gratuitement et des frais de renouvellement seront pr\u00e9sent\u00e9s au client. Le client accepte et reconna\u00eet qu&rsquo;en cas d&rsquo;annulation d&rsquo;un service pour lequel une promotion d&rsquo;enregistrement\/transfert de nom de domaine gratuit est utilis\u00e9e, des frais d&rsquo;enregistrement seront retenus sur le montant remboursable. Les frais d&rsquo;enregistrement pour la plupart des extensions de noms de domaine sont de 13,95 USD, mais seulement pour .co.uk et .org.uk, les frais sont de 19,95 USD. Les frais d&rsquo;enregistrement peuvent varier en fonction des prix indiqu\u00e9s par notre bureau d&rsquo;enregistrement. Une fois les frais retenus et l&rsquo;annulation du service effectu\u00e9e, le client devient le seul propri\u00e9taire du nom de domaine pour la p\u00e9riode restante jusqu&rsquo;\u00e0 l&rsquo;expiration du domaine. Le domaine peut alors \u00eatre :\t\t\t\t\t\t\t\t<\/div>\n\t\t\t\t<div class=\"elementor-element elementor-element-336b1ec unorder-list-margin0 elementor-widget elementor-widget-text-editor\" data-id=\"336b1ec\" data-element_type=\"widget\" data-widget_type=\"text-editor.default\">\n\t\t\t\t\t\t\t\t\t<ul>\n \t<li>Renouvel\u00e9 avec nous, ne laissant que le domaine comme produit\/service actif.<\/li>\n \t<li>Transf\u00e9r\u00e9 \u00e0 un autre bureau d&rsquo;enregistrement de noms de domaine.<\/li>\n \t<li>Laiss\u00e9 \u00e0 l&rsquo;abandon au cas o\u00f9 le client n&rsquo;en aurait pas besoin.<\/li>\n<\/ul>\t\t\t\t\t\t\t\t<\/div>\n\t\t\t\t<div class=\"elementor-element elementor-element-b1c8605 elementor-widget elementor-widget-text-editor\" data-id=\"b1c8605\" data-element_type=\"widget\" data-widget_type=\"text-editor.default\">\n\t\t\t\t\t\t\t\t\tLorsqu&rsquo;un nom de domaine gratuit est enregistr\u00e9, il est g\u00e9n\u00e9ralement rattach\u00e9 \u00e0 un pack d&rsquo;h\u00e9bergement Web en tant que domaine principal. Le nom de domaine ne peut \u00eatre utilis\u00e9 \u00e0 d&rsquo;autres fins en relation avec BoostedHost et ne peut exister en tant que nom de domaine gratuit sans un pack d&rsquo;h\u00e9bergement Web correspondant. BoostedHost se r\u00e9serve le droit de mettre fin \u00e0 la promotion d&rsquo;enregistrement\/transfert de domaine gratuit \u00e0 tout moment et sans pr\u00e9avis pour les clients. Lorsque et si la promotion est termin\u00e9e, tous les noms de domaine tombant sous les r\u00e8gles de la promotion deviendront des noms de domaine r\u00e9guliers qui sont factur\u00e9s \u00e0 un taux fixe. Le client accepte qu&rsquo;un nom de domaine, qu&rsquo;il soit gratuit ou r\u00e9gulier, ne peut \u00eatre annul\u00e9 qu&rsquo;en d\u00e9sactivant le renouvellement du nom de domaine via les options fournies dans le tableau de bord du client, ou en soumettant un ticket \u00e0 notre d\u00e9partement de facturation demandant l&rsquo;annulation du domaine, ce qui d\u00e9clenchera la m\u00eame proc\u00e9dure. Un nom de domaine enregistr\u00e9 gratuitement dans le cadre de notre promotion d&rsquo;enregistrement\/transfert de domaine gratuit ne sera pas renouvel\u00e9 gratuitement. BoostedHost se r\u00e9serve le droit de modifier, mettre \u00e0 jour ou supprimer toute condition promotionnelle mentionn\u00e9e ci-dessus.      \t\t\t\t\t\t\t\t<\/div>\n\t\t\t\t<\/div>\n\t\t\t\t<\/div>\n\t\t\t\t\t<\/div>\n\t\t\t\t<\/div>\n\t\t\t\t<\/div>\n\t\t","protected":false},"excerpt":{"rendered":"<p>Conditions et accord juridique qui apportent la tranquillit\u00e9 d&rsquo;esprit ! Conditions d&rsquo;utilisation Veuillez lire attentivement toutes les informations importantes, les conditions juridiques et autres renseignements utiles concernant notre service d&rsquo;h\u00e9bergement web rapide, s\u00e9curis\u00e9 et stable ! Promotions Dans ce document, nos clients trouveront les Termes et Conditions de toutes nos promotions. En s&rsquo;inscrivant \u00e0 un service ou \u00e0 un produit promotionnel, les clients acceptent les conditions g\u00e9n\u00e9rales d\u00e9crites dans ce document, les conditions g\u00e9n\u00e9rales de BoostedHost et tous les documents suppl\u00e9mentaires li\u00e9s \u00e0 nos services et sp\u00e9cifiquement d\u00e9crits dans nos pages de conditions de service. Enregistrement\/transfert gratuit du nom de domaine La promotion d&rsquo;enregistrement\/transfert gratuit de nom de domaine peut \u00eatre fournie dans le cadre des produits offerts sur le site https:\/\/www.BoostedHost.com. Les conditions d&rsquo;enregistrement\/transfert gratuit d&rsquo;un nom de domaine vers BoostedHost sont les suivantes. Le client accepte que l&rsquo;enregistrement\/le transfert gratuit d&rsquo;un nom de domaine n&rsquo;est valable que pour les extensions de nom de domaine gratuites (\"domaines de premier niveau\") sp\u00e9cifiquement d\u00e9crites dans notre portail de noms de domaine. Au moment o\u00f9 ce document a \u00e9t\u00e9 r\u00e9dig\u00e9, les extensions de nom de domaine suivantes sont \u00e9ligibles \u00e0 la promotion d&rsquo;enregistrement\/transfert de domaine gratuit : .com .net .de .eu .lien .ru .fr .uk .cn .top .us .travail .nom .cliquer Si l&rsquo;extension de nom de domaine souhait\u00e9e n&rsquo;est pas disponible sur notre portail de domaine, le client doit v\u00e9rifier aupr\u00e8s de notre \u00e9quipe de vente via Live Chat ou aupr\u00e8s de notre d\u00e9partement de facturation en soumettant un ticket de support si l&rsquo;extension souhait\u00e9e est support\u00e9e en tant qu&rsquo;extension de nom de domaine gratuite. Le client accepte que BoostedHost puisse fournir un enregistrement de nom de domaine gratuit pour une partie ou la totalit\u00e9 des services d&rsquo;h\u00e9bergement Web offerts dans les conditions suivantes : Un enregistrement\/transfert de nom de domaine gratuit est disponible pour les packs d&rsquo;h\u00e9bergement web partag\u00e9 achet\u00e9s pour au moins 1 an (12 mois). Un enregistrement\/transfert de nom de domaine gratuit est disponible pour les packs VPS et Serveur D\u00e9di\u00e9 pour une p\u00e9riode d&rsquo;achat d&rsquo;au moins 3 mois. Un nom de domaine gratuit peut \u00eatre enregistr\u00e9\/transf\u00e9r\u00e9 uniquement dans les 7 premiers jours du cycle de facturation pr\u00e9pay\u00e9. Pass\u00e9 ce d\u00e9lai, le client doit v\u00e9rifier aupr\u00e8s de nos services de vente et d&rsquo;assistance si la promotion peut \u00eatre explicitement accord\u00e9e. Le client accepte que la promotion d&rsquo;enregistrement\/transfert de domaine gratuit est valable uniquement pour la premi\u00e8re p\u00e9riode d&rsquo;enregistrement\/transfert d&rsquo;un domaine avec BoostedHost. Si la promotion n&rsquo;est pas annonc\u00e9e\/existante au moment o\u00f9 un nom de domaine doit \u00eatre renouvel\u00e9, BoostedHost ne renouvellera pas le nom de domaine gratuitement et des frais de renouvellement seront pr\u00e9sent\u00e9s au client. Le client accepte et reconna\u00eet qu&rsquo;en cas d&rsquo;annulation d&rsquo;un service pour lequel une promotion d&rsquo;enregistrement\/transfert de nom de domaine gratuit est utilis\u00e9e, des frais d&rsquo;enregistrement seront retenus sur le montant remboursable. Les frais d&rsquo;enregistrement pour la plupart des extensions de noms de domaine sont de 13,95 USD, mais seulement pour .co.uk et .org.uk, les frais sont de 19,95 USD. Les frais d&rsquo;enregistrement peuvent varier en fonction des prix indiqu\u00e9s par notre bureau d&rsquo;enregistrement. Une fois les frais retenus et l&rsquo;annulation du service effectu\u00e9e, le client devient le seul propri\u00e9taire du nom de domaine pour la p\u00e9riode restante jusqu&rsquo;\u00e0 l&rsquo;expiration du domaine. Le domaine peut alors \u00eatre : Renouvel\u00e9 avec nous, ne laissant que le domaine comme produit\/service actif. Transf\u00e9r\u00e9 \u00e0 un autre bureau d&rsquo;enregistrement de noms de domaine. Laiss\u00e9 \u00e0 l&rsquo;abandon au cas o\u00f9 le client n&rsquo;en aurait pas besoin. Lorsqu&rsquo;un nom de domaine gratuit est enregistr\u00e9, il est g\u00e9n\u00e9ralement rattach\u00e9 \u00e0 un pack d&rsquo;h\u00e9bergement Web en tant que domaine principal. Le nom de domaine ne peut \u00eatre utilis\u00e9 \u00e0 d&rsquo;autres fins en relation avec BoostedHost et ne peut exister en tant que nom de domaine gratuit sans un pack d&rsquo;h\u00e9bergement Web correspondant. BoostedHost se r\u00e9serve le droit de mettre fin \u00e0 la promotion d&rsquo;enregistrement\/transfert de domaine gratuit \u00e0 tout moment et sans pr\u00e9avis pour les clients. Lorsque et si la promotion est termin\u00e9e, tous les noms de domaine tombant sous les r\u00e8gles de la promotion deviendront des noms de domaine r\u00e9guliers qui sont factur\u00e9s \u00e0 un taux fixe. Le client accepte qu&rsquo;un nom de domaine, qu&rsquo;il soit gratuit ou r\u00e9gulier, ne peut \u00eatre annul\u00e9 qu&rsquo;en d\u00e9sactivant le renouvellement du nom de domaine via les options fournies dans le tableau de bord du client, ou en soumettant un ticket \u00e0 notre d\u00e9partement de facturation demandant l&rsquo;annulation du domaine, ce qui d\u00e9clenchera la m\u00eame proc\u00e9dure. Un nom de domaine enregistr\u00e9 gratuitement dans le cadre de notre promotion d&rsquo;enregistrement\/transfert de domaine gratuit ne sera pas renouvel\u00e9 gratuitement. BoostedHost se r\u00e9serve le droit de modifier, mettre \u00e0 jour ou supprimer toute condition promotionnelle mentionn\u00e9e ci-dessus.<\/p>\n","protected":false},"author":1,"featured_media":0,"parent":0,"menu_order":0,"comment_status":"closed","ping_status":"closed","template":"","meta":{"site-sidebar-layout":"no-sidebar","site-content-layout":"page-builder","ast-site-content-layout":"full-width-container","site-content-style":"default","site-sidebar-style":"default","ast-global-header-display":"","ast-banner-title-visibility":"","ast-main-header-display":"","ast-hfb-above-header-display":"","ast-hfb-below-header-display":"","ast-hfb-mobile-header-display":"","site-post-title":"disabled","ast-breadcrumbs-content":"disabled","ast-featured-img":"disabled","footer-sml-layout":"","theme-transparent-header-meta":"default","adv-header-id-meta":"","stick-header-meta":"","header-above-stick-meta":"","header-main-stick-meta":"","header-below-stick-meta":"","astra-migrate-meta-layouts":"default","ast-page-background-enabled":"default","ast-page-background-meta":{"desktop":{"background-color":"","background-image":"","background-repeat":"repeat","background-position":"center center","background-size":"auto","background-attachment":"scroll","background-type":"","background-media":"","overlay-type":"","overlay-color":"","overlay-opacity":"","overlay-gradient":""},"tablet":{"background-color":"","background-image":"","background-repeat":"repeat","background-position":"center center","background-size":"auto","background-attachment":"scroll","background-type":"","background-media":"","overlay-type":"","overlay-color":"","overlay-opacity":"","overlay-gradient":""},"mobile":{"background-color":"","background-image":"","background-repeat":"repeat","background-position":"center center","background-size":"auto","background-attachment":"scroll","background-type":"","background-media":"","overlay-type":"","overlay-color":"","overlay-opacity":"","overlay-gradient":""}},"ast-content-background-meta":{"desktop":{"background-color":"var(--ast-global-color-5)","background-image":"","background-repeat":"repeat","background-position":"center center","background-size":"auto","background-attachment":"scroll","background-type":"","background-media":"","overlay-type":"","overlay-color":"","overlay-opacity":"","overlay-gradient":""},"tablet":{"background-color":"var(--ast-global-color-5)","background-image":"","background-repeat":"repeat","background-position":"center center","background-size":"auto","background-attachment":"scroll","background-type":"","background-media":"","overlay-type":"","overlay-color":"","overlay-opacity":"","overlay-gradient":""},"mobile":{"background-color":"var(--ast-global-color-5)","background-image":"","background-repeat":"repeat","background-position":"center center","background-size":"auto","background-attachment":"scroll","background-type":"","background-media":"","overlay-type":"","overlay-color":"","overlay-opacity":"","overlay-gradient":""}},"footnotes":""},"class_list":["post-80835","page","type-page","status-publish","hentry"],"_links":{"self":[{"href":"https:\/\/boostedhost.com\/fr\/wp-json\/wp\/v2\/pages\/80835","targetHints":{"allow":["GET"]}}],"collection":[{"href":"https:\/\/boostedhost.com\/fr\/wp-json\/wp\/v2\/pages"}],"about":[{"href":"https:\/\/boostedhost.com\/fr\/wp-json\/wp\/v2\/types\/page"}],"author":[{"embeddable":true,"href":"https:\/\/boostedhost.com\/fr\/wp-json\/wp\/v2\/users\/1"}],"replies":[{"embeddable":true,"href":"https:\/\/boostedhost.com\/fr\/wp-json\/wp\/v2\/comments?post=80835"}],"version-history":[{"count":0,"href":"https:\/\/boostedhost.com\/fr\/wp-json\/wp\/v2\/pages\/80835\/revisions"}],"wp:attachment":[{"href":"https:\/\/boostedhost.com\/fr\/wp-json\/wp\/v2\/media?parent=80835"}],"curies":[{"name":"wp","href":"https:\/\/api.w.org\/{rel}","templated":true}]}}