{"id":81071,"date":"2025-06-03T10:33:48","date_gmt":"2025-06-03T10:33:48","guid":{"rendered":"https:\/\/boostedhost.com\/services-de-tiers\/"},"modified":"2025-08-11T18:51:26","modified_gmt":"2025-08-11T18:51:26","slug":"services-de-tiers","status":"publish","type":"page","link":"https:\/\/boostedhost.com\/fr\/services-de-tiers\/","title":{"rendered":"Services de tiers"},"content":{"rendered":"\t\t<div data-elementor-type=\"wp-page\" data-elementor-id=\"81071\" class=\"elementor elementor-81071 elementor-4518\" data-elementor-post-type=\"page\">\n\t\t\t\t<div class=\"elementor-element elementor-element-2d656f0 e-flex e-con-boxed wpr-particle-no wpr-jarallax-no wpr-parallax-no wpr-sticky-section-no e-con e-parent\" data-id=\"2d656f0\" data-element_type=\"container\" data-settings=\"{&quot;background_background&quot;:&quot;classic&quot;}\">\n\t\t\t\t\t<div class=\"e-con-inner\">\n\t\t<div class=\"elementor-element elementor-element-8fa7e8f e-con-full e-flex wpr-particle-no wpr-jarallax-no wpr-parallax-no wpr-sticky-section-no e-con e-child\" data-id=\"8fa7e8f\" data-element_type=\"container\">\n\t\t\t\t<div class=\"elementor-element elementor-element-72029fa elementor-position-left elementor-mobile-position-left dot-icon elementor-view-default elementor-widget elementor-widget-icon-box\" data-id=\"72029fa\" data-element_type=\"widget\" data-widget_type=\"icon-box.default\">\n\t\t\t\t\t\t\t<div class=\"elementor-icon-box-wrapper\">\n\n\t\t\t\t\t\t<div class=\"elementor-icon-box-icon\">\n\t\t\t\t<span  class=\"elementor-icon\">\n\t\t\t\t<svg xmlns=\"http:\/\/www.w3.org\/2000\/svg\" width=\"11\" height=\"10\" viewBox=\"0 0 11 10\" fill=\"none\"><path d=\"M5.5 0C6.82608 0 8.09785 0.526784 9.03553 1.46447C9.97322 2.40215 10.5 3.67392 10.5 5C10.5 6.32608 9.97322 7.59785 9.03553 8.53553C8.09785 9.47322 6.82608 10 5.5 10C4.17392 10 2.90215 9.47322 1.96447 8.53553C1.02678 7.59785 0.5 6.32608 0.5 5C0.5 3.67392 1.02678 2.40215 1.96447 1.46447C2.90215 0.526784 4.17392 0 5.5 0ZM6.24995 3.06978C6.62135 3.06978 6.92276 2.81194 6.92276 2.42983C6.92276 2.04771 6.62063 1.78987 6.24995 1.78987C5.87854 1.78987 5.57857 2.04771 5.57857 2.42983C5.57857 2.81194 5.87854 3.06978 6.24995 3.06978ZM6.38065 7.08878C6.38065 7.01236 6.40708 6.8138 6.39208 6.70095L5.80498 7.37662C5.68356 7.50446 5.53143 7.59303 5.46 7.56946C5.4276 7.55754 5.40051 7.53444 5.38362 7.50432C5.36673 7.47421 5.36114 7.43905 5.36787 7.40518L6.34637 4.31398C6.42636 3.92186 6.20638 3.56403 5.73998 3.51832C5.24788 3.51832 4.52364 4.01757 4.08296 4.6511C4.08296 4.72681 4.06867 4.91536 4.08367 5.02821L4.67006 4.35183C4.79148 4.22541 4.9329 4.13613 5.00432 4.16042C5.03951 4.17305 5.06835 4.19897 5.08464 4.23262C5.10093 4.26627 5.10338 4.30497 5.09146 4.3404L4.12153 7.41661C4.00939 7.77659 4.22152 8.12942 4.73577 8.20941C5.49286 8.20941 5.93997 7.72231 6.38137 7.08878H6.38065Z\" fill=\"#FF6022\"><\/path><\/svg>\t\t\t\t<\/span>\n\t\t\t<\/div>\n\t\t\t\n\t\t\t\t\t\t<div class=\"elementor-icon-box-content\">\n\n\t\t\t\t\n\t\t\t\t\t\t\t\t\t<p class=\"elementor-icon-box-description\">\n\t\t\t\t\t\tConditions et accord juridique qui apportent la tranquillit\u00e9 d'esprit !\t\t\t\t\t<\/p>\n\t\t\t\t\n\t\t\t<\/div>\n\t\t\t\n\t\t<\/div>\n\t\t\t\t\t\t<\/div>\n\t\t\t\t<div class=\"elementor-element elementor-element-9b9eb2c elementor-widget elementor-widget-heading\" data-id=\"9b9eb2c\" data-element_type=\"widget\" data-widget_type=\"heading.default\">\n\t\t\t\t\t<h1 class=\"elementor-heading-title elementor-size-default\">Conditions d'utilisation<\/h1>\t\t\t\t<\/div>\n\t\t<div class=\"elementor-element elementor-element-86879cd e-con-full e-flex wpr-particle-no wpr-jarallax-no wpr-parallax-no wpr-sticky-section-no e-con e-child\" data-id=\"86879cd\" data-element_type=\"container\">\n\t\t\t\t<div class=\"elementor-element elementor-element-630002f elementor-widget elementor-widget-text-editor\" data-id=\"630002f\" data-element_type=\"widget\" data-widget_type=\"text-editor.default\">\n\t\t\t\t\t\t\t\t\tVeuillez lire attentivement toutes les informations importantes, les conditions juridiques et autres renseignements utiles concernant notre service d&rsquo;h\u00e9bergement web rapide, s\u00e9curis\u00e9 et stable !\t\t\t\t\t\t\t\t<\/div>\n\t\t\t\t<\/div>\n\t\t\t\t<\/div>\n\t\t\t\t\t<\/div>\n\t\t\t\t<\/div>\n\t\t<div class=\"elementor-element elementor-element-37556e9 e-flex e-con-boxed wpr-particle-no wpr-jarallax-no wpr-parallax-no wpr-sticky-section-no e-con e-parent\" data-id=\"37556e9\" data-element_type=\"container\" data-settings=\"{&quot;background_background&quot;:&quot;classic&quot;}\">\n\t\t\t\t\t<div class=\"e-con-inner\">\n\t\t<div class=\"elementor-element elementor-element-478f7cd e-con-full e-flex wpr-particle-no wpr-jarallax-no wpr-parallax-no wpr-sticky-section-no e-con e-child\" data-id=\"478f7cd\" data-element_type=\"container\">\n\t\t<div class=\"elementor-element elementor-element-18cf9cd e-con-full e-flex wpr-particle-no wpr-jarallax-no wpr-parallax-no wpr-sticky-section-no e-con e-child\" data-id=\"18cf9cd\" data-element_type=\"container\">\n\t\t\t\t<div class=\"elementor-element elementor-element-c090d33 nav-menu-sidebar elementor-widget elementor-widget-wp-widget-nav_menu\" data-id=\"c090d33\" data-element_type=\"widget\" data-widget_type=\"wp-widget-nav_menu.default\">\n\t\t\t\t<div class=\"elementor-widget-container\">\n\t\t\t\t\t<nav class=\"menu-terms-of-services-container\" aria-label=\"Menu\"><ul id=\"menu-terms-of-services\" class=\"menu\"><li id=\"menu-item-4091\" class=\"menu-item menu-item-type-post_type menu-item-object-page menu-item-4091\"><a href=\"https:\/\/boostedhost.com\/legal\/\" class=\"menu-link\">Mentions l\u00e9gales<\/a><\/li>\n<li id=\"menu-item-4232\" class=\"menu-item menu-item-type-post_type menu-item-object-page menu-item-4232\"><a href=\"https:\/\/boostedhost.com\/service-level-agreement\/\" class=\"menu-link\">Accord de niveau de service<\/a><\/li>\n<li id=\"menu-item-4495\" class=\"menu-item menu-item-type-post_type menu-item-object-page menu-item-4495\"><a href=\"https:\/\/boostedhost.com\/website-terms-of-service\/\" class=\"menu-link\">Conditions d&rsquo;utilisation du site web<\/a><\/li>\n<li id=\"menu-item-4494\" class=\"menu-item menu-item-type-post_type menu-item-object-page menu-item-4494\"><a href=\"https:\/\/boostedhost.com\/resource-usage\/\" class=\"menu-link\">Utilisation des ressources<\/a><\/li>\n<li id=\"menu-item-4630\" class=\"menu-item menu-item-type-post_type menu-item-object-page menu-item-4630\"><a href=\"https:\/\/boostedhost.com\/third-party-services\/\" class=\"menu-link\">Services de tiers<\/a><\/li>\n<li id=\"menu-item-4629\" class=\"menu-item menu-item-type-post_type menu-item-object-page menu-item-4629\"><a href=\"https:\/\/boostedhost.com\/domain-names-agreement\/\" class=\"menu-link\">Accord sur les noms de domaine<\/a><\/li>\n<li id=\"menu-item-4673\" class=\"menu-item menu-item-type-post_type menu-item-object-page menu-item-4673\"><a href=\"https:\/\/boostedhost.com\/copyright-and-dmca\/\" class=\"menu-link\">Droits d&rsquo;auteur et DMCA<\/a><\/li>\n<li id=\"menu-item-4992\" class=\"menu-item menu-item-type-post_type menu-item-object-page menu-item-4992\"><a href=\"https:\/\/boostedhost.com\/cancellations-and-refunds\/\" class=\"menu-link\">Annulations et remboursements<\/a><\/li>\n<li id=\"menu-item-4991\" class=\"menu-item menu-item-type-post_type menu-item-object-page menu-item-4991\"><a href=\"https:\/\/boostedhost.com\/promotions-agreement\/\" class=\"menu-link\">Accord de promotion<\/a><\/li>\n<li id=\"menu-item-4990\" class=\"menu-item menu-item-type-post_type menu-item-object-page menu-item-4990\"><a href=\"https:\/\/boostedhost.com\/cookies-policy\/\" class=\"menu-link\">Politique en mati\u00e8re de cookies<\/a><\/li>\n<li id=\"menu-item-4989\" class=\"menu-item menu-item-type-post_type menu-item-object-page menu-item-4989\"><a href=\"https:\/\/boostedhost.com\/privacy-policy\/\" class=\"menu-link\">Politique de confidentialit\u00e9<\/a><\/li>\n<li id=\"menu-item-4988\" class=\"menu-item menu-item-type-post_type menu-item-object-page menu-item-4988\"><a href=\"https:\/\/boostedhost.com\/affiliate-program\/\" class=\"menu-link\">Programme d&rsquo;affiliation<\/a><\/li>\n<li id=\"menu-item-4987\" class=\"menu-item menu-item-type-post_type menu-item-object-page menu-item-4987\"><a href=\"https:\/\/boostedhost.com\/imprint\/\" class=\"menu-link\">Impression<\/a><\/li>\n<\/ul><\/nav>\t\t\t\t<\/div>\n\t\t\t\t<\/div>\n\t\t\t\t<\/div>\n\t\t<div class=\"elementor-element elementor-element-2e322fe e-con-full e-flex wpr-particle-no wpr-jarallax-no wpr-parallax-no wpr-sticky-section-no e-con e-child\" data-id=\"2e322fe\" data-element_type=\"container\">\n\t\t\t\t<div class=\"elementor-element elementor-element-a413fc9 elementor-widget elementor-widget-heading\" data-id=\"a413fc9\" data-element_type=\"widget\" data-widget_type=\"heading.default\">\n\t\t\t\t\t<h3 class=\"elementor-heading-title elementor-size-default\">Services de tiers<\/h3>\t\t\t\t<\/div>\n\t\t\t\t<div class=\"elementor-element elementor-element-edb382c elementor-widget elementor-widget-text-editor\" data-id=\"edb382c\" data-element_type=\"widget\" data-widget_type=\"text-editor.default\">\n\t\t\t\t\t\t\t\t\tLes conditions d&rsquo;utilisation des services tiers suivantes s&rsquo;appliquent \u00e0 tous les services suppl\u00e9mentaires ajout\u00e9s en dehors du service d&rsquo;h\u00e9bergement Web que nous offrons, mais qui sont int\u00e9gr\u00e9s dans ce dernier. En achetant l&rsquo;un des packs d&rsquo;h\u00e9bergement Web que nous proposons, le client accepte que tous les services offerts par BoostedHost puissent ou non inclure des services tiers suppl\u00e9mentaires ou inclus dans le seul but de : \t\t\t\t\t\t\t\t<\/div>\n\t\t\t\t<div class=\"elementor-element elementor-element-8c16190 unorder-list-margin0 elementor-widget elementor-widget-text-editor\" data-id=\"8c16190\" data-element_type=\"widget\" data-widget_type=\"text-editor.default\">\n\t\t\t\t\t\t\t\t\t<ul>\n \t<li>Am\u00e9liorer le service d\u00e9j\u00e0 offert.<\/li>\n \t<li>Am\u00e9liorer l&rsquo;exp\u00e9rience de l&rsquo;utilisateur.<\/li>\n \t<li>Ajout de fonctionnalit\u00e9s suppl\u00e9mentaires.<\/li>\n \t<li>Ajout d&rsquo;am\u00e9liorations en mati\u00e8re de s\u00e9curit\u00e9.<\/li>\n \t<li>Am\u00e9lioration des performances.<\/li>\n<\/ul>\t\t\t\t\t\t\t\t<\/div>\n\t\t\t\t<div class=\"elementor-element elementor-element-a706b64 elementor-widget elementor-widget-text-editor\" data-id=\"a706b64\" data-element_type=\"widget\" data-widget_type=\"text-editor.default\">\n\t\t\t\t\t\t\t\t\tEn utilisant le service d&rsquo;h\u00e9bergement Web apr\u00e8s un achat r\u00e9ussi sur notre site Web, le client reconna\u00eet et accepte l&rsquo;utilisation de tous les services de tiers inclus dans le pack d&rsquo;h\u00e9bergement Web achet\u00e9.\nBoostedHost se r\u00e9serve le droit d&rsquo;ajouter de nouveaux services de tiers, de mettre \u00e0 jour les services existants ou de les supprimer compl\u00e8tement sans pr\u00e9avis.<br><br>BoostedHost se r\u00e9serve le droit de modifier le prix et d&rsquo;appliquer un prix suppl\u00e9mentaire pour tous les services de tiers inclus ou ajout\u00e9s sans pr\u00e9avis.<br><br>Le client accepte l&rsquo;utilisation de la liste suivante de services de tiers suppl\u00e9mentaires fournis avec nos packs d&rsquo;h\u00e9bergement Web :\t\t\t\t\t\t\t\t<\/div>\n\t\t\t\t<div class=\"elementor-element elementor-element-55896e1 unorder-list-margin0 elementor-widget elementor-widget-text-editor\" data-id=\"55896e1\" data-element_type=\"widget\" data-widget_type=\"text-editor.default\">\n\t\t\t\t\t\t\t\t\t<ol>\n \t<li>cPanel\/WHM\/Plesk &#8211; Le panneau de contr\u00f4le d&rsquo;h\u00e9bergement Web le plus puissant est \u00e0 la disposition de nos clients gratuitement ou \u00e0 un prix fixe d\u00e9termin\u00e9 par BoostedHost. cPanel est une interface utilisateur graphique bas\u00e9e sur Linux utilis\u00e9e pour la gestion facile des comptes d&rsquo;h\u00e9bergement Web et des services connexes. <\/li>\n \t<br>\t<li>CloudLinux &#8211; Distribution Linux, cr\u00e9\u00e9e pour les fournisseurs d&rsquo;h\u00e9bergement partag\u00e9. Fourni par CloudLinux Inc., le syst\u00e8me d&rsquo;exploitation est bas\u00e9 sur une autre distribution Linux &#8211; CentOS. <\/li>\n \t<br>\t<li>JetBackup &#8211; Une fonctionnalit\u00e9 suppl\u00e9mentaire a \u00e9t\u00e9 ajout\u00e9e aux services cPanel\/WHM utilis\u00e9s pour repr\u00e9senter graphiquement les processus de sauvegarde\/restauration pour les comptes de nos clients.<\/li>\n \t<br>\t<li>Softaculous &#8211; Fonctionnalit\u00e9 suppl\u00e9mentaire ajout\u00e9e \u00e0 cPanel\/WHM qui permet aux clients d&rsquo;installer facilement des scripts web sur leurs comptes d&rsquo;h\u00e9bergement web en quelques clics. Le service supporte plus de 450 scripts web avec des fonctionnalit\u00e9s diff\u00e9rentes et utiles. <\/li>\n \t<br>\t<li>SitePad &#8211; Fonctionnalit\u00e9 ajout\u00e9e \u00e0 cPanel\/WHM qui permet de cr\u00e9er facilement un site web en utilisant l&rsquo;un des th\u00e8mes propos\u00e9s ou en construisant le site web en fonction des besoins du client. Le service fournit un constructeur de sites web par glisser-d\u00e9poser qui peut \u00eatre utilis\u00e9 pour ordonner facilement les \u00e9l\u00e9ments web d&rsquo;une page web. <\/li>\n \t<br>\t<li>SpamExperts &#8211; Fonctionnalit\u00e9 suppl\u00e9mentaire ajout\u00e9e \u00e0 cPanel\/WHM et au service Email en particulier. Elle est utilis\u00e9e pour analyser et filtrer tous les courriels entrants ou sortants afin de d\u00e9tecter les spams, les virus ou les liens malveillants. <\/li>\n \t<br>\t<li>Autres services, mais non limit\u00e9s \u00e0 : LiteSpeed, CloudFlare DNS, Plesk, Imunify360, ImunifyAV, ImunifyAV+, NGINX, Apache<\/li>\n<\/ol>\t\t\t\t\t\t\t\t<\/div>\n\t\t\t\t<div class=\"elementor-element elementor-element-b97d347 elementor-widget elementor-widget-text-editor\" data-id=\"b97d347\" data-element_type=\"widget\" data-widget_type=\"text-editor.default\">\n\t\t\t\t\t\t\t\t\tBoostedHost se r\u00e9serve le droit de mettre \u00e0 jour les Conditions d&rsquo;utilisation des tiers comme bon lui semble et sans pr\u00e9avis.\t\t\t\t\t\t\t\t<\/div>\n\t\t\t\t<\/div>\n\t\t\t\t<\/div>\n\t\t\t\t\t<\/div>\n\t\t\t\t<\/div>\n\t\t\t\t<\/div>\n\t\t","protected":false},"excerpt":{"rendered":"<p>Conditions et accord juridique qui apportent la tranquillit\u00e9 d&rsquo;esprit ! Conditions d&rsquo;utilisation Veuillez lire attentivement toutes les informations importantes, les conditions juridiques et autres renseignements utiles concernant notre service d&rsquo;h\u00e9bergement web rapide, s\u00e9curis\u00e9 et stable ! Services de tiers Les conditions d&rsquo;utilisation des services tiers suivantes s&rsquo;appliquent \u00e0 tous les services suppl\u00e9mentaires ajout\u00e9s en dehors du service d&rsquo;h\u00e9bergement Web que nous offrons, mais qui sont int\u00e9gr\u00e9s dans ce dernier. En achetant l&rsquo;un des packs d&rsquo;h\u00e9bergement Web que nous proposons, le client accepte que tous les services offerts par BoostedHost puissent ou non inclure des services tiers suppl\u00e9mentaires ou inclus dans le seul but de : Am\u00e9liorer le service d\u00e9j\u00e0 offert. Am\u00e9liorer l&rsquo;exp\u00e9rience de l&rsquo;utilisateur. Ajout de fonctionnalit\u00e9s suppl\u00e9mentaires. Ajout d&rsquo;am\u00e9liorations en mati\u00e8re de s\u00e9curit\u00e9. Am\u00e9lioration des performances. En utilisant le service d&rsquo;h\u00e9bergement Web apr\u00e8s un achat r\u00e9ussi sur notre site Web, le client reconna\u00eet et accepte l&rsquo;utilisation de tous les services de tiers inclus dans le pack d&rsquo;h\u00e9bergement Web achet\u00e9. BoostedHost se r\u00e9serve le droit d&rsquo;ajouter de nouveaux services de tiers, de mettre \u00e0 jour les services existants ou de les supprimer compl\u00e8tement sans pr\u00e9avis. BoostedHost se r\u00e9serve le droit de modifier le prix et d&rsquo;appliquer un prix suppl\u00e9mentaire pour tous les services de tiers inclus ou ajout\u00e9s sans pr\u00e9avis. Le client accepte l&rsquo;utilisation de la liste suivante de services de tiers suppl\u00e9mentaires fournis avec nos packs d&rsquo;h\u00e9bergement Web : cPanel\/WHM\/Plesk &#8211; Le panneau de contr\u00f4le d&rsquo;h\u00e9bergement Web le plus puissant est \u00e0 la disposition de nos clients gratuitement ou \u00e0 un prix fixe d\u00e9termin\u00e9 par BoostedHost. cPanel est une interface utilisateur graphique bas\u00e9e sur Linux utilis\u00e9e pour la gestion facile des comptes d&rsquo;h\u00e9bergement Web et des services connexes. CloudLinux &#8211; Distribution Linux, cr\u00e9\u00e9e pour les fournisseurs d&rsquo;h\u00e9bergement partag\u00e9. Fourni par CloudLinux Inc., le syst\u00e8me d&rsquo;exploitation est bas\u00e9 sur une autre distribution Linux &#8211; CentOS. JetBackup &#8211; Une fonctionnalit\u00e9 suppl\u00e9mentaire a \u00e9t\u00e9 ajout\u00e9e aux services cPanel\/WHM utilis\u00e9s pour repr\u00e9senter graphiquement les processus de sauvegarde\/restauration pour les comptes de nos clients. Softaculous &#8211; Fonctionnalit\u00e9 suppl\u00e9mentaire ajout\u00e9e \u00e0 cPanel\/WHM qui permet aux clients d&rsquo;installer facilement des scripts web sur leurs comptes d&rsquo;h\u00e9bergement web en quelques clics. Le service supporte plus de 450 scripts web avec des fonctionnalit\u00e9s diff\u00e9rentes et utiles. SitePad &#8211; Fonctionnalit\u00e9 ajout\u00e9e \u00e0 cPanel\/WHM qui permet de cr\u00e9er facilement un site web en utilisant l&rsquo;un des th\u00e8mes propos\u00e9s ou en construisant le site web en fonction des besoins du client. Le service fournit un constructeur de sites web par glisser-d\u00e9poser qui peut \u00eatre utilis\u00e9 pour ordonner facilement les \u00e9l\u00e9ments web d&rsquo;une page web. SpamExperts &#8211; Fonctionnalit\u00e9 suppl\u00e9mentaire ajout\u00e9e \u00e0 cPanel\/WHM et au service Email en particulier. Elle est utilis\u00e9e pour analyser et filtrer tous les courriels entrants ou sortants afin de d\u00e9tecter les spams, les virus ou les liens malveillants. Autres services, mais non limit\u00e9s \u00e0 : LiteSpeed, CloudFlare DNS, Plesk, Imunify360, ImunifyAV, ImunifyAV+, NGINX, Apache BoostedHost se r\u00e9serve le droit de mettre \u00e0 jour les Conditions d&rsquo;utilisation des tiers comme bon lui semble et sans pr\u00e9avis.<\/p>\n","protected":false},"author":1,"featured_media":0,"parent":0,"menu_order":0,"comment_status":"closed","ping_status":"closed","template":"","meta":{"site-sidebar-layout":"no-sidebar","site-content-layout":"page-builder","ast-site-content-layout":"full-width-container","site-content-style":"default","site-sidebar-style":"default","ast-global-header-display":"","ast-banner-title-visibility":"","ast-main-header-display":"","ast-hfb-above-header-display":"","ast-hfb-below-header-display":"","ast-hfb-mobile-header-display":"","site-post-title":"disabled","ast-breadcrumbs-content":"disabled","ast-featured-img":"disabled","footer-sml-layout":"","theme-transparent-header-meta":"default","adv-header-id-meta":"","stick-header-meta":"","header-above-stick-meta":"","header-main-stick-meta":"","header-below-stick-meta":"","astra-migrate-meta-layouts":"default","ast-page-background-enabled":"default","ast-page-background-meta":{"desktop":{"background-color":"","background-image":"","background-repeat":"repeat","background-position":"center center","background-size":"auto","background-attachment":"scroll","background-type":"","background-media":"","overlay-type":"","overlay-color":"","overlay-opacity":"","overlay-gradient":""},"tablet":{"background-color":"","background-image":"","background-repeat":"repeat","background-position":"center center","background-size":"auto","background-attachment":"scroll","background-type":"","background-media":"","overlay-type":"","overlay-color":"","overlay-opacity":"","overlay-gradient":""},"mobile":{"background-color":"","background-image":"","background-repeat":"repeat","background-position":"center center","background-size":"auto","background-attachment":"scroll","background-type":"","background-media":"","overlay-type":"","overlay-color":"","overlay-opacity":"","overlay-gradient":""}},"ast-content-background-meta":{"desktop":{"background-color":"var(--ast-global-color-5)","background-image":"","background-repeat":"repeat","background-position":"center center","background-size":"auto","background-attachment":"scroll","background-type":"","background-media":"","overlay-type":"","overlay-color":"","overlay-opacity":"","overlay-gradient":""},"tablet":{"background-color":"var(--ast-global-color-5)","background-image":"","background-repeat":"repeat","background-position":"center center","background-size":"auto","background-attachment":"scroll","background-type":"","background-media":"","overlay-type":"","overlay-color":"","overlay-opacity":"","overlay-gradient":""},"mobile":{"background-color":"var(--ast-global-color-5)","background-image":"","background-repeat":"repeat","background-position":"center center","background-size":"auto","background-attachment":"scroll","background-type":"","background-media":"","overlay-type":"","overlay-color":"","overlay-opacity":"","overlay-gradient":""}},"footnotes":""},"class_list":["post-81071","page","type-page","status-publish","hentry"],"_links":{"self":[{"href":"https:\/\/boostedhost.com\/fr\/wp-json\/wp\/v2\/pages\/81071","targetHints":{"allow":["GET"]}}],"collection":[{"href":"https:\/\/boostedhost.com\/fr\/wp-json\/wp\/v2\/pages"}],"about":[{"href":"https:\/\/boostedhost.com\/fr\/wp-json\/wp\/v2\/types\/page"}],"author":[{"embeddable":true,"href":"https:\/\/boostedhost.com\/fr\/wp-json\/wp\/v2\/users\/1"}],"replies":[{"embeddable":true,"href":"https:\/\/boostedhost.com\/fr\/wp-json\/wp\/v2\/comments?post=81071"}],"version-history":[{"count":0,"href":"https:\/\/boostedhost.com\/fr\/wp-json\/wp\/v2\/pages\/81071\/revisions"}],"wp:attachment":[{"href":"https:\/\/boostedhost.com\/fr\/wp-json\/wp\/v2\/media?parent=81071"}],"curies":[{"name":"wp","href":"https:\/\/api.w.org\/{rel}","templated":true}]}}