{"id":81110,"date":"2025-06-03T11:40:10","date_gmt":"2025-06-03T11:40:10","guid":{"rendered":"https:\/\/boostedhost.com\/droits-dauteur-et-dmca\/"},"modified":"2025-08-11T18:51:42","modified_gmt":"2025-08-11T18:51:42","slug":"droits-dauteur-et-dmca","status":"publish","type":"page","link":"https:\/\/boostedhost.com\/fr\/droits-dauteur-et-dmca\/","title":{"rendered":"Droits d&rsquo;auteur et DMCA"},"content":{"rendered":"\t\t<div data-elementor-type=\"wp-page\" data-elementor-id=\"81110\" class=\"elementor elementor-81110 elementor-4653\" data-elementor-post-type=\"page\">\n\t\t\t\t<div class=\"elementor-element elementor-element-0cafbb7 e-flex e-con-boxed wpr-particle-no wpr-jarallax-no wpr-parallax-no wpr-sticky-section-no e-con e-parent\" data-id=\"0cafbb7\" data-element_type=\"container\" data-settings=\"{&quot;background_background&quot;:&quot;classic&quot;}\">\n\t\t\t\t\t<div class=\"e-con-inner\">\n\t\t<div class=\"elementor-element elementor-element-7eacc88 e-con-full e-flex wpr-particle-no wpr-jarallax-no wpr-parallax-no wpr-sticky-section-no e-con e-child\" data-id=\"7eacc88\" data-element_type=\"container\">\n\t\t\t\t<div class=\"elementor-element elementor-element-2af2d2b elementor-position-left elementor-mobile-position-left dot-icon elementor-view-default elementor-widget elementor-widget-icon-box\" data-id=\"2af2d2b\" data-element_type=\"widget\" data-widget_type=\"icon-box.default\">\n\t\t\t\t\t\t\t<div class=\"elementor-icon-box-wrapper\">\n\n\t\t\t\t\t\t<div class=\"elementor-icon-box-icon\">\n\t\t\t\t<span  class=\"elementor-icon\">\n\t\t\t\t<svg xmlns=\"http:\/\/www.w3.org\/2000\/svg\" width=\"11\" height=\"10\" viewBox=\"0 0 11 10\" fill=\"none\"><path d=\"M5.5 0C6.82608 0 8.09785 0.526784 9.03553 1.46447C9.97322 2.40215 10.5 3.67392 10.5 5C10.5 6.32608 9.97322 7.59785 9.03553 8.53553C8.09785 9.47322 6.82608 10 5.5 10C4.17392 10 2.90215 9.47322 1.96447 8.53553C1.02678 7.59785 0.5 6.32608 0.5 5C0.5 3.67392 1.02678 2.40215 1.96447 1.46447C2.90215 0.526784 4.17392 0 5.5 0ZM6.24995 3.06978C6.62135 3.06978 6.92276 2.81194 6.92276 2.42983C6.92276 2.04771 6.62063 1.78987 6.24995 1.78987C5.87854 1.78987 5.57857 2.04771 5.57857 2.42983C5.57857 2.81194 5.87854 3.06978 6.24995 3.06978ZM6.38065 7.08878C6.38065 7.01236 6.40708 6.8138 6.39208 6.70095L5.80498 7.37662C5.68356 7.50446 5.53143 7.59303 5.46 7.56946C5.4276 7.55754 5.40051 7.53444 5.38362 7.50432C5.36673 7.47421 5.36114 7.43905 5.36787 7.40518L6.34637 4.31398C6.42636 3.92186 6.20638 3.56403 5.73998 3.51832C5.24788 3.51832 4.52364 4.01757 4.08296 4.6511C4.08296 4.72681 4.06867 4.91536 4.08367 5.02821L4.67006 4.35183C4.79148 4.22541 4.9329 4.13613 5.00432 4.16042C5.03951 4.17305 5.06835 4.19897 5.08464 4.23262C5.10093 4.26627 5.10338 4.30497 5.09146 4.3404L4.12153 7.41661C4.00939 7.77659 4.22152 8.12942 4.73577 8.20941C5.49286 8.20941 5.93997 7.72231 6.38137 7.08878H6.38065Z\" fill=\"#FF6022\"><\/path><\/svg>\t\t\t\t<\/span>\n\t\t\t<\/div>\n\t\t\t\n\t\t\t\t\t\t<div class=\"elementor-icon-box-content\">\n\n\t\t\t\t\n\t\t\t\t\t\t\t\t\t<p class=\"elementor-icon-box-description\">\n\t\t\t\t\t\tConditions et accord juridique qui apportent la tranquillit\u00e9 d'esprit !\t\t\t\t\t<\/p>\n\t\t\t\t\n\t\t\t<\/div>\n\t\t\t\n\t\t<\/div>\n\t\t\t\t\t\t<\/div>\n\t\t\t\t<div class=\"elementor-element elementor-element-ddcb651 elementor-widget elementor-widget-heading\" data-id=\"ddcb651\" data-element_type=\"widget\" data-widget_type=\"heading.default\">\n\t\t\t\t\t<h1 class=\"elementor-heading-title elementor-size-default\">Conditions d'utilisation<\/h1>\t\t\t\t<\/div>\n\t\t<div class=\"elementor-element elementor-element-258d6fa e-con-full e-flex wpr-particle-no wpr-jarallax-no wpr-parallax-no wpr-sticky-section-no e-con e-child\" data-id=\"258d6fa\" data-element_type=\"container\">\n\t\t\t\t<div class=\"elementor-element elementor-element-9f648ac elementor-widget elementor-widget-text-editor\" data-id=\"9f648ac\" data-element_type=\"widget\" data-widget_type=\"text-editor.default\">\n\t\t\t\t\t\t\t\t\tVeuillez lire attentivement toutes les informations importantes, les conditions juridiques et autres renseignements utiles concernant notre service d&rsquo;h\u00e9bergement web rapide, s\u00e9curis\u00e9 et stable !\t\t\t\t\t\t\t\t<\/div>\n\t\t\t\t<\/div>\n\t\t\t\t<\/div>\n\t\t\t\t\t<\/div>\n\t\t\t\t<\/div>\n\t\t<div class=\"elementor-element elementor-element-097e88c e-flex e-con-boxed wpr-particle-no wpr-jarallax-no wpr-parallax-no wpr-sticky-section-no e-con e-parent\" data-id=\"097e88c\" data-element_type=\"container\" data-settings=\"{&quot;background_background&quot;:&quot;classic&quot;}\">\n\t\t\t\t\t<div class=\"e-con-inner\">\n\t\t<div class=\"elementor-element elementor-element-86062af e-con-full e-flex wpr-particle-no wpr-jarallax-no wpr-parallax-no wpr-sticky-section-no e-con e-child\" data-id=\"86062af\" data-element_type=\"container\">\n\t\t<div class=\"elementor-element elementor-element-9026603 e-con-full e-flex wpr-particle-no wpr-jarallax-no wpr-parallax-no wpr-sticky-section-no e-con e-child\" data-id=\"9026603\" data-element_type=\"container\">\n\t\t\t\t<div class=\"elementor-element elementor-element-a69f936 nav-menu-sidebar elementor-widget elementor-widget-wp-widget-nav_menu\" data-id=\"a69f936\" data-element_type=\"widget\" data-widget_type=\"wp-widget-nav_menu.default\">\n\t\t\t\t<div class=\"elementor-widget-container\">\n\t\t\t\t\t<nav class=\"menu-terms-of-services-container\" aria-label=\"Menu\"><ul id=\"menu-terms-of-services\" class=\"menu\"><li id=\"menu-item-4091\" class=\"menu-item menu-item-type-post_type menu-item-object-page menu-item-4091\"><a href=\"https:\/\/boostedhost.com\/legal\/\" class=\"menu-link\">Mentions l\u00e9gales<\/a><\/li>\n<li id=\"menu-item-4232\" class=\"menu-item menu-item-type-post_type menu-item-object-page menu-item-4232\"><a href=\"https:\/\/boostedhost.com\/service-level-agreement\/\" class=\"menu-link\">Accord de niveau de service<\/a><\/li>\n<li id=\"menu-item-4495\" class=\"menu-item menu-item-type-post_type menu-item-object-page menu-item-4495\"><a href=\"https:\/\/boostedhost.com\/website-terms-of-service\/\" class=\"menu-link\">Conditions d&rsquo;utilisation du site web<\/a><\/li>\n<li id=\"menu-item-4494\" class=\"menu-item menu-item-type-post_type menu-item-object-page menu-item-4494\"><a href=\"https:\/\/boostedhost.com\/resource-usage\/\" class=\"menu-link\">Utilisation des ressources<\/a><\/li>\n<li id=\"menu-item-4630\" class=\"menu-item menu-item-type-post_type menu-item-object-page menu-item-4630\"><a href=\"https:\/\/boostedhost.com\/third-party-services\/\" class=\"menu-link\">Services de tiers<\/a><\/li>\n<li id=\"menu-item-4629\" class=\"menu-item menu-item-type-post_type menu-item-object-page menu-item-4629\"><a href=\"https:\/\/boostedhost.com\/domain-names-agreement\/\" class=\"menu-link\">Accord sur les noms de domaine<\/a><\/li>\n<li id=\"menu-item-4673\" class=\"menu-item menu-item-type-post_type menu-item-object-page menu-item-4673\"><a href=\"https:\/\/boostedhost.com\/copyright-and-dmca\/\" class=\"menu-link\">Droits d&rsquo;auteur et DMCA<\/a><\/li>\n<li id=\"menu-item-4992\" class=\"menu-item menu-item-type-post_type menu-item-object-page menu-item-4992\"><a href=\"https:\/\/boostedhost.com\/cancellations-and-refunds\/\" class=\"menu-link\">Annulations et remboursements<\/a><\/li>\n<li id=\"menu-item-4991\" class=\"menu-item menu-item-type-post_type menu-item-object-page menu-item-4991\"><a href=\"https:\/\/boostedhost.com\/promotions-agreement\/\" class=\"menu-link\">Accord de promotion<\/a><\/li>\n<li id=\"menu-item-4990\" class=\"menu-item menu-item-type-post_type menu-item-object-page menu-item-4990\"><a href=\"https:\/\/boostedhost.com\/cookies-policy\/\" class=\"menu-link\">Politique en mati\u00e8re de cookies<\/a><\/li>\n<li id=\"menu-item-4989\" class=\"menu-item menu-item-type-post_type menu-item-object-page menu-item-4989\"><a href=\"https:\/\/boostedhost.com\/privacy-policy\/\" class=\"menu-link\">Politique de confidentialit\u00e9<\/a><\/li>\n<li id=\"menu-item-4988\" class=\"menu-item menu-item-type-post_type menu-item-object-page menu-item-4988\"><a href=\"https:\/\/boostedhost.com\/affiliate-program\/\" class=\"menu-link\">Programme d&rsquo;affiliation<\/a><\/li>\n<li id=\"menu-item-4987\" class=\"menu-item menu-item-type-post_type menu-item-object-page menu-item-4987\"><a href=\"https:\/\/boostedhost.com\/imprint\/\" class=\"menu-link\">Impression<\/a><\/li>\n<\/ul><\/nav>\t\t\t\t<\/div>\n\t\t\t\t<\/div>\n\t\t\t\t<\/div>\n\t\t<div class=\"elementor-element elementor-element-c59987e e-con-full e-flex wpr-particle-no wpr-jarallax-no wpr-parallax-no wpr-sticky-section-no e-con e-child\" data-id=\"c59987e\" data-element_type=\"container\">\n\t\t\t\t<div class=\"elementor-element elementor-element-824e25c elementor-widget elementor-widget-heading\" data-id=\"824e25c\" data-element_type=\"widget\" data-widget_type=\"heading.default\">\n\t\t\t\t\t<h3 class=\"elementor-heading-title elementor-size-default\">Droits d'auteur et DMCA<\/h3>\t\t\t\t<\/div>\n\t\t\t\t<div class=\"elementor-element elementor-element-81ce518 elementor-widget elementor-widget-text-editor\" data-id=\"81ce518\" data-element_type=\"widget\" data-widget_type=\"text-editor.default\">\n\t\t\t\t\t\t\t\t\t<p>BoostedHost respecte les droits de propri\u00e9t\u00e9 intellectuelle d&rsquo;autrui et nous attendons de nos clients qu&rsquo;ils fassent de m\u00eame. Conform\u00e9ment \u00e0 la loi 34\/2002, du 11 juillet, sur les services de la soci\u00e9t\u00e9 de l&rsquo;information et le commerce \u00e9lectronique, nous sommes oblig\u00e9s, dans des circonstances appropri\u00e9es, de d\u00e9sactiver les comptes des clients qui enfreignent les droits d&rsquo;auteur ou d&rsquo;autres droits de propri\u00e9t\u00e9 intellectuelle. <\/p><p>Si vous, en tant que propri\u00e9taire des droits d&rsquo;auteur (ou autoris\u00e9 au nom de l&rsquo;un d&rsquo;entre eux), pensez que tout mat\u00e9riel disponible sur un site Web h\u00e9berg\u00e9 par BoostedHost enfreint vos droits d&rsquo;auteur, vous devez envoyer une notification \u00e9crite \u00e0 notre agent des droits d&rsquo;auteur \u00e0 copyright(at<a href=\"http:\/\/www.boostedhost.com\">)boostedhost.com.<\/a><\/p><p>Conform\u00e9ment au Online Copyright Infringement Liability Limitation Act du Digital Millennium Copyright Act (17 U.S.C. \u00a7 512) (\"DMCA\"), la notification \u00e9crite (notification DMCA) doit comprendre les \u00e9l\u00e9ments suivants :<\/p>\t\t\t\t\t\t\t\t<\/div>\n\t\t\t\t<div class=\"elementor-element elementor-element-295af74 unorder-list-margin0 elementor-widget elementor-widget-text-editor\" data-id=\"295af74\" data-element_type=\"widget\" data-widget_type=\"text-editor.default\">\n\t\t\t\t\t\t\t\t\t<ul>\n \t<li>Nom l\u00e9gal complet et signature \u00e9lectronique ou physique du titulaire des droits d&rsquo;auteur ;<\/li>\n \t<li>une description de l&rsquo;\u0153uvre prot\u00e9g\u00e9e par le droit d&rsquo;auteur qui a \u00e9t\u00e9 viol\u00e9e ;<\/li>\n \t<li>Identification de l&#8217;emplacement du mat\u00e9riel sur le site web (l&rsquo;URL du lien affich\u00e9 sur le site web ou l&#8217;emplacement exact o\u00f9 ce mat\u00e9riel peut \u00eatre trouv\u00e9).<\/li>\n \t<li>une description de l&rsquo;endroit o\u00f9 se trouve le mat\u00e9riel en infraction sur le site web ;<\/li>\n \t<li>adresse, num\u00e9ro de t\u00e9l\u00e9phone et adresse \u00e9lectronique ;<\/li>\n \t<li>une d\u00e9claration selon laquelle vous comprenez qu&rsquo;en vertu de l&rsquo;article 512(f) du 17 U.S.C., vous pouvez \u00eatre tenu responsable de tout dommage, y compris les co\u00fbts et les frais d&rsquo;avocat, si vous faites sciemment et mat\u00e9riellement une fausse d\u00e9claration sur le fait que le mat\u00e9riel ou l&rsquo;activit\u00e9 signal\u00e9s sont en infraction ;<\/li>\n \t<li>une d\u00e9claration selon laquelle vous estimez de bonne foi que l&rsquo;utilisation contest\u00e9e n&rsquo;est pas autoris\u00e9e par le titulaire des droits d&rsquo;auteur, son agent ou la loi ;<\/li>\n \t<li>une d\u00e9claration selon laquelle les informations contenues dans votre avis sont exactes et, sous peine de parjure, que vous \u00eates le titulaire des droits d&rsquo;auteur ou autoris\u00e9 \u00e0 agir au nom du titulaire des droits d&rsquo;auteur.<\/li>\n<\/ul>\t\t\t\t\t\t\t\t<\/div>\n\t\t\t\t<div class=\"elementor-element elementor-element-1930575 elementor-widget elementor-widget-text-editor\" data-id=\"1930575\" data-element_type=\"widget\" data-widget_type=\"text-editor.default\">\n\t\t\t\t\t\t\t\t\tTout avis DMCA doit \u00eatre soumis \u00e0 copyright(at<a href=\"http:\/\/www.boostedhost.com\">)boostedhost.com<\/a>\t\t\t\t\t\t\t\t<\/div>\n\t\t\t\t<\/div>\n\t\t\t\t<\/div>\n\t\t\t\t\t<\/div>\n\t\t\t\t<\/div>\n\t\t\t\t<\/div>\n\t\t","protected":false},"excerpt":{"rendered":"<p>Conditions et accord juridique qui apportent la tranquillit\u00e9 d&rsquo;esprit ! Conditions d&rsquo;utilisation Veuillez lire attentivement toutes les informations importantes, les conditions juridiques et autres renseignements utiles concernant notre service d&rsquo;h\u00e9bergement web rapide, s\u00e9curis\u00e9 et stable ! Droits d&rsquo;auteur et DMCA BoostedHost respecte les droits de propri\u00e9t\u00e9 intellectuelle d&rsquo;autrui et nous attendons de nos clients qu&rsquo;ils fassent de m\u00eame. Conform\u00e9ment \u00e0 la loi 34\/2002, du 11 juillet, sur les services de la soci\u00e9t\u00e9 de l&rsquo;information et le commerce \u00e9lectronique, nous sommes oblig\u00e9s, dans des circonstances appropri\u00e9es, de d\u00e9sactiver les comptes des clients qui enfreignent les droits d&rsquo;auteur ou d&rsquo;autres droits de propri\u00e9t\u00e9 intellectuelle. Si vous, en tant que propri\u00e9taire des droits d&rsquo;auteur (ou autoris\u00e9 au nom de l&rsquo;un d&rsquo;entre eux), pensez que tout mat\u00e9riel disponible sur un site Web h\u00e9berg\u00e9 par BoostedHost enfreint vos droits d&rsquo;auteur, vous devez envoyer une notification \u00e9crite \u00e0 notre agent des droits d&rsquo;auteur \u00e0 copyright(at)boostedhost.com. Conform\u00e9ment au Online Copyright Infringement Liability Limitation Act du Digital Millennium Copyright Act (17 U.S.C. \u00a7 512) (\"DMCA\"), la notification \u00e9crite (notification DMCA) doit comprendre les \u00e9l\u00e9ments suivants : Nom l\u00e9gal complet et signature \u00e9lectronique ou physique du titulaire des droits d&rsquo;auteur ; une description de l&rsquo;\u0153uvre prot\u00e9g\u00e9e par le droit d&rsquo;auteur qui a \u00e9t\u00e9 viol\u00e9e ; Identification de l&#8217;emplacement du mat\u00e9riel sur le site web (l&rsquo;URL du lien affich\u00e9 sur le site web ou l&#8217;emplacement exact o\u00f9 ce mat\u00e9riel peut \u00eatre trouv\u00e9). une description de l&rsquo;endroit o\u00f9 se trouve le mat\u00e9riel en infraction sur le site web ; adresse, num\u00e9ro de t\u00e9l\u00e9phone et adresse \u00e9lectronique ; une d\u00e9claration selon laquelle vous comprenez qu&rsquo;en vertu de l&rsquo;article 512(f) du 17 U.S.C., vous pouvez \u00eatre tenu responsable de tout dommage, y compris les co\u00fbts et les frais d&rsquo;avocat, si vous faites sciemment et mat\u00e9riellement une fausse d\u00e9claration sur le fait que le mat\u00e9riel ou l&rsquo;activit\u00e9 signal\u00e9s sont en infraction ; une d\u00e9claration selon laquelle vous estimez de bonne foi que l&rsquo;utilisation contest\u00e9e n&rsquo;est pas autoris\u00e9e par le titulaire des droits d&rsquo;auteur, son agent ou la loi ; une d\u00e9claration selon laquelle les informations contenues dans votre avis sont exactes et, sous peine de parjure, que vous \u00eates le titulaire des droits d&rsquo;auteur ou autoris\u00e9 \u00e0 agir au nom du titulaire des droits d&rsquo;auteur. Tout avis DMCA doit \u00eatre soumis \u00e0 copyright(at)boostedhost.com<\/p>\n","protected":false},"author":1,"featured_media":0,"parent":0,"menu_order":0,"comment_status":"closed","ping_status":"closed","template":"","meta":{"site-sidebar-layout":"no-sidebar","site-content-layout":"page-builder","ast-site-content-layout":"full-width-container","site-content-style":"default","site-sidebar-style":"default","ast-global-header-display":"","ast-banner-title-visibility":"","ast-main-header-display":"","ast-hfb-above-header-display":"","ast-hfb-below-header-display":"","ast-hfb-mobile-header-display":"","site-post-title":"disabled","ast-breadcrumbs-content":"disabled","ast-featured-img":"disabled","footer-sml-layout":"","theme-transparent-header-meta":"default","adv-header-id-meta":"","stick-header-meta":"","header-above-stick-meta":"","header-main-stick-meta":"","header-below-stick-meta":"","astra-migrate-meta-layouts":"default","ast-page-background-enabled":"default","ast-page-background-meta":{"desktop":{"background-color":"","background-image":"","background-repeat":"repeat","background-position":"center center","background-size":"auto","background-attachment":"scroll","background-type":"","background-media":"","overlay-type":"","overlay-color":"","overlay-opacity":"","overlay-gradient":""},"tablet":{"background-color":"","background-image":"","background-repeat":"repeat","background-position":"center center","background-size":"auto","background-attachment":"scroll","background-type":"","background-media":"","overlay-type":"","overlay-color":"","overlay-opacity":"","overlay-gradient":""},"mobile":{"background-color":"","background-image":"","background-repeat":"repeat","background-position":"center center","background-size":"auto","background-attachment":"scroll","background-type":"","background-media":"","overlay-type":"","overlay-color":"","overlay-opacity":"","overlay-gradient":""}},"ast-content-background-meta":{"desktop":{"background-color":"var(--ast-global-color-5)","background-image":"","background-repeat":"repeat","background-position":"center center","background-size":"auto","background-attachment":"scroll","background-type":"","background-media":"","overlay-type":"","overlay-color":"","overlay-opacity":"","overlay-gradient":""},"tablet":{"background-color":"var(--ast-global-color-5)","background-image":"","background-repeat":"repeat","background-position":"center center","background-size":"auto","background-attachment":"scroll","background-type":"","background-media":"","overlay-type":"","overlay-color":"","overlay-opacity":"","overlay-gradient":""},"mobile":{"background-color":"var(--ast-global-color-5)","background-image":"","background-repeat":"repeat","background-position":"center center","background-size":"auto","background-attachment":"scroll","background-type":"","background-media":"","overlay-type":"","overlay-color":"","overlay-opacity":"","overlay-gradient":""}},"footnotes":""},"class_list":["post-81110","page","type-page","status-publish","hentry"],"_links":{"self":[{"href":"https:\/\/boostedhost.com\/fr\/wp-json\/wp\/v2\/pages\/81110","targetHints":{"allow":["GET"]}}],"collection":[{"href":"https:\/\/boostedhost.com\/fr\/wp-json\/wp\/v2\/pages"}],"about":[{"href":"https:\/\/boostedhost.com\/fr\/wp-json\/wp\/v2\/types\/page"}],"author":[{"embeddable":true,"href":"https:\/\/boostedhost.com\/fr\/wp-json\/wp\/v2\/users\/1"}],"replies":[{"embeddable":true,"href":"https:\/\/boostedhost.com\/fr\/wp-json\/wp\/v2\/comments?post=81110"}],"version-history":[{"count":0,"href":"https:\/\/boostedhost.com\/fr\/wp-json\/wp\/v2\/pages\/81110\/revisions"}],"wp:attachment":[{"href":"https:\/\/boostedhost.com\/fr\/wp-json\/wp\/v2\/media?parent=81110"}],"curies":[{"name":"wp","href":"https:\/\/api.w.org\/{rel}","templated":true}]}}